{"id":108,"date":"2024-10-21T06:49:07","date_gmt":"2024-10-21T06:49:07","guid":{"rendered":"https:\/\/mc.korty.org\/?page_id=108"},"modified":"2025-09-13T07:21:57","modified_gmt":"2025-09-13T07:21:57","slug":"mazowsze-cup-u14","status":"publish","type":"page","link":"https:\/\/mc.korty.org\/?page_id=108","title":{"rendered":"Mazowsze Cup U16"},"content":{"rendered":"<p><strong><span class=\"fw-bold\">Termin:<\/span><\/strong> 27-09-2025<\/p>\n<p><strong><span class=\"fw-bold\">Klub:<\/span><\/strong> Park Tennis Academy<\/p>\n<p><strong><span class=\"fw-bold\">Miejsce rozgrywania turnieju: <\/span><\/strong>Jerzego Waldorffa 19a, 01-494 Warszawa<\/p>\n<p><strong>Telefon:<\/strong> 570 925 927<\/p>\n<p><strong><span class=\"fw-bold\">Kategorie: <\/span><\/strong>Ch\u0142opcy do 16 lat, Dziewcz\u0119ta do lat 16<\/p>\n<p><strong><span class=\"fw-bold\">S\u0119dzia: <\/span><\/strong><span class=\"fw-bold\">Marcin Pi\u0105tkiewicz<\/span><\/p>\n<p><span class=\"fw-bold\"><strong>Nawierzchnia:<\/strong> <\/span><\/p>\n<p><strong><span class=\"fw-bold\">Jak si\u0119 zapisa\u0107:<\/span> <\/strong>sms na nr 570 925 927 o tre\u015bci &#8222;MC U16 PTA, Imi\u0119 Nazwisko, rok urodz.&#8221;. Zawodnicy klubowi maj\u0105 mo\u017cliwo\u015b\u0107 zapisania si\u0119 r\u00f3wnie\u017c osobi\u015bcie w recepcji klubu.<\/p>\n<p><strong>Do kiedy zapisy:<\/strong> 25.09.2025 do godz. 20.00<\/p>\n<p><strong><span class=\"fw-bold\">Wpisowe:<\/span><\/strong> 110 PLN<\/p>\n<p><strong><span class=\"fw-bold\">Zasady p\u0142atno\u015bci:<\/span><\/strong> p\u0142atno\u015b\u0107 przelewem na konto W-MZT nr 87 1160 2202 0000 0005 9272 3364 (prosz\u0119 o okazanie s\u0119dziemu zrzutu ekranu przelewu, w tytule MC PTA Imi\u0119 Nazwisko). Zawodnicy klubowi maj\u0105 mo\u017cliwo\u015b\u0107 dokonania p\u0142atno\u015bci w recepcji klubu.<\/p>\n<p><span class=\"fw-bold\"><strong>Start turnieju:<\/strong> godz.<\/span> 14:00<\/p>\n<p><strong><span class=\"fw-bold\">Pi\u0142ka:<\/span> Tretorn Serie+ Control<\/strong><\/p>\n","protected":false},"excerpt":{"rendered":"<p>Termin: 27-09-2025 Klub: Park Tennis Academy Miejsce rozgrywania turnieju: Jerzego Waldorffa 19a, 01-494 Warszawa Telefon: 570 925 927 Kategorie: Ch\u0142opcy do 16 lat, Dziewcz\u0119ta do lat 16 S\u0119dzia: Marcin Pi\u0105tkiewicz Nawierzchnia: Jak si\u0119 zapisa\u0107: sms na nr 570 925 927 o tre\u015bci &#8222;MC U16 PTA, Imi\u0119 Nazwisko, rok urodz.&#8221;. Zawodnicy klubowi maj\u0105 mo\u017cliwo\u015b\u0107 zapisania si\u0119 &#8230; <a title=\"Mazowsze Cup U16\" class=\"read-more\" href=\"https:\/\/mc.korty.org\/?page_id=108\" aria-label=\"Read more about Mazowsze Cup U16\">Dowiedz si\u0119 wi\u0119cej<\/a><\/p>\n","protected":false},"author":1,"featured_media":0,"parent":0,"menu_order":0,"comment_status":"closed","ping_status":"closed","template":"","meta":{"footnotes":""},"class_list":["post-108","page","type-page","status-publish"],"yoast_head":"<!-- This site is optimized with the Yoast SEO plugin v23.5 - https:\/\/yoast.com\/wordpress\/plugins\/seo\/ -->\n<title>Mazowsze Cup U16 -<\/title>\n<meta name=\"robots\" content=\"index, follow, max-snippet:-1, max-image-preview:large, max-video-preview:-1\" \/>\n<link rel=\"canonical\" href=\"https:\/\/mc.korty.org\/?page_id=108\" \/>\n<meta property=\"og:locale\" content=\"pl_PL\" \/>\n<meta property=\"og:type\" content=\"article\" \/>\n<meta property=\"og:title\" content=\"Mazowsze Cup U16 -\" \/>\n<meta property=\"og:description\" content=\"Termin: 27-09-2025 Klub: Park Tennis Academy Miejsce rozgrywania turnieju: Jerzego Waldorffa 19a, 01-494 Warszawa Telefon: 570 925 927 Kategorie: Ch\u0142opcy do 16 lat, Dziewcz\u0119ta do lat 16 S\u0119dzia: Marcin Pi\u0105tkiewicz Nawierzchnia: Jak si\u0119 zapisa\u0107: sms na nr 570 925 927 o tre\u015bci &#8222;MC U16 PTA, Imi\u0119 Nazwisko, rok urodz.&#8221;. Zawodnicy klubowi maj\u0105 mo\u017cliwo\u015b\u0107 zapisania si\u0119 ... Dowiedz si\u0119 wi\u0119cej\" \/>\n<meta property=\"og:url\" content=\"https:\/\/mc.korty.org\/?page_id=108\" \/>\n<meta property=\"article:modified_time\" content=\"2025-09-13T07:21:57+00:00\" \/>\n<meta name=\"twitter:card\" content=\"summary_large_image\" \/>\n<meta name=\"twitter:label1\" content=\"Szacowany czas czytania\" \/>\n\t<meta name=\"twitter:data1\" content=\"1 minuta\" \/>\n<script type=\"application\/ld+json\" class=\"yoast-schema-graph\">{\"@context\":\"https:\/\/schema.org\",\"@graph\":[{\"@type\":\"WebPage\",\"@id\":\"https:\/\/mc.korty.org\/?page_id=108\",\"url\":\"https:\/\/mc.korty.org\/?page_id=108\",\"name\":\"Mazowsze Cup U16 -\",\"isPartOf\":{\"@id\":\"https:\/\/mc.korty.org\/#website\"},\"datePublished\":\"2024-10-21T06:49:07+00:00\",\"dateModified\":\"2025-09-13T07:21:57+00:00\",\"breadcrumb\":{\"@id\":\"https:\/\/mc.korty.org\/?page_id=108#breadcrumb\"},\"inLanguage\":\"pl-PL\",\"potentialAction\":[{\"@type\":\"ReadAction\",\"target\":[\"https:\/\/mc.korty.org\/?page_id=108\"]}]},{\"@type\":\"BreadcrumbList\",\"@id\":\"https:\/\/mc.korty.org\/?page_id=108#breadcrumb\",\"itemListElement\":[{\"@type\":\"ListItem\",\"position\":1,\"name\":\"Strona g\u0142\u00f3wna\",\"item\":\"https:\/\/mc.korty.org\/\"},{\"@type\":\"ListItem\",\"position\":2,\"name\":\"Mazowsze Cup U16\"}]},{\"@type\":\"WebSite\",\"@id\":\"https:\/\/mc.korty.org\/#website\",\"url\":\"https:\/\/mc.korty.org\/\",\"name\":\"\",\"description\":\"\",\"potentialAction\":[{\"@type\":\"SearchAction\",\"target\":{\"@type\":\"EntryPoint\",\"urlTemplate\":\"https:\/\/mc.korty.org\/?s={search_term_string}\"},\"query-input\":{\"@type\":\"PropertyValueSpecification\",\"valueRequired\":true,\"valueName\":\"search_term_string\"}}],\"inLanguage\":\"pl-PL\"}]}<\/script>\n<!-- \/ Yoast SEO plugin. -->","yoast_head_json":{"title":"Mazowsze Cup U16 -","robots":{"index":"index","follow":"follow","max-snippet":"max-snippet:-1","max-image-preview":"max-image-preview:large","max-video-preview":"max-video-preview:-1"},"canonical":"https:\/\/mc.korty.org\/?page_id=108","og_locale":"pl_PL","og_type":"article","og_title":"Mazowsze Cup U16 -","og_description":"Termin: 27-09-2025 Klub: Park Tennis Academy Miejsce rozgrywania turnieju: Jerzego Waldorffa 19a, 01-494 Warszawa Telefon: 570 925 927 Kategorie: Ch\u0142opcy do 16 lat, Dziewcz\u0119ta do lat 16 S\u0119dzia: Marcin Pi\u0105tkiewicz Nawierzchnia: Jak si\u0119 zapisa\u0107: sms na nr 570 925 927 o tre\u015bci &#8222;MC U16 PTA, Imi\u0119 Nazwisko, rok urodz.&#8221;. Zawodnicy klubowi maj\u0105 mo\u017cliwo\u015b\u0107 zapisania si\u0119 ... Dowiedz si\u0119 wi\u0119cej","og_url":"https:\/\/mc.korty.org\/?page_id=108","article_modified_time":"2025-09-13T07:21:57+00:00","twitter_card":"summary_large_image","twitter_misc":{"Szacowany czas czytania":"1 minuta"},"schema":{"@context":"https:\/\/schema.org","@graph":[{"@type":"WebPage","@id":"https:\/\/mc.korty.org\/?page_id=108","url":"https:\/\/mc.korty.org\/?page_id=108","name":"Mazowsze Cup U16 -","isPartOf":{"@id":"https:\/\/mc.korty.org\/#website"},"datePublished":"2024-10-21T06:49:07+00:00","dateModified":"2025-09-13T07:21:57+00:00","breadcrumb":{"@id":"https:\/\/mc.korty.org\/?page_id=108#breadcrumb"},"inLanguage":"pl-PL","potentialAction":[{"@type":"ReadAction","target":["https:\/\/mc.korty.org\/?page_id=108"]}]},{"@type":"BreadcrumbList","@id":"https:\/\/mc.korty.org\/?page_id=108#breadcrumb","itemListElement":[{"@type":"ListItem","position":1,"name":"Strona g\u0142\u00f3wna","item":"https:\/\/mc.korty.org\/"},{"@type":"ListItem","position":2,"name":"Mazowsze Cup U16"}]},{"@type":"WebSite","@id":"https:\/\/mc.korty.org\/#website","url":"https:\/\/mc.korty.org\/","name":"","description":"","potentialAction":[{"@type":"SearchAction","target":{"@type":"EntryPoint","urlTemplate":"https:\/\/mc.korty.org\/?s={search_term_string}"},"query-input":{"@type":"PropertyValueSpecification","valueRequired":true,"valueName":"search_term_string"}}],"inLanguage":"pl-PL"}]}},"_links":{"self":[{"href":"https:\/\/mc.korty.org\/index.php?rest_route=\/wp\/v2\/pages\/108","targetHints":{"allow":["GET"]}}],"collection":[{"href":"https:\/\/mc.korty.org\/index.php?rest_route=\/wp\/v2\/pages"}],"about":[{"href":"https:\/\/mc.korty.org\/index.php?rest_route=\/wp\/v2\/types\/page"}],"author":[{"embeddable":true,"href":"https:\/\/mc.korty.org\/index.php?rest_route=\/wp\/v2\/users\/1"}],"replies":[{"embeddable":true,"href":"https:\/\/mc.korty.org\/index.php?rest_route=%2Fwp%2Fv2%2Fcomments&post=108"}],"version-history":[{"count":9,"href":"https:\/\/mc.korty.org\/index.php?rest_route=\/wp\/v2\/pages\/108\/revisions"}],"predecessor-version":[{"id":553,"href":"https:\/\/mc.korty.org\/index.php?rest_route=\/wp\/v2\/pages\/108\/revisions\/553"}],"wp:attachment":[{"href":"https:\/\/mc.korty.org\/index.php?rest_route=%2Fwp%2Fv2%2Fmedia&parent=108"}],"curies":[{"name":"wp","href":"https:\/\/api.w.org\/{rel}","templated":true}]}}