{"id":131,"date":"2024-10-30T22:03:03","date_gmt":"2024-10-30T22:03:03","guid":{"rendered":"https:\/\/mc.korty.org\/?page_id=131"},"modified":"2024-11-08T07:46:29","modified_gmt":"2024-11-08T07:46:29","slug":"mazowsze-cup-u16-warszawianka","status":"publish","type":"page","link":"https:\/\/mc.korty.org\/?page_id=131","title":{"rendered":"Mazowsze Cup U16"},"content":{"rendered":"<p><strong><span class=\"fw-bold\">Termin:<\/span><\/strong>\u00a026-10-2024<br \/>\n<strong><span class=\"fw-bold\">Klub:<\/span><\/strong>\u00a0KT Warszawianka<\/p>\n<h2>&#8226; Dziewcz\u0119ta U16<\/h2>\n<h3>Fina\u0142<\/h3>\n<table>\n<tr>\n<th>Mecz<\/th>\n<th>Wynik<\/th>\n<\/tr>\n<tr>\n<td><strong style=\"color: brown\">Katarzyna Siek<\/strong> &#8211; Lena Ceglarz<\/td>\n<td>6\/7 7\/6 10-7<\/td>\n<\/tr>\n<\/table>\n<h2>&#8226; Ch\u0142opcy U16<\/h2>\n<h3>Grupa A<\/h3>\n<table>\n<tr>\n<th>Zawodnik<\/th>\n<th>Wygrane<\/th>\n<th>Sety<\/th>\n<th>Gemy<\/th>\n<\/tr>\n<tr>\n<td>Maksym Kielak<\/td>\n<td>2<\/td>\n<td>4-0<\/td>\n<td>16-1<\/td>\n<\/tr>\n<tr>\n<td>Pawe\u0142 Koz\u0142ow <\/td>\n<td>1<\/td>\n<td>2-3<\/td>\n<td>11-16<\/td>\n<\/tr>\n<tr>\n<td>Szymon Mistewicz<\/td>\n<td>0<\/td>\n<td>1-4<\/td>\n<td>7-14<\/td>\n<\/tr>\n<\/table>\n<table>\n<tr>\n<th>Mecz<\/th>\n<th>Wynik<\/th>\n<\/tr>\n<tr>\n<td>Maksym Kielak &#8211; Pawe\u0142 Koz\u0142ow<\/td>\n<td>4\/1 4\/0<\/td>\n<\/tr>\n<tr>\n<td>Maksym Kielak &#8211; Szymon Mistewicz<\/td>\n<td>4\/0 4\/0<\/td>\n<\/tr>\n<tr>\n<td>Szymon Mistewicz &#8211; Pawe\u0142 Koz\u0142ow<\/td>\n<td>3\/4 4\/2 6:10<\/td>\n<\/tr>\n<\/table>\n<h3>Grupa B<\/h3>\n<table>\n<tr>\n<th>Zawodnik<\/th>\n<th>Wygrane<\/th>\n<th>Sety<\/th>\n<th>Gemy<\/th>\n<\/tr>\n<tr>\n<td>Aleksander Modzelewski<\/td>\n<td>2<\/td>\n<td>4-0<\/td>\n<td>16-0<\/td>\n<\/tr>\n<tr>\n<td>Tymon \u017bepielski<\/td>\n<td>1<\/td>\n<td>2-2<\/td>\n<td>8-9<\/td>\n<\/tr>\n<tr>\n<td>Ksawery Dobosz<\/td>\n<td>0<\/td>\n<td>0-2<\/td>\n<td>1-16<\/td>\n<\/tr>\n<\/table>\n<table>\n<tr>\n<th>Mecz<\/th>\n<th>Wynik<\/th>\n<\/tr>\n<tr>\n<td>Aleksander Modzelewski &#8211; Ksawery Dobosz<\/td>\n<td>4\/0 4\/0<\/td>\n<\/tr>\n<tr>\n<td>Aleksander Modzelewski &#8211; Tymon \u017bepielski<\/td>\n<td>4\/0 4\/0<\/td>\n<\/tr>\n<tr>\n<td>Ksawery Dobosz &#8211; Tymon \u017bepielski<\/td>\n<td>0\/4 1\/4<\/td>\n<\/tr>\n<\/table>\n<h3>Grupa C<\/h3>\n<table>\n<tr>\n<th>Zawodnik<\/th>\n<th>Wygrane<\/th>\n<th>Sety<\/th>\n<th>Gemy<\/th>\n<\/tr>\n<tr>\n<td>Mateusz Pryzmont<\/td>\n<td>2<\/td>\n<td>4-0<\/td>\n<td>16-2<\/td>\n<\/tr>\n<tr>\n<td>Mateusz Or\u0142owski<\/td>\n<td>1<\/td>\n<td>2-2<\/td>\n<td>10-13<\/td>\n<\/tr>\n<tr>\n<td>Andrzej Bogus\u0142awski<\/td>\n<td>0<\/td>\n<td>0-4<\/td>\n<td>5-16<\/td>\n<\/tr>\n<\/table>\n<table>\n<tr>\n<th>Mecz<\/th>\n<th>Wynik<\/th>\n<\/tr>\n<tr>\n<td>Mateusz Or\u0142owski &#8211; Andrzej Bogus\u0142awski<\/td>\n<td>4\/2 4\/3<\/td>\n<\/tr>\n<tr>\n<td>Mateusz Pryzmont &#8211; Andrzej Bogus\u0142awski<\/td>\n<td>4\/0 4\/0<\/td>\n<\/tr>\n<tr>\n<td>Mateusz Or\u0142owski &#8211; Mateusz Pryzmont<\/td>\n<td>1\/4 1\/4<\/td>\n<\/tr>\n<\/table>\n<h2>Faza Fina\u0142owa<\/h2>\n<h3>Walka o miejsca 7-8<\/h3>\n<table>\n<tr>\n<th>Mecz<\/th>\n<th>Wynik<\/th>\n<\/tr>\n<tr>\n<td>Szymon Mistewicz &#8211; Ksawery Dobosz<\/td>\n<td>4\/0 4\/0<\/td>\n<\/tr>\n<\/table>\n<h3>Walka o miejsca 4-6<\/h3>\n<table>\n<tr>\n<th>Mecz<\/th>\n<th>Wynik<\/th>\n<\/tr>\n<tr>\n<td>Pawe\u0142 Koz\u0142ow &#8211; Mateusz Or\u0142owski<\/td>\n<td>4\/0 4\/0 w\/o<\/td>\n<\/tr>\n<tr>\n<td>Mateusz Or\u0142owski &#8211; Tymon \u017bepielski<\/td>\n<td>4\/1 4\/1<\/td>\n<\/tr>\n<tr>\n<td>Pawe\u0142 Koz\u0142ow &#8211; Tymon \u017bepielski<\/td>\n<td>3\/4 4\/2 10-7<\/td>\n<\/tr>\n<\/table>\n<h3>Walka o miejsca 1-3<\/h3>\n<table>\n<tr>\n<th>Mecz<\/th>\n<th>Wynik<\/th>\n<\/tr>\n<tr>\n<td>Mateusz Pryzmont &#8211; Maksym Kielak<\/td>\n<td>4\/3 3\/4 10-6<\/td>\n<\/tr>\n<tr>\n<td>Mateusz Pryzmont &#8211; Aleksander Modzelewski<\/td>\n<td>6\/3<\/td>\n<\/tr>\n<tr>\n<td>Aleksander Modzelewski &#8211; Maksym Kielak<\/td>\n<td>4\/0 4\/0 w\/o<\/td>\n<\/tr>\n<\/table>\n<h3>Ko\u0144cowa Kolejno\u015b\u0107<\/h3>\n<table>\n<tr>\n<th>Miejsce<\/th>\n<th>Zawodnik<\/th>\n<\/tr>\n<tr>\n<td>1<\/td>\n<td><strong style=\"color: brown\">Mateusz Pryzmont<\/strong><\/td>\n<\/tr>\n<tr>\n<td>2<\/td>\n<td>Aleksander Modzelewski<\/td>\n<\/tr>\n<tr>\n<td>3<\/td>\n<td>Maksym Kielak<\/td>\n<\/tr>\n<tr>\n<td>4<\/td>\n<td>Pawe\u0142 Koz\u0142ow<\/td>\n<\/tr>\n<tr>\n<td>5<\/td>\n<td>Mateusz Or\u0142owski<\/td>\n<\/tr>\n<tr>\n<td>6<\/td>\n<td>Tymon \u017bepielski<\/td>\n<\/tr>\n<tr>\n<td>7<\/td>\n<td>Szymon Mistewicz<\/td>\n<\/tr>\n<tr>\n<td>8<\/td>\n<td>Ksawery Dobosz<\/td>\n<\/tr>\n<tr>\n<td>9<\/td>\n<td>Andrzej Bogus\u0142awski<\/td>\n<\/tr>\n<\/table>\n","protected":false},"excerpt":{"rendered":"<p>Termin:\u00a026-10-2024 Klub:\u00a0KT Warszawianka &#8226; Dziewcz\u0119ta U16 Fina\u0142 Mecz Wynik Katarzyna Siek &#8211; Lena Ceglarz 6\/7 7\/6 10-7 &#8226; Ch\u0142opcy U16 Grupa A Zawodnik Wygrane Sety Gemy Maksym Kielak 2 4-0 16-1 Pawe\u0142 Koz\u0142ow 1 2-3 11-16 Szymon Mistewicz 0 1-4 7-14 Mecz Wynik Maksym Kielak &#8211; Pawe\u0142 Koz\u0142ow 4\/1 4\/0 Maksym Kielak &#8211; Szymon Mistewicz &#8230; <a title=\"Mazowsze Cup U16\" class=\"read-more\" href=\"https:\/\/mc.korty.org\/?page_id=131\" aria-label=\"Read more about Mazowsze Cup U16\">Dowiedz si\u0119 wi\u0119cej<\/a><\/p>\n","protected":false},"author":1,"featured_media":0,"parent":0,"menu_order":0,"comment_status":"closed","ping_status":"closed","template":"","meta":{"footnotes":""},"class_list":["post-131","page","type-page","status-publish"],"yoast_head":"<!-- This site is optimized with the Yoast SEO plugin v23.5 - https:\/\/yoast.com\/wordpress\/plugins\/seo\/ -->\n<title>Mazowsze Cup U16 -<\/title>\n<meta name=\"robots\" content=\"index, follow, max-snippet:-1, max-image-preview:large, max-video-preview:-1\" \/>\n<link rel=\"canonical\" href=\"https:\/\/mc.korty.org\/?page_id=131\" \/>\n<meta property=\"og:locale\" content=\"pl_PL\" \/>\n<meta property=\"og:type\" content=\"article\" \/>\n<meta property=\"og:title\" content=\"Mazowsze Cup U16 -\" \/>\n<meta property=\"og:description\" content=\"Termin:\u00a026-10-2024 Klub:\u00a0KT Warszawianka &#8226; Dziewcz\u0119ta U16 Fina\u0142 Mecz Wynik Katarzyna Siek &#8211; Lena Ceglarz 6\/7 7\/6 10-7 &#8226; Ch\u0142opcy U16 Grupa A Zawodnik Wygrane Sety Gemy Maksym Kielak 2 4-0 16-1 Pawe\u0142 Koz\u0142ow 1 2-3 11-16 Szymon Mistewicz 0 1-4 7-14 Mecz Wynik Maksym Kielak &#8211; Pawe\u0142 Koz\u0142ow 4\/1 4\/0 Maksym Kielak &#8211; Szymon Mistewicz ... Dowiedz si\u0119 wi\u0119cej\" \/>\n<meta property=\"og:url\" content=\"https:\/\/mc.korty.org\/?page_id=131\" \/>\n<meta property=\"article:modified_time\" content=\"2024-11-08T07:46:29+00:00\" \/>\n<meta name=\"twitter:card\" content=\"summary_large_image\" \/>\n<meta name=\"twitter:label1\" content=\"Szacowany czas czytania\" \/>\n\t<meta name=\"twitter:data1\" content=\"2 minuty\" \/>\n<script type=\"application\/ld+json\" class=\"yoast-schema-graph\">{\"@context\":\"https:\/\/schema.org\",\"@graph\":[{\"@type\":\"WebPage\",\"@id\":\"https:\/\/mc.korty.org\/?page_id=131\",\"url\":\"https:\/\/mc.korty.org\/?page_id=131\",\"name\":\"Mazowsze Cup U16 -\",\"isPartOf\":{\"@id\":\"https:\/\/mc.korty.org\/#website\"},\"datePublished\":\"2024-10-30T22:03:03+00:00\",\"dateModified\":\"2024-11-08T07:46:29+00:00\",\"breadcrumb\":{\"@id\":\"https:\/\/mc.korty.org\/?page_id=131#breadcrumb\"},\"inLanguage\":\"pl-PL\",\"potentialAction\":[{\"@type\":\"ReadAction\",\"target\":[\"https:\/\/mc.korty.org\/?page_id=131\"]}]},{\"@type\":\"BreadcrumbList\",\"@id\":\"https:\/\/mc.korty.org\/?page_id=131#breadcrumb\",\"itemListElement\":[{\"@type\":\"ListItem\",\"position\":1,\"name\":\"Strona g\u0142\u00f3wna\",\"item\":\"https:\/\/mc.korty.org\/\"},{\"@type\":\"ListItem\",\"position\":2,\"name\":\"Mazowsze Cup U16\"}]},{\"@type\":\"WebSite\",\"@id\":\"https:\/\/mc.korty.org\/#website\",\"url\":\"https:\/\/mc.korty.org\/\",\"name\":\"\",\"description\":\"\",\"potentialAction\":[{\"@type\":\"SearchAction\",\"target\":{\"@type\":\"EntryPoint\",\"urlTemplate\":\"https:\/\/mc.korty.org\/?s={search_term_string}\"},\"query-input\":{\"@type\":\"PropertyValueSpecification\",\"valueRequired\":true,\"valueName\":\"search_term_string\"}}],\"inLanguage\":\"pl-PL\"}]}<\/script>\n<!-- \/ Yoast SEO plugin. -->","yoast_head_json":{"title":"Mazowsze Cup U16 -","robots":{"index":"index","follow":"follow","max-snippet":"max-snippet:-1","max-image-preview":"max-image-preview:large","max-video-preview":"max-video-preview:-1"},"canonical":"https:\/\/mc.korty.org\/?page_id=131","og_locale":"pl_PL","og_type":"article","og_title":"Mazowsze Cup U16 -","og_description":"Termin:\u00a026-10-2024 Klub:\u00a0KT Warszawianka &#8226; Dziewcz\u0119ta U16 Fina\u0142 Mecz Wynik Katarzyna Siek &#8211; Lena Ceglarz 6\/7 7\/6 10-7 &#8226; Ch\u0142opcy U16 Grupa A Zawodnik Wygrane Sety Gemy Maksym Kielak 2 4-0 16-1 Pawe\u0142 Koz\u0142ow 1 2-3 11-16 Szymon Mistewicz 0 1-4 7-14 Mecz Wynik Maksym Kielak &#8211; Pawe\u0142 Koz\u0142ow 4\/1 4\/0 Maksym Kielak &#8211; Szymon Mistewicz ... Dowiedz si\u0119 wi\u0119cej","og_url":"https:\/\/mc.korty.org\/?page_id=131","article_modified_time":"2024-11-08T07:46:29+00:00","twitter_card":"summary_large_image","twitter_misc":{"Szacowany czas czytania":"2 minuty"},"schema":{"@context":"https:\/\/schema.org","@graph":[{"@type":"WebPage","@id":"https:\/\/mc.korty.org\/?page_id=131","url":"https:\/\/mc.korty.org\/?page_id=131","name":"Mazowsze Cup U16 -","isPartOf":{"@id":"https:\/\/mc.korty.org\/#website"},"datePublished":"2024-10-30T22:03:03+00:00","dateModified":"2024-11-08T07:46:29+00:00","breadcrumb":{"@id":"https:\/\/mc.korty.org\/?page_id=131#breadcrumb"},"inLanguage":"pl-PL","potentialAction":[{"@type":"ReadAction","target":["https:\/\/mc.korty.org\/?page_id=131"]}]},{"@type":"BreadcrumbList","@id":"https:\/\/mc.korty.org\/?page_id=131#breadcrumb","itemListElement":[{"@type":"ListItem","position":1,"name":"Strona g\u0142\u00f3wna","item":"https:\/\/mc.korty.org\/"},{"@type":"ListItem","position":2,"name":"Mazowsze Cup U16"}]},{"@type":"WebSite","@id":"https:\/\/mc.korty.org\/#website","url":"https:\/\/mc.korty.org\/","name":"","description":"","potentialAction":[{"@type":"SearchAction","target":{"@type":"EntryPoint","urlTemplate":"https:\/\/mc.korty.org\/?s={search_term_string}"},"query-input":{"@type":"PropertyValueSpecification","valueRequired":true,"valueName":"search_term_string"}}],"inLanguage":"pl-PL"}]}},"_links":{"self":[{"href":"https:\/\/mc.korty.org\/index.php?rest_route=\/wp\/v2\/pages\/131","targetHints":{"allow":["GET"]}}],"collection":[{"href":"https:\/\/mc.korty.org\/index.php?rest_route=\/wp\/v2\/pages"}],"about":[{"href":"https:\/\/mc.korty.org\/index.php?rest_route=\/wp\/v2\/types\/page"}],"author":[{"embeddable":true,"href":"https:\/\/mc.korty.org\/index.php?rest_route=\/wp\/v2\/users\/1"}],"replies":[{"embeddable":true,"href":"https:\/\/mc.korty.org\/index.php?rest_route=%2Fwp%2Fv2%2Fcomments&post=131"}],"version-history":[{"count":18,"href":"https:\/\/mc.korty.org\/index.php?rest_route=\/wp\/v2\/pages\/131\/revisions"}],"predecessor-version":[{"id":186,"href":"https:\/\/mc.korty.org\/index.php?rest_route=\/wp\/v2\/pages\/131\/revisions\/186"}],"wp:attachment":[{"href":"https:\/\/mc.korty.org\/index.php?rest_route=%2Fwp%2Fv2%2Fmedia&parent=131"}],"curies":[{"name":"wp","href":"https:\/\/api.w.org\/{rel}","templated":true}]}}