{"id":151,"date":"2024-11-01T09:22:35","date_gmt":"2024-11-01T09:22:35","guid":{"rendered":"https:\/\/mc.korty.org\/?page_id=151"},"modified":"2025-09-13T07:15:46","modified_gmt":"2025-09-13T07:15:46","slug":"151-2","status":"publish","type":"page","link":"https:\/\/mc.korty.org\/?page_id=151","title":{"rendered":"Mazowsze Cup U12"},"content":{"rendered":"<p><strong><span class=\"fw-bold\">Termin:<\/span><\/strong> 20-09-2025<\/p>\n<p><strong><span class=\"fw-bold\">Klub:<\/span><\/strong> Perun Weso\u0142a<\/p>\n<p><strong><span class=\"fw-bold\">Miejsce rozgrywania turnieju: <\/span><\/strong>ul. Armii Krajowej 32, 05-075 Warszawa<\/p>\n<p><strong>Telefon:<\/strong> 502 593 703<\/p>\n<p><strong><span class=\"fw-bold\">Kategorie: <\/span><\/strong>Ch\u0142opcy do 12 lat, Dziewcz\u0119ta do lat 12<\/p>\n<p><strong><span class=\"fw-bold\">S\u0119dzia: <\/span><\/strong><span class=\"fw-bold\">Kacper Borucki<\/span><\/p>\n<p><span class=\"fw-bold\"><strong>Nawierzchnia:<\/strong> <\/span> m\u0105czka ceglana<\/p>\n<p><strong><span class=\"fw-bold\">Jak si\u0119 zapisa\u0107:<\/span> <\/strong>sms na nr 502 593 703 o tre\u015bci &#8222;MC U12 Perun, Imi\u0119 Nazwisko, rok urodz.&#8221;. Zawodnicy klubowi maj\u0105 mo\u017cliwo\u015b\u0107 zapisania si\u0119 r\u00f3wnie\u017c osobi\u015bcie w recepcji klubu.<\/p>\n<p><strong>Do kiedy zapisy:<\/strong> 17.09.2025 do godz. 20.00<\/p>\n<p><strong><span class=\"fw-bold\">Wpisowe:<\/span><\/strong> 110 PLN<\/p>\n<p><strong><span class=\"fw-bold\">Zasady p\u0142atno\u015bci:<\/span><\/strong> p\u0142atno\u015b\u0107 przelewem na konto W-MZT nr 87 1160 2202 0000 0005 9272 3364 (prosz\u0119 o okazanie s\u0119dziemu zrzutu ekranu przelewu, w tytule MC Perun Imi\u0119 Nazwisko).<\/p>\n<p><span class=\"fw-bold\"><strong>Start turnieju:<\/strong> godz.<\/span> 14:00<\/p>\n<p><strong><span class=\"fw-bold\">Pi\u0142ka:<\/span><\/strong> Tretorn Serie+ Control<\/p>\n","protected":false},"excerpt":{"rendered":"<p>Termin: 20-09-2025 Klub: Perun Weso\u0142a Miejsce rozgrywania turnieju: ul. Armii Krajowej 32, 05-075 Warszawa Telefon: 502 593 703 Kategorie: Ch\u0142opcy do 12 lat, Dziewcz\u0119ta do lat 12 S\u0119dzia: Kacper Borucki Nawierzchnia: m\u0105czka ceglana Jak si\u0119 zapisa\u0107: sms na nr 502 593 703 o tre\u015bci &#8222;MC U12 Perun, Imi\u0119 Nazwisko, rok urodz.&#8221;. Zawodnicy klubowi maj\u0105 mo\u017cliwo\u015b\u0107 &#8230; <a title=\"Mazowsze Cup U12\" class=\"read-more\" href=\"https:\/\/mc.korty.org\/?page_id=151\" aria-label=\"Read more about Mazowsze Cup U12\">Dowiedz si\u0119 wi\u0119cej<\/a><\/p>\n","protected":false},"author":1,"featured_media":0,"parent":0,"menu_order":0,"comment_status":"closed","ping_status":"closed","template":"","meta":{"footnotes":""},"class_list":["post-151","page","type-page","status-publish"],"yoast_head":"<!-- This site is optimized with the Yoast SEO plugin v23.5 - https:\/\/yoast.com\/wordpress\/plugins\/seo\/ -->\n<title>Mazowsze Cup U12 -<\/title>\n<meta name=\"robots\" content=\"index, follow, max-snippet:-1, max-image-preview:large, max-video-preview:-1\" \/>\n<link rel=\"canonical\" href=\"https:\/\/mc.korty.org\/?page_id=151\" \/>\n<meta property=\"og:locale\" content=\"pl_PL\" \/>\n<meta property=\"og:type\" content=\"article\" \/>\n<meta property=\"og:title\" content=\"Mazowsze Cup U12 -\" \/>\n<meta property=\"og:description\" content=\"Termin: 20-09-2025 Klub: Perun Weso\u0142a Miejsce rozgrywania turnieju: ul. Armii Krajowej 32, 05-075 Warszawa Telefon: 502 593 703 Kategorie: Ch\u0142opcy do 12 lat, Dziewcz\u0119ta do lat 12 S\u0119dzia: Kacper Borucki Nawierzchnia: m\u0105czka ceglana Jak si\u0119 zapisa\u0107: sms na nr 502 593 703 o tre\u015bci &#8222;MC U12 Perun, Imi\u0119 Nazwisko, rok urodz.&#8221;. Zawodnicy klubowi maj\u0105 mo\u017cliwo\u015b\u0107 ... Dowiedz si\u0119 wi\u0119cej\" \/>\n<meta property=\"og:url\" content=\"https:\/\/mc.korty.org\/?page_id=151\" \/>\n<meta property=\"article:modified_time\" content=\"2025-09-13T07:15:46+00:00\" \/>\n<meta name=\"twitter:card\" content=\"summary_large_image\" \/>\n<meta name=\"twitter:label1\" content=\"Szacowany czas czytania\" \/>\n\t<meta name=\"twitter:data1\" content=\"1 minuta\" \/>\n<script type=\"application\/ld+json\" class=\"yoast-schema-graph\">{\"@context\":\"https:\/\/schema.org\",\"@graph\":[{\"@type\":\"WebPage\",\"@id\":\"https:\/\/mc.korty.org\/?page_id=151\",\"url\":\"https:\/\/mc.korty.org\/?page_id=151\",\"name\":\"Mazowsze Cup U12 -\",\"isPartOf\":{\"@id\":\"https:\/\/mc.korty.org\/#website\"},\"datePublished\":\"2024-11-01T09:22:35+00:00\",\"dateModified\":\"2025-09-13T07:15:46+00:00\",\"breadcrumb\":{\"@id\":\"https:\/\/mc.korty.org\/?page_id=151#breadcrumb\"},\"inLanguage\":\"pl-PL\",\"potentialAction\":[{\"@type\":\"ReadAction\",\"target\":[\"https:\/\/mc.korty.org\/?page_id=151\"]}]},{\"@type\":\"BreadcrumbList\",\"@id\":\"https:\/\/mc.korty.org\/?page_id=151#breadcrumb\",\"itemListElement\":[{\"@type\":\"ListItem\",\"position\":1,\"name\":\"Strona g\u0142\u00f3wna\",\"item\":\"https:\/\/mc.korty.org\/\"},{\"@type\":\"ListItem\",\"position\":2,\"name\":\"Mazowsze Cup U12\"}]},{\"@type\":\"WebSite\",\"@id\":\"https:\/\/mc.korty.org\/#website\",\"url\":\"https:\/\/mc.korty.org\/\",\"name\":\"\",\"description\":\"\",\"potentialAction\":[{\"@type\":\"SearchAction\",\"target\":{\"@type\":\"EntryPoint\",\"urlTemplate\":\"https:\/\/mc.korty.org\/?s={search_term_string}\"},\"query-input\":{\"@type\":\"PropertyValueSpecification\",\"valueRequired\":true,\"valueName\":\"search_term_string\"}}],\"inLanguage\":\"pl-PL\"}]}<\/script>\n<!-- \/ Yoast SEO plugin. -->","yoast_head_json":{"title":"Mazowsze Cup U12 -","robots":{"index":"index","follow":"follow","max-snippet":"max-snippet:-1","max-image-preview":"max-image-preview:large","max-video-preview":"max-video-preview:-1"},"canonical":"https:\/\/mc.korty.org\/?page_id=151","og_locale":"pl_PL","og_type":"article","og_title":"Mazowsze Cup U12 -","og_description":"Termin: 20-09-2025 Klub: Perun Weso\u0142a Miejsce rozgrywania turnieju: ul. Armii Krajowej 32, 05-075 Warszawa Telefon: 502 593 703 Kategorie: Ch\u0142opcy do 12 lat, Dziewcz\u0119ta do lat 12 S\u0119dzia: Kacper Borucki Nawierzchnia: m\u0105czka ceglana Jak si\u0119 zapisa\u0107: sms na nr 502 593 703 o tre\u015bci &#8222;MC U12 Perun, Imi\u0119 Nazwisko, rok urodz.&#8221;. Zawodnicy klubowi maj\u0105 mo\u017cliwo\u015b\u0107 ... Dowiedz si\u0119 wi\u0119cej","og_url":"https:\/\/mc.korty.org\/?page_id=151","article_modified_time":"2025-09-13T07:15:46+00:00","twitter_card":"summary_large_image","twitter_misc":{"Szacowany czas czytania":"1 minuta"},"schema":{"@context":"https:\/\/schema.org","@graph":[{"@type":"WebPage","@id":"https:\/\/mc.korty.org\/?page_id=151","url":"https:\/\/mc.korty.org\/?page_id=151","name":"Mazowsze Cup U12 -","isPartOf":{"@id":"https:\/\/mc.korty.org\/#website"},"datePublished":"2024-11-01T09:22:35+00:00","dateModified":"2025-09-13T07:15:46+00:00","breadcrumb":{"@id":"https:\/\/mc.korty.org\/?page_id=151#breadcrumb"},"inLanguage":"pl-PL","potentialAction":[{"@type":"ReadAction","target":["https:\/\/mc.korty.org\/?page_id=151"]}]},{"@type":"BreadcrumbList","@id":"https:\/\/mc.korty.org\/?page_id=151#breadcrumb","itemListElement":[{"@type":"ListItem","position":1,"name":"Strona g\u0142\u00f3wna","item":"https:\/\/mc.korty.org\/"},{"@type":"ListItem","position":2,"name":"Mazowsze Cup U12"}]},{"@type":"WebSite","@id":"https:\/\/mc.korty.org\/#website","url":"https:\/\/mc.korty.org\/","name":"","description":"","potentialAction":[{"@type":"SearchAction","target":{"@type":"EntryPoint","urlTemplate":"https:\/\/mc.korty.org\/?s={search_term_string}"},"query-input":{"@type":"PropertyValueSpecification","valueRequired":true,"valueName":"search_term_string"}}],"inLanguage":"pl-PL"}]}},"_links":{"self":[{"href":"https:\/\/mc.korty.org\/index.php?rest_route=\/wp\/v2\/pages\/151","targetHints":{"allow":["GET"]}}],"collection":[{"href":"https:\/\/mc.korty.org\/index.php?rest_route=\/wp\/v2\/pages"}],"about":[{"href":"https:\/\/mc.korty.org\/index.php?rest_route=\/wp\/v2\/types\/page"}],"author":[{"embeddable":true,"href":"https:\/\/mc.korty.org\/index.php?rest_route=\/wp\/v2\/users\/1"}],"replies":[{"embeddable":true,"href":"https:\/\/mc.korty.org\/index.php?rest_route=%2Fwp%2Fv2%2Fcomments&post=151"}],"version-history":[{"count":10,"href":"https:\/\/mc.korty.org\/index.php?rest_route=\/wp\/v2\/pages\/151\/revisions"}],"predecessor-version":[{"id":548,"href":"https:\/\/mc.korty.org\/index.php?rest_route=\/wp\/v2\/pages\/151\/revisions\/548"}],"wp:attachment":[{"href":"https:\/\/mc.korty.org\/index.php?rest_route=%2Fwp%2Fv2%2Fmedia&parent=151"}],"curies":[{"name":"wp","href":"https:\/\/api.w.org\/{rel}","templated":true}]}}