{"id":17,"date":"2024-10-08T20:11:37","date_gmt":"2024-10-08T20:11:37","guid":{"rendered":"https:\/\/mc.korty.org\/?page_id=17"},"modified":"2025-12-15T12:05:02","modified_gmt":"2025-12-15T12:05:02","slug":"kalendarz","status":"publish","type":"page","link":"https:\/\/mc.korty.org\/?page_id=17","title":{"rendered":"Kalendarz 2025"},"content":{"rendered":"<h6>20.09.2025 <strong style=\"color: red;\">U12 <\/strong>Perun Weso\u0142a =&gt; <a href=\"https:\/\/mc.korty.org\/?page_id=151\">komunikat<\/a> =&gt; odwo\u0142any <!--<a href=\"https:\/\/mc.korty.org\/?page_id=218\">wyniki<\/a>--><\/h6>\n<h6>27.09.2025 <strong style=\"color: red;\">U16 <\/strong>Park Tennis Academy =&gt; <a href=\"https:\/\/mc.korty.org\/?page_id=108\">komunikat<\/a> =&gt; <a href=\"https:\/\/mc.korty.org\/?page_id=600\">wyniki<\/a><\/h6>\n<h6>05.10.2025 <strong style=\"color: red;\">U14 <\/strong>KT Break =&gt; <a href=\"https:\/\/mc.korty.org\/?page_id=305\">komunikat<\/a> =&gt; <a href=\"https:\/\/mc.korty.org\/?page_id=627\">wyniki<\/a><\/h6>\n<h6>11.10.2025 <strong style=\"color: red;\">U12 <\/strong>AG Tenis Chorzowska =&gt; <a href=\"https:\/\/mc.korty.org\/?page_id=240\">komunikat<\/a> =&gt; <a href=\"https:\/\/mc.korty.org\/?page_id=642\">wyniki<\/a><\/h6>\n<h6>18.10.2025 <strong style=\"color: red;\">U16 <\/strong>Fundacja ECT =&gt; <a href=\"https:\/\/mc.korty.org\/?page_id=243\">komunikat<\/a> =&gt; <a href=\"https:\/\/mc.korty.org\/?page_id=652\">wyniki<\/a><\/h6>\n<h6>25.10.2025 <strong style=\"color: red;\">U14 <\/strong>Astra Ksi\u0105\u017cenice =&gt; <a href=\"https:\/\/mc.korty.org\/?page_id=307\">komunikat<\/a> =&gt; <a href=\"https:\/\/mc.korty.org\/?page_id=664\">wyniki<\/a><\/h6>\n<h6>08.11.2025 <strong style=\"color: red;\">U12 <\/strong>WKT Mera =&gt; <a href=\"https:\/\/mc.korty.org\/?page_id=313\">komunikat<\/a> =&gt; <a href=\"https:\/\/mc.korty.org\/?page_id=675\">wyniki<\/a><\/h6>\n<h6>16.11.2025 <strong style=\"color: red;\">U16 <\/strong>AT Masters Radom =&gt; <a href=\"https:\/\/mc.korty.org\/?page_id=201\">komunikat<\/a> =&gt; <a href=\"https:\/\/mc.korty.org\/?page_id=717\">wyniki<\/a><\/h6>\n<h6>22.11.2025 <strong style=\"color: red;\">U14 <\/strong>ST Tie Break =&gt; <a href=\"https:\/\/mc.korty.org\/?page_id=213\">komunikat<\/a> =&gt; <a href=\"https:\/\/mc.korty.org\/?page_id=731\">wyniki<\/a><\/h6>\n<h6>29.11.2025 <strong style=\"color: red;\">U14 <\/strong>Arena Tenisa =&gt; <a href=\"https:\/\/mc.korty.org\/?page_id=196\">komunikat<\/a> =&gt; <a href=\"https:\/\/mc.korty.org\/?page_id=751\">wyniki<\/a><\/h6>\n<h6>06.12.2025 <strong style=\"color: red;\">U16 <\/strong>KT Warszawianka =&gt; <a href=\"https:\/\/mc.korty.org\/?page_id=99\">komunikat<\/a> =&gt; <a href=\"https:\/\/mc.korty.org\/?page_id=770\">wyniki<\/a><\/h6>\n<h6>13.12.2025 <strong style=\"color: red;\">U12 <\/strong>Akademia Tenisa Kozerki =&gt; <a href=\"https:\/\/mc.korty.org\/?page_id=266\">komunikat<\/a> =&gt; <a href=\"https:\/\/mc.korty.org\/?page_id=787\">wyniki<\/a><\/h6>\n","protected":false},"excerpt":{"rendered":"<p>20.09.2025 U12 Perun Weso\u0142a =&gt; komunikat =&gt; odwo\u0142any 27.09.2025 U16 Park Tennis Academy =&gt; komunikat =&gt; wyniki 05.10.2025 U14 KT Break =&gt; komunikat =&gt; wyniki 11.10.2025 U12 AG Tenis Chorzowska =&gt; komunikat =&gt; wyniki 18.10.2025 U16 Fundacja ECT =&gt; komunikat =&gt; wyniki 25.10.2025 U14 Astra Ksi\u0105\u017cenice =&gt; komunikat =&gt; wyniki 08.11.2025 U12 WKT Mera =&gt; &#8230; <a title=\"Kalendarz 2025\" class=\"read-more\" href=\"https:\/\/mc.korty.org\/?page_id=17\" aria-label=\"Read more about Kalendarz 2025\">Dowiedz si\u0119 wi\u0119cej<\/a><\/p>\n","protected":false},"author":1,"featured_media":0,"parent":0,"menu_order":0,"comment_status":"closed","ping_status":"closed","template":"","meta":{"footnotes":""},"class_list":["post-17","page","type-page","status-publish"],"yoast_head":"<!-- This site is optimized with the Yoast SEO plugin v23.5 - https:\/\/yoast.com\/wordpress\/plugins\/seo\/ -->\n<title>Kalendarz 2025 -<\/title>\n<meta name=\"robots\" content=\"index, follow, max-snippet:-1, max-image-preview:large, max-video-preview:-1\" \/>\n<link rel=\"canonical\" href=\"https:\/\/mc.korty.org\/?page_id=17\" \/>\n<meta property=\"og:locale\" content=\"pl_PL\" \/>\n<meta property=\"og:type\" content=\"article\" \/>\n<meta property=\"og:title\" content=\"Kalendarz 2025 -\" \/>\n<meta property=\"og:description\" content=\"20.09.2025 U12 Perun Weso\u0142a =&gt; komunikat =&gt; odwo\u0142any 27.09.2025 U16 Park Tennis Academy =&gt; komunikat =&gt; wyniki 05.10.2025 U14 KT Break =&gt; komunikat =&gt; wyniki 11.10.2025 U12 AG Tenis Chorzowska =&gt; komunikat =&gt; wyniki 18.10.2025 U16 Fundacja ECT =&gt; komunikat =&gt; wyniki 25.10.2025 U14 Astra Ksi\u0105\u017cenice =&gt; komunikat =&gt; wyniki 08.11.2025 U12 WKT Mera =&gt; ... Dowiedz si\u0119 wi\u0119cej\" \/>\n<meta property=\"og:url\" content=\"https:\/\/mc.korty.org\/?page_id=17\" \/>\n<meta property=\"article:modified_time\" content=\"2025-12-15T12:05:02+00:00\" \/>\n<meta name=\"twitter:card\" content=\"summary_large_image\" \/>\n<meta name=\"twitter:label1\" content=\"Szacowany czas czytania\" \/>\n\t<meta name=\"twitter:data1\" content=\"1 minuta\" \/>\n<script type=\"application\/ld+json\" class=\"yoast-schema-graph\">{\"@context\":\"https:\/\/schema.org\",\"@graph\":[{\"@type\":\"WebPage\",\"@id\":\"https:\/\/mc.korty.org\/?page_id=17\",\"url\":\"https:\/\/mc.korty.org\/?page_id=17\",\"name\":\"Kalendarz 2025 -\",\"isPartOf\":{\"@id\":\"https:\/\/mc.korty.org\/#website\"},\"datePublished\":\"2024-10-08T20:11:37+00:00\",\"dateModified\":\"2025-12-15T12:05:02+00:00\",\"breadcrumb\":{\"@id\":\"https:\/\/mc.korty.org\/?page_id=17#breadcrumb\"},\"inLanguage\":\"pl-PL\",\"potentialAction\":[{\"@type\":\"ReadAction\",\"target\":[\"https:\/\/mc.korty.org\/?page_id=17\"]}]},{\"@type\":\"BreadcrumbList\",\"@id\":\"https:\/\/mc.korty.org\/?page_id=17#breadcrumb\",\"itemListElement\":[{\"@type\":\"ListItem\",\"position\":1,\"name\":\"Strona g\u0142\u00f3wna\",\"item\":\"https:\/\/mc.korty.org\/\"},{\"@type\":\"ListItem\",\"position\":2,\"name\":\"Kalendarz 2025\"}]},{\"@type\":\"WebSite\",\"@id\":\"https:\/\/mc.korty.org\/#website\",\"url\":\"https:\/\/mc.korty.org\/\",\"name\":\"\",\"description\":\"\",\"potentialAction\":[{\"@type\":\"SearchAction\",\"target\":{\"@type\":\"EntryPoint\",\"urlTemplate\":\"https:\/\/mc.korty.org\/?s={search_term_string}\"},\"query-input\":{\"@type\":\"PropertyValueSpecification\",\"valueRequired\":true,\"valueName\":\"search_term_string\"}}],\"inLanguage\":\"pl-PL\"}]}<\/script>\n<!-- \/ Yoast SEO plugin. -->","yoast_head_json":{"title":"Kalendarz 2025 -","robots":{"index":"index","follow":"follow","max-snippet":"max-snippet:-1","max-image-preview":"max-image-preview:large","max-video-preview":"max-video-preview:-1"},"canonical":"https:\/\/mc.korty.org\/?page_id=17","og_locale":"pl_PL","og_type":"article","og_title":"Kalendarz 2025 -","og_description":"20.09.2025 U12 Perun Weso\u0142a =&gt; komunikat =&gt; odwo\u0142any 27.09.2025 U16 Park Tennis Academy =&gt; komunikat =&gt; wyniki 05.10.2025 U14 KT Break =&gt; komunikat =&gt; wyniki 11.10.2025 U12 AG Tenis Chorzowska =&gt; komunikat =&gt; wyniki 18.10.2025 U16 Fundacja ECT =&gt; komunikat =&gt; wyniki 25.10.2025 U14 Astra Ksi\u0105\u017cenice =&gt; komunikat =&gt; wyniki 08.11.2025 U12 WKT Mera =&gt; ... Dowiedz si\u0119 wi\u0119cej","og_url":"https:\/\/mc.korty.org\/?page_id=17","article_modified_time":"2025-12-15T12:05:02+00:00","twitter_card":"summary_large_image","twitter_misc":{"Szacowany czas czytania":"1 minuta"},"schema":{"@context":"https:\/\/schema.org","@graph":[{"@type":"WebPage","@id":"https:\/\/mc.korty.org\/?page_id=17","url":"https:\/\/mc.korty.org\/?page_id=17","name":"Kalendarz 2025 -","isPartOf":{"@id":"https:\/\/mc.korty.org\/#website"},"datePublished":"2024-10-08T20:11:37+00:00","dateModified":"2025-12-15T12:05:02+00:00","breadcrumb":{"@id":"https:\/\/mc.korty.org\/?page_id=17#breadcrumb"},"inLanguage":"pl-PL","potentialAction":[{"@type":"ReadAction","target":["https:\/\/mc.korty.org\/?page_id=17"]}]},{"@type":"BreadcrumbList","@id":"https:\/\/mc.korty.org\/?page_id=17#breadcrumb","itemListElement":[{"@type":"ListItem","position":1,"name":"Strona g\u0142\u00f3wna","item":"https:\/\/mc.korty.org\/"},{"@type":"ListItem","position":2,"name":"Kalendarz 2025"}]},{"@type":"WebSite","@id":"https:\/\/mc.korty.org\/#website","url":"https:\/\/mc.korty.org\/","name":"","description":"","potentialAction":[{"@type":"SearchAction","target":{"@type":"EntryPoint","urlTemplate":"https:\/\/mc.korty.org\/?s={search_term_string}"},"query-input":{"@type":"PropertyValueSpecification","valueRequired":true,"valueName":"search_term_string"}}],"inLanguage":"pl-PL"}]}},"_links":{"self":[{"href":"https:\/\/mc.korty.org\/index.php?rest_route=\/wp\/v2\/pages\/17","targetHints":{"allow":["GET"]}}],"collection":[{"href":"https:\/\/mc.korty.org\/index.php?rest_route=\/wp\/v2\/pages"}],"about":[{"href":"https:\/\/mc.korty.org\/index.php?rest_route=\/wp\/v2\/types\/page"}],"author":[{"embeddable":true,"href":"https:\/\/mc.korty.org\/index.php?rest_route=\/wp\/v2\/users\/1"}],"replies":[{"embeddable":true,"href":"https:\/\/mc.korty.org\/index.php?rest_route=%2Fwp%2Fv2%2Fcomments&post=17"}],"version-history":[{"count":60,"href":"https:\/\/mc.korty.org\/index.php?rest_route=\/wp\/v2\/pages\/17\/revisions"}],"predecessor-version":[{"id":792,"href":"https:\/\/mc.korty.org\/index.php?rest_route=\/wp\/v2\/pages\/17\/revisions\/792"}],"wp:attachment":[{"href":"https:\/\/mc.korty.org\/index.php?rest_route=%2Fwp%2Fv2%2Fmedia&parent=17"}],"curies":[{"name":"wp","href":"https:\/\/api.w.org\/{rel}","templated":true}]}}