{"id":218,"date":"2024-11-14T07:27:06","date_gmt":"2024-11-14T07:27:06","guid":{"rendered":"https:\/\/mc.korty.org\/?page_id=218"},"modified":"2024-11-14T18:10:22","modified_gmt":"2024-11-14T18:10:22","slug":"mazowsze-cup-u12-2","status":"publish","type":"page","link":"https:\/\/mc.korty.org\/?page_id=218","title":{"rendered":"Mazowsze Cup U12"},"content":{"rendered":"<p><strong><span class=\"fw-bold\">Termin:<\/span><\/strong>\u00a009-11-2024<br \/>\n<strong><span class=\"fw-bold\">Klub:<\/span><\/strong>\u00a0Perun Weso\u0142a<\/p>\n<h2>&#8226; Dziewcz\u0119ta U12<\/h2>\n<h6><em>Ko\u0144cowa kolejno\u015b\u0107:<\/em><\/h6>\n<table border=\"1\">\n<tr>\n<th>lp<\/th>\n<th>Imi\u0119 Nazwisko<\/th>\n<th>Wygrane<\/th>\n<\/tr>\n<tr>\n<td>1<\/td>\n<td><span style=\"color:brown\">Lilia Aleksander<\/span><\/td>\n<td>4 zw.<\/td>\n<\/tr>\n<tr>\n<td>2<\/td>\n<td>Laura Mechlewska<\/td>\n<td>3 zw.<\/td>\n<\/tr>\n<tr>\n<td>3<\/td>\n<td>Amelia Bluhm<\/td>\n<td>2 zw.<\/td>\n<\/tr>\n<tr>\n<td>4<\/td>\n<td>Milena Pr\u00f3chnicka<\/td>\n<td>1 zw.<\/td>\n<\/tr>\n<tr>\n<td>5<\/td>\n<td>Alisa Zhuk<\/td>\n<td>0 zw.<\/td>\n<\/tr>\n<\/table>\n<h6><em>Wyniki:<\/em><\/h6>\n<table border=\"1\">\n<tr>\n<th>Mecz<\/th>\n<th>Wynik<\/th>\n<\/tr>\n<tr>\n<td>Milena Pr\u00f3chnicka &#8211; Amelia Bluhm<\/td>\n<td>5\/6<\/td>\n<\/tr>\n<tr>\n<td>Milena Pr\u00f3chnicka &#8211; Lilia Aleksander<\/td>\n<td>2\/6<\/td>\n<\/tr>\n<tr>\n<td>Milena Pr\u00f3chnicka &#8211; Alisa Zhuk<\/td>\n<td>6\/0<\/td>\n<\/tr>\n<tr>\n<td>Milena Pr\u00f3chnicka &#8211; Laura Mechlewska<\/td>\n<td>4\/6<\/td>\n<\/tr>\n<tr>\n<td>Amelia Bluhm &#8211; Lilia Aleksander<\/td>\n<td>1\/6<\/td>\n<\/tr>\n<tr>\n<td>Amelia Bluhm &#8211; Alisa Zhuk<\/td>\n<td>6\/3<\/td>\n<\/tr>\n<tr>\n<td>Amelia Bluhm &#8211; Laura Mechlewska<\/td>\n<td>4\/6<\/td>\n<\/tr>\n<tr>\n<td>Lilia Aleksander &#8211; Alisa Zhuk<\/td>\n<td>6\/0<\/td>\n<\/tr>\n<tr>\n<td>Lilia Aleksander &#8211; Laura Mechlewska<\/td>\n<td>6\/4<\/td>\n<\/tr>\n<tr>\n<td>Alisa Zhuk &#8211; Laura Mechlewska<\/td>\n<td>4\/6<\/td>\n<\/tr>\n<\/table>\n<h2>&#8226; Ch\u0142opcy U12<\/h2>\n<h6><em>Ko\u0144cowa kolejno\u015b\u0107:<\/em><\/h6>\n<table border=\"1\">\n<tr>\n<th>lp<\/th>\n<th>Imi\u0119 Nazwisko<\/th>\n<th>Wygrane<\/th>\n<th>Gemy<\/th>\n<\/tr>\n<tr>\n<td>1<\/td>\n<td><span style=\"color:brown\">Mateusz Bondyra<\/span><\/td>\n<td>4<\/td>\n<td>24-14<\/td>\n<\/tr>\n<tr>\n<td>2<\/td>\n<td>Filip Dobczy\u0144ski<\/td>\n<td>2<\/td>\n<td>19-16<\/td>\n<\/tr>\n<tr>\n<td>3<\/td>\n<td>Kamil Grodzki<\/td>\n<td>2<\/td>\n<td>17-17<\/td>\n<\/tr>\n<tr>\n<td>4<\/td>\n<td>Wiktor Wicherski<\/td>\n<td>2<\/td>\n<td>20-21<\/td>\n<\/tr>\n<tr>\n<td>5<\/td>\n<td>Stefan Guzi\u0144ski<\/td>\n<td>0<\/td>\n<td>12-24<\/td>\n<\/tr>\n<\/table>\n<h6><em>Wyniki:<\/em><\/h6>\n<table border=\"1\">\n<tr>\n<th>Mecz<\/th>\n<th>Wyniki<\/th>\n<\/tr>\n<tr>\n<td>Wiktor Wicherski &#8211; Stefan Guzi\u0144ski<\/td>\n<td>6\/5<\/td>\n<\/tr>\n<tr>\n<td>Wiktor Wicherski &#8211; Mateusz Bondyra<\/td>\n<td>4\/6<\/td>\n<\/tr>\n<tr>\n<td>Wiktor Wicherski &#8211; Filip Dobczy\u0144ski<\/td>\n<td>4\/6<\/td>\n<\/tr>\n<tr>\n<td>Wiktor Wicherski &#8211; Kamil Grodzki<\/td>\n<td>6\/4<\/td>\n<\/tr>\n<tr>\n<td>Stefan Guzi\u0144ski &#8211; Mateusz Bondyra<\/td>\n<td>4\/6<\/td>\n<\/tr>\n<tr>\n<td>Stefan Guzi\u0144ski &#8211; Filip Dobczy\u0144ski<\/td>\n<td>0\/6<\/td>\n<\/tr>\n<tr>\n<td>Stefan Guzi\u0144ski &#8211; Kamil Grodzki<\/td>\n<td>3\/6<\/td>\n<\/tr>\n<tr>\n<td>Mateusz Bondyra &#8211; Filip Dobczy\u0144ski<\/td>\n<td>6\/5<\/td>\n<\/tr>\n<tr>\n<td>Mateusz Bondyra &#8211; Kamil Grodzki<\/td>\n<td>6\/1<\/td>\n<\/tr>\n<tr>\n<td>Filip Dobczy\u0144ski &#8211; Kamil Grodzki<\/td>\n<td>2\/6<\/td>\n<\/tr>\n<\/table>\n","protected":false},"excerpt":{"rendered":"<p>Termin:\u00a009-11-2024 Klub:\u00a0Perun Weso\u0142a &#8226; Dziewcz\u0119ta U12 Ko\u0144cowa kolejno\u015b\u0107: lp Imi\u0119 Nazwisko Wygrane 1 Lilia Aleksander 4 zw. 2 Laura Mechlewska 3 zw. 3 Amelia Bluhm 2 zw. 4 Milena Pr\u00f3chnicka 1 zw. 5 Alisa Zhuk 0 zw. Wyniki: Mecz Wynik Milena Pr\u00f3chnicka &#8211; Amelia Bluhm 5\/6 Milena Pr\u00f3chnicka &#8211; Lilia Aleksander 2\/6 Milena Pr\u00f3chnicka &#8211; &#8230; <a title=\"Mazowsze Cup U12\" class=\"read-more\" href=\"https:\/\/mc.korty.org\/?page_id=218\" aria-label=\"Read more about Mazowsze Cup U12\">Dowiedz si\u0119 wi\u0119cej<\/a><\/p>\n","protected":false},"author":1,"featured_media":0,"parent":0,"menu_order":0,"comment_status":"closed","ping_status":"closed","template":"","meta":{"footnotes":""},"class_list":["post-218","page","type-page","status-publish"],"yoast_head":"<!-- This site is optimized with the Yoast SEO plugin v23.5 - https:\/\/yoast.com\/wordpress\/plugins\/seo\/ -->\n<title>Mazowsze Cup U12 -<\/title>\n<meta name=\"robots\" content=\"index, follow, max-snippet:-1, max-image-preview:large, max-video-preview:-1\" \/>\n<link rel=\"canonical\" href=\"https:\/\/mc.korty.org\/?page_id=218\" \/>\n<meta property=\"og:locale\" content=\"pl_PL\" \/>\n<meta property=\"og:type\" content=\"article\" \/>\n<meta property=\"og:title\" content=\"Mazowsze Cup U12 -\" \/>\n<meta property=\"og:description\" content=\"Termin:\u00a009-11-2024 Klub:\u00a0Perun Weso\u0142a &#8226; Dziewcz\u0119ta U12 Ko\u0144cowa kolejno\u015b\u0107: lp Imi\u0119 Nazwisko Wygrane 1 Lilia Aleksander 4 zw. 2 Laura Mechlewska 3 zw. 3 Amelia Bluhm 2 zw. 4 Milena Pr\u00f3chnicka 1 zw. 5 Alisa Zhuk 0 zw. Wyniki: Mecz Wynik Milena Pr\u00f3chnicka &#8211; Amelia Bluhm 5\/6 Milena Pr\u00f3chnicka &#8211; Lilia Aleksander 2\/6 Milena Pr\u00f3chnicka &#8211; ... Dowiedz si\u0119 wi\u0119cej\" \/>\n<meta property=\"og:url\" content=\"https:\/\/mc.korty.org\/?page_id=218\" \/>\n<meta property=\"article:modified_time\" content=\"2024-11-14T18:10:22+00:00\" \/>\n<meta name=\"twitter:card\" content=\"summary_large_image\" \/>\n<meta name=\"twitter:label1\" content=\"Szacowany czas czytania\" \/>\n\t<meta name=\"twitter:data1\" content=\"2 minuty\" \/>\n<script type=\"application\/ld+json\" class=\"yoast-schema-graph\">{\"@context\":\"https:\/\/schema.org\",\"@graph\":[{\"@type\":\"WebPage\",\"@id\":\"https:\/\/mc.korty.org\/?page_id=218\",\"url\":\"https:\/\/mc.korty.org\/?page_id=218\",\"name\":\"Mazowsze Cup U12 -\",\"isPartOf\":{\"@id\":\"https:\/\/mc.korty.org\/#website\"},\"datePublished\":\"2024-11-14T07:27:06+00:00\",\"dateModified\":\"2024-11-14T18:10:22+00:00\",\"breadcrumb\":{\"@id\":\"https:\/\/mc.korty.org\/?page_id=218#breadcrumb\"},\"inLanguage\":\"pl-PL\",\"potentialAction\":[{\"@type\":\"ReadAction\",\"target\":[\"https:\/\/mc.korty.org\/?page_id=218\"]}]},{\"@type\":\"BreadcrumbList\",\"@id\":\"https:\/\/mc.korty.org\/?page_id=218#breadcrumb\",\"itemListElement\":[{\"@type\":\"ListItem\",\"position\":1,\"name\":\"Strona g\u0142\u00f3wna\",\"item\":\"https:\/\/mc.korty.org\/\"},{\"@type\":\"ListItem\",\"position\":2,\"name\":\"Mazowsze Cup U12\"}]},{\"@type\":\"WebSite\",\"@id\":\"https:\/\/mc.korty.org\/#website\",\"url\":\"https:\/\/mc.korty.org\/\",\"name\":\"\",\"description\":\"\",\"potentialAction\":[{\"@type\":\"SearchAction\",\"target\":{\"@type\":\"EntryPoint\",\"urlTemplate\":\"https:\/\/mc.korty.org\/?s={search_term_string}\"},\"query-input\":{\"@type\":\"PropertyValueSpecification\",\"valueRequired\":true,\"valueName\":\"search_term_string\"}}],\"inLanguage\":\"pl-PL\"}]}<\/script>\n<!-- \/ Yoast SEO plugin. -->","yoast_head_json":{"title":"Mazowsze Cup U12 -","robots":{"index":"index","follow":"follow","max-snippet":"max-snippet:-1","max-image-preview":"max-image-preview:large","max-video-preview":"max-video-preview:-1"},"canonical":"https:\/\/mc.korty.org\/?page_id=218","og_locale":"pl_PL","og_type":"article","og_title":"Mazowsze Cup U12 -","og_description":"Termin:\u00a009-11-2024 Klub:\u00a0Perun Weso\u0142a &#8226; Dziewcz\u0119ta U12 Ko\u0144cowa kolejno\u015b\u0107: lp Imi\u0119 Nazwisko Wygrane 1 Lilia Aleksander 4 zw. 2 Laura Mechlewska 3 zw. 3 Amelia Bluhm 2 zw. 4 Milena Pr\u00f3chnicka 1 zw. 5 Alisa Zhuk 0 zw. Wyniki: Mecz Wynik Milena Pr\u00f3chnicka &#8211; Amelia Bluhm 5\/6 Milena Pr\u00f3chnicka &#8211; Lilia Aleksander 2\/6 Milena Pr\u00f3chnicka &#8211; ... Dowiedz si\u0119 wi\u0119cej","og_url":"https:\/\/mc.korty.org\/?page_id=218","article_modified_time":"2024-11-14T18:10:22+00:00","twitter_card":"summary_large_image","twitter_misc":{"Szacowany czas czytania":"2 minuty"},"schema":{"@context":"https:\/\/schema.org","@graph":[{"@type":"WebPage","@id":"https:\/\/mc.korty.org\/?page_id=218","url":"https:\/\/mc.korty.org\/?page_id=218","name":"Mazowsze Cup U12 -","isPartOf":{"@id":"https:\/\/mc.korty.org\/#website"},"datePublished":"2024-11-14T07:27:06+00:00","dateModified":"2024-11-14T18:10:22+00:00","breadcrumb":{"@id":"https:\/\/mc.korty.org\/?page_id=218#breadcrumb"},"inLanguage":"pl-PL","potentialAction":[{"@type":"ReadAction","target":["https:\/\/mc.korty.org\/?page_id=218"]}]},{"@type":"BreadcrumbList","@id":"https:\/\/mc.korty.org\/?page_id=218#breadcrumb","itemListElement":[{"@type":"ListItem","position":1,"name":"Strona g\u0142\u00f3wna","item":"https:\/\/mc.korty.org\/"},{"@type":"ListItem","position":2,"name":"Mazowsze Cup U12"}]},{"@type":"WebSite","@id":"https:\/\/mc.korty.org\/#website","url":"https:\/\/mc.korty.org\/","name":"","description":"","potentialAction":[{"@type":"SearchAction","target":{"@type":"EntryPoint","urlTemplate":"https:\/\/mc.korty.org\/?s={search_term_string}"},"query-input":{"@type":"PropertyValueSpecification","valueRequired":true,"valueName":"search_term_string"}}],"inLanguage":"pl-PL"}]}},"_links":{"self":[{"href":"https:\/\/mc.korty.org\/index.php?rest_route=\/wp\/v2\/pages\/218","targetHints":{"allow":["GET"]}}],"collection":[{"href":"https:\/\/mc.korty.org\/index.php?rest_route=\/wp\/v2\/pages"}],"about":[{"href":"https:\/\/mc.korty.org\/index.php?rest_route=\/wp\/v2\/types\/page"}],"author":[{"embeddable":true,"href":"https:\/\/mc.korty.org\/index.php?rest_route=\/wp\/v2\/users\/1"}],"replies":[{"embeddable":true,"href":"https:\/\/mc.korty.org\/index.php?rest_route=%2Fwp%2Fv2%2Fcomments&post=218"}],"version-history":[{"count":7,"href":"https:\/\/mc.korty.org\/index.php?rest_route=\/wp\/v2\/pages\/218\/revisions"}],"predecessor-version":[{"id":235,"href":"https:\/\/mc.korty.org\/index.php?rest_route=\/wp\/v2\/pages\/218\/revisions\/235"}],"wp:attachment":[{"href":"https:\/\/mc.korty.org\/index.php?rest_route=%2Fwp%2Fv2%2Fmedia&parent=218"}],"curies":[{"name":"wp","href":"https:\/\/api.w.org\/{rel}","templated":true}]}}