{"id":240,"date":"2024-11-21T23:35:41","date_gmt":"2024-11-21T23:35:41","guid":{"rendered":"https:\/\/mc.korty.org\/?page_id=240"},"modified":"2025-09-29T09:11:58","modified_gmt":"2025-09-29T09:11:58","slug":"mazowsze-cup-u12-3","status":"publish","type":"page","link":"https:\/\/mc.korty.org\/?page_id=240","title":{"rendered":"Mazowsze Cup U12"},"content":{"rendered":"<p><strong>Termin:<\/strong>\u00a011.10.2025<\/p>\n<p><strong>Klub:<\/strong>\u00a0AG TENIS Chorzowska<\/p>\n<p><strong>Miejsce rozgrywania turnieju:\u00a0<\/strong>ul. Chorzowska 11a, 26-600 Radom<\/p>\n<p><strong>Telefon:<\/strong>\u00a0698 983 088<\/p>\n<p><strong>Kategorie:\u00a0<\/strong>Ch\u0142opcy do 12 lat, Dziewcz\u0119ta do lat 12<\/p>\n<p><strong>S\u0119dzia:\u00a0<\/strong>Norbert Sobol<\/p>\n<p><strong>Nawierzchnia:<\/strong>\u00a0sztuczna trawa<\/p>\n<p><strong>Jak si\u0119 zapisa\u0107:\u00a0<\/strong>Zapis\u00f3w dokonujemy poprzez sms na nr 698 983 088 lub mailem na adres\u00a0<a href=\"mailto:agtenis@agtenis.pl\" target=\"_blank\" rel=\"noopener\">agtenis@agtenis.pl<\/a>\u00a0o tre\u015bci \u201eZg\u0142oszenie MC U12 AG TENIS, Imi\u0119 Nazwisko, rok urodz.\u201d.<\/p>\n<p><strong>Do kiedy zapisy:<\/strong>\u00a009.10.2025 do godz.20.00<\/p>\n<p><strong>Wpisowe:<\/strong>\u00a0110 PLN<\/p>\n<p><strong>Zasady p\u0142atno\u015bci:<\/strong>\u00a0p\u0142atno\u015b\u0107 przelewem przed turniejem na konto klubowe Stowarzyszenie AG TENIS Chorzowska, numer rachunku 60 1750 0012 0000 0000 3506 8791 lub got\u00f3wk\u0105 w kasie klubu przed turniejem<\/p>\n<p><strong>Start turnieju:<\/strong>\u00a0godz.\u00a012:00<\/p>\n<p><strong>Pi\u0142ka:<\/strong>\u00a0Tretorn Serie+ Control<\/p>\n","protected":false},"excerpt":{"rendered":"<p>Termin:\u00a011.10.2025 Klub:\u00a0AG TENIS Chorzowska Miejsce rozgrywania turnieju:\u00a0ul. Chorzowska 11a, 26-600 Radom Telefon:\u00a0698 983 088 Kategorie:\u00a0Ch\u0142opcy do 12 lat, Dziewcz\u0119ta do lat 12 S\u0119dzia:\u00a0Norbert Sobol Nawierzchnia:\u00a0sztuczna trawa Jak si\u0119 zapisa\u0107:\u00a0Zapis\u00f3w dokonujemy poprzez sms na nr 698 983 088 lub mailem na adres\u00a0agtenis@agtenis.pl\u00a0o tre\u015bci \u201eZg\u0142oszenie MC U12 AG TENIS, Imi\u0119 Nazwisko, rok urodz.\u201d. Do kiedy zapisy:\u00a009.10.2025 do &#8230; <a title=\"Mazowsze Cup U12\" class=\"read-more\" href=\"https:\/\/mc.korty.org\/?page_id=240\" aria-label=\"Read more about Mazowsze Cup U12\">Dowiedz si\u0119 wi\u0119cej<\/a><\/p>\n","protected":false},"author":1,"featured_media":0,"parent":0,"menu_order":0,"comment_status":"closed","ping_status":"closed","template":"","meta":{"footnotes":""},"class_list":["post-240","page","type-page","status-publish"],"yoast_head":"<!-- This site is optimized with the Yoast SEO plugin v23.5 - https:\/\/yoast.com\/wordpress\/plugins\/seo\/ -->\n<title>Mazowsze Cup U12 -<\/title>\n<meta name=\"robots\" content=\"index, follow, max-snippet:-1, max-image-preview:large, max-video-preview:-1\" \/>\n<link rel=\"canonical\" href=\"https:\/\/mc.korty.org\/?page_id=240\" \/>\n<meta property=\"og:locale\" content=\"pl_PL\" \/>\n<meta property=\"og:type\" content=\"article\" \/>\n<meta property=\"og:title\" content=\"Mazowsze Cup U12 -\" \/>\n<meta property=\"og:description\" content=\"Termin:\u00a011.10.2025 Klub:\u00a0AG TENIS Chorzowska Miejsce rozgrywania turnieju:\u00a0ul. Chorzowska 11a, 26-600 Radom Telefon:\u00a0698 983 088 Kategorie:\u00a0Ch\u0142opcy do 12 lat, Dziewcz\u0119ta do lat 12 S\u0119dzia:\u00a0Norbert Sobol Nawierzchnia:\u00a0sztuczna trawa Jak si\u0119 zapisa\u0107:\u00a0Zapis\u00f3w dokonujemy poprzez sms na nr 698 983 088 lub mailem na adres\u00a0agtenis@agtenis.pl\u00a0o tre\u015bci \u201eZg\u0142oszenie MC U12 AG TENIS, Imi\u0119 Nazwisko, rok urodz.\u201d. Do kiedy zapisy:\u00a009.10.2025 do ... Dowiedz si\u0119 wi\u0119cej\" \/>\n<meta property=\"og:url\" content=\"https:\/\/mc.korty.org\/?page_id=240\" \/>\n<meta property=\"article:modified_time\" content=\"2025-09-29T09:11:58+00:00\" \/>\n<meta name=\"twitter:card\" content=\"summary_large_image\" \/>\n<meta name=\"twitter:label1\" content=\"Szacowany czas czytania\" \/>\n\t<meta name=\"twitter:data1\" content=\"1 minuta\" \/>\n<script type=\"application\/ld+json\" class=\"yoast-schema-graph\">{\"@context\":\"https:\/\/schema.org\",\"@graph\":[{\"@type\":\"WebPage\",\"@id\":\"https:\/\/mc.korty.org\/?page_id=240\",\"url\":\"https:\/\/mc.korty.org\/?page_id=240\",\"name\":\"Mazowsze Cup U12 -\",\"isPartOf\":{\"@id\":\"https:\/\/mc.korty.org\/#website\"},\"datePublished\":\"2024-11-21T23:35:41+00:00\",\"dateModified\":\"2025-09-29T09:11:58+00:00\",\"breadcrumb\":{\"@id\":\"https:\/\/mc.korty.org\/?page_id=240#breadcrumb\"},\"inLanguage\":\"pl-PL\",\"potentialAction\":[{\"@type\":\"ReadAction\",\"target\":[\"https:\/\/mc.korty.org\/?page_id=240\"]}]},{\"@type\":\"BreadcrumbList\",\"@id\":\"https:\/\/mc.korty.org\/?page_id=240#breadcrumb\",\"itemListElement\":[{\"@type\":\"ListItem\",\"position\":1,\"name\":\"Strona g\u0142\u00f3wna\",\"item\":\"https:\/\/mc.korty.org\/\"},{\"@type\":\"ListItem\",\"position\":2,\"name\":\"Mazowsze Cup U12\"}]},{\"@type\":\"WebSite\",\"@id\":\"https:\/\/mc.korty.org\/#website\",\"url\":\"https:\/\/mc.korty.org\/\",\"name\":\"\",\"description\":\"\",\"potentialAction\":[{\"@type\":\"SearchAction\",\"target\":{\"@type\":\"EntryPoint\",\"urlTemplate\":\"https:\/\/mc.korty.org\/?s={search_term_string}\"},\"query-input\":{\"@type\":\"PropertyValueSpecification\",\"valueRequired\":true,\"valueName\":\"search_term_string\"}}],\"inLanguage\":\"pl-PL\"}]}<\/script>\n<!-- \/ Yoast SEO plugin. -->","yoast_head_json":{"title":"Mazowsze Cup U12 -","robots":{"index":"index","follow":"follow","max-snippet":"max-snippet:-1","max-image-preview":"max-image-preview:large","max-video-preview":"max-video-preview:-1"},"canonical":"https:\/\/mc.korty.org\/?page_id=240","og_locale":"pl_PL","og_type":"article","og_title":"Mazowsze Cup U12 -","og_description":"Termin:\u00a011.10.2025 Klub:\u00a0AG TENIS Chorzowska Miejsce rozgrywania turnieju:\u00a0ul. Chorzowska 11a, 26-600 Radom Telefon:\u00a0698 983 088 Kategorie:\u00a0Ch\u0142opcy do 12 lat, Dziewcz\u0119ta do lat 12 S\u0119dzia:\u00a0Norbert Sobol Nawierzchnia:\u00a0sztuczna trawa Jak si\u0119 zapisa\u0107:\u00a0Zapis\u00f3w dokonujemy poprzez sms na nr 698 983 088 lub mailem na adres\u00a0agtenis@agtenis.pl\u00a0o tre\u015bci \u201eZg\u0142oszenie MC U12 AG TENIS, Imi\u0119 Nazwisko, rok urodz.\u201d. Do kiedy zapisy:\u00a009.10.2025 do ... Dowiedz si\u0119 wi\u0119cej","og_url":"https:\/\/mc.korty.org\/?page_id=240","article_modified_time":"2025-09-29T09:11:58+00:00","twitter_card":"summary_large_image","twitter_misc":{"Szacowany czas czytania":"1 minuta"},"schema":{"@context":"https:\/\/schema.org","@graph":[{"@type":"WebPage","@id":"https:\/\/mc.korty.org\/?page_id=240","url":"https:\/\/mc.korty.org\/?page_id=240","name":"Mazowsze Cup U12 -","isPartOf":{"@id":"https:\/\/mc.korty.org\/#website"},"datePublished":"2024-11-21T23:35:41+00:00","dateModified":"2025-09-29T09:11:58+00:00","breadcrumb":{"@id":"https:\/\/mc.korty.org\/?page_id=240#breadcrumb"},"inLanguage":"pl-PL","potentialAction":[{"@type":"ReadAction","target":["https:\/\/mc.korty.org\/?page_id=240"]}]},{"@type":"BreadcrumbList","@id":"https:\/\/mc.korty.org\/?page_id=240#breadcrumb","itemListElement":[{"@type":"ListItem","position":1,"name":"Strona g\u0142\u00f3wna","item":"https:\/\/mc.korty.org\/"},{"@type":"ListItem","position":2,"name":"Mazowsze Cup U12"}]},{"@type":"WebSite","@id":"https:\/\/mc.korty.org\/#website","url":"https:\/\/mc.korty.org\/","name":"","description":"","potentialAction":[{"@type":"SearchAction","target":{"@type":"EntryPoint","urlTemplate":"https:\/\/mc.korty.org\/?s={search_term_string}"},"query-input":{"@type":"PropertyValueSpecification","valueRequired":true,"valueName":"search_term_string"}}],"inLanguage":"pl-PL"}]}},"_links":{"self":[{"href":"https:\/\/mc.korty.org\/index.php?rest_route=\/wp\/v2\/pages\/240","targetHints":{"allow":["GET"]}}],"collection":[{"href":"https:\/\/mc.korty.org\/index.php?rest_route=\/wp\/v2\/pages"}],"about":[{"href":"https:\/\/mc.korty.org\/index.php?rest_route=\/wp\/v2\/types\/page"}],"author":[{"embeddable":true,"href":"https:\/\/mc.korty.org\/index.php?rest_route=\/wp\/v2\/users\/1"}],"replies":[{"embeddable":true,"href":"https:\/\/mc.korty.org\/index.php?rest_route=%2Fwp%2Fv2%2Fcomments&post=240"}],"version-history":[{"count":3,"href":"https:\/\/mc.korty.org\/index.php?rest_route=\/wp\/v2\/pages\/240\/revisions"}],"predecessor-version":[{"id":560,"href":"https:\/\/mc.korty.org\/index.php?rest_route=\/wp\/v2\/pages\/240\/revisions\/560"}],"wp:attachment":[{"href":"https:\/\/mc.korty.org\/index.php?rest_route=%2Fwp%2Fv2%2Fmedia&parent=240"}],"curies":[{"name":"wp","href":"https:\/\/api.w.org\/{rel}","templated":true}]}}