{"id":243,"date":"2024-11-22T09:06:50","date_gmt":"2024-11-22T09:06:50","guid":{"rendered":"https:\/\/mc.korty.org\/?page_id=243"},"modified":"2025-10-07T12:57:37","modified_gmt":"2025-10-07T12:57:37","slug":"mazowsze-cup-u14-4","status":"publish","type":"page","link":"https:\/\/mc.korty.org\/?page_id=243","title":{"rendered":"Mazowsze Cup U16"},"content":{"rendered":"<p><strong>Termin:<\/strong>\u00a018.10.2025<\/p>\n<p><strong>Klub:<\/strong>\u00a0Europejskie Centrum Tenisa<\/p>\n<p><strong>Miejsce rozgrywania turnieju:\u00a0<\/strong>ul. Topolowa 29, 05-515 Mysiad\u0142o<\/p>\n<p><strong>Telefon:<\/strong>\u00a0508 433 311<\/p>\n<p><strong>Kategorie:\u00a0<\/strong>Ch\u0142opcy do 16 lat, Dziewcz\u0119ta do lat 16<\/p>\n<p><strong>S\u0119dzia:\u00a0<\/strong> Marcin Pi\u0105tkiewicz<\/p>\n<p><strong>Nawierzchnia:<\/strong>\u00a0twarda<\/p>\n<p><strong>Jak si\u0119 zapisa\u0107:\u00a0<\/strong>sms na nr tel. 570 925 927 o tre\u015bci: \u201e MC U16 ECT, imi\u0119 i nazwisko, rok urodzenia\u201d<\/p>\n<p><strong>Do kiedy zapisy:<\/strong>\u00a016.10.2025 do godz.20.00<\/p>\n<p><strong>Wpisowe:<\/strong>\u00a0110 PLN<\/p>\n<p><strong>Zasady p\u0142atno\u015bci:<\/strong>\u00a0przelewem na konto Warszawsko-Mazowiecki Zwi\u0105zek Tenisowy nr 87 1160 2202 0000 0005 9272 3364, w tytule: ECT, imi\u0119 i nazwisko zawodnika  (zrzut ekranu przelewu nale\u017cy okaza\u0107 s\u0119dziemu)<\/p>\n<p><strong>Start turnieju:<\/strong>\u00a0godz.\u00a013:00<\/p>\n<p><strong>Pi\u0142ka:<\/strong>\u00a0Tretorn Serie+ Control<\/p>\n","protected":false},"excerpt":{"rendered":"<p>Termin:\u00a018.10.2025 Klub:\u00a0Europejskie Centrum Tenisa Miejsce rozgrywania turnieju:\u00a0ul. Topolowa 29, 05-515 Mysiad\u0142o Telefon:\u00a0508 433 311 Kategorie:\u00a0Ch\u0142opcy do 16 lat, Dziewcz\u0119ta do lat 16 S\u0119dzia:\u00a0 Marcin Pi\u0105tkiewicz Nawierzchnia:\u00a0twarda Jak si\u0119 zapisa\u0107:\u00a0sms na nr tel. 570 925 927 o tre\u015bci: \u201e MC U16 ECT, imi\u0119 i nazwisko, rok urodzenia\u201d Do kiedy zapisy:\u00a016.10.2025 do godz.20.00 Wpisowe:\u00a0110 PLN Zasady p\u0142atno\u015bci:\u00a0przelewem &#8230; <a title=\"Mazowsze Cup U16\" class=\"read-more\" href=\"https:\/\/mc.korty.org\/?page_id=243\" aria-label=\"Read more about Mazowsze Cup U16\">Dowiedz si\u0119 wi\u0119cej<\/a><\/p>\n","protected":false},"author":1,"featured_media":0,"parent":0,"menu_order":0,"comment_status":"closed","ping_status":"closed","template":"","meta":{"footnotes":""},"class_list":["post-243","page","type-page","status-publish"],"yoast_head":"<!-- This site is optimized with the Yoast SEO plugin v23.5 - https:\/\/yoast.com\/wordpress\/plugins\/seo\/ -->\n<title>Mazowsze Cup U16 -<\/title>\n<meta name=\"robots\" content=\"index, follow, max-snippet:-1, max-image-preview:large, max-video-preview:-1\" \/>\n<link rel=\"canonical\" href=\"https:\/\/mc.korty.org\/?page_id=243\" \/>\n<meta property=\"og:locale\" content=\"pl_PL\" \/>\n<meta property=\"og:type\" content=\"article\" \/>\n<meta property=\"og:title\" content=\"Mazowsze Cup U16 -\" \/>\n<meta property=\"og:description\" content=\"Termin:\u00a018.10.2025 Klub:\u00a0Europejskie Centrum Tenisa Miejsce rozgrywania turnieju:\u00a0ul. Topolowa 29, 05-515 Mysiad\u0142o Telefon:\u00a0508 433 311 Kategorie:\u00a0Ch\u0142opcy do 16 lat, Dziewcz\u0119ta do lat 16 S\u0119dzia:\u00a0 Marcin Pi\u0105tkiewicz Nawierzchnia:\u00a0twarda Jak si\u0119 zapisa\u0107:\u00a0sms na nr tel. 570 925 927 o tre\u015bci: \u201e MC U16 ECT, imi\u0119 i nazwisko, rok urodzenia\u201d Do kiedy zapisy:\u00a016.10.2025 do godz.20.00 Wpisowe:\u00a0110 PLN Zasady p\u0142atno\u015bci:\u00a0przelewem ... Dowiedz si\u0119 wi\u0119cej\" \/>\n<meta property=\"og:url\" content=\"https:\/\/mc.korty.org\/?page_id=243\" \/>\n<meta property=\"article:modified_time\" content=\"2025-10-07T12:57:37+00:00\" \/>\n<meta name=\"twitter:card\" content=\"summary_large_image\" \/>\n<meta name=\"twitter:label1\" content=\"Szacowany czas czytania\" \/>\n\t<meta name=\"twitter:data1\" content=\"1 minuta\" \/>\n<script type=\"application\/ld+json\" class=\"yoast-schema-graph\">{\"@context\":\"https:\/\/schema.org\",\"@graph\":[{\"@type\":\"WebPage\",\"@id\":\"https:\/\/mc.korty.org\/?page_id=243\",\"url\":\"https:\/\/mc.korty.org\/?page_id=243\",\"name\":\"Mazowsze Cup U16 -\",\"isPartOf\":{\"@id\":\"https:\/\/mc.korty.org\/#website\"},\"datePublished\":\"2024-11-22T09:06:50+00:00\",\"dateModified\":\"2025-10-07T12:57:37+00:00\",\"breadcrumb\":{\"@id\":\"https:\/\/mc.korty.org\/?page_id=243#breadcrumb\"},\"inLanguage\":\"pl-PL\",\"potentialAction\":[{\"@type\":\"ReadAction\",\"target\":[\"https:\/\/mc.korty.org\/?page_id=243\"]}]},{\"@type\":\"BreadcrumbList\",\"@id\":\"https:\/\/mc.korty.org\/?page_id=243#breadcrumb\",\"itemListElement\":[{\"@type\":\"ListItem\",\"position\":1,\"name\":\"Strona g\u0142\u00f3wna\",\"item\":\"https:\/\/mc.korty.org\/\"},{\"@type\":\"ListItem\",\"position\":2,\"name\":\"Mazowsze Cup U16\"}]},{\"@type\":\"WebSite\",\"@id\":\"https:\/\/mc.korty.org\/#website\",\"url\":\"https:\/\/mc.korty.org\/\",\"name\":\"\",\"description\":\"\",\"potentialAction\":[{\"@type\":\"SearchAction\",\"target\":{\"@type\":\"EntryPoint\",\"urlTemplate\":\"https:\/\/mc.korty.org\/?s={search_term_string}\"},\"query-input\":{\"@type\":\"PropertyValueSpecification\",\"valueRequired\":true,\"valueName\":\"search_term_string\"}}],\"inLanguage\":\"pl-PL\"}]}<\/script>\n<!-- \/ Yoast SEO plugin. -->","yoast_head_json":{"title":"Mazowsze Cup U16 -","robots":{"index":"index","follow":"follow","max-snippet":"max-snippet:-1","max-image-preview":"max-image-preview:large","max-video-preview":"max-video-preview:-1"},"canonical":"https:\/\/mc.korty.org\/?page_id=243","og_locale":"pl_PL","og_type":"article","og_title":"Mazowsze Cup U16 -","og_description":"Termin:\u00a018.10.2025 Klub:\u00a0Europejskie Centrum Tenisa Miejsce rozgrywania turnieju:\u00a0ul. Topolowa 29, 05-515 Mysiad\u0142o Telefon:\u00a0508 433 311 Kategorie:\u00a0Ch\u0142opcy do 16 lat, Dziewcz\u0119ta do lat 16 S\u0119dzia:\u00a0 Marcin Pi\u0105tkiewicz Nawierzchnia:\u00a0twarda Jak si\u0119 zapisa\u0107:\u00a0sms na nr tel. 570 925 927 o tre\u015bci: \u201e MC U16 ECT, imi\u0119 i nazwisko, rok urodzenia\u201d Do kiedy zapisy:\u00a016.10.2025 do godz.20.00 Wpisowe:\u00a0110 PLN Zasady p\u0142atno\u015bci:\u00a0przelewem ... Dowiedz si\u0119 wi\u0119cej","og_url":"https:\/\/mc.korty.org\/?page_id=243","article_modified_time":"2025-10-07T12:57:37+00:00","twitter_card":"summary_large_image","twitter_misc":{"Szacowany czas czytania":"1 minuta"},"schema":{"@context":"https:\/\/schema.org","@graph":[{"@type":"WebPage","@id":"https:\/\/mc.korty.org\/?page_id=243","url":"https:\/\/mc.korty.org\/?page_id=243","name":"Mazowsze Cup U16 -","isPartOf":{"@id":"https:\/\/mc.korty.org\/#website"},"datePublished":"2024-11-22T09:06:50+00:00","dateModified":"2025-10-07T12:57:37+00:00","breadcrumb":{"@id":"https:\/\/mc.korty.org\/?page_id=243#breadcrumb"},"inLanguage":"pl-PL","potentialAction":[{"@type":"ReadAction","target":["https:\/\/mc.korty.org\/?page_id=243"]}]},{"@type":"BreadcrumbList","@id":"https:\/\/mc.korty.org\/?page_id=243#breadcrumb","itemListElement":[{"@type":"ListItem","position":1,"name":"Strona g\u0142\u00f3wna","item":"https:\/\/mc.korty.org\/"},{"@type":"ListItem","position":2,"name":"Mazowsze Cup U16"}]},{"@type":"WebSite","@id":"https:\/\/mc.korty.org\/#website","url":"https:\/\/mc.korty.org\/","name":"","description":"","potentialAction":[{"@type":"SearchAction","target":{"@type":"EntryPoint","urlTemplate":"https:\/\/mc.korty.org\/?s={search_term_string}"},"query-input":{"@type":"PropertyValueSpecification","valueRequired":true,"valueName":"search_term_string"}}],"inLanguage":"pl-PL"}]}},"_links":{"self":[{"href":"https:\/\/mc.korty.org\/index.php?rest_route=\/wp\/v2\/pages\/243","targetHints":{"allow":["GET"]}}],"collection":[{"href":"https:\/\/mc.korty.org\/index.php?rest_route=\/wp\/v2\/pages"}],"about":[{"href":"https:\/\/mc.korty.org\/index.php?rest_route=\/wp\/v2\/types\/page"}],"author":[{"embeddable":true,"href":"https:\/\/mc.korty.org\/index.php?rest_route=\/wp\/v2\/users\/1"}],"replies":[{"embeddable":true,"href":"https:\/\/mc.korty.org\/index.php?rest_route=%2Fwp%2Fv2%2Fcomments&post=243"}],"version-history":[{"count":7,"href":"https:\/\/mc.korty.org\/index.php?rest_route=\/wp\/v2\/pages\/243\/revisions"}],"predecessor-version":[{"id":626,"href":"https:\/\/mc.korty.org\/index.php?rest_route=\/wp\/v2\/pages\/243\/revisions\/626"}],"wp:attachment":[{"href":"https:\/\/mc.korty.org\/index.php?rest_route=%2Fwp%2Fv2%2Fmedia&parent=243"}],"curies":[{"name":"wp","href":"https:\/\/api.w.org\/{rel}","templated":true}]}}