{"id":246,"date":"2024-11-22T10:30:34","date_gmt":"2024-11-22T10:30:34","guid":{"rendered":"https:\/\/mc.korty.org\/?page_id=246"},"modified":"2024-11-22T11:33:32","modified_gmt":"2024-11-22T11:33:32","slug":"mazowsze-cup-u12-4","status":"publish","type":"page","link":"https:\/\/mc.korty.org\/?page_id=246","title":{"rendered":"Mazowsze Cup U14"},"content":{"rendered":"<p><strong><span class=\"fw-bold\">Termin:<\/span><\/strong>\u00a017-11-2024<br \/>\n<strong><span class=\"fw-bold\">Klub:<\/span><\/strong>\u00a0TenisWil<\/p>\n<h2>&#8226; Dziewcz\u0119ta U14<\/h2>\n<h3>Grupa A<\/h3>\n<table>\n<tr>\n<th>lp<\/th>\n<th>nazwisko imi\u0119<\/th>\n<th>m.<\/th>\n<th>w.<\/th>\n<th>sety<\/th>\n<th>gemy<\/th>\n<\/tr>\n<tr>\n<td>1<\/td>\n<td>KORKOZOWICZ Helena<\/td>\n<td>2<\/td>\n<td>2<\/td>\n<td>4:0<\/td>\n<td>16:4<\/td>\n<\/tr>\n<tr>\n<td>2<\/td>\n<td>STASZEWSKA Nina<\/td>\n<td>2<\/td>\n<td>1<\/td>\n<td>2:2<\/td>\n<td>11:12<\/td>\n<\/tr>\n<tr>\n<td>3<\/td>\n<td>DA\u0141EK Malwina<\/td>\n<td>2<\/td>\n<td>0<\/td>\n<td>0:4<\/td>\n<td>5:16<\/td>\n<\/tr>\n<\/table>\n<table>\n<tr>\n<th>Mecze<\/th>\n<th>Wyniki<\/th>\n<\/tr>\n<tr>\n<td>Da\u0142ek Malwina &#8211; Korkozowicz Helena<\/td>\n<td>0\/4 1\/4<\/td>\n<\/tr>\n<tr>\n<td>Staszewska Nina &#8211; Korkozowicz Helena<\/td>\n<td>0\/4 3\/4<\/td>\n<\/tr>\n<tr>\n<td>Da\u0142ek Malwina &#8211; Staszewska Nina<\/td>\n<td>3\/4 1\/4<\/td>\n<\/tr>\n<\/table>\n<h3>Grupa B<\/h3>\n<table>\n<tr>\n<th>lp<\/th>\n<th>nazwisko imi\u0119<\/th>\n<th>m.<\/th>\n<th>w.<\/th>\n<th>sety<\/th>\n<th>gemy<\/th>\n<\/tr>\n<tr>\n<td>1<\/td>\n<td>KUBI\u0143SKA-ZACHWIEJ Aleksandra<\/td>\n<td>2<\/td>\n<td>2<\/td>\n<td>4:0<\/td>\n<td>16:3<\/td>\n<\/tr>\n<tr>\n<td>2<\/td>\n<td>G\u0141A\u017bEWSKA Julia<\/td>\n<td>2<\/td>\n<td>1<\/td>\n<td>2:2<\/td>\n<td>11:10<\/td>\n<\/tr>\n<tr>\n<td>3<\/td>\n<td>GAJEWSKA Zofia<\/td>\n<td>2<\/td>\n<td>0<\/td>\n<td>0:4<\/td>\n<td>2:16<\/td>\n<\/tr>\n<\/table>\n<table>\n<tr>\n<th>Mecze<\/th>\n<th>Wyniki<\/th>\n<\/tr>\n<tr>\n<td>Gajewska Zofia &#8211; Kubi\u0144ska-Zachwiej Aleksandra<\/td>\n<td>0\/4 0\/4<\/td>\n<\/tr>\n<tr>\n<td>G\u0142a\u017cewska Julia &#8211; Kubi\u0144ska-Zachwiej Aleksandra<\/td>\n<td>2\/4 1\/4<\/td>\n<\/tr>\n<tr>\n<td>Gajewska Zofia &#8211; G\u0142a\u017cewska Julia<\/td>\n<td>1\/4 1\/4<\/td>\n<\/tr>\n<\/table>\n<h3>Grupa C<\/h3>\n<table>\n<tr>\n<th>lp<\/th>\n<th>nazwisko imi\u0119<\/th>\n<th>m.<\/th>\n<th>w.<\/th>\n<th>sety<\/th>\n<th>gemy<\/th>\n<\/tr>\n<tr>\n<td>1<\/td>\n<td>TUDEK Aleksandra<\/td>\n<td>2<\/td>\n<td>2<\/td>\n<td>4:0<\/td>\n<td>16:6<\/td>\n<\/tr>\n<tr>\n<td>2<\/td>\n<td>CIBOR Dominika<\/td>\n<td>2<\/td>\n<td>1<\/td>\n<td>2:3<\/td>\n<td>20:23<\/td>\n<\/tr>\n<tr>\n<td>3<\/td>\n<td>WICHERSKA Alicja<\/td>\n<td>2<\/td>\n<td>0<\/td>\n<td>1:4<\/td>\n<td>18:25<\/td>\n<\/tr>\n<\/table>\n<table>\n<tr>\n<th>Mecze<\/th>\n<th>Wyniki<\/th>\n<\/tr>\n<tr>\n<td>Tudek Aleksandra &#8211; Cibor Dominika<\/td>\n<td>4\/1 4\/2<\/td>\n<\/tr>\n<tr>\n<td>Wicherska Alicja &#8211; Cibor Dominika<\/td>\n<td>3\/4 4\/3 8-10<\/td>\n<\/tr>\n<tr>\n<td>Tudek Aleksandra &#8211; Wicherska Alicja<\/td>\n<td>4\/3 4\/0<\/td>\n<\/tr>\n<\/table>\n<h3>P\u00f3\u0142fina\u0142y<\/h3>\n<table>\n<tr>\n<th>Mecz<\/th>\n<th>Wynik<\/th>\n<\/tr>\n<tr>\n<td>Korkozowicz Helena &#8211; G\u0142a\u017cewska Julia<\/td>\n<td>4\/3 4\/3<\/td>\n<\/tr>\n<tr>\n<td>Tudek Aleksandra &#8211; Kubi\u0144ska-Zachwiej Aleksandra<\/td>\n<td>4\/3 4\/1<\/td>\n<\/tr>\n<\/table>\n<h3>Fina\u0142<\/h3>\n<table>\n<tr>\n<th>Mecz<\/th>\n<th>Wynik<\/th>\n<\/tr>\n<tr>\n<td>Korkozowicz Helena &#8211; <strong style=\"color: brown\">Tudek Aleksandra<\/strong><\/td>\n<td>2\/6 2\/6<\/td>\n<\/tr>\n<\/table>\n<h3>O 3. miejsce<\/h3>\n<table>\n<tr>\n<th>Mecz<\/th>\n<th>Wynik<\/th>\n<\/tr>\n<tr>\n<td>G\u0142a\u017cewska Julia &#8211; Kubi\u0144ska-Zachwiej Aleksandra<\/td>\n<td>4\/3 2\/4 6-10<\/td>\n<\/tr>\n<\/table>\n<h2>&#8226; Ch\u0142opcy U14<\/h2>\n<h3>Grupa A<\/h3>\n<table>\n<tr>\n<th>Lp<\/th>\n<th>Nazwisko Imi\u0119<\/th>\n<th>M.<\/th>\n<th>W.<\/th>\n<th>Sety<\/th>\n<th>Gemy<\/th>\n<\/tr>\n<tr>\n<td>1.<\/td>\n<td>OLEKSYN Tadeusz<\/td>\n<td>2<\/td>\n<td>2<\/td>\n<td>4:0<\/td>\n<td>16:7<\/td>\n<\/tr>\n<tr>\n<td>2.<\/td>\n<td>G\u00d3RZY\u0143SKI Franciszek<\/td>\n<td>2<\/td>\n<td>1<\/td>\n<td>2:3<\/td>\n<td>19:14<\/td>\n<\/tr>\n<tr>\n<td>3.<\/td>\n<td>MARKOWSKI Ignacy<\/td>\n<td>2<\/td>\n<td>0<\/td>\n<td>1:4<\/td>\n<td>9:23<\/td>\n<\/tr>\n<\/table>\n<table>\n<tr>\n<th>Mecz<\/th>\n<th>Wynik<\/th>\n<\/tr>\n<tr>\n<td>G\u00f3rzy\u0144ski Franciszek &#8211; Markowski Ignacy<\/td>\n<td>1\/4 4\/0 10-2<\/td>\n<\/tr>\n<tr>\n<td>Oleksyn Tadeusz &#8211; Markowski Ignacy<\/td>\n<td>4\/1 4\/2<\/td>\n<\/tr>\n<tr>\n<td>G\u00f3rzy\u0144ski Franciszek &#8211; Oleksyn Tadeusz<\/td>\n<td>3\/4 1\/4<\/td>\n<\/tr>\n<\/table>\n<h3>Grupa B<\/h3>\n<table>\n<tr>\n<th>Lp<\/th>\n<th>Nazwisko Imi\u0119<\/th>\n<th>M.<\/th>\n<th>W.<\/th>\n<th>Sety<\/th>\n<th>Gemy<\/th>\n<\/tr>\n<tr>\n<td>1.<\/td>\n<td>SCHUSCIK Alex<\/td>\n<td>2<\/td>\n<td>2<\/td>\n<td>4:0<\/td>\n<td>16:3<\/td>\n<\/tr>\n<tr>\n<td>2.<\/td>\n<td>OR\u0141OWSKI Adam<\/td>\n<td>2<\/td>\n<td>1<\/td>\n<td>2:2<\/td>\n<td>10:9<\/td>\n<\/tr>\n<tr>\n<td>3.<\/td>\n<td>FALKOWSKI Filip<\/td>\n<td>2<\/td>\n<td>0<\/td>\n<td>0:4<\/td>\n<td>2:16<\/td>\n<\/tr>\n<\/table>\n<table>\n<tr>\n<th>Mecz<\/th>\n<th>Wynik<\/th>\n<\/tr>\n<tr>\n<td>Or\u0142owski Adam &#8211; Falkowski Filip<\/td>\n<td>4\/1 4\/0<\/td>\n<\/tr>\n<tr>\n<td>Schuscik Alex &#8211; Falkowski Filip<\/td>\n<td>4\/0 4\/1<\/td>\n<\/tr>\n<tr>\n<td>Or\u0142owski Adam &#8211; Schuscik Alex<\/td>\n<td>2\/4 0\/4<\/td>\n<\/tr>\n<\/table>\n<h3>Grupa C<\/h3>\n<table>\n<tr>\n<th>Lp<\/th>\n<th>Nazwisko Imi\u0119<\/th>\n<th>M.<\/th>\n<th>W.<\/th>\n<th>Sety<\/th>\n<th>Gemy<\/th>\n<\/tr>\n<tr>\n<td>1.<\/td>\n<td>PFEIFFER \u0141ukasz<\/td>\n<td>2<\/td>\n<td>2<\/td>\n<td>4:1<\/td>\n<td>24:8<\/td>\n<\/tr>\n<tr>\n<td>2.<\/td>\n<td>BACHA\u0143SKI Mateusz<\/td>\n<td>2<\/td>\n<td>1<\/td>\n<td>3:2<\/td>\n<td>14:18<\/td>\n<\/tr>\n<tr>\n<td>3.<\/td>\n<td>WALAWKO Maciej<\/td>\n<td>2<\/td>\n<td>0<\/td>\n<td>0:4<\/td>\n<td>4:16<\/td>\n<\/tr>\n<\/table>\n<table>\n<tr>\n<th>Mecz<\/th>\n<th>Wynik<\/th>\n<\/tr>\n<tr>\n<td>Pfeiffer \u0141ukasz &#8211; Walawko Maciej<\/td>\n<td>4\/0 4\/2<\/td>\n<\/tr>\n<tr>\n<td>Bacha\u0144ski Mateusz &#8211; Walawko Maciej<\/td>\n<td>4\/1 4\/1<\/td>\n<\/tr>\n<tr>\n<td>Pfeiffer \u0141ukasz &#8211; Bacha\u0144ski Mateusz<\/td>\n<td>4\/1 2\/4 10-1<\/td>\n<\/tr>\n<\/table>\n<h3>Grupa D<\/h3>\n<table>\n<tr>\n<th>Lp<\/th>\n<th>Nazwisko Imi\u0119<\/th>\n<th>M.<\/th>\n<th>W.<\/th>\n<th>Sety<\/th>\n<th>Gemy<\/th>\n<\/tr>\n<tr>\n<td>1.<\/td>\n<td>KORWIN-MA\u0141ASZY\u0143SKI Tymon<\/td>\n<td>2<\/td>\n<td>2<\/td>\n<td>4:0<\/td>\n<td>16:6<\/td>\n<\/tr>\n<tr>\n<td>2.<\/td>\n<td>CANALES Santiago<\/td>\n<td>2<\/td>\n<td>1<\/td>\n<td>2:3<\/td>\n<td>19:20<\/td>\n<\/tr>\n<tr>\n<td>3.<\/td>\n<td>TUDOR Roman<\/td>\n<td>2<\/td>\n<td>0<\/td>\n<td>1:4<\/td>\n<td>15:24<\/td>\n<\/tr>\n<\/table>\n<table>\n<tr>\n<th>Mecz<\/th>\n<th>Wynik<\/th>\n<\/tr>\n<tr>\n<td>Canales Santiago &#8211; Korwin-Ma\u0142aszy\u0144ski Tymon<\/td>\n<td>2\/4 1\/4<\/td>\n<\/tr>\n<tr>\n<td>Tudor Roman &#8211; Korwin-Ma\u0142aszy\u0144ski Tymon<\/td>\n<td>3\/4 0\/4<\/td>\n<\/tr>\n<tr>\n<td>Canales Santiago &#8211; Tudor Roman<\/td>\n<td>4\/1 2\/4 10-7<\/td>\n<\/tr>\n<\/table>\n<h3>Grupa E<\/h3>\n<table>\n<tr>\n<th>Lp<\/th>\n<th>Nazwisko Imi\u0119<\/th>\n<th>M.<\/th>\n<th>W.<\/th>\n<th>Sety<\/th>\n<th>Gemy<\/th>\n<\/tr>\n<tr>\n<td>1.<\/td>\n<td>RZEPECKI Filip<\/td>\n<td>2<\/td>\n<td>2<\/td>\n<td>4:1<\/td>\n<td>24:7<\/td>\n<\/tr>\n<tr>\n<td>2.<\/td>\n<td>BOGUC Jan<\/td>\n<td>2<\/td>\n<td>1<\/td>\n<td>2:2<\/td>\n<td>11:8<\/td>\n<\/tr>\n<tr>\n<td>3.<\/td>\n<td>HO\u0141ODNIAK Jan<\/td>\n<td>2<\/td>\n<td>0<\/td>\n<td>1:4<\/td>\n<td>4:24<\/td>\n<\/tr>\n<\/table>\n<table>\n<tr>\n<th>Mecz<\/th>\n<th>Wynik<\/th>\n<\/tr>\n<tr>\n<td>Boguc Jan &#8211; Rzepecki Filip<\/td>\n<td>1\/4 2\/4<\/td>\n<\/tr>\n<tr>\n<td>Ho\u0142odniak Jan &#8211; Rzepecki Filip<\/td>\n<td>4\/2 0\/4 0-10<\/td>\n<\/tr>\n<tr>\n<td>Boguc Jan &#8211; Ho\u0142odniak Jan<\/td>\n<td>4\/0 4\/0 w\/o<\/td>\n<\/tr>\n<\/table>\n<h3>Grupa F<\/h3>\n<table>\n<tr>\n<th>Lp<\/th>\n<th>Nazwisko Imi\u0119<\/th>\n<th>M.<\/th>\n<th>W.<\/th>\n<th>Sety<\/th>\n<th>Gemy<\/th>\n<\/tr>\n<tr>\n<td>1.<\/td>\n<td>KWIATKOWSKI Antek<\/td>\n<td>2<\/td>\n<td>2<\/td>\n<td>4:0<\/td>\n<td>16:0<\/td>\n<\/tr>\n<tr>\n<td>2.<\/td>\n<td>CICHO\u0143 Konrad<\/td>\n<td>2<\/td>\n<td>1<\/td>\n<td>2:2<\/td>\n<td>8:9<\/td>\n<\/tr>\n<tr>\n<td>3.<\/td>\n<td>SMOLAREK Dawid<\/td>\n<td>2<\/td>\n<td>0<\/td>\n<td>0:4<\/td>\n<td>1:16<\/td>\n<\/tr>\n<\/table>\n<table>\n<tr>\n<th>Mecz<\/th>\n<th>Wynik<\/th>\n<\/tr>\n<tr>\n<td>Smolarek Dawid &#8211; Cicho\u0144 Konrad<\/td>\n<td>0\/4 1\/4<\/td>\n<\/tr>\n<tr>\n<td>Smolarek Dawid &#8211; Kwiatkowski Antek<\/td>\n<td>0\/4 0\/4<\/td>\n<\/tr>\n<tr>\n<td>Cicho\u0144 Konrad &#8211; Kwiatkowski Antek<\/td>\n<td>0\/4 0\/4<\/td>\n<\/tr>\n<\/table>\n<h3>\u0106wier\u0107fina\u0142y<\/h3>\n<table>\n<tr>\n<th>Mecz<\/th>\n<th>Wynik<\/th>\n<\/tr>\n<tr>\n<td>Oleksyn Tadeusz &#8211; Boguc Jan<\/td>\n<td>4\/0 4\/1<\/td>\n<\/tr>\n<tr>\n<td>Rzepecki Filip &#8211; Korwin-Ma\u0142aszy\u0144ski Tymon<\/td>\n<td>4\/0 4\/1<\/td>\n<\/tr>\n<tr>\n<td>Pfeiffer \u0141ukasz &#8211; Kwiatkowski Antek<\/td>\n<td>0\/4 0\/4<\/td>\n<\/tr>\n<tr>\n<td>Bacha\u0144ski Mateusz &#8211; Schuscik Alex<\/td>\n<td>3\/4 2\/4<\/td>\n<\/tr>\n<\/table>\n<h3>P\u00f3\u0142fina\u0142y<\/h3>\n<table>\n<tr>\n<th>Mecz<\/th>\n<th>Wynik<\/th>\n<\/tr>\n<tr>\n<td>Oleksyn Tadeusz &#8211; Rzepecki Filip<\/td>\n<td>3\/4 3\/4<\/td>\n<\/tr>\n<tr>\n<td>Kwiatkowski Antek &#8211; Schuscik Alex<\/td>\n<td>4\/2 4\/1<\/td>\n<\/tr>\n<\/table>\n<h3>Fina\u0142<\/h3>\n<table>\n<tr>\n<th>Mecz<\/th>\n<th>Wynik<\/th>\n<\/tr>\n<tr>\n<td>Rzepecki Filip &#8211; <strong style=\"color: brown\">Kwiatkowski Antek<\/strong><\/td>\n<td>0\/4 0\/4<\/td>\n<\/tr>\n<\/table>\n<h3>O 3. miejsce<\/h3>\n<table>\n<tr>\n<th>Mecz<\/th>\n<th>Wynik<\/th>\n<\/tr>\n<tr>\n<td>Schuscik Alex &#8211; Oleksyn Tadeusz<\/td>\n<td>4\/0 4\/0 w\/o<\/td>\n<\/tr>\n<\/table>\n","protected":false},"excerpt":{"rendered":"<p>Termin:\u00a017-11-2024 Klub:\u00a0TenisWil &#8226; Dziewcz\u0119ta U14 Grupa A lp nazwisko imi\u0119 m. w. sety gemy 1 KORKOZOWICZ Helena 2 2 4:0 16:4 2 STASZEWSKA Nina 2 1 2:2 11:12 3 DA\u0141EK Malwina 2 0 0:4 5:16 Mecze Wyniki Da\u0142ek Malwina &#8211; Korkozowicz Helena 0\/4 1\/4 Staszewska Nina &#8211; Korkozowicz Helena 0\/4 3\/4 Da\u0142ek Malwina &#8211; Staszewska &#8230; <a title=\"Mazowsze Cup U14\" class=\"read-more\" href=\"https:\/\/mc.korty.org\/?page_id=246\" aria-label=\"Read more about Mazowsze Cup U14\">Dowiedz si\u0119 wi\u0119cej<\/a><\/p>\n","protected":false},"author":1,"featured_media":0,"parent":0,"menu_order":0,"comment_status":"closed","ping_status":"closed","template":"","meta":{"footnotes":""},"class_list":["post-246","page","type-page","status-publish"],"yoast_head":"<!-- This site is optimized with the Yoast SEO plugin v23.5 - https:\/\/yoast.com\/wordpress\/plugins\/seo\/ -->\n<title>Mazowsze Cup U14 -<\/title>\n<meta name=\"robots\" content=\"index, follow, max-snippet:-1, max-image-preview:large, max-video-preview:-1\" \/>\n<link rel=\"canonical\" href=\"https:\/\/mc.korty.org\/?page_id=246\" \/>\n<meta property=\"og:locale\" content=\"pl_PL\" \/>\n<meta property=\"og:type\" content=\"article\" \/>\n<meta property=\"og:title\" content=\"Mazowsze Cup U14 -\" \/>\n<meta property=\"og:description\" content=\"Termin:\u00a017-11-2024 Klub:\u00a0TenisWil &#8226; Dziewcz\u0119ta U14 Grupa A lp nazwisko imi\u0119 m. w. sety gemy 1 KORKOZOWICZ Helena 2 2 4:0 16:4 2 STASZEWSKA Nina 2 1 2:2 11:12 3 DA\u0141EK Malwina 2 0 0:4 5:16 Mecze Wyniki Da\u0142ek Malwina &#8211; Korkozowicz Helena 0\/4 1\/4 Staszewska Nina &#8211; Korkozowicz Helena 0\/4 3\/4 Da\u0142ek Malwina &#8211; Staszewska ... Dowiedz si\u0119 wi\u0119cej\" \/>\n<meta property=\"og:url\" content=\"https:\/\/mc.korty.org\/?page_id=246\" \/>\n<meta property=\"article:modified_time\" content=\"2024-11-22T11:33:32+00:00\" \/>\n<meta name=\"twitter:card\" content=\"summary_large_image\" \/>\n<meta name=\"twitter:label1\" content=\"Szacowany czas czytania\" \/>\n\t<meta name=\"twitter:data1\" content=\"4 minuty\" \/>\n<script type=\"application\/ld+json\" class=\"yoast-schema-graph\">{\"@context\":\"https:\/\/schema.org\",\"@graph\":[{\"@type\":\"WebPage\",\"@id\":\"https:\/\/mc.korty.org\/?page_id=246\",\"url\":\"https:\/\/mc.korty.org\/?page_id=246\",\"name\":\"Mazowsze Cup U14 -\",\"isPartOf\":{\"@id\":\"https:\/\/mc.korty.org\/#website\"},\"datePublished\":\"2024-11-22T10:30:34+00:00\",\"dateModified\":\"2024-11-22T11:33:32+00:00\",\"breadcrumb\":{\"@id\":\"https:\/\/mc.korty.org\/?page_id=246#breadcrumb\"},\"inLanguage\":\"pl-PL\",\"potentialAction\":[{\"@type\":\"ReadAction\",\"target\":[\"https:\/\/mc.korty.org\/?page_id=246\"]}]},{\"@type\":\"BreadcrumbList\",\"@id\":\"https:\/\/mc.korty.org\/?page_id=246#breadcrumb\",\"itemListElement\":[{\"@type\":\"ListItem\",\"position\":1,\"name\":\"Strona g\u0142\u00f3wna\",\"item\":\"https:\/\/mc.korty.org\/\"},{\"@type\":\"ListItem\",\"position\":2,\"name\":\"Mazowsze Cup U14\"}]},{\"@type\":\"WebSite\",\"@id\":\"https:\/\/mc.korty.org\/#website\",\"url\":\"https:\/\/mc.korty.org\/\",\"name\":\"\",\"description\":\"\",\"potentialAction\":[{\"@type\":\"SearchAction\",\"target\":{\"@type\":\"EntryPoint\",\"urlTemplate\":\"https:\/\/mc.korty.org\/?s={search_term_string}\"},\"query-input\":{\"@type\":\"PropertyValueSpecification\",\"valueRequired\":true,\"valueName\":\"search_term_string\"}}],\"inLanguage\":\"pl-PL\"}]}<\/script>\n<!-- \/ Yoast SEO plugin. -->","yoast_head_json":{"title":"Mazowsze Cup U14 -","robots":{"index":"index","follow":"follow","max-snippet":"max-snippet:-1","max-image-preview":"max-image-preview:large","max-video-preview":"max-video-preview:-1"},"canonical":"https:\/\/mc.korty.org\/?page_id=246","og_locale":"pl_PL","og_type":"article","og_title":"Mazowsze Cup U14 -","og_description":"Termin:\u00a017-11-2024 Klub:\u00a0TenisWil &#8226; Dziewcz\u0119ta U14 Grupa A lp nazwisko imi\u0119 m. w. sety gemy 1 KORKOZOWICZ Helena 2 2 4:0 16:4 2 STASZEWSKA Nina 2 1 2:2 11:12 3 DA\u0141EK Malwina 2 0 0:4 5:16 Mecze Wyniki Da\u0142ek Malwina &#8211; Korkozowicz Helena 0\/4 1\/4 Staszewska Nina &#8211; Korkozowicz Helena 0\/4 3\/4 Da\u0142ek Malwina &#8211; Staszewska ... Dowiedz si\u0119 wi\u0119cej","og_url":"https:\/\/mc.korty.org\/?page_id=246","article_modified_time":"2024-11-22T11:33:32+00:00","twitter_card":"summary_large_image","twitter_misc":{"Szacowany czas czytania":"4 minuty"},"schema":{"@context":"https:\/\/schema.org","@graph":[{"@type":"WebPage","@id":"https:\/\/mc.korty.org\/?page_id=246","url":"https:\/\/mc.korty.org\/?page_id=246","name":"Mazowsze Cup U14 -","isPartOf":{"@id":"https:\/\/mc.korty.org\/#website"},"datePublished":"2024-11-22T10:30:34+00:00","dateModified":"2024-11-22T11:33:32+00:00","breadcrumb":{"@id":"https:\/\/mc.korty.org\/?page_id=246#breadcrumb"},"inLanguage":"pl-PL","potentialAction":[{"@type":"ReadAction","target":["https:\/\/mc.korty.org\/?page_id=246"]}]},{"@type":"BreadcrumbList","@id":"https:\/\/mc.korty.org\/?page_id=246#breadcrumb","itemListElement":[{"@type":"ListItem","position":1,"name":"Strona g\u0142\u00f3wna","item":"https:\/\/mc.korty.org\/"},{"@type":"ListItem","position":2,"name":"Mazowsze Cup U14"}]},{"@type":"WebSite","@id":"https:\/\/mc.korty.org\/#website","url":"https:\/\/mc.korty.org\/","name":"","description":"","potentialAction":[{"@type":"SearchAction","target":{"@type":"EntryPoint","urlTemplate":"https:\/\/mc.korty.org\/?s={search_term_string}"},"query-input":{"@type":"PropertyValueSpecification","valueRequired":true,"valueName":"search_term_string"}}],"inLanguage":"pl-PL"}]}},"_links":{"self":[{"href":"https:\/\/mc.korty.org\/index.php?rest_route=\/wp\/v2\/pages\/246","targetHints":{"allow":["GET"]}}],"collection":[{"href":"https:\/\/mc.korty.org\/index.php?rest_route=\/wp\/v2\/pages"}],"about":[{"href":"https:\/\/mc.korty.org\/index.php?rest_route=\/wp\/v2\/types\/page"}],"author":[{"embeddable":true,"href":"https:\/\/mc.korty.org\/index.php?rest_route=\/wp\/v2\/users\/1"}],"replies":[{"embeddable":true,"href":"https:\/\/mc.korty.org\/index.php?rest_route=%2Fwp%2Fv2%2Fcomments&post=246"}],"version-history":[{"count":5,"href":"https:\/\/mc.korty.org\/index.php?rest_route=\/wp\/v2\/pages\/246\/revisions"}],"predecessor-version":[{"id":253,"href":"https:\/\/mc.korty.org\/index.php?rest_route=\/wp\/v2\/pages\/246\/revisions\/253"}],"wp:attachment":[{"href":"https:\/\/mc.korty.org\/index.php?rest_route=%2Fwp%2Fv2%2Fmedia&parent=246"}],"curies":[{"name":"wp","href":"https:\/\/api.w.org\/{rel}","templated":true}]}}