{"id":254,"date":"2024-11-22T11:40:29","date_gmt":"2024-11-22T11:40:29","guid":{"rendered":"https:\/\/mc.korty.org\/?page_id=254"},"modified":"2024-11-30T19:34:04","modified_gmt":"2024-11-30T19:34:04","slug":"mazowsze-cup-u16-2","status":"publish","type":"page","link":"https:\/\/mc.korty.org\/?page_id=254","title":{"rendered":"Mazowsze Cup U16"},"content":{"rendered":"<p><strong><span class=\"fw-bold\">Termin:<\/span><\/strong>\u00a017-11-2024<br \/>\n<strong><span class=\"fw-bold\">Klub:<\/span><\/strong>\u00a0AT Masters Radom<\/p>\n<h2>&#8226; Dziewcz\u0119ta U16<\/h2>\n<h3>Grupa A<\/h3>\n<table>\n<tr>\n<th>lp<\/th>\n<th>Imi\u0119 i nazwisko<\/th>\n<th>Zw.<\/th>\n<th>Sety<\/th>\n<th>Gemy<\/th>\n<\/tr>\n<tr>\n<td>1<\/td>\n<td>Natasza Szcz\u0119sna<\/td>\n<td>2<\/td>\n<td>4:0<\/td>\n<td>16:3<\/td>\n<\/tr>\n<tr>\n<td>2<\/td>\n<td>Lena Ceglarz<\/td>\n<td>1<\/td>\n<td>2:3<\/td>\n<td>11:13<\/td>\n<\/tr>\n<tr>\n<td>3<\/td>\n<td>Aleksandra \u017belazko<\/td>\n<td>0<\/td>\n<td>0:4<\/td>\n<td>2:16<\/td>\n<\/tr>\n<\/table>\n<table>\n<tr>\n<th>Mecz<\/th>\n<th>Wynik<\/th>\n<\/tr>\n<tr>\n<td>Lena Ceglarz \u2013 Natasza Szcz\u0119sna<\/td>\n<td>2\/4 1\/4<\/td>\n<\/tr>\n<tr>\n<td>Lena Ceglarz \u2013 Aleksandra \u017belazko<\/td>\n<td>4\/1 4\/1<\/td>\n<\/tr>\n<tr>\n<td>Natasza Szcz\u0119sna \u2013 Aleksandra \u017belazko<\/td>\n<td>4\/0 4\/0<\/td>\n<\/tr>\n<\/table>\n<h3>Grupa B<\/h3>\n<table>\n<tr>\n<th>Mecz<\/th>\n<th>Wynik<\/th>\n<\/tr>\n<tr>\n<td>Katarzyna Siek \u2013 Antonina Ptaszek<\/td>\n<td>4\/2 4\/1<\/td>\n<\/tr>\n<tr>\n<td>Katarzyna Siek \u2013 Nikola Gielniowska<\/td>\n<td>4\/2 4\/3<\/td>\n<\/tr>\n<tr>\n<td>Katarzyna Siek \u2013 Marysia Ostrowska<\/td>\n<td>1\/4 4\/0 10-8<\/td>\n<\/tr>\n<tr>\n<td>Antonina Ptaszek \u2013 Nikola Gielniowska<\/td>\n<td>2\/4 0\/4<\/td>\n<\/tr>\n<tr>\n<td>Antonina Ptaszek \u2013 Marysia Ostrowska<\/td>\n<td>2\/4 1\/4<\/td>\n<\/tr>\n<tr>\n<td>Nikola Gielniowska \u2013 Marysia Ostrowska<\/td>\n<td>4\/1 1\/0 kr.<\/td>\n<\/tr>\n<\/table>\n<h3>Fina\u0142<\/h3>\n<table>\n<tr>\n<th>Mecz<\/th>\n<th>Wynik<\/th>\n<\/tr>\n<tr>\n<td><strong style=\"color:brown\">Natasza Szcz\u0119sna<\/strong> \u2013 Katarzyna Siek<\/td>\n<td>4\/1 4\/0<\/td>\n<\/tr>\n<\/table>\n<h3>O III miejsce<\/h3>\n<table>\n<tr>\n<th>Mecz<\/th>\n<th>Wynik<\/th>\n<\/tr>\n<tr>\n<td>Lena Ceglarz \u2013 Nikola Gielniowska<\/td>\n<td>4\/2 4\/3<\/td>\n<\/tr>\n<\/table>\n<h2>&#8226; Ch\u0142opcy U16<\/h2>\n<h3>Grupa A<\/h3>\n<table>\n<tr>\n<th>lp<\/th>\n<th>Imi\u0119 Nazwisko<\/th>\n<th>Zw.<\/th>\n<th>Sety<\/th>\n<th>Gemy<\/th>\n<\/tr>\n<tr>\n<td>1<\/td>\n<td>Mateusz Pryzmont<\/td>\n<td>2<\/td>\n<td>4:0<\/td>\n<td>16:8<\/td>\n<\/tr>\n<tr>\n<td>2<\/td>\n<td>Wojciech Kaczor<\/td>\n<td>1<\/td>\n<td>2:2<\/td>\n<td>14:12<\/td>\n<\/tr>\n<tr>\n<td>3<\/td>\n<td>Mateusz \u0141ukomski<\/td>\n<td>0<\/td>\n<td>0:4<\/td>\n<td>6:16<\/td>\n<\/tr>\n<\/table>\n<table>\n<tr>\n<th>Mecz<\/th>\n<th>Wynik<\/th>\n<\/tr>\n<tr>\n<td>Mateusz Pryzmont \u2013 Wojciech Kaczor<\/td>\n<td>4\/2 4\/3<\/td>\n<\/tr>\n<tr>\n<td>Mateusz Pryzmont \u2013 Mateusz \u0141ukomski<\/td>\n<td>4\/3 4\/0<\/td>\n<\/tr>\n<tr>\n<td>Wojciech Kaczor \u2013 Mateusz \u0141ukomski<\/td>\n<td>4\/2 4\/3<\/td>\n<\/tr>\n<\/table>\n<h3>Grupa B<\/h3>\n<table>\n<tr>\n<th>lp<\/th>\n<th>Imi\u0119 Nazwisko<\/th>\n<th>Zw.<\/th>\n<th>Sety<\/th>\n<th>Gemy<\/th>\n<\/tr>\n<tr>\n<td>1<\/td>\n<td>Maksym Kielak<\/td>\n<td>2<\/td>\n<td>4:0<\/td>\n<td>16:4<\/td>\n<\/tr>\n<tr>\n<td>2<\/td>\n<td>Mateusz \u0106wiek<\/td>\n<td>1<\/td>\n<td>2:2<\/td>\n<td>10:10<\/td>\n<\/tr>\n<tr>\n<td>3<\/td>\n<td>Marcel Kosiec<\/td>\n<td>0<\/td>\n<td>0:4<\/td>\n<td>2:14<\/td>\n<\/tr>\n<\/table>\n<table>\n<tr>\n<th>Mecz<\/th>\n<th>Wynik<\/th>\n<\/tr>\n<tr>\n<td>Maksym Kielak \u2013 Mateusz \u0106wiek<\/td>\n<td>4\/1 4\/2<\/td>\n<\/tr>\n<tr>\n<td>Maksym Kielak \u2013 Marcel Kosiec<\/td>\n<td>4\/1 4\/0<\/td>\n<\/tr>\n<tr>\n<td>Mateusz \u0106wiek \u2013 Marcel Kosiec<\/td>\n<td>4\/0 2\/0 kr.<\/td>\n<\/tr>\n<\/table>\n<h3>Grupa C<\/h3>\n<table>\n<tr>\n<th>lp<\/th>\n<th>Imi\u0119 Nazwisko<\/th>\n<th>Zw.<\/th>\n<th>Sety<\/th>\n<th>Gemy<\/th>\n<\/tr>\n<tr>\n<td>1<\/td>\n<td>Ignacy Malec<\/td>\n<td>3<\/td>\n<td>6:0<\/td>\n<td>24:3<\/td>\n<\/tr>\n<tr>\n<td>2<\/td>\n<td>Mateusz Pastuszka<\/td>\n<td>2<\/td>\n<td>4:2<\/td>\n<td>16:8<\/td>\n<\/tr>\n<tr>\n<td>3<\/td>\n<td>Pawe\u0142 Koz\u0142ow<\/td>\n<td>1<\/td>\n<td>2:4<\/td>\n<td>8:16<\/td>\n<\/tr>\n<tr>\n<td>4<\/td>\n<td>Antoni W\u00f3jtowicz<\/td>\n<td>0<\/td>\n<td>0:6<\/td>\n<td>4:24<\/td>\n<\/tr>\n<\/table>\n<table>\n<tr>\n<th>Mecz<\/th>\n<th>Wynik<\/th>\n<\/tr>\n<tr>\n<td>Pawe\u0142 Koz\u0142ow \u2013 Ignacy Malec<\/td>\n<td>0\/4 0\/4<\/td>\n<\/tr>\n<tr>\n<td>Pawe\u0142 Koz\u0142ow \u2013 Antoni W\u00f3jtowicz<\/td>\n<td>4\/2 4\/2<\/td>\n<\/tr>\n<tr>\n<td>Pawe\u0142 Koz\u0142ow \u2013 Mateusz Pastuszka<\/td>\n<td>0\/4 0\/4<\/td>\n<\/tr>\n<tr>\n<td>Ignacy Malec \u2013 Antoni W\u00f3jtowicz<\/td>\n<td>4\/0 4\/0<\/td>\n<\/tr>\n<tr>\n<td>Ignacy Malec \u2013 Mateusz Pastuszka<\/td>\n<td>4\/0 4\/3<\/td>\n<\/tr>\n<tr>\n<td>Antoni W\u00f3jtowicz \u2013 Mateusz Pastuszka<\/td>\n<td>0\/4 0\/4<\/td>\n<\/tr>\n<\/table>\n<h3>Grupa D<\/h3>\n<table>\n<tr>\n<th>lp<\/th>\n<th>Imi\u0119 Nazwisko<\/th>\n<th>Zw.<\/th>\n<th>Sety<\/th>\n<th>Gemy<\/th>\n<\/tr>\n<tr>\n<td>1<\/td>\n<td>Piotr Polak<\/td>\n<td>3<\/td>\n<td>6:0<\/td>\n<td>24:4<\/td>\n<\/tr>\n<tr>\n<td>2<\/td>\n<td>Mateusz Or\u0142owski<\/td>\n<td>2<\/td>\n<td>4:2<\/td>\n<td>16:10<\/td>\n<\/tr>\n<tr>\n<td>3<\/td>\n<td>Szymon Sar<\/td>\n<td>1<\/td>\n<td>2:4<\/td>\n<td>12:18<\/td>\n<\/tr>\n<tr>\n<td>4<\/td>\n<td>Szymon Kwiatkowski<\/td>\n<td>0<\/td>\n<td>0:6<\/td>\n<td>7:27<\/td>\n<\/tr>\n<\/table>\n<table>\n<tr>\n<th>Mecz<\/th>\n<th>Wynik<\/th>\n<\/tr>\n<tr>\n<td>Mateusz Or\u0142owski \u2013 Piotr Polak<\/td>\n<td>0\/4 0\/4<\/td>\n<\/tr>\n<tr>\n<td>Mateusz Or\u0142owski \u2013 Szymon Kwiatkowski<\/td>\n<td>4\/0 4\/0<\/td>\n<\/tr>\n<tr>\n<td>Mateusz Or\u0142owski \u2013 Szymon Sar<\/td>\n<td>4\/1 4\/2<\/td>\n<\/tr>\n<tr>\n<td>Piotr Polak \u2013 Szymon Kwiatkowski<\/td>\n<td>4\/0 4\/0<\/td>\n<\/tr>\n<tr>\n<td>Piotr Polak \u2013 Szymon Sar<\/td>\n<td>4\/1 4\/0<\/td>\n<\/tr>\n<tr>\n<td>Szymon Kwiatkowski \u2013 Szymon Sar<\/td>\n<td>4\/3 3\/4 10\/7<\/td>\n<\/tr>\n<\/table>\n<h3>\u0106wier\u0107fina\u0142<\/h3>\n<table>\n<tr>\n<th>Mecz<\/th>\n<th>Wynik<\/th>\n<\/tr>\n<tr>\n<td>Mateusz Pryzmont \u2013 Mateusz \u0106wiek<\/td>\n<td>4\/1 1\/4 10\/8<\/td>\n<\/tr>\n<tr>\n<td>Piotr Polak \u2013 Wojciech Kaczor<\/td>\n<td>4\/3 4\/3<\/td>\n<\/tr>\n<tr>\n<td>Ignacy Malec \u2013 Mateusz Or\u0142owski<\/td>\n<td>4\/1 4\/2<\/td>\n<\/tr>\n<tr>\n<td>Maksym Kielak \u2013 Mateusz Pastuszka<\/td>\n<td>4\/1 4\/1<\/td>\n<\/tr>\n<\/table>\n<h3>P\u00f3\u0142fina\u0142<\/h3>\n<table>\n<tr>\n<th>Mecz<\/th>\n<th>Wynik<\/th>\n<\/tr>\n<tr>\n<td>Mateusz Pryzmont \u2013 Piotr Polak<\/td>\n<td>4\/0 4\/0<\/td>\n<\/tr>\n<tr>\n<td>Maksym Kielak \u2013 Mateusz Pastuszka<\/td>\n<td>4\/2 4\/2<\/td>\n<\/tr>\n<\/table>\n<h3>Fina\u0142<\/h3>\n<table>\n<tr>\n<th>Mecz<\/th>\n<th>Wynik<\/th>\n<\/tr>\n<tr>\n<td><strong style=\"color: brown\">Mateusz Pryzmont<\/strong> \u2013 Maksym Kielak<\/td>\n<td>2\/4 4\/0 10-7<\/td>\n<\/tr>\n<\/table>\n<h3>O III miejsce<\/h3>\n<table>\n<tr>\n<th>Mecz<\/th>\n<th>Wynik<\/th>\n<\/tr>\n<tr>\n<td>Piotr Polak \u2013 Ignacy Malec<\/td>\n<td>4\/2 4\/1<\/td>\n<\/tr>\n<\/table>\n","protected":false},"excerpt":{"rendered":"<p>Termin:\u00a017-11-2024 Klub:\u00a0AT Masters Radom &#8226; Dziewcz\u0119ta U16 Grupa A lp Imi\u0119 i nazwisko Zw. Sety Gemy 1 Natasza Szcz\u0119sna 2 4:0 16:3 2 Lena Ceglarz 1 2:3 11:13 3 Aleksandra \u017belazko 0 0:4 2:16 Mecz Wynik Lena Ceglarz \u2013 Natasza Szcz\u0119sna 2\/4 1\/4 Lena Ceglarz \u2013 Aleksandra \u017belazko 4\/1 4\/1 Natasza Szcz\u0119sna \u2013 Aleksandra \u017belazko &#8230; <a title=\"Mazowsze Cup U16\" class=\"read-more\" href=\"https:\/\/mc.korty.org\/?page_id=254\" aria-label=\"Read more about Mazowsze Cup U16\">Dowiedz si\u0119 wi\u0119cej<\/a><\/p>\n","protected":false},"author":1,"featured_media":0,"parent":0,"menu_order":0,"comment_status":"closed","ping_status":"closed","template":"","meta":{"footnotes":""},"class_list":["post-254","page","type-page","status-publish"],"yoast_head":"<!-- This site is optimized with the Yoast SEO plugin v23.5 - https:\/\/yoast.com\/wordpress\/plugins\/seo\/ -->\n<title>Mazowsze Cup U16 -<\/title>\n<meta name=\"robots\" content=\"index, follow, max-snippet:-1, max-image-preview:large, max-video-preview:-1\" \/>\n<link rel=\"canonical\" href=\"https:\/\/mc.korty.org\/?page_id=254\" \/>\n<meta property=\"og:locale\" content=\"pl_PL\" \/>\n<meta property=\"og:type\" content=\"article\" \/>\n<meta property=\"og:title\" content=\"Mazowsze Cup U16 -\" \/>\n<meta property=\"og:description\" content=\"Termin:\u00a017-11-2024 Klub:\u00a0AT Masters Radom &#8226; Dziewcz\u0119ta U16 Grupa A lp Imi\u0119 i nazwisko Zw. Sety Gemy 1 Natasza Szcz\u0119sna 2 4:0 16:3 2 Lena Ceglarz 1 2:3 11:13 3 Aleksandra \u017belazko 0 0:4 2:16 Mecz Wynik Lena Ceglarz \u2013 Natasza Szcz\u0119sna 2\/4 1\/4 Lena Ceglarz \u2013 Aleksandra \u017belazko 4\/1 4\/1 Natasza Szcz\u0119sna \u2013 Aleksandra \u017belazko ... Dowiedz si\u0119 wi\u0119cej\" \/>\n<meta property=\"og:url\" content=\"https:\/\/mc.korty.org\/?page_id=254\" \/>\n<meta property=\"article:modified_time\" content=\"2024-11-30T19:34:04+00:00\" \/>\n<meta name=\"twitter:card\" content=\"summary_large_image\" \/>\n<meta name=\"twitter:label1\" content=\"Szacowany czas czytania\" \/>\n\t<meta name=\"twitter:data1\" content=\"3 minuty\" \/>\n<script type=\"application\/ld+json\" class=\"yoast-schema-graph\">{\"@context\":\"https:\/\/schema.org\",\"@graph\":[{\"@type\":\"WebPage\",\"@id\":\"https:\/\/mc.korty.org\/?page_id=254\",\"url\":\"https:\/\/mc.korty.org\/?page_id=254\",\"name\":\"Mazowsze Cup U16 -\",\"isPartOf\":{\"@id\":\"https:\/\/mc.korty.org\/#website\"},\"datePublished\":\"2024-11-22T11:40:29+00:00\",\"dateModified\":\"2024-11-30T19:34:04+00:00\",\"breadcrumb\":{\"@id\":\"https:\/\/mc.korty.org\/?page_id=254#breadcrumb\"},\"inLanguage\":\"pl-PL\",\"potentialAction\":[{\"@type\":\"ReadAction\",\"target\":[\"https:\/\/mc.korty.org\/?page_id=254\"]}]},{\"@type\":\"BreadcrumbList\",\"@id\":\"https:\/\/mc.korty.org\/?page_id=254#breadcrumb\",\"itemListElement\":[{\"@type\":\"ListItem\",\"position\":1,\"name\":\"Strona g\u0142\u00f3wna\",\"item\":\"https:\/\/mc.korty.org\/\"},{\"@type\":\"ListItem\",\"position\":2,\"name\":\"Mazowsze Cup U16\"}]},{\"@type\":\"WebSite\",\"@id\":\"https:\/\/mc.korty.org\/#website\",\"url\":\"https:\/\/mc.korty.org\/\",\"name\":\"\",\"description\":\"\",\"potentialAction\":[{\"@type\":\"SearchAction\",\"target\":{\"@type\":\"EntryPoint\",\"urlTemplate\":\"https:\/\/mc.korty.org\/?s={search_term_string}\"},\"query-input\":{\"@type\":\"PropertyValueSpecification\",\"valueRequired\":true,\"valueName\":\"search_term_string\"}}],\"inLanguage\":\"pl-PL\"}]}<\/script>\n<!-- \/ Yoast SEO plugin. -->","yoast_head_json":{"title":"Mazowsze Cup U16 -","robots":{"index":"index","follow":"follow","max-snippet":"max-snippet:-1","max-image-preview":"max-image-preview:large","max-video-preview":"max-video-preview:-1"},"canonical":"https:\/\/mc.korty.org\/?page_id=254","og_locale":"pl_PL","og_type":"article","og_title":"Mazowsze Cup U16 -","og_description":"Termin:\u00a017-11-2024 Klub:\u00a0AT Masters Radom &#8226; Dziewcz\u0119ta U16 Grupa A lp Imi\u0119 i nazwisko Zw. Sety Gemy 1 Natasza Szcz\u0119sna 2 4:0 16:3 2 Lena Ceglarz 1 2:3 11:13 3 Aleksandra \u017belazko 0 0:4 2:16 Mecz Wynik Lena Ceglarz \u2013 Natasza Szcz\u0119sna 2\/4 1\/4 Lena Ceglarz \u2013 Aleksandra \u017belazko 4\/1 4\/1 Natasza Szcz\u0119sna \u2013 Aleksandra \u017belazko ... Dowiedz si\u0119 wi\u0119cej","og_url":"https:\/\/mc.korty.org\/?page_id=254","article_modified_time":"2024-11-30T19:34:04+00:00","twitter_card":"summary_large_image","twitter_misc":{"Szacowany czas czytania":"3 minuty"},"schema":{"@context":"https:\/\/schema.org","@graph":[{"@type":"WebPage","@id":"https:\/\/mc.korty.org\/?page_id=254","url":"https:\/\/mc.korty.org\/?page_id=254","name":"Mazowsze Cup U16 -","isPartOf":{"@id":"https:\/\/mc.korty.org\/#website"},"datePublished":"2024-11-22T11:40:29+00:00","dateModified":"2024-11-30T19:34:04+00:00","breadcrumb":{"@id":"https:\/\/mc.korty.org\/?page_id=254#breadcrumb"},"inLanguage":"pl-PL","potentialAction":[{"@type":"ReadAction","target":["https:\/\/mc.korty.org\/?page_id=254"]}]},{"@type":"BreadcrumbList","@id":"https:\/\/mc.korty.org\/?page_id=254#breadcrumb","itemListElement":[{"@type":"ListItem","position":1,"name":"Strona g\u0142\u00f3wna","item":"https:\/\/mc.korty.org\/"},{"@type":"ListItem","position":2,"name":"Mazowsze Cup U16"}]},{"@type":"WebSite","@id":"https:\/\/mc.korty.org\/#website","url":"https:\/\/mc.korty.org\/","name":"","description":"","potentialAction":[{"@type":"SearchAction","target":{"@type":"EntryPoint","urlTemplate":"https:\/\/mc.korty.org\/?s={search_term_string}"},"query-input":{"@type":"PropertyValueSpecification","valueRequired":true,"valueName":"search_term_string"}}],"inLanguage":"pl-PL"}]}},"_links":{"self":[{"href":"https:\/\/mc.korty.org\/index.php?rest_route=\/wp\/v2\/pages\/254","targetHints":{"allow":["GET"]}}],"collection":[{"href":"https:\/\/mc.korty.org\/index.php?rest_route=\/wp\/v2\/pages"}],"about":[{"href":"https:\/\/mc.korty.org\/index.php?rest_route=\/wp\/v2\/types\/page"}],"author":[{"embeddable":true,"href":"https:\/\/mc.korty.org\/index.php?rest_route=\/wp\/v2\/users\/1"}],"replies":[{"embeddable":true,"href":"https:\/\/mc.korty.org\/index.php?rest_route=%2Fwp%2Fv2%2Fcomments&post=254"}],"version-history":[{"count":2,"href":"https:\/\/mc.korty.org\/index.php?rest_route=\/wp\/v2\/pages\/254\/revisions"}],"predecessor-version":[{"id":277,"href":"https:\/\/mc.korty.org\/index.php?rest_route=\/wp\/v2\/pages\/254\/revisions\/277"}],"wp:attachment":[{"href":"https:\/\/mc.korty.org\/index.php?rest_route=%2Fwp%2Fv2%2Fmedia&parent=254"}],"curies":[{"name":"wp","href":"https:\/\/api.w.org\/{rel}","templated":true}]}}