{"id":286,"date":"2024-12-01T15:24:52","date_gmt":"2024-12-01T15:24:52","guid":{"rendered":"https:\/\/mc.korty.org\/?page_id=286"},"modified":"2024-12-01T15:24:52","modified_gmt":"2024-12-01T15:24:52","slug":"mazowsze-cup-u12-6","status":"publish","type":"page","link":"https:\/\/mc.korty.org\/?page_id=286","title":{"rendered":"Mazowsze Cup U12"},"content":{"rendered":"<p><strong><span class=\"fw-bold\">Termin:<\/span><\/strong>\u00a023-11-2024<br \/>\n<strong><span class=\"fw-bold\">Klub:<\/span><\/strong>\u00a0AG Tenis Chorzowska<\/p>\n<h2>&#8226; Dziewcz\u0119ta U12<\/h2>\n<h3>Gr. A<\/h3>\n<table>\n<tr>\n<th>lp<\/th>\n<th>nazwisko imi\u0119<\/th>\n<th>zwyc<\/th>\n<th>gemy<\/th>\n<\/tr>\n<tr>\n<td>1<\/td>\n<td>Liliana Pysiak<\/td>\n<td>3<\/td>\n<td>24-9<\/td>\n<\/tr>\n<tr>\n<td>2<\/td>\n<td>Urszula Kosonowska<\/td>\n<td>2<\/td>\n<td>20-12<\/td>\n<\/tr>\n<tr>\n<td>3<\/td>\n<td>Zofia St\u0119pie\u0144<\/td>\n<td>1<\/td>\n<td>13-20<\/td>\n<\/tr>\n<tr>\n<td>4<\/td>\n<td>Liliana Dobosz<\/td>\n<td>0<\/td>\n<td>8-24<\/td>\n<\/tr>\n<\/table>\n<table>\n<tr>\n<th>mecz<\/th>\n<th>wynik<\/th>\n<\/tr>\n<tr>\n<td>Liliana Pysiak &#8211; Urszula Kosonowska<\/td>\n<td>4\/2 4\/2<\/td>\n<\/tr>\n<tr>\n<td>Liliana Pysiak &#8211; Zofia St\u0119pie\u0144<\/td>\n<td>4\/2 4\/1<\/td>\n<\/tr>\n<tr>\n<td>Liliana Pysiak &#8211; Liliana Dobosz<\/td>\n<td>4\/1 4\/1<\/td>\n<\/tr>\n<tr>\n<td>Urszula Kosonowska &#8211; Zofia St\u0119pie\u0144<\/td>\n<td>4\/1 4\/1<\/td>\n<\/tr>\n<tr>\n<td>Urszula Kosonowska &#8211; Liliana Dobosz<\/td>\n<td>4\/1 4\/1<\/td>\n<\/tr>\n<tr>\n<td>Zofia St\u0119pie\u0144 &#8211; Liliana Dobosz<\/td>\n<td>4\/2 4\/2<\/td>\n<\/tr>\n<\/table>\n<h3>Gr. B<\/h3>\n<table>\n<tr>\n<th>lp<\/th>\n<th>nazwisko imi\u0119<\/th>\n<th>zwyc<\/th>\n<th>gemy<\/th>\n<\/tr>\n<tr>\n<td>1<\/td>\n<td>Julia G\u0142a\u017cewska<\/td>\n<td>3<\/td>\n<td>24-6<\/td>\n<\/tr>\n<tr>\n<td>2<\/td>\n<td>Marysia St\u0119pie\u0144<\/td>\n<td>2<\/td>\n<td>18-15<\/td>\n<\/tr>\n<tr>\n<td>3<\/td>\n<td>\u0141ucja J\u0119draszek<\/td>\n<td>1<\/td>\n<td>14-20<\/td>\n<\/tr>\n<tr>\n<td>4<\/td>\n<td>Mira Karudowa<\/td>\n<td>0<\/td>\n<td>9-24<\/td>\n<\/tr>\n<\/table>\n<table>\n<tr>\n<th>mecz<\/th>\n<th>wynik<\/th>\n<\/tr>\n<tr>\n<td>Julia G\u0142a\u017cewska &#8211; Marysia St\u0119pie\u0144<\/td>\n<td>4\/1 4\/1<\/td>\n<\/tr>\n<tr>\n<td>Julia G\u0142a\u017cewska &#8211; \u0141ucja J\u0119draszek<\/td>\n<td>4\/1 4\/1<\/td>\n<\/tr>\n<tr>\n<td>Julia G\u0142a\u017cewska &#8211; Mira Karudowa<\/td>\n<td>4\/1 4\/1<\/td>\n<\/tr>\n<tr>\n<td>Marysia St\u0119pie\u0144 &#8211; \u0141ucja J\u0119draszek<\/td>\n<td>4\/2 4\/2<\/td>\n<\/tr>\n<tr>\n<td>Marysia St\u0119pie\u0144 &#8211; Mira Karudowa<\/td>\n<td>4\/2 4\/1<\/td>\n<\/tr>\n<tr>\n<td>\u0141ucja J\u0119draszek &#8211; Mira Karudowa<\/td>\n<td>4\/2 4\/2<\/td>\n<\/tr>\n<\/table>\n<h3>Gr. C<\/h3>\n<table>\n<tr>\n<th>lp<\/th>\n<th>nazwisko imi\u0119<\/th>\n<th>zwyc<\/th>\n<th>gemy<\/th>\n<\/tr>\n<tr>\n<td>1<\/td>\n<td>Tola Stefanowska<\/td>\n<td>3<\/td>\n<td>24-12<\/td>\n<\/tr>\n<tr>\n<td>2<\/td>\n<td>Karolina Buzor<\/td>\n<td>2<\/td>\n<td>21-9<\/td>\n<\/tr>\n<tr>\n<td>3<\/td>\n<td>Mia Mnich<\/td>\n<td>1<\/td>\n<td>12-16<\/td>\n<\/tr>\n<tr>\n<td>4<\/td>\n<td>Lidia Wicik<\/td>\n<td>0<\/td>\n<td>4-24<\/td>\n<\/tr>\n<\/table>\n<table>\n<tr>\n<th>mecz<\/th>\n<th>wynik<\/th>\n<\/tr>\n<tr>\n<td>Tola Stefanowska &#8211; Karolina Buzor<\/td>\n<td>4\/2 4\/3<\/td>\n<\/tr>\n<tr>\n<td>Tola Stefanowska &#8211; Mia Mnich<\/td>\n<td>4\/2 4\/2<\/td>\n<\/tr>\n<tr>\n<td>Tola Stefanowska &#8211; Lidia Wicik<\/td>\n<td>4\/2 4\/1<\/td>\n<\/tr>\n<tr>\n<td>Karolina Buzor &#8211; Mia Mnich<\/td>\n<td>4\/0 4\/0<\/td>\n<\/tr>\n<tr>\n<td>Karolina Buzor &#8211; Lidia Wicik<\/td>\n<td>4\/0 4\/1<\/td>\n<\/tr>\n<tr>\n<td>Mia Mnich &#8211; Lidia Wicik<\/td>\n<td>4\/0 4\/0<\/td>\n<\/tr>\n<\/table>\n<h3>\u0106wier\u0107fina\u0142y<\/h3>\n<table>\n<tr>\n<th>mecz<\/th>\n<th>wynik<\/th>\n<\/tr>\n<tr>\n<td>Julia G\u0142a\u017cewska &#8211; Marysia St\u0119pie\u0144<\/td>\n<td>4\/1 4\/1<\/td>\n<\/tr>\n<tr>\n<td>Tola Stefanowska &#8211; Karolina Buzor<\/td>\n<td>4\/2 4\/2<\/td>\n<\/tr>\n<tr>\n<td>Urszula Kosonowska &#8211; Mia Mnich<\/td>\n<td>4\/1 4\/0<\/td>\n<\/tr>\n<tr>\n<td>Liliana Pysiak &#8211; \u0141ucja J\u0119draszek<\/td>\n<td>4\/2 4\/2<\/td>\n<\/tr>\n<\/table>\n<h3>P\u00f3\u0142fina\u0142y<\/h3>\n<table>\n<tr>\n<th>mecz<\/th>\n<th>wynik<\/th>\n<\/tr>\n<tr>\n<td>Julia G\u0142a\u017cewska &#8211; Tola Stefanowska<\/td>\n<td>4\/1 4\/1<\/td>\n<\/tr>\n<tr>\n<td>Urszula Kosonowska &#8211; Liliana Pysiak<\/td>\n<td>4\/1 4\/1<\/td>\n<\/tr>\n<\/table>\n<h3>Fina\u0142<\/h3>\n<table>\n<tr>\n<th>mecz<\/th>\n<th>wynik<\/th>\n<\/tr>\n<tr>\n<td><strong style=\"color:brown\">Urszula Kosonowska<\/strong> &#8211; Julia G\u0142a\u017cewska<\/td>\n<td>4\/2 4\/2<\/td>\n<\/tr>\n<\/table>\n<h2>&#8226; Ch\u0142opcy U12<\/h2>\n<h3>Gr. A<\/h3>\n<table>\n<tr>\n<th>lp<\/th>\n<th>nazwisko imi\u0119<\/th>\n<th>zwyc<\/th>\n<\/tr>\n<tr>\n<td>1<\/td>\n<td>Jan Sulima<\/td>\n<td>2<\/td>\n<\/tr>\n<tr>\n<td>2<\/td>\n<td>Jakub W\u00f3jcik<\/td>\n<td>1<\/td>\n<\/tr>\n<tr>\n<td>3<\/td>\n<td>Antoni W\u00f3jtowicz<\/td>\n<td>0<\/td>\n<\/tr>\n<\/table>\n<table>\n<tr>\n<th>mecz<\/th>\n<th>wynik<\/th>\n<\/tr>\n<tr>\n<td>Jan Sulima &#8211; Antoni W\u00f3jtowicz<\/td>\n<td>4\/1 4\/1<\/td>\n<\/tr>\n<tr>\n<td>Jan Sulima &#8211; Jakub W\u00f3jcik<\/td>\n<td>4\/0 4\/2<\/td>\n<\/tr>\n<tr>\n<td>Jakub W\u00f3jcik &#8211; Antoni W\u00f3jtowicz<\/td>\n<td>4\/2 4\/2<\/td>\n<\/tr>\n<\/table>\n<h3>Gr. B<\/h3>\n<table>\n<tr>\n<th>lp<\/th>\n<th>nazwisko imi\u0119<\/th>\n<th>zwyc<\/th>\n<\/tr>\n<tr>\n<td>1<\/td>\n<td>Aleksander Solecki<\/td>\n<td>2<\/td>\n<\/tr>\n<tr>\n<td>2<\/td>\n<td>Kacper Nowakowski<\/td>\n<td>1<\/td>\n<\/tr>\n<tr>\n<td>3<\/td>\n<td>Borys Walkiewicz<\/td>\n<td>0<\/td>\n<\/tr>\n<\/table>\n<table>\n<tr>\n<th>mecz<\/th>\n<th>wynik<\/th>\n<\/tr>\n<tr>\n<td>Aleksander Solecki &#8211; Kacper Nowakowski<\/td>\n<td>4\/1 4\/1<\/td>\n<\/tr>\n<tr>\n<td>Aleksander Solecki &#8211; Borys Walkiewicz<\/td>\n<td>4\/0 4\/1<\/td>\n<\/tr>\n<tr>\n<td>Kacper Nowakowski &#8211; Borys Walkiewicz<\/td>\n<td>4\/1 4\/1<\/td>\n<\/tr>\n<\/table>\n<h3>Fina\u0142<\/h3>\n<table>\n<tr>\n<th>mecz<\/th>\n<th>wynik<\/th>\n<\/tr>\n<tr>\n<td><strong style=\"color:brown\">Jan Sulima<\/strong> &#8211; Aleksander Solecki<\/td>\n<td>4\/1 4\/1<\/td>\n<\/tr>\n<\/table>\n<h3>Turniej pocieszenia<\/h3>\n<table>\n<tr>\n<th>lp<\/th>\n<th>nazwisko imi\u0119<\/th>\n<th>zwyc<\/th>\n<\/tr>\n<tr>\n<td>1<\/td>\n<td>Ignacy Duliniec<\/td>\n<td>4<\/td>\n<\/tr>\n<tr>\n<td>2<\/td>\n<td>Jan Mi\u0142osz<\/td>\n<td>3<\/td>\n<\/tr>\n<tr>\n<td>3<\/td>\n<td>Leon J\u0119draszek<\/td>\n<td>2<\/td>\n<\/tr>\n<tr>\n<td>4<\/td>\n<td>Filip Poneta<\/td>\n<td>1<\/td>\n<\/tr>\n<tr>\n<td>5<\/td>\n<td>Franek Barzycki<\/td>\n<td>0<\/td>\n<\/tr>\n<\/table>\n<table>\n<tr>\n<th>mecz<\/th>\n<th>wynik<\/th>\n<\/tr>\n<tr>\n<td>Ignacy Duliniec &#8211; Jan Mi\u0142osz<\/td>\n<td>10-8<\/td>\n<\/tr>\n<tr>\n<td>Ignacy Duliniec &#8211; Leon J\u0119draszek<\/td>\n<td>10-3<\/td>\n<\/tr>\n<tr>\n<td>Ignacy Duliniec &#8211; Filip Poneta<\/td>\n<td>10-3<\/td>\n<\/tr>\n<tr>\n<td>Ignacy Duliniec &#8211; Franek Barzycki<\/td>\n<td>10-1<\/td>\n<\/tr>\n<tr>\n<td>Jan Mi\u0142osz &#8211; Leon J\u0119draszek<\/td>\n<td>10-8<\/td>\n<\/tr>\n<tr>\n<td>Jan Mi\u0142osz &#8211; Filip Poneta<\/td>\n<td>10-2<\/td>\n<\/tr>\n<tr>\n<td>Jan Mi\u0142osz &#8211; Franek Barzycki<\/td>\n<td>10-1<\/td>\n<\/tr>\n<tr>\n<td>Leon J\u0119draszek &#8211; Franek Barzycki<\/td>\n<td>10-1<\/td>\n<\/tr>\n<tr>\n<td>Leon J\u0119draszek &#8211; Filip Poneta<\/td>\n<td>10-6<\/td>\n<\/tr>\n<tr>\n<td>Filip Poneta &#8211; Franek Barzycki<\/td>\n<td>10-8<\/td>\n<\/tr>\n<\/table>\n","protected":false},"excerpt":{"rendered":"<p>Termin:\u00a023-11-2024 Klub:\u00a0AG Tenis Chorzowska &#8226; Dziewcz\u0119ta U12 Gr. A lp nazwisko imi\u0119 zwyc gemy 1 Liliana Pysiak 3 24-9 2 Urszula Kosonowska 2 20-12 3 Zofia St\u0119pie\u0144 1 13-20 4 Liliana Dobosz 0 8-24 mecz wynik Liliana Pysiak &#8211; Urszula Kosonowska 4\/2 4\/2 Liliana Pysiak &#8211; Zofia St\u0119pie\u0144 4\/2 4\/1 Liliana Pysiak &#8211; Liliana Dobosz &#8230; <a title=\"Mazowsze Cup U12\" class=\"read-more\" href=\"https:\/\/mc.korty.org\/?page_id=286\" aria-label=\"Read more about Mazowsze Cup U12\">Dowiedz si\u0119 wi\u0119cej<\/a><\/p>\n","protected":false},"author":1,"featured_media":0,"parent":0,"menu_order":0,"comment_status":"closed","ping_status":"closed","template":"","meta":{"footnotes":""},"class_list":["post-286","page","type-page","status-publish"],"yoast_head":"<!-- This site is optimized with the Yoast SEO plugin v23.5 - https:\/\/yoast.com\/wordpress\/plugins\/seo\/ -->\n<title>Mazowsze Cup U12 -<\/title>\n<meta name=\"robots\" content=\"index, follow, max-snippet:-1, max-image-preview:large, max-video-preview:-1\" \/>\n<link rel=\"canonical\" href=\"https:\/\/mc.korty.org\/?page_id=286\" \/>\n<meta property=\"og:locale\" content=\"pl_PL\" \/>\n<meta property=\"og:type\" content=\"article\" \/>\n<meta property=\"og:title\" content=\"Mazowsze Cup U12 -\" \/>\n<meta property=\"og:description\" content=\"Termin:\u00a023-11-2024 Klub:\u00a0AG Tenis Chorzowska &#8226; Dziewcz\u0119ta U12 Gr. A lp nazwisko imi\u0119 zwyc gemy 1 Liliana Pysiak 3 24-9 2 Urszula Kosonowska 2 20-12 3 Zofia St\u0119pie\u0144 1 13-20 4 Liliana Dobosz 0 8-24 mecz wynik Liliana Pysiak &#8211; Urszula Kosonowska 4\/2 4\/2 Liliana Pysiak &#8211; Zofia St\u0119pie\u0144 4\/2 4\/1 Liliana Pysiak &#8211; Liliana Dobosz ... Dowiedz si\u0119 wi\u0119cej\" \/>\n<meta property=\"og:url\" content=\"https:\/\/mc.korty.org\/?page_id=286\" \/>\n<meta name=\"twitter:card\" content=\"summary_large_image\" \/>\n<script type=\"application\/ld+json\" class=\"yoast-schema-graph\">{\"@context\":\"https:\/\/schema.org\",\"@graph\":[{\"@type\":\"WebPage\",\"@id\":\"https:\/\/mc.korty.org\/?page_id=286\",\"url\":\"https:\/\/mc.korty.org\/?page_id=286\",\"name\":\"Mazowsze Cup U12 -\",\"isPartOf\":{\"@id\":\"https:\/\/mc.korty.org\/#website\"},\"datePublished\":\"2024-12-01T15:24:52+00:00\",\"dateModified\":\"2024-12-01T15:24:52+00:00\",\"breadcrumb\":{\"@id\":\"https:\/\/mc.korty.org\/?page_id=286#breadcrumb\"},\"inLanguage\":\"pl-PL\",\"potentialAction\":[{\"@type\":\"ReadAction\",\"target\":[\"https:\/\/mc.korty.org\/?page_id=286\"]}]},{\"@type\":\"BreadcrumbList\",\"@id\":\"https:\/\/mc.korty.org\/?page_id=286#breadcrumb\",\"itemListElement\":[{\"@type\":\"ListItem\",\"position\":1,\"name\":\"Strona g\u0142\u00f3wna\",\"item\":\"https:\/\/mc.korty.org\/\"},{\"@type\":\"ListItem\",\"position\":2,\"name\":\"Mazowsze Cup U12\"}]},{\"@type\":\"WebSite\",\"@id\":\"https:\/\/mc.korty.org\/#website\",\"url\":\"https:\/\/mc.korty.org\/\",\"name\":\"\",\"description\":\"\",\"potentialAction\":[{\"@type\":\"SearchAction\",\"target\":{\"@type\":\"EntryPoint\",\"urlTemplate\":\"https:\/\/mc.korty.org\/?s={search_term_string}\"},\"query-input\":{\"@type\":\"PropertyValueSpecification\",\"valueRequired\":true,\"valueName\":\"search_term_string\"}}],\"inLanguage\":\"pl-PL\"}]}<\/script>\n<!-- \/ Yoast SEO plugin. -->","yoast_head_json":{"title":"Mazowsze Cup U12 -","robots":{"index":"index","follow":"follow","max-snippet":"max-snippet:-1","max-image-preview":"max-image-preview:large","max-video-preview":"max-video-preview:-1"},"canonical":"https:\/\/mc.korty.org\/?page_id=286","og_locale":"pl_PL","og_type":"article","og_title":"Mazowsze Cup U12 -","og_description":"Termin:\u00a023-11-2024 Klub:\u00a0AG Tenis Chorzowska &#8226; Dziewcz\u0119ta U12 Gr. A lp nazwisko imi\u0119 zwyc gemy 1 Liliana Pysiak 3 24-9 2 Urszula Kosonowska 2 20-12 3 Zofia St\u0119pie\u0144 1 13-20 4 Liliana Dobosz 0 8-24 mecz wynik Liliana Pysiak &#8211; Urszula Kosonowska 4\/2 4\/2 Liliana Pysiak &#8211; Zofia St\u0119pie\u0144 4\/2 4\/1 Liliana Pysiak &#8211; Liliana Dobosz ... Dowiedz si\u0119 wi\u0119cej","og_url":"https:\/\/mc.korty.org\/?page_id=286","twitter_card":"summary_large_image","schema":{"@context":"https:\/\/schema.org","@graph":[{"@type":"WebPage","@id":"https:\/\/mc.korty.org\/?page_id=286","url":"https:\/\/mc.korty.org\/?page_id=286","name":"Mazowsze Cup U12 -","isPartOf":{"@id":"https:\/\/mc.korty.org\/#website"},"datePublished":"2024-12-01T15:24:52+00:00","dateModified":"2024-12-01T15:24:52+00:00","breadcrumb":{"@id":"https:\/\/mc.korty.org\/?page_id=286#breadcrumb"},"inLanguage":"pl-PL","potentialAction":[{"@type":"ReadAction","target":["https:\/\/mc.korty.org\/?page_id=286"]}]},{"@type":"BreadcrumbList","@id":"https:\/\/mc.korty.org\/?page_id=286#breadcrumb","itemListElement":[{"@type":"ListItem","position":1,"name":"Strona g\u0142\u00f3wna","item":"https:\/\/mc.korty.org\/"},{"@type":"ListItem","position":2,"name":"Mazowsze Cup U12"}]},{"@type":"WebSite","@id":"https:\/\/mc.korty.org\/#website","url":"https:\/\/mc.korty.org\/","name":"","description":"","potentialAction":[{"@type":"SearchAction","target":{"@type":"EntryPoint","urlTemplate":"https:\/\/mc.korty.org\/?s={search_term_string}"},"query-input":{"@type":"PropertyValueSpecification","valueRequired":true,"valueName":"search_term_string"}}],"inLanguage":"pl-PL"}]}},"_links":{"self":[{"href":"https:\/\/mc.korty.org\/index.php?rest_route=\/wp\/v2\/pages\/286","targetHints":{"allow":["GET"]}}],"collection":[{"href":"https:\/\/mc.korty.org\/index.php?rest_route=\/wp\/v2\/pages"}],"about":[{"href":"https:\/\/mc.korty.org\/index.php?rest_route=\/wp\/v2\/types\/page"}],"author":[{"embeddable":true,"href":"https:\/\/mc.korty.org\/index.php?rest_route=\/wp\/v2\/users\/1"}],"replies":[{"embeddable":true,"href":"https:\/\/mc.korty.org\/index.php?rest_route=%2Fwp%2Fv2%2Fcomments&post=286"}],"version-history":[{"count":1,"href":"https:\/\/mc.korty.org\/index.php?rest_route=\/wp\/v2\/pages\/286\/revisions"}],"predecessor-version":[{"id":287,"href":"https:\/\/mc.korty.org\/index.php?rest_route=\/wp\/v2\/pages\/286\/revisions\/287"}],"wp:attachment":[{"href":"https:\/\/mc.korty.org\/index.php?rest_route=%2Fwp%2Fv2%2Fmedia&parent=286"}],"curies":[{"name":"wp","href":"https:\/\/api.w.org\/{rel}","templated":true}]}}