{"id":313,"date":"2024-12-06T07:59:03","date_gmt":"2024-12-06T07:59:03","guid":{"rendered":"https:\/\/mc.korty.org\/?page_id=313"},"modified":"2025-10-31T13:58:53","modified_gmt":"2025-10-31T13:58:53","slug":"mazowsze-cup-u16-3","status":"publish","type":"page","link":"https:\/\/mc.korty.org\/?page_id=313","title":{"rendered":"Mazowsze Cup U12"},"content":{"rendered":"<p><strong><span class=\"fw-bold\">Termin:<\/span><\/strong> 08-11-2025<\/p>\n<p><strong><span class=\"fw-bold\">Klub:<\/span><\/strong> WKT Mera<\/p>\n<p><strong><span class=\"fw-bold\">Miejsce rozgrywania turnieju: <\/span><\/strong>Al. Bohater\u00f3w Wrze\u015bnia 12, 02-389 Warszawa<\/p>\n<p><strong>Telefon:<\/strong> 22 822 93 82<\/p>\n<p><strong><span class=\"fw-bold\">Kategorie: <\/span><\/strong>Ch\u0142opcy do 12 lat, Dziewcz\u0119ta do lat 12<\/p>\n<p><strong><span class=\"fw-bold\">S\u0119dzia: <\/span><\/strong><span class=\"fw-bold\">Marcin Pi\u0105tkiewicz<\/span><\/p>\n<p><span class=\"fw-bold\"><strong>Nawierzchnia:<\/strong> m\u0105czka ceglana<\/span><\/p>\n<p><strong><span class=\"fw-bold\">Jak si\u0119 zapisa\u0107:<\/span> <\/strong>sms na nr tel. 570 925 927 o tre\u015bci: \u201eMC Mera U12, imi\u0119 i nazwisko, rok urodzenia\u201d<\/p>\n<p><strong>Do kiedy zapisy:<\/strong> 05.11.2025 do godz. 9.00<\/p>\n<p><strong><span class=\"fw-bold\">Wpisowe:<\/span><\/strong> 110 PLN<\/p>\n<p><strong><span class=\"fw-bold\">Zasady p\u0142atno\u015bci:<\/span><\/strong> przelewem na konto Warszawsko-Mazowiecki Zwi\u0105zek Tenisowy nr 87 1160 2202 0000 0005 9272 3364, w tytule: Wpisowe MC Mera, imi\u0119 i nazwisko zawodnika. Uwaga &#8211; w losowaniu wezm\u0105 udzia\u0142 wy\u0142\u0105cznie osoby kt\u00f3rych wp\u0142ata b\u0119dzie widoczna na koncie W-MZT do pi\u0105tku 06.11.2025 do godz. 14.00.<\/p>\n<p><span class=\"fw-bold\"><strong>Start turnieju:<\/strong> godz.<\/span> ?.00<\/p>\n<p><strong><span class=\"fw-bold\">Pi\u0142ka:<\/span><\/strong> Tretorn Serie+ Control<\/p>\n","protected":false},"excerpt":{"rendered":"<p>Termin: 08-11-2025 Klub: WKT Mera Miejsce rozgrywania turnieju: Al. Bohater\u00f3w Wrze\u015bnia 12, 02-389 Warszawa Telefon: 22 822 93 82 Kategorie: Ch\u0142opcy do 12 lat, Dziewcz\u0119ta do lat 12 S\u0119dzia: Marcin Pi\u0105tkiewicz Nawierzchnia: m\u0105czka ceglana Jak si\u0119 zapisa\u0107: sms na nr tel. 570 925 927 o tre\u015bci: \u201eMC Mera U12, imi\u0119 i nazwisko, rok urodzenia\u201d Do &#8230; <a title=\"Mazowsze Cup U12\" class=\"read-more\" href=\"https:\/\/mc.korty.org\/?page_id=313\" aria-label=\"Read more about Mazowsze Cup U12\">Dowiedz si\u0119 wi\u0119cej<\/a><\/p>\n","protected":false},"author":1,"featured_media":0,"parent":0,"menu_order":0,"comment_status":"closed","ping_status":"closed","template":"","meta":{"footnotes":""},"class_list":["post-313","page","type-page","status-publish"],"yoast_head":"<!-- This site is optimized with the Yoast SEO plugin v23.5 - https:\/\/yoast.com\/wordpress\/plugins\/seo\/ -->\n<title>Mazowsze Cup U12 -<\/title>\n<meta name=\"robots\" content=\"index, follow, max-snippet:-1, max-image-preview:large, max-video-preview:-1\" \/>\n<link rel=\"canonical\" href=\"https:\/\/mc.korty.org\/?page_id=313\" \/>\n<meta property=\"og:locale\" content=\"pl_PL\" \/>\n<meta property=\"og:type\" content=\"article\" \/>\n<meta property=\"og:title\" content=\"Mazowsze Cup U12 -\" \/>\n<meta property=\"og:description\" content=\"Termin: 08-11-2025 Klub: WKT Mera Miejsce rozgrywania turnieju: Al. Bohater\u00f3w Wrze\u015bnia 12, 02-389 Warszawa Telefon: 22 822 93 82 Kategorie: Ch\u0142opcy do 12 lat, Dziewcz\u0119ta do lat 12 S\u0119dzia: Marcin Pi\u0105tkiewicz Nawierzchnia: m\u0105czka ceglana Jak si\u0119 zapisa\u0107: sms na nr tel. 570 925 927 o tre\u015bci: \u201eMC Mera U12, imi\u0119 i nazwisko, rok urodzenia\u201d Do ... Dowiedz si\u0119 wi\u0119cej\" \/>\n<meta property=\"og:url\" content=\"https:\/\/mc.korty.org\/?page_id=313\" \/>\n<meta property=\"article:modified_time\" content=\"2025-10-31T13:58:53+00:00\" \/>\n<meta name=\"twitter:card\" content=\"summary_large_image\" \/>\n<meta name=\"twitter:label1\" content=\"Szacowany czas czytania\" \/>\n\t<meta name=\"twitter:data1\" content=\"1 minuta\" \/>\n<script type=\"application\/ld+json\" class=\"yoast-schema-graph\">{\"@context\":\"https:\/\/schema.org\",\"@graph\":[{\"@type\":\"WebPage\",\"@id\":\"https:\/\/mc.korty.org\/?page_id=313\",\"url\":\"https:\/\/mc.korty.org\/?page_id=313\",\"name\":\"Mazowsze Cup U12 -\",\"isPartOf\":{\"@id\":\"https:\/\/mc.korty.org\/#website\"},\"datePublished\":\"2024-12-06T07:59:03+00:00\",\"dateModified\":\"2025-10-31T13:58:53+00:00\",\"breadcrumb\":{\"@id\":\"https:\/\/mc.korty.org\/?page_id=313#breadcrumb\"},\"inLanguage\":\"pl-PL\",\"potentialAction\":[{\"@type\":\"ReadAction\",\"target\":[\"https:\/\/mc.korty.org\/?page_id=313\"]}]},{\"@type\":\"BreadcrumbList\",\"@id\":\"https:\/\/mc.korty.org\/?page_id=313#breadcrumb\",\"itemListElement\":[{\"@type\":\"ListItem\",\"position\":1,\"name\":\"Strona g\u0142\u00f3wna\",\"item\":\"https:\/\/mc.korty.org\/\"},{\"@type\":\"ListItem\",\"position\":2,\"name\":\"Mazowsze Cup U12\"}]},{\"@type\":\"WebSite\",\"@id\":\"https:\/\/mc.korty.org\/#website\",\"url\":\"https:\/\/mc.korty.org\/\",\"name\":\"\",\"description\":\"\",\"potentialAction\":[{\"@type\":\"SearchAction\",\"target\":{\"@type\":\"EntryPoint\",\"urlTemplate\":\"https:\/\/mc.korty.org\/?s={search_term_string}\"},\"query-input\":{\"@type\":\"PropertyValueSpecification\",\"valueRequired\":true,\"valueName\":\"search_term_string\"}}],\"inLanguage\":\"pl-PL\"}]}<\/script>\n<!-- \/ Yoast SEO plugin. -->","yoast_head_json":{"title":"Mazowsze Cup U12 -","robots":{"index":"index","follow":"follow","max-snippet":"max-snippet:-1","max-image-preview":"max-image-preview:large","max-video-preview":"max-video-preview:-1"},"canonical":"https:\/\/mc.korty.org\/?page_id=313","og_locale":"pl_PL","og_type":"article","og_title":"Mazowsze Cup U12 -","og_description":"Termin: 08-11-2025 Klub: WKT Mera Miejsce rozgrywania turnieju: Al. Bohater\u00f3w Wrze\u015bnia 12, 02-389 Warszawa Telefon: 22 822 93 82 Kategorie: Ch\u0142opcy do 12 lat, Dziewcz\u0119ta do lat 12 S\u0119dzia: Marcin Pi\u0105tkiewicz Nawierzchnia: m\u0105czka ceglana Jak si\u0119 zapisa\u0107: sms na nr tel. 570 925 927 o tre\u015bci: \u201eMC Mera U12, imi\u0119 i nazwisko, rok urodzenia\u201d Do ... Dowiedz si\u0119 wi\u0119cej","og_url":"https:\/\/mc.korty.org\/?page_id=313","article_modified_time":"2025-10-31T13:58:53+00:00","twitter_card":"summary_large_image","twitter_misc":{"Szacowany czas czytania":"1 minuta"},"schema":{"@context":"https:\/\/schema.org","@graph":[{"@type":"WebPage","@id":"https:\/\/mc.korty.org\/?page_id=313","url":"https:\/\/mc.korty.org\/?page_id=313","name":"Mazowsze Cup U12 -","isPartOf":{"@id":"https:\/\/mc.korty.org\/#website"},"datePublished":"2024-12-06T07:59:03+00:00","dateModified":"2025-10-31T13:58:53+00:00","breadcrumb":{"@id":"https:\/\/mc.korty.org\/?page_id=313#breadcrumb"},"inLanguage":"pl-PL","potentialAction":[{"@type":"ReadAction","target":["https:\/\/mc.korty.org\/?page_id=313"]}]},{"@type":"BreadcrumbList","@id":"https:\/\/mc.korty.org\/?page_id=313#breadcrumb","itemListElement":[{"@type":"ListItem","position":1,"name":"Strona g\u0142\u00f3wna","item":"https:\/\/mc.korty.org\/"},{"@type":"ListItem","position":2,"name":"Mazowsze Cup U12"}]},{"@type":"WebSite","@id":"https:\/\/mc.korty.org\/#website","url":"https:\/\/mc.korty.org\/","name":"","description":"","potentialAction":[{"@type":"SearchAction","target":{"@type":"EntryPoint","urlTemplate":"https:\/\/mc.korty.org\/?s={search_term_string}"},"query-input":{"@type":"PropertyValueSpecification","valueRequired":true,"valueName":"search_term_string"}}],"inLanguage":"pl-PL"}]}},"_links":{"self":[{"href":"https:\/\/mc.korty.org\/index.php?rest_route=\/wp\/v2\/pages\/313","targetHints":{"allow":["GET"]}}],"collection":[{"href":"https:\/\/mc.korty.org\/index.php?rest_route=\/wp\/v2\/pages"}],"about":[{"href":"https:\/\/mc.korty.org\/index.php?rest_route=\/wp\/v2\/types\/page"}],"author":[{"embeddable":true,"href":"https:\/\/mc.korty.org\/index.php?rest_route=\/wp\/v2\/users\/1"}],"replies":[{"embeddable":true,"href":"https:\/\/mc.korty.org\/index.php?rest_route=%2Fwp%2Fv2%2Fcomments&post=313"}],"version-history":[{"count":9,"href":"https:\/\/mc.korty.org\/index.php?rest_route=\/wp\/v2\/pages\/313\/revisions"}],"predecessor-version":[{"id":673,"href":"https:\/\/mc.korty.org\/index.php?rest_route=\/wp\/v2\/pages\/313\/revisions\/673"}],"wp:attachment":[{"href":"https:\/\/mc.korty.org\/index.php?rest_route=%2Fwp%2Fv2%2Fmedia&parent=313"}],"curies":[{"name":"wp","href":"https:\/\/api.w.org\/{rel}","templated":true}]}}