{"id":329,"date":"2024-12-06T16:24:36","date_gmt":"2024-12-06T16:24:36","guid":{"rendered":"https:\/\/mc.korty.org\/?page_id=329"},"modified":"2025-09-03T17:25:27","modified_gmt":"2025-09-03T17:25:27","slug":"ranking-dziewczeta-u12","status":"publish","type":"page","link":"https:\/\/mc.korty.org\/?page_id=329","title":{"rendered":"Ranking 2024"},"content":{"rendered":"<style>\n  .entry-content button,\n  .entry-content .wp-block-button__link {\n    margin-bottom: 2px;\n    display: inline-block; \n  }\n<\/style>\n<p><button style=\"background:#aaa\">DZ12<\/button> <a href=\"https:\/\/mc.korty.org\/?page_id=336\"><button>CH12<\/button><\/a> <a href=\"https:\/\/mc.korty.org\/?page_id=347\"><button>DZ14<\/button><\/a> <a href=\"https:\/\/mc.korty.org\/?page_id=349\"><button>CH14<\/button><\/a> <a href=\"https:\/\/mc.korty.org\/?page_id=353\"><button>DZ16<\/button><\/a> <a href=\"https:\/\/mc.korty.org\/?page_id=355\"><button>CH16<\/button><\/a><br \/>\n<H3>DZIEWCZ\u0118TA U12<\/H3><\/p>\n<table border=\"1\">\n<thead>\n<tr>\n<th>lp<\/th>\n<th>imi\u0119 nazwisko<\/th>\n<th>punkty<\/th>\n<\/tr>\n<\/thead>\n<tbody>\n<tr>\n<td>1<\/td>\n<td>Lilia Aleksander<\/td>\n<td>1000<\/td>\n<\/tr>\n<tr>\n<td>2<\/td>\n<td>Urszula Kosonowska<\/td>\n<td>500<\/td>\n<\/tr>\n<tr>\n<td>3<\/td>\n<td>Laura Mechlewska<\/td>\n<td>440<\/td>\n<\/tr>\n<tr>\n<td>4<\/td>\n<td>Amelia Bluhm<\/td>\n<td>400<\/td>\n<\/tr>\n<tr>\n<td>5<\/td>\n<td>Zofia Wieczorek<\/td>\n<td>350<\/td>\n<\/tr>\n<tr>\n<td>5<\/td>\n<td>Julia G\u0142a\u017cewska<\/td>\n<td>350<\/td>\n<\/tr>\n<tr>\n<td>7<\/td>\n<td>Milena Pr\u00f3chnicka<\/td>\n<td>251<\/td>\n<\/tr>\n<tr>\n<td>8<\/td>\n<td>Bakalarz Kasia<\/td>\n<td>250<\/td>\n<\/tr>\n<tr>\n<td>8<\/td>\n<td>Zalewska Amelia<\/td>\n<td>250<\/td>\n<\/tr>\n<tr>\n<td>8<\/td>\n<td>Tola Stefanowska<\/td>\n<td>250<\/td>\n<\/tr>\n<tr>\n<td>8<\/td>\n<td>Liliana Pysiak<\/td>\n<td>250<\/td>\n<\/tr>\n<tr>\n<td>12<\/td>\n<td>Jaros Maja<\/td>\n<td>150<\/td>\n<\/tr>\n<tr>\n<td>12<\/td>\n<td>Wi\u015bniewska Marysia<\/td>\n<td>150<\/td>\n<\/tr>\n<tr>\n<td>12<\/td>\n<td>Mia Mnich<\/td>\n<td>150<\/td>\n<\/tr>\n<tr>\n<td>12<\/td>\n<td>Karolina Buzor<\/td>\n<td>150<\/td>\n<\/tr>\n<tr>\n<td>12<\/td>\n<td>\u0141ucja J\u0119draszek<\/td>\n<td>150<\/td>\n<\/tr>\n<tr>\n<td>12<\/td>\n<td>Marysia St\u0119pie\u0144<\/td>\n<td>150<\/td>\n<\/tr>\n<tr>\n<td>18<\/td>\n<td>Zofia St\u0119pie\u0144<\/td>\n<td>90<\/td>\n<\/tr>\n<tr>\n<td>19<\/td>\n<td>Morawska Matylda<\/td>\n<td>1<\/td>\n<\/tr>\n<tr>\n<td>19<\/td>\n<td>Majsterek Natalia<\/td>\n<td>1<\/td>\n<\/tr>\n<tr>\n<td>19<\/td>\n<td>Bagatela Ania<\/td>\n<td>1<\/td>\n<\/tr>\n<tr>\n<td>19<\/td>\n<td>Borkowska Katarzyna<\/td>\n<td>1<\/td>\n<\/tr>\n<tr>\n<td>19<\/td>\n<td>Liliana Dobosz<\/td>\n<td>1<\/td>\n<\/tr>\n<tr>\n<td>19<\/td>\n<td>Mira Karudowa<\/td>\n<td>1<\/td>\n<\/tr>\n<tr>\n<td>19<\/td>\n<td>Lidia Wicik<\/td>\n<td>1<\/td>\n<\/tr>\n<tr>\n<td>19<\/td>\n<td>Alisa Zhuk<\/td>\n<td>1<\/td>\n<\/tr>\n<\/tbody>\n<\/table>\n","protected":false},"excerpt":{"rendered":"<p>DZ12 CH12 DZ14 CH14 DZ16 CH16 DZIEWCZ\u0118TA U12 lp imi\u0119 nazwisko punkty 1 Lilia Aleksander 1000 2 Urszula Kosonowska 500 3 Laura Mechlewska 440 4 Amelia Bluhm 400 5 Zofia Wieczorek 350 5 Julia G\u0142a\u017cewska 350 7 Milena Pr\u00f3chnicka 251 8 Bakalarz Kasia 250 8 Zalewska Amelia 250 8 Tola Stefanowska 250 8 Liliana Pysiak &#8230; <a title=\"Ranking 2024\" class=\"read-more\" href=\"https:\/\/mc.korty.org\/?page_id=329\" aria-label=\"Read more about Ranking 2024\">Dowiedz si\u0119 wi\u0119cej<\/a><\/p>\n","protected":false},"author":1,"featured_media":0,"parent":0,"menu_order":0,"comment_status":"closed","ping_status":"closed","template":"","meta":{"footnotes":""},"class_list":["post-329","page","type-page","status-publish"],"yoast_head":"<!-- This site is optimized with the Yoast SEO plugin v23.5 - https:\/\/yoast.com\/wordpress\/plugins\/seo\/ -->\n<title>Ranking 2024 -<\/title>\n<meta name=\"robots\" content=\"index, follow, max-snippet:-1, max-image-preview:large, max-video-preview:-1\" \/>\n<link rel=\"canonical\" href=\"https:\/\/mc.korty.org\/?page_id=329\" \/>\n<meta property=\"og:locale\" content=\"pl_PL\" \/>\n<meta property=\"og:type\" content=\"article\" \/>\n<meta property=\"og:title\" content=\"Ranking 2024 -\" \/>\n<meta property=\"og:description\" content=\"DZ12 CH12 DZ14 CH14 DZ16 CH16 DZIEWCZ\u0118TA U12 lp imi\u0119 nazwisko punkty 1 Lilia Aleksander 1000 2 Urszula Kosonowska 500 3 Laura Mechlewska 440 4 Amelia Bluhm 400 5 Zofia Wieczorek 350 5 Julia G\u0142a\u017cewska 350 7 Milena Pr\u00f3chnicka 251 8 Bakalarz Kasia 250 8 Zalewska Amelia 250 8 Tola Stefanowska 250 8 Liliana Pysiak ... Dowiedz si\u0119 wi\u0119cej\" \/>\n<meta property=\"og:url\" content=\"https:\/\/mc.korty.org\/?page_id=329\" \/>\n<meta property=\"article:modified_time\" content=\"2025-09-03T17:25:27+00:00\" \/>\n<meta name=\"twitter:card\" content=\"summary_large_image\" \/>\n<meta name=\"twitter:label1\" content=\"Szacowany czas czytania\" \/>\n\t<meta name=\"twitter:data1\" content=\"1 minuta\" \/>\n<script type=\"application\/ld+json\" class=\"yoast-schema-graph\">{\"@context\":\"https:\/\/schema.org\",\"@graph\":[{\"@type\":\"WebPage\",\"@id\":\"https:\/\/mc.korty.org\/?page_id=329\",\"url\":\"https:\/\/mc.korty.org\/?page_id=329\",\"name\":\"Ranking 2024 -\",\"isPartOf\":{\"@id\":\"https:\/\/mc.korty.org\/#website\"},\"datePublished\":\"2024-12-06T16:24:36+00:00\",\"dateModified\":\"2025-09-03T17:25:27+00:00\",\"breadcrumb\":{\"@id\":\"https:\/\/mc.korty.org\/?page_id=329#breadcrumb\"},\"inLanguage\":\"pl-PL\",\"potentialAction\":[{\"@type\":\"ReadAction\",\"target\":[\"https:\/\/mc.korty.org\/?page_id=329\"]}]},{\"@type\":\"BreadcrumbList\",\"@id\":\"https:\/\/mc.korty.org\/?page_id=329#breadcrumb\",\"itemListElement\":[{\"@type\":\"ListItem\",\"position\":1,\"name\":\"Strona g\u0142\u00f3wna\",\"item\":\"https:\/\/mc.korty.org\/\"},{\"@type\":\"ListItem\",\"position\":2,\"name\":\"Ranking 2024\"}]},{\"@type\":\"WebSite\",\"@id\":\"https:\/\/mc.korty.org\/#website\",\"url\":\"https:\/\/mc.korty.org\/\",\"name\":\"\",\"description\":\"\",\"potentialAction\":[{\"@type\":\"SearchAction\",\"target\":{\"@type\":\"EntryPoint\",\"urlTemplate\":\"https:\/\/mc.korty.org\/?s={search_term_string}\"},\"query-input\":{\"@type\":\"PropertyValueSpecification\",\"valueRequired\":true,\"valueName\":\"search_term_string\"}}],\"inLanguage\":\"pl-PL\"}]}<\/script>\n<!-- \/ Yoast SEO plugin. -->","yoast_head_json":{"title":"Ranking 2024 -","robots":{"index":"index","follow":"follow","max-snippet":"max-snippet:-1","max-image-preview":"max-image-preview:large","max-video-preview":"max-video-preview:-1"},"canonical":"https:\/\/mc.korty.org\/?page_id=329","og_locale":"pl_PL","og_type":"article","og_title":"Ranking 2024 -","og_description":"DZ12 CH12 DZ14 CH14 DZ16 CH16 DZIEWCZ\u0118TA U12 lp imi\u0119 nazwisko punkty 1 Lilia Aleksander 1000 2 Urszula Kosonowska 500 3 Laura Mechlewska 440 4 Amelia Bluhm 400 5 Zofia Wieczorek 350 5 Julia G\u0142a\u017cewska 350 7 Milena Pr\u00f3chnicka 251 8 Bakalarz Kasia 250 8 Zalewska Amelia 250 8 Tola Stefanowska 250 8 Liliana Pysiak ... Dowiedz si\u0119 wi\u0119cej","og_url":"https:\/\/mc.korty.org\/?page_id=329","article_modified_time":"2025-09-03T17:25:27+00:00","twitter_card":"summary_large_image","twitter_misc":{"Szacowany czas czytania":"1 minuta"},"schema":{"@context":"https:\/\/schema.org","@graph":[{"@type":"WebPage","@id":"https:\/\/mc.korty.org\/?page_id=329","url":"https:\/\/mc.korty.org\/?page_id=329","name":"Ranking 2024 -","isPartOf":{"@id":"https:\/\/mc.korty.org\/#website"},"datePublished":"2024-12-06T16:24:36+00:00","dateModified":"2025-09-03T17:25:27+00:00","breadcrumb":{"@id":"https:\/\/mc.korty.org\/?page_id=329#breadcrumb"},"inLanguage":"pl-PL","potentialAction":[{"@type":"ReadAction","target":["https:\/\/mc.korty.org\/?page_id=329"]}]},{"@type":"BreadcrumbList","@id":"https:\/\/mc.korty.org\/?page_id=329#breadcrumb","itemListElement":[{"@type":"ListItem","position":1,"name":"Strona g\u0142\u00f3wna","item":"https:\/\/mc.korty.org\/"},{"@type":"ListItem","position":2,"name":"Ranking 2024"}]},{"@type":"WebSite","@id":"https:\/\/mc.korty.org\/#website","url":"https:\/\/mc.korty.org\/","name":"","description":"","potentialAction":[{"@type":"SearchAction","target":{"@type":"EntryPoint","urlTemplate":"https:\/\/mc.korty.org\/?s={search_term_string}"},"query-input":{"@type":"PropertyValueSpecification","valueRequired":true,"valueName":"search_term_string"}}],"inLanguage":"pl-PL"}]}},"_links":{"self":[{"href":"https:\/\/mc.korty.org\/index.php?rest_route=\/wp\/v2\/pages\/329","targetHints":{"allow":["GET"]}}],"collection":[{"href":"https:\/\/mc.korty.org\/index.php?rest_route=\/wp\/v2\/pages"}],"about":[{"href":"https:\/\/mc.korty.org\/index.php?rest_route=\/wp\/v2\/types\/page"}],"author":[{"embeddable":true,"href":"https:\/\/mc.korty.org\/index.php?rest_route=\/wp\/v2\/users\/1"}],"replies":[{"embeddable":true,"href":"https:\/\/mc.korty.org\/index.php?rest_route=%2Fwp%2Fv2%2Fcomments&post=329"}],"version-history":[{"count":16,"href":"https:\/\/mc.korty.org\/index.php?rest_route=\/wp\/v2\/pages\/329\/revisions"}],"predecessor-version":[{"id":531,"href":"https:\/\/mc.korty.org\/index.php?rest_route=\/wp\/v2\/pages\/329\/revisions\/531"}],"wp:attachment":[{"href":"https:\/\/mc.korty.org\/index.php?rest_route=%2Fwp%2Fv2%2Fmedia&parent=329"}],"curies":[{"name":"wp","href":"https:\/\/api.w.org\/{rel}","templated":true}]}}