{"id":336,"date":"2024-12-06T16:49:19","date_gmt":"2024-12-06T16:49:19","guid":{"rendered":"https:\/\/mc.korty.org\/?page_id=336"},"modified":"2025-09-03T17:26:31","modified_gmt":"2025-09-03T17:26:31","slug":"rankingi-2","status":"publish","type":"page","link":"https:\/\/mc.korty.org\/?page_id=336","title":{"rendered":"Ranking 2024"},"content":{"rendered":"<style>\n  .entry-content button,\n  .entry-content .wp-block-button__link {\n    margin-bottom: 2px;\n    display: inline-block; \n  }\n<\/style>\n<p><a href=\"https:\/\/mc.korty.org\/?page_id=329\"><button>DZ12<\/button><\/a> <button style=\"background:#aaa\">CH12<\/button> <a href=\"https:\/\/mc.korty.org\/?page_id=347\"><button>DZ14<\/button><\/a> <a href=\"https:\/\/mc.korty.org\/?page_id=349\"><button>CH14<\/button><\/a> <a href=\"https:\/\/mc.korty.org\/?page_id=353\"><button>DZ16<\/button><\/a> <a href=\"https:\/\/mc.korty.org\/?page_id=355\"><button>CH16<\/button><\/a><br \/>\n<H3>CH\u0141OPCY U12<\/H3><\/p>\n<table border=\"1\">\n<thead>\n<tr>\n<th>lp<\/th>\n<th>imi\u0119 nazwisko<\/th>\n<th>punkty<\/th>\n<\/tr>\n<\/thead>\n<tbody>\n<tr>\n<td>1<\/td>\n<td>Mateusz Bondyra<\/td>\n<td>650<\/td>\n<\/tr>\n<tr>\n<td>2<\/td>\n<td>Tadeusz Oleksyn<\/td>\n<td>500<\/td>\n<\/tr>\n<tr>\n<td>2<\/td>\n<td>Jan Sulima<\/td>\n<td>500<\/td>\n<\/tr>\n<tr>\n<td>4<\/td>\n<td>Kamil Grodzki<\/td>\n<td>400<\/td>\n<\/tr>\n<tr>\n<td>5<\/td>\n<td>Jan Boguc<\/td>\n<td>350<\/td>\n<\/tr>\n<tr>\n<td>5<\/td>\n<td>Aleksander Solecki<\/td>\n<td>350<\/td>\n<\/tr>\n<tr>\n<td>5<\/td>\n<td>Filip Dobczy\u0144ski<\/td>\n<td>350<\/td>\n<\/tr>\n<tr>\n<td>8<\/td>\n<td>Wiktor Wicherski<\/td>\n<td>340<\/td>\n<\/tr>\n<tr>\n<td>9<\/td>\n<td>Konrad Cicho\u0144<\/td>\n<td>250<\/td>\n<\/tr>\n<tr>\n<td>9<\/td>\n<td>Jan Maty\u0144ka<\/td>\n<td>250<\/td>\n<\/tr>\n<tr>\n<td>9<\/td>\n<td>Kacper Nowakowski<\/td>\n<td>250<\/td>\n<\/tr>\n<tr>\n<td>9<\/td>\n<td>Jakub W\u00f3jcik<\/td>\n<td>250<\/td>\n<\/tr>\n<tr>\n<td>13<\/td>\n<td>Krzysztof Jaworski<\/td>\n<td>150<\/td>\n<\/tr>\n<tr>\n<td>13<\/td>\n<td>Izbor Pawluk-Jaszczuk<\/td>\n<td>150<\/td>\n<\/tr>\n<tr>\n<td>15<\/td>\n<td>Gustaw Rowicki<\/td>\n<td>90<\/td>\n<\/tr>\n<tr>\n<td>15<\/td>\n<td>Jakub Chr\u00f3\u015bciak<\/td>\n<td>90<\/td>\n<\/tr>\n<tr>\n<td>15<\/td>\n<td>Go\u0142\u0105b Stanis\u0142aw<\/td>\n<td>90<\/td>\n<\/tr>\n<tr>\n<td>15<\/td>\n<td>Ignacy Duliniec<\/td>\n<td>90<\/td>\n<\/tr>\n<tr>\n<td>19<\/td>\n<td>Jan Mi\u0142osz<\/td>\n<td>45<\/td>\n<\/tr>\n<tr>\n<td>20<\/td>\n<td>Leon J\u0119draszek<\/td>\n<td>25<\/td>\n<\/tr>\n<tr>\n<td>20<\/td>\n<td>Filip Poneta<\/td>\n<td>25<\/td>\n<\/tr>\n<tr>\n<td>22<\/td>\n<td>Wi\u015bniewski Szymon<\/td>\n<td>1<\/td>\n<\/tr>\n<tr>\n<td>22<\/td>\n<td>Wi\u015bniewski Bartosz<\/td>\n<td>1<\/td>\n<\/tr>\n<tr>\n<td>22<\/td>\n<td>Wojciechowicz Micha\u0142<\/td>\n<td>1<\/td>\n<\/tr>\n<tr>\n<td>22<\/td>\n<td>Kotowicz Aleksander<\/td>\n<td>1<\/td>\n<\/tr>\n<tr>\n<td>22<\/td>\n<td>\u017bmijewski Piotr<\/td>\n<td>1<\/td>\n<\/tr>\n<tr>\n<td>22<\/td>\n<td>Potasz Antoni<\/td>\n<td>1<\/td>\n<\/tr>\n<tr>\n<td>22<\/td>\n<td>G\u0142owacki Sebastian<\/td>\n<td>1<\/td>\n<\/tr>\n<tr>\n<td>22<\/td>\n<td>Dyba\u0142 Stefan<\/td>\n<td>1<\/td>\n<\/tr>\n<tr>\n<td>22<\/td>\n<td>Wilczy\u0144ski Robert<\/td>\n<td>1<\/td>\n<\/tr>\n<tr>\n<td>22<\/td>\n<td>Borys Walkiewicz<\/td>\n<td>1<\/td>\n<\/tr>\n<tr>\n<td>22<\/td>\n<td>Antoni W\u00f3jtowicz<\/td>\n<td>1<\/td>\n<\/tr>\n<tr>\n<td>22<\/td>\n<td>Franek Barzycki<\/td>\n<td>1<\/td>\n<\/tr>\n<tr>\n<td>22<\/td>\n<td>Stefan Guzi\u0144ski<\/td>\n<td>1<\/td>\n<\/tr>\n<\/tbody>\n<\/table>\n","protected":false},"excerpt":{"rendered":"<p>DZ12 CH12 DZ14 CH14 DZ16 CH16 CH\u0141OPCY U12 lp imi\u0119 nazwisko punkty 1 Mateusz Bondyra 650 2 Tadeusz Oleksyn 500 2 Jan Sulima 500 4 Kamil Grodzki 400 5 Jan Boguc 350 5 Aleksander Solecki 350 5 Filip Dobczy\u0144ski 350 8 Wiktor Wicherski 340 9 Konrad Cicho\u0144 250 9 Jan Maty\u0144ka 250 9 Kacper Nowakowski &#8230; <a title=\"Ranking 2024\" class=\"read-more\" href=\"https:\/\/mc.korty.org\/?page_id=336\" aria-label=\"Read more about Ranking 2024\">Dowiedz si\u0119 wi\u0119cej<\/a><\/p>\n","protected":false},"author":1,"featured_media":0,"parent":0,"menu_order":0,"comment_status":"closed","ping_status":"closed","template":"","meta":{"footnotes":""},"class_list":["post-336","page","type-page","status-publish"],"yoast_head":"<!-- This site is optimized with the Yoast SEO plugin v23.5 - https:\/\/yoast.com\/wordpress\/plugins\/seo\/ -->\n<title>Ranking 2024 -<\/title>\n<meta name=\"robots\" content=\"index, follow, max-snippet:-1, max-image-preview:large, max-video-preview:-1\" \/>\n<link rel=\"canonical\" href=\"https:\/\/mc.korty.org\/?page_id=336\" \/>\n<meta property=\"og:locale\" content=\"pl_PL\" \/>\n<meta property=\"og:type\" content=\"article\" \/>\n<meta property=\"og:title\" content=\"Ranking 2024 -\" \/>\n<meta property=\"og:description\" content=\"DZ12 CH12 DZ14 CH14 DZ16 CH16 CH\u0141OPCY U12 lp imi\u0119 nazwisko punkty 1 Mateusz Bondyra 650 2 Tadeusz Oleksyn 500 2 Jan Sulima 500 4 Kamil Grodzki 400 5 Jan Boguc 350 5 Aleksander Solecki 350 5 Filip Dobczy\u0144ski 350 8 Wiktor Wicherski 340 9 Konrad Cicho\u0144 250 9 Jan Maty\u0144ka 250 9 Kacper Nowakowski ... Dowiedz si\u0119 wi\u0119cej\" \/>\n<meta property=\"og:url\" content=\"https:\/\/mc.korty.org\/?page_id=336\" \/>\n<meta property=\"article:modified_time\" content=\"2025-09-03T17:26:31+00:00\" \/>\n<meta name=\"twitter:card\" content=\"summary_large_image\" \/>\n<meta name=\"twitter:label1\" content=\"Szacowany czas czytania\" \/>\n\t<meta name=\"twitter:data1\" content=\"1 minuta\" \/>\n<script type=\"application\/ld+json\" class=\"yoast-schema-graph\">{\"@context\":\"https:\/\/schema.org\",\"@graph\":[{\"@type\":\"WebPage\",\"@id\":\"https:\/\/mc.korty.org\/?page_id=336\",\"url\":\"https:\/\/mc.korty.org\/?page_id=336\",\"name\":\"Ranking 2024 -\",\"isPartOf\":{\"@id\":\"https:\/\/mc.korty.org\/#website\"},\"datePublished\":\"2024-12-06T16:49:19+00:00\",\"dateModified\":\"2025-09-03T17:26:31+00:00\",\"breadcrumb\":{\"@id\":\"https:\/\/mc.korty.org\/?page_id=336#breadcrumb\"},\"inLanguage\":\"pl-PL\",\"potentialAction\":[{\"@type\":\"ReadAction\",\"target\":[\"https:\/\/mc.korty.org\/?page_id=336\"]}]},{\"@type\":\"BreadcrumbList\",\"@id\":\"https:\/\/mc.korty.org\/?page_id=336#breadcrumb\",\"itemListElement\":[{\"@type\":\"ListItem\",\"position\":1,\"name\":\"Strona g\u0142\u00f3wna\",\"item\":\"https:\/\/mc.korty.org\/\"},{\"@type\":\"ListItem\",\"position\":2,\"name\":\"Ranking 2024\"}]},{\"@type\":\"WebSite\",\"@id\":\"https:\/\/mc.korty.org\/#website\",\"url\":\"https:\/\/mc.korty.org\/\",\"name\":\"\",\"description\":\"\",\"potentialAction\":[{\"@type\":\"SearchAction\",\"target\":{\"@type\":\"EntryPoint\",\"urlTemplate\":\"https:\/\/mc.korty.org\/?s={search_term_string}\"},\"query-input\":{\"@type\":\"PropertyValueSpecification\",\"valueRequired\":true,\"valueName\":\"search_term_string\"}}],\"inLanguage\":\"pl-PL\"}]}<\/script>\n<!-- \/ Yoast SEO plugin. -->","yoast_head_json":{"title":"Ranking 2024 -","robots":{"index":"index","follow":"follow","max-snippet":"max-snippet:-1","max-image-preview":"max-image-preview:large","max-video-preview":"max-video-preview:-1"},"canonical":"https:\/\/mc.korty.org\/?page_id=336","og_locale":"pl_PL","og_type":"article","og_title":"Ranking 2024 -","og_description":"DZ12 CH12 DZ14 CH14 DZ16 CH16 CH\u0141OPCY U12 lp imi\u0119 nazwisko punkty 1 Mateusz Bondyra 650 2 Tadeusz Oleksyn 500 2 Jan Sulima 500 4 Kamil Grodzki 400 5 Jan Boguc 350 5 Aleksander Solecki 350 5 Filip Dobczy\u0144ski 350 8 Wiktor Wicherski 340 9 Konrad Cicho\u0144 250 9 Jan Maty\u0144ka 250 9 Kacper Nowakowski ... Dowiedz si\u0119 wi\u0119cej","og_url":"https:\/\/mc.korty.org\/?page_id=336","article_modified_time":"2025-09-03T17:26:31+00:00","twitter_card":"summary_large_image","twitter_misc":{"Szacowany czas czytania":"1 minuta"},"schema":{"@context":"https:\/\/schema.org","@graph":[{"@type":"WebPage","@id":"https:\/\/mc.korty.org\/?page_id=336","url":"https:\/\/mc.korty.org\/?page_id=336","name":"Ranking 2024 -","isPartOf":{"@id":"https:\/\/mc.korty.org\/#website"},"datePublished":"2024-12-06T16:49:19+00:00","dateModified":"2025-09-03T17:26:31+00:00","breadcrumb":{"@id":"https:\/\/mc.korty.org\/?page_id=336#breadcrumb"},"inLanguage":"pl-PL","potentialAction":[{"@type":"ReadAction","target":["https:\/\/mc.korty.org\/?page_id=336"]}]},{"@type":"BreadcrumbList","@id":"https:\/\/mc.korty.org\/?page_id=336#breadcrumb","itemListElement":[{"@type":"ListItem","position":1,"name":"Strona g\u0142\u00f3wna","item":"https:\/\/mc.korty.org\/"},{"@type":"ListItem","position":2,"name":"Ranking 2024"}]},{"@type":"WebSite","@id":"https:\/\/mc.korty.org\/#website","url":"https:\/\/mc.korty.org\/","name":"","description":"","potentialAction":[{"@type":"SearchAction","target":{"@type":"EntryPoint","urlTemplate":"https:\/\/mc.korty.org\/?s={search_term_string}"},"query-input":{"@type":"PropertyValueSpecification","valueRequired":true,"valueName":"search_term_string"}}],"inLanguage":"pl-PL"}]}},"_links":{"self":[{"href":"https:\/\/mc.korty.org\/index.php?rest_route=\/wp\/v2\/pages\/336","targetHints":{"allow":["GET"]}}],"collection":[{"href":"https:\/\/mc.korty.org\/index.php?rest_route=\/wp\/v2\/pages"}],"about":[{"href":"https:\/\/mc.korty.org\/index.php?rest_route=\/wp\/v2\/types\/page"}],"author":[{"embeddable":true,"href":"https:\/\/mc.korty.org\/index.php?rest_route=\/wp\/v2\/users\/1"}],"replies":[{"embeddable":true,"href":"https:\/\/mc.korty.org\/index.php?rest_route=%2Fwp%2Fv2%2Fcomments&post=336"}],"version-history":[{"count":11,"href":"https:\/\/mc.korty.org\/index.php?rest_route=\/wp\/v2\/pages\/336\/revisions"}],"predecessor-version":[{"id":532,"href":"https:\/\/mc.korty.org\/index.php?rest_route=\/wp\/v2\/pages\/336\/revisions\/532"}],"wp:attachment":[{"href":"https:\/\/mc.korty.org\/index.php?rest_route=%2Fwp%2Fv2%2Fmedia&parent=336"}],"curies":[{"name":"wp","href":"https:\/\/api.w.org\/{rel}","templated":true}]}}