{"id":347,"date":"2024-12-06T17:04:19","date_gmt":"2024-12-06T17:04:19","guid":{"rendered":"https:\/\/mc.korty.org\/?page_id=347"},"modified":"2025-09-03T17:28:18","modified_gmt":"2025-09-03T17:28:18","slug":"rankingi-u14","status":"publish","type":"page","link":"https:\/\/mc.korty.org\/?page_id=347","title":{"rendered":"Ranking 2024"},"content":{"rendered":"<style>\n  .entry-content button,\n  .entry-content .wp-block-button__link {\n    margin-bottom: 2px;\n    display: inline-block; \n  }\n<\/style>\n<p><a href=\"https:\/\/mc.korty.org\/?page_id=329\"><button>DZ12<\/button><\/a> <a href=\"https:\/\/mc.korty.org\/?page_id=336\"><button>CH12<\/button><\/a> <button style=\"background:#aaa\">DZ14<\/button> <a href=\"https:\/\/mc.korty.org\/?page_id=349\"><button>CH14<\/button><\/a> <a href=\"https:\/\/mc.korty.org\/?page_id=353\"><button>DZ16<\/button><\/a> <a href=\"https:\/\/mc.korty.org\/?page_id=355\"><button>CH16<\/button><\/a><br \/>\n<H3>DZIEWCZ\u0118TA U14<\/H3><\/p>\n<table>\n<thead>\n<tr>\n<th>lp<\/th>\n<th>imi\u0119 nazwisko<\/th>\n<th>punkty<\/th>\n<\/tr>\n<\/thead>\n<tbody>\n<tr>\n<td>1<\/td>\n<td>Cibor Dominika<\/td>\n<td>2650<\/td>\n<\/tr>\n<tr>\n<td>2<\/td>\n<td>Helena Korkozowicz<\/td>\n<td>1550<\/td>\n<\/tr>\n<tr>\n<td>3<\/td>\n<td>Wr\u00f3bel Aleksandra<\/td>\n<td>1450<\/td>\n<\/tr>\n<tr>\n<td>4<\/td>\n<td>Kubi\u0144ska-Zachwiej Aleksandra<\/td>\n<td>1350<\/td>\n<\/tr>\n<tr>\n<td>5<\/td>\n<td>Staszewska Nina<\/td>\n<td>800<\/td>\n<\/tr>\n<tr>\n<td>6<\/td>\n<td>Tudek Aleksandra<\/td>\n<td>750<\/td>\n<\/tr>\n<tr>\n<td>7<\/td>\n<td>G\u0142a\u017cewska Julia<\/td>\n<td>500<\/td>\n<\/tr>\n<tr>\n<td>8<\/td>\n<td>Mazur Nina<\/td>\n<td>250<\/td>\n<\/tr>\n<tr>\n<td>8<\/td>\n<td>K\u0119dracka Nadia<\/td>\n<td>250<\/td>\n<\/tr>\n<tr>\n<td>10<\/td>\n<td>Filipowicz Anna<\/td>\n<td>150<\/td>\n<\/tr>\n<tr>\n<td>11<\/td>\n<td>Pawli\u0144ska Melania<\/td>\n<td>150<\/td>\n<\/tr>\n<tr>\n<td>11<\/td>\n<td>Prusik Barbara<\/td>\n<td>150<\/td>\n<\/tr>\n<tr>\n<td>11<\/td>\n<td>Wojtulewicz Antonina<\/td>\n<td>150<\/td>\n<\/tr>\n<tr>\n<td>14<\/td>\n<td>Wicherska Alicja<\/td>\n<td>2<\/td>\n<\/tr>\n<tr>\n<td>15<\/td>\n<td>Da\u0142ek Malwina<\/td>\n<td>1<\/td>\n<\/tr>\n<tr>\n<td>15<\/td>\n<td>Gajewska Zofia<\/td>\n<td>1<\/td>\n<\/tr>\n<tr>\n<td>15<\/td>\n<td>Sa\u0142ek Maria<\/td>\n<td>1<\/td>\n<\/tr>\n<tr>\n<td>15<\/td>\n<td>Filipowicz Urszula<\/td>\n<td>1<\/td>\n<\/tr>\n<tr>\n<td>15<\/td>\n<td>Zuzanna Durka<\/td>\n<td>1<\/td>\n<\/tr>\n<tr>\n<td>15<\/td>\n<td>Zuzanna Truszkowska<\/td>\n<td>1<\/td>\n<\/tr>\n<tr>\n<td>15<\/td>\n<td>Zofia Woszczyk-Rozwadowska<\/td>\n<td>1<\/td>\n<\/tr>\n<tr>\n<td>15<\/td>\n<td>Wielog\u00f3rska Lila<\/td>\n<td>1<\/td>\n<\/tr>\n<tr>\n<td>15<\/td>\n<td>Komorek Michalina<\/td>\n<td>1<\/td>\n<\/tr>\n<tr>\n<td>15<\/td>\n<td>G\u0142a\u017cewska Julia<\/td>\n<td>1<\/td>\n<\/tr>\n<\/tbody>\n<\/table>\n","protected":false},"excerpt":{"rendered":"<p>DZ12 CH12 DZ14 CH14 DZ16 CH16 DZIEWCZ\u0118TA U14 lp imi\u0119 nazwisko punkty 1 Cibor Dominika 2650 2 Helena Korkozowicz 1550 3 Wr\u00f3bel Aleksandra 1450 4 Kubi\u0144ska-Zachwiej Aleksandra 1350 5 Staszewska Nina 800 6 Tudek Aleksandra 750 7 G\u0142a\u017cewska Julia 500 8 Mazur Nina 250 8 K\u0119dracka Nadia 250 10 Filipowicz Anna 150 11 Pawli\u0144ska Melania &#8230; <a title=\"Ranking 2024\" class=\"read-more\" href=\"https:\/\/mc.korty.org\/?page_id=347\" aria-label=\"Read more about Ranking 2024\">Dowiedz si\u0119 wi\u0119cej<\/a><\/p>\n","protected":false},"author":1,"featured_media":0,"parent":0,"menu_order":0,"comment_status":"closed","ping_status":"closed","template":"","meta":{"footnotes":""},"class_list":["post-347","page","type-page","status-publish"],"yoast_head":"<!-- This site is optimized with the Yoast SEO plugin v23.5 - https:\/\/yoast.com\/wordpress\/plugins\/seo\/ -->\n<title>Ranking 2024 -<\/title>\n<meta name=\"robots\" content=\"index, follow, max-snippet:-1, max-image-preview:large, max-video-preview:-1\" \/>\n<link rel=\"canonical\" href=\"https:\/\/mc.korty.org\/?page_id=347\" \/>\n<meta property=\"og:locale\" content=\"pl_PL\" \/>\n<meta property=\"og:type\" content=\"article\" \/>\n<meta property=\"og:title\" content=\"Ranking 2024 -\" \/>\n<meta property=\"og:description\" content=\"DZ12 CH12 DZ14 CH14 DZ16 CH16 DZIEWCZ\u0118TA U14 lp imi\u0119 nazwisko punkty 1 Cibor Dominika 2650 2 Helena Korkozowicz 1550 3 Wr\u00f3bel Aleksandra 1450 4 Kubi\u0144ska-Zachwiej Aleksandra 1350 5 Staszewska Nina 800 6 Tudek Aleksandra 750 7 G\u0142a\u017cewska Julia 500 8 Mazur Nina 250 8 K\u0119dracka Nadia 250 10 Filipowicz Anna 150 11 Pawli\u0144ska Melania ... Dowiedz si\u0119 wi\u0119cej\" \/>\n<meta property=\"og:url\" content=\"https:\/\/mc.korty.org\/?page_id=347\" \/>\n<meta property=\"article:modified_time\" content=\"2025-09-03T17:28:18+00:00\" \/>\n<meta name=\"twitter:card\" content=\"summary_large_image\" \/>\n<meta name=\"twitter:label1\" content=\"Szacowany czas czytania\" \/>\n\t<meta name=\"twitter:data1\" content=\"1 minuta\" \/>\n<script type=\"application\/ld+json\" class=\"yoast-schema-graph\">{\"@context\":\"https:\/\/schema.org\",\"@graph\":[{\"@type\":\"WebPage\",\"@id\":\"https:\/\/mc.korty.org\/?page_id=347\",\"url\":\"https:\/\/mc.korty.org\/?page_id=347\",\"name\":\"Ranking 2024 -\",\"isPartOf\":{\"@id\":\"https:\/\/mc.korty.org\/#website\"},\"datePublished\":\"2024-12-06T17:04:19+00:00\",\"dateModified\":\"2025-09-03T17:28:18+00:00\",\"breadcrumb\":{\"@id\":\"https:\/\/mc.korty.org\/?page_id=347#breadcrumb\"},\"inLanguage\":\"pl-PL\",\"potentialAction\":[{\"@type\":\"ReadAction\",\"target\":[\"https:\/\/mc.korty.org\/?page_id=347\"]}]},{\"@type\":\"BreadcrumbList\",\"@id\":\"https:\/\/mc.korty.org\/?page_id=347#breadcrumb\",\"itemListElement\":[{\"@type\":\"ListItem\",\"position\":1,\"name\":\"Strona g\u0142\u00f3wna\",\"item\":\"https:\/\/mc.korty.org\/\"},{\"@type\":\"ListItem\",\"position\":2,\"name\":\"Ranking 2024\"}]},{\"@type\":\"WebSite\",\"@id\":\"https:\/\/mc.korty.org\/#website\",\"url\":\"https:\/\/mc.korty.org\/\",\"name\":\"\",\"description\":\"\",\"potentialAction\":[{\"@type\":\"SearchAction\",\"target\":{\"@type\":\"EntryPoint\",\"urlTemplate\":\"https:\/\/mc.korty.org\/?s={search_term_string}\"},\"query-input\":{\"@type\":\"PropertyValueSpecification\",\"valueRequired\":true,\"valueName\":\"search_term_string\"}}],\"inLanguage\":\"pl-PL\"}]}<\/script>\n<!-- \/ Yoast SEO plugin. -->","yoast_head_json":{"title":"Ranking 2024 -","robots":{"index":"index","follow":"follow","max-snippet":"max-snippet:-1","max-image-preview":"max-image-preview:large","max-video-preview":"max-video-preview:-1"},"canonical":"https:\/\/mc.korty.org\/?page_id=347","og_locale":"pl_PL","og_type":"article","og_title":"Ranking 2024 -","og_description":"DZ12 CH12 DZ14 CH14 DZ16 CH16 DZIEWCZ\u0118TA U14 lp imi\u0119 nazwisko punkty 1 Cibor Dominika 2650 2 Helena Korkozowicz 1550 3 Wr\u00f3bel Aleksandra 1450 4 Kubi\u0144ska-Zachwiej Aleksandra 1350 5 Staszewska Nina 800 6 Tudek Aleksandra 750 7 G\u0142a\u017cewska Julia 500 8 Mazur Nina 250 8 K\u0119dracka Nadia 250 10 Filipowicz Anna 150 11 Pawli\u0144ska Melania ... Dowiedz si\u0119 wi\u0119cej","og_url":"https:\/\/mc.korty.org\/?page_id=347","article_modified_time":"2025-09-03T17:28:18+00:00","twitter_card":"summary_large_image","twitter_misc":{"Szacowany czas czytania":"1 minuta"},"schema":{"@context":"https:\/\/schema.org","@graph":[{"@type":"WebPage","@id":"https:\/\/mc.korty.org\/?page_id=347","url":"https:\/\/mc.korty.org\/?page_id=347","name":"Ranking 2024 -","isPartOf":{"@id":"https:\/\/mc.korty.org\/#website"},"datePublished":"2024-12-06T17:04:19+00:00","dateModified":"2025-09-03T17:28:18+00:00","breadcrumb":{"@id":"https:\/\/mc.korty.org\/?page_id=347#breadcrumb"},"inLanguage":"pl-PL","potentialAction":[{"@type":"ReadAction","target":["https:\/\/mc.korty.org\/?page_id=347"]}]},{"@type":"BreadcrumbList","@id":"https:\/\/mc.korty.org\/?page_id=347#breadcrumb","itemListElement":[{"@type":"ListItem","position":1,"name":"Strona g\u0142\u00f3wna","item":"https:\/\/mc.korty.org\/"},{"@type":"ListItem","position":2,"name":"Ranking 2024"}]},{"@type":"WebSite","@id":"https:\/\/mc.korty.org\/#website","url":"https:\/\/mc.korty.org\/","name":"","description":"","potentialAction":[{"@type":"SearchAction","target":{"@type":"EntryPoint","urlTemplate":"https:\/\/mc.korty.org\/?s={search_term_string}"},"query-input":{"@type":"PropertyValueSpecification","valueRequired":true,"valueName":"search_term_string"}}],"inLanguage":"pl-PL"}]}},"_links":{"self":[{"href":"https:\/\/mc.korty.org\/index.php?rest_route=\/wp\/v2\/pages\/347","targetHints":{"allow":["GET"]}}],"collection":[{"href":"https:\/\/mc.korty.org\/index.php?rest_route=\/wp\/v2\/pages"}],"about":[{"href":"https:\/\/mc.korty.org\/index.php?rest_route=\/wp\/v2\/types\/page"}],"author":[{"embeddable":true,"href":"https:\/\/mc.korty.org\/index.php?rest_route=\/wp\/v2\/users\/1"}],"replies":[{"embeddable":true,"href":"https:\/\/mc.korty.org\/index.php?rest_route=%2Fwp%2Fv2%2Fcomments&post=347"}],"version-history":[{"count":17,"href":"https:\/\/mc.korty.org\/index.php?rest_route=\/wp\/v2\/pages\/347\/revisions"}],"predecessor-version":[{"id":534,"href":"https:\/\/mc.korty.org\/index.php?rest_route=\/wp\/v2\/pages\/347\/revisions\/534"}],"wp:attachment":[{"href":"https:\/\/mc.korty.org\/index.php?rest_route=%2Fwp%2Fv2%2Fmedia&parent=347"}],"curies":[{"name":"wp","href":"https:\/\/api.w.org\/{rel}","templated":true}]}}