{"id":353,"date":"2024-12-06T17:17:16","date_gmt":"2024-12-06T17:17:16","guid":{"rendered":"https:\/\/mc.korty.org\/?page_id=353"},"modified":"2025-09-03T17:24:51","modified_gmt":"2025-09-03T17:24:51","slug":"rankingi-u16","status":"publish","type":"page","link":"https:\/\/mc.korty.org\/?page_id=353","title":{"rendered":"Ranking 2024"},"content":{"rendered":"<style>\n  .entry-content button,\n  .entry-content .wp-block-button__link {\n    margin-bottom: 2px;\n    display: inline-block; \n  }\n<\/style>\n<p><a href=\"https:\/\/mc.korty.org\/?page_id=329\"><button>DZ12<\/button><\/a> <a href=\"https:\/\/mc.korty.org\/?page_id=336\"><button>CH12<\/button><\/a> <a href=\"https:\/\/mc.korty.org\/?page_id=347\"><button>DZ14<\/button><\/a> <a href=\"https:\/\/mc.korty.org\/?page_id=349\"><button>CH14<\/button><\/a> <button style=\"background:#aaa\">DZ16<\/button> <a href=\"https:\/\/mc.korty.org\/?page_id=355\"><button>CH16<\/button><\/a><br \/>\n<H3>DZIEWCZ\u0118TA U16<\/H3><\/p>\n<table>\n<thead>\n<tr>\n<th>lp<\/th>\n<th>imi\u0119 nazwisko<\/th>\n<th>punkty<\/th>\n<\/tr>\n<\/thead>\n<tbody>\n<tr>\n<td>1<\/td>\n<td>Katarzyna Siek<\/td>\n<td>1100<\/td>\n<\/tr>\n<tr>\n<td>2<\/td>\n<td>Lena Ceglarz<\/td>\n<td>751<\/td>\n<\/tr>\n<tr>\n<td>3<\/td>\n<td>Natasza Szcz\u0119sna<\/td>\n<td>500<\/td>\n<\/tr>\n<tr>\n<td>4<\/td>\n<td>Nikola Gielniowska<\/td>\n<td>400<\/td>\n<\/tr>\n<tr>\n<td>5<\/td>\n<td>Amelia Tabor<\/td>\n<td>350<\/td>\n<\/tr>\n<tr>\n<td>6<\/td>\n<td>Aleksandra \u017belazko<\/td>\n<td>251<\/td>\n<\/tr>\n<tr>\n<td>7<\/td>\n<td>Marysia Ostrowska<\/td>\n<td>150<\/td>\n<\/tr>\n<tr>\n<td>8<\/td>\n<td>Antonina Ptaszek<\/td>\n<td>2<\/td>\n<\/tr>\n<tr>\n<td>9<\/td>\n<td>Soboniak Matylda<\/td>\n<td>1<\/td>\n<\/tr>\n<\/tbody>\n<\/table>\n","protected":false},"excerpt":{"rendered":"<p>DZ12 CH12 DZ14 CH14 DZ16 CH16 DZIEWCZ\u0118TA U16 lp imi\u0119 nazwisko punkty 1 Katarzyna Siek 1100 2 Lena Ceglarz 751 3 Natasza Szcz\u0119sna 500 4 Nikola Gielniowska 400 5 Amelia Tabor 350 6 Aleksandra \u017belazko 251 7 Marysia Ostrowska 150 8 Antonina Ptaszek 2 9 Soboniak Matylda 1<\/p>\n","protected":false},"author":1,"featured_media":0,"parent":0,"menu_order":0,"comment_status":"closed","ping_status":"closed","template":"","meta":{"footnotes":""},"class_list":["post-353","page","type-page","status-publish"],"yoast_head":"<!-- This site is optimized with the Yoast SEO plugin v23.5 - https:\/\/yoast.com\/wordpress\/plugins\/seo\/ -->\n<title>Ranking 2024 -<\/title>\n<meta name=\"robots\" content=\"index, follow, max-snippet:-1, max-image-preview:large, max-video-preview:-1\" \/>\n<link rel=\"canonical\" href=\"https:\/\/mc.korty.org\/?page_id=353\" \/>\n<meta property=\"og:locale\" content=\"pl_PL\" \/>\n<meta property=\"og:type\" content=\"article\" \/>\n<meta property=\"og:title\" content=\"Ranking 2024 -\" \/>\n<meta property=\"og:description\" content=\"DZ12 CH12 DZ14 CH14 DZ16 CH16 DZIEWCZ\u0118TA U16 lp imi\u0119 nazwisko punkty 1 Katarzyna Siek 1100 2 Lena Ceglarz 751 3 Natasza Szcz\u0119sna 500 4 Nikola Gielniowska 400 5 Amelia Tabor 350 6 Aleksandra \u017belazko 251 7 Marysia Ostrowska 150 8 Antonina Ptaszek 2 9 Soboniak Matylda 1\" \/>\n<meta property=\"og:url\" content=\"https:\/\/mc.korty.org\/?page_id=353\" \/>\n<meta property=\"article:modified_time\" content=\"2025-09-03T17:24:51+00:00\" \/>\n<meta name=\"twitter:card\" content=\"summary_large_image\" \/>\n<meta name=\"twitter:label1\" content=\"Szacowany czas czytania\" \/>\n\t<meta name=\"twitter:data1\" content=\"1 minuta\" \/>\n<script type=\"application\/ld+json\" class=\"yoast-schema-graph\">{\"@context\":\"https:\/\/schema.org\",\"@graph\":[{\"@type\":\"WebPage\",\"@id\":\"https:\/\/mc.korty.org\/?page_id=353\",\"url\":\"https:\/\/mc.korty.org\/?page_id=353\",\"name\":\"Ranking 2024 -\",\"isPartOf\":{\"@id\":\"https:\/\/mc.korty.org\/#website\"},\"datePublished\":\"2024-12-06T17:17:16+00:00\",\"dateModified\":\"2025-09-03T17:24:51+00:00\",\"breadcrumb\":{\"@id\":\"https:\/\/mc.korty.org\/?page_id=353#breadcrumb\"},\"inLanguage\":\"pl-PL\",\"potentialAction\":[{\"@type\":\"ReadAction\",\"target\":[\"https:\/\/mc.korty.org\/?page_id=353\"]}]},{\"@type\":\"BreadcrumbList\",\"@id\":\"https:\/\/mc.korty.org\/?page_id=353#breadcrumb\",\"itemListElement\":[{\"@type\":\"ListItem\",\"position\":1,\"name\":\"Strona g\u0142\u00f3wna\",\"item\":\"https:\/\/mc.korty.org\/\"},{\"@type\":\"ListItem\",\"position\":2,\"name\":\"Ranking 2024\"}]},{\"@type\":\"WebSite\",\"@id\":\"https:\/\/mc.korty.org\/#website\",\"url\":\"https:\/\/mc.korty.org\/\",\"name\":\"\",\"description\":\"\",\"potentialAction\":[{\"@type\":\"SearchAction\",\"target\":{\"@type\":\"EntryPoint\",\"urlTemplate\":\"https:\/\/mc.korty.org\/?s={search_term_string}\"},\"query-input\":{\"@type\":\"PropertyValueSpecification\",\"valueRequired\":true,\"valueName\":\"search_term_string\"}}],\"inLanguage\":\"pl-PL\"}]}<\/script>\n<!-- \/ Yoast SEO plugin. -->","yoast_head_json":{"title":"Ranking 2024 -","robots":{"index":"index","follow":"follow","max-snippet":"max-snippet:-1","max-image-preview":"max-image-preview:large","max-video-preview":"max-video-preview:-1"},"canonical":"https:\/\/mc.korty.org\/?page_id=353","og_locale":"pl_PL","og_type":"article","og_title":"Ranking 2024 -","og_description":"DZ12 CH12 DZ14 CH14 DZ16 CH16 DZIEWCZ\u0118TA U16 lp imi\u0119 nazwisko punkty 1 Katarzyna Siek 1100 2 Lena Ceglarz 751 3 Natasza Szcz\u0119sna 500 4 Nikola Gielniowska 400 5 Amelia Tabor 350 6 Aleksandra \u017belazko 251 7 Marysia Ostrowska 150 8 Antonina Ptaszek 2 9 Soboniak Matylda 1","og_url":"https:\/\/mc.korty.org\/?page_id=353","article_modified_time":"2025-09-03T17:24:51+00:00","twitter_card":"summary_large_image","twitter_misc":{"Szacowany czas czytania":"1 minuta"},"schema":{"@context":"https:\/\/schema.org","@graph":[{"@type":"WebPage","@id":"https:\/\/mc.korty.org\/?page_id=353","url":"https:\/\/mc.korty.org\/?page_id=353","name":"Ranking 2024 -","isPartOf":{"@id":"https:\/\/mc.korty.org\/#website"},"datePublished":"2024-12-06T17:17:16+00:00","dateModified":"2025-09-03T17:24:51+00:00","breadcrumb":{"@id":"https:\/\/mc.korty.org\/?page_id=353#breadcrumb"},"inLanguage":"pl-PL","potentialAction":[{"@type":"ReadAction","target":["https:\/\/mc.korty.org\/?page_id=353"]}]},{"@type":"BreadcrumbList","@id":"https:\/\/mc.korty.org\/?page_id=353#breadcrumb","itemListElement":[{"@type":"ListItem","position":1,"name":"Strona g\u0142\u00f3wna","item":"https:\/\/mc.korty.org\/"},{"@type":"ListItem","position":2,"name":"Ranking 2024"}]},{"@type":"WebSite","@id":"https:\/\/mc.korty.org\/#website","url":"https:\/\/mc.korty.org\/","name":"","description":"","potentialAction":[{"@type":"SearchAction","target":{"@type":"EntryPoint","urlTemplate":"https:\/\/mc.korty.org\/?s={search_term_string}"},"query-input":{"@type":"PropertyValueSpecification","valueRequired":true,"valueName":"search_term_string"}}],"inLanguage":"pl-PL"}]}},"_links":{"self":[{"href":"https:\/\/mc.korty.org\/index.php?rest_route=\/wp\/v2\/pages\/353","targetHints":{"allow":["GET"]}}],"collection":[{"href":"https:\/\/mc.korty.org\/index.php?rest_route=\/wp\/v2\/pages"}],"about":[{"href":"https:\/\/mc.korty.org\/index.php?rest_route=\/wp\/v2\/types\/page"}],"author":[{"embeddable":true,"href":"https:\/\/mc.korty.org\/index.php?rest_route=\/wp\/v2\/users\/1"}],"replies":[{"embeddable":true,"href":"https:\/\/mc.korty.org\/index.php?rest_route=%2Fwp%2Fv2%2Fcomments&post=353"}],"version-history":[{"count":14,"href":"https:\/\/mc.korty.org\/index.php?rest_route=\/wp\/v2\/pages\/353\/revisions"}],"predecessor-version":[{"id":527,"href":"https:\/\/mc.korty.org\/index.php?rest_route=\/wp\/v2\/pages\/353\/revisions\/527"}],"wp:attachment":[{"href":"https:\/\/mc.korty.org\/index.php?rest_route=%2Fwp%2Fv2%2Fmedia&parent=353"}],"curies":[{"name":"wp","href":"https:\/\/api.w.org\/{rel}","templated":true}]}}