{"id":355,"date":"2024-12-06T17:19:01","date_gmt":"2024-12-06T17:19:01","guid":{"rendered":"https:\/\/mc.korty.org\/?page_id=355"},"modified":"2025-09-03T17:20:46","modified_gmt":"2025-09-03T17:20:46","slug":"rankingi-u16-2","status":"publish","type":"page","link":"https:\/\/mc.korty.org\/?page_id=355","title":{"rendered":"Ranking 2024"},"content":{"rendered":"<style>\n  .entry-content button,\n  .entry-content .wp-block-button__link {\n    margin-bottom: 2px;\n    display: inline-block; \n  }\n<\/style>\n<p><a href=\"https:\/\/mc.korty.org\/?page_id=329\"><button>DZ12<\/button><\/a> <a href=\"https:\/\/mc.korty.org\/?page_id=336\"><button>CH12<\/button><\/a> <a href=\"https:\/\/mc.korty.org\/?page_id=347\"><button>DZ14<\/button><\/a> <a href=\"https:\/\/mc.korty.org\/?page_id=349\"><button>CH14<\/button><\/a> <a href=\"https:\/\/mc.korty.org\/?page_id=353\"><button>DZ16<\/button><\/a> <button style=\"background:#aaa\">CH16<\/button><br \/>\n<H3>CH\u0141OPCY U16<\/H3><\/p>\n<table>\n<thead>\n<tr>\n<th>lp<\/th>\n<th>imi\u0119 nazwisko<\/th>\n<th>punkty<\/th>\n<\/tr>\n<\/thead>\n<tbody>\n<tr>\n<td>1<\/td>\n<td>Mateusz Pryzmont<\/td>\n<td>1500<\/td>\n<\/tr>\n<tr>\n<td>2<\/td>\n<td>Maksym Kielak<\/td>\n<td>850<\/td>\n<\/tr>\n<tr>\n<td>3<\/td>\n<td>Mateusz Or\u0142owski<\/td>\n<td>450<\/td>\n<\/tr>\n<tr>\n<td>4<\/td>\n<td>Pawe\u0142 Koz\u0142ow<\/td>\n<td>430<\/td>\n<\/tr>\n<tr>\n<td>5<\/td>\n<td>Aleksander Modzelewski<\/td>\n<td>350<\/td>\n<\/tr>\n<tr>\n<td>5<\/td>\n<td>Oracz Krzysztof<\/td>\n<td>350<\/td>\n<\/tr>\n<tr>\n<td>7<\/td>\n<td>Piotr Polak<\/td>\n<td>250<\/td>\n<\/tr>\n<tr>\n<td>7<\/td>\n<td>Ignacy Malec<\/td>\n<td>250<\/td>\n<\/tr>\n<tr>\n<td>7<\/td>\n<td>Matelski Konrad<\/td>\n<td>250<\/td>\n<\/tr>\n<tr>\n<td>10<\/td>\n<td>Tymon \u017bepielski<\/td>\n<td>150<\/td>\n<\/tr>\n<tr>\n<td>10<\/td>\n<td>Szymon Mistewicz<\/td>\n<td>150<\/td>\n<\/tr>\n<tr>\n<td>10<\/td>\n<td>R\u00f3\u017canowski Miko\u0142aj<\/td>\n<td>150<\/td>\n<\/tr>\n<tr>\n<td>16<\/td>\n<td>Szymon Sar<\/td>\n<td>90<\/td>\n<\/tr>\n<tr>\n<td>16<\/td>\n<td>Tratkiewicz Aleksander<\/td>\n<td>90<\/td>\n<\/tr>\n<tr>\n<td>16<\/td>\n<td>Krugli\u0144ski Jakub<\/td>\n<td>90<\/td>\n<\/tr>\n<tr>\n<td>19<\/td>\n<td>Szymon Kwiatkowski<\/td>\n<td>2<\/td>\n<\/tr>\n<tr>\n<td>20<\/td>\n<td>Ksawery Dobosz<\/td>\n<td>1<\/td>\n<\/tr>\n<tr>\n<td>20<\/td>\n<td>Andrzej Bogus\u0142awski<\/td>\n<td>1<\/td>\n<\/tr>\n<tr>\n<td>20<\/td>\n<td>Mateusz \u0141ukomski<\/td>\n<td>1<\/td>\n<\/tr>\n<tr>\n<td>20<\/td>\n<td>Marcel Kosiec<\/td>\n<td>1<\/td>\n<\/tr>\n<tr>\n<td>20<\/td>\n<td>Antoni W\u00f3jtowicz<\/td>\n<td>1<\/td>\n<\/tr>\n<\/tbody>\n<\/table>\n","protected":false},"excerpt":{"rendered":"<p>DZ12 CH12 DZ14 CH14 DZ16 CH16 CH\u0141OPCY U16 lp imi\u0119 nazwisko punkty 1 Mateusz Pryzmont 1500 2 Maksym Kielak 850 3 Mateusz Or\u0142owski 450 4 Pawe\u0142 Koz\u0142ow 430 5 Aleksander Modzelewski 350 5 Oracz Krzysztof 350 7 Piotr Polak 250 7 Ignacy Malec 250 7 Matelski Konrad 250 10 Tymon \u017bepielski 150 10 Szymon Mistewicz &#8230; <a title=\"Ranking 2024\" class=\"read-more\" href=\"https:\/\/mc.korty.org\/?page_id=355\" aria-label=\"Read more about Ranking 2024\">Dowiedz si\u0119 wi\u0119cej<\/a><\/p>\n","protected":false},"author":1,"featured_media":0,"parent":0,"menu_order":0,"comment_status":"closed","ping_status":"closed","template":"","meta":{"footnotes":""},"class_list":["post-355","page","type-page","status-publish"],"yoast_head":"<!-- This site is optimized with the Yoast SEO plugin v23.5 - https:\/\/yoast.com\/wordpress\/plugins\/seo\/ -->\n<title>Ranking 2024 -<\/title>\n<meta name=\"robots\" content=\"index, follow, max-snippet:-1, max-image-preview:large, max-video-preview:-1\" \/>\n<link rel=\"canonical\" href=\"https:\/\/mc.korty.org\/?page_id=355\" \/>\n<meta property=\"og:locale\" content=\"pl_PL\" \/>\n<meta property=\"og:type\" content=\"article\" \/>\n<meta property=\"og:title\" content=\"Ranking 2024 -\" \/>\n<meta property=\"og:description\" content=\"DZ12 CH12 DZ14 CH14 DZ16 CH16 CH\u0141OPCY U16 lp imi\u0119 nazwisko punkty 1 Mateusz Pryzmont 1500 2 Maksym Kielak 850 3 Mateusz Or\u0142owski 450 4 Pawe\u0142 Koz\u0142ow 430 5 Aleksander Modzelewski 350 5 Oracz Krzysztof 350 7 Piotr Polak 250 7 Ignacy Malec 250 7 Matelski Konrad 250 10 Tymon \u017bepielski 150 10 Szymon Mistewicz ... Dowiedz si\u0119 wi\u0119cej\" \/>\n<meta property=\"og:url\" content=\"https:\/\/mc.korty.org\/?page_id=355\" \/>\n<meta property=\"article:modified_time\" content=\"2025-09-03T17:20:46+00:00\" \/>\n<meta name=\"twitter:card\" content=\"summary_large_image\" \/>\n<meta name=\"twitter:label1\" content=\"Szacowany czas czytania\" \/>\n\t<meta name=\"twitter:data1\" content=\"1 minuta\" \/>\n<script type=\"application\/ld+json\" class=\"yoast-schema-graph\">{\"@context\":\"https:\/\/schema.org\",\"@graph\":[{\"@type\":\"WebPage\",\"@id\":\"https:\/\/mc.korty.org\/?page_id=355\",\"url\":\"https:\/\/mc.korty.org\/?page_id=355\",\"name\":\"Ranking 2024 -\",\"isPartOf\":{\"@id\":\"https:\/\/mc.korty.org\/#website\"},\"datePublished\":\"2024-12-06T17:19:01+00:00\",\"dateModified\":\"2025-09-03T17:20:46+00:00\",\"breadcrumb\":{\"@id\":\"https:\/\/mc.korty.org\/?page_id=355#breadcrumb\"},\"inLanguage\":\"pl-PL\",\"potentialAction\":[{\"@type\":\"ReadAction\",\"target\":[\"https:\/\/mc.korty.org\/?page_id=355\"]}]},{\"@type\":\"BreadcrumbList\",\"@id\":\"https:\/\/mc.korty.org\/?page_id=355#breadcrumb\",\"itemListElement\":[{\"@type\":\"ListItem\",\"position\":1,\"name\":\"Strona g\u0142\u00f3wna\",\"item\":\"https:\/\/mc.korty.org\/\"},{\"@type\":\"ListItem\",\"position\":2,\"name\":\"Ranking 2024\"}]},{\"@type\":\"WebSite\",\"@id\":\"https:\/\/mc.korty.org\/#website\",\"url\":\"https:\/\/mc.korty.org\/\",\"name\":\"\",\"description\":\"\",\"potentialAction\":[{\"@type\":\"SearchAction\",\"target\":{\"@type\":\"EntryPoint\",\"urlTemplate\":\"https:\/\/mc.korty.org\/?s={search_term_string}\"},\"query-input\":{\"@type\":\"PropertyValueSpecification\",\"valueRequired\":true,\"valueName\":\"search_term_string\"}}],\"inLanguage\":\"pl-PL\"}]}<\/script>\n<!-- \/ Yoast SEO plugin. -->","yoast_head_json":{"title":"Ranking 2024 -","robots":{"index":"index","follow":"follow","max-snippet":"max-snippet:-1","max-image-preview":"max-image-preview:large","max-video-preview":"max-video-preview:-1"},"canonical":"https:\/\/mc.korty.org\/?page_id=355","og_locale":"pl_PL","og_type":"article","og_title":"Ranking 2024 -","og_description":"DZ12 CH12 DZ14 CH14 DZ16 CH16 CH\u0141OPCY U16 lp imi\u0119 nazwisko punkty 1 Mateusz Pryzmont 1500 2 Maksym Kielak 850 3 Mateusz Or\u0142owski 450 4 Pawe\u0142 Koz\u0142ow 430 5 Aleksander Modzelewski 350 5 Oracz Krzysztof 350 7 Piotr Polak 250 7 Ignacy Malec 250 7 Matelski Konrad 250 10 Tymon \u017bepielski 150 10 Szymon Mistewicz ... Dowiedz si\u0119 wi\u0119cej","og_url":"https:\/\/mc.korty.org\/?page_id=355","article_modified_time":"2025-09-03T17:20:46+00:00","twitter_card":"summary_large_image","twitter_misc":{"Szacowany czas czytania":"1 minuta"},"schema":{"@context":"https:\/\/schema.org","@graph":[{"@type":"WebPage","@id":"https:\/\/mc.korty.org\/?page_id=355","url":"https:\/\/mc.korty.org\/?page_id=355","name":"Ranking 2024 -","isPartOf":{"@id":"https:\/\/mc.korty.org\/#website"},"datePublished":"2024-12-06T17:19:01+00:00","dateModified":"2025-09-03T17:20:46+00:00","breadcrumb":{"@id":"https:\/\/mc.korty.org\/?page_id=355#breadcrumb"},"inLanguage":"pl-PL","potentialAction":[{"@type":"ReadAction","target":["https:\/\/mc.korty.org\/?page_id=355"]}]},{"@type":"BreadcrumbList","@id":"https:\/\/mc.korty.org\/?page_id=355#breadcrumb","itemListElement":[{"@type":"ListItem","position":1,"name":"Strona g\u0142\u00f3wna","item":"https:\/\/mc.korty.org\/"},{"@type":"ListItem","position":2,"name":"Ranking 2024"}]},{"@type":"WebSite","@id":"https:\/\/mc.korty.org\/#website","url":"https:\/\/mc.korty.org\/","name":"","description":"","potentialAction":[{"@type":"SearchAction","target":{"@type":"EntryPoint","urlTemplate":"https:\/\/mc.korty.org\/?s={search_term_string}"},"query-input":{"@type":"PropertyValueSpecification","valueRequired":true,"valueName":"search_term_string"}}],"inLanguage":"pl-PL"}]}},"_links":{"self":[{"href":"https:\/\/mc.korty.org\/index.php?rest_route=\/wp\/v2\/pages\/355","targetHints":{"allow":["GET"]}}],"collection":[{"href":"https:\/\/mc.korty.org\/index.php?rest_route=\/wp\/v2\/pages"}],"about":[{"href":"https:\/\/mc.korty.org\/index.php?rest_route=\/wp\/v2\/types\/page"}],"author":[{"embeddable":true,"href":"https:\/\/mc.korty.org\/index.php?rest_route=\/wp\/v2\/users\/1"}],"replies":[{"embeddable":true,"href":"https:\/\/mc.korty.org\/index.php?rest_route=%2Fwp%2Fv2%2Fcomments&post=355"}],"version-history":[{"count":18,"href":"https:\/\/mc.korty.org\/index.php?rest_route=\/wp\/v2\/pages\/355\/revisions"}],"predecessor-version":[{"id":525,"href":"https:\/\/mc.korty.org\/index.php?rest_route=\/wp\/v2\/pages\/355\/revisions\/525"}],"wp:attachment":[{"href":"https:\/\/mc.korty.org\/index.php?rest_route=%2Fwp%2Fv2%2Fmedia&parent=355"}],"curies":[{"name":"wp","href":"https:\/\/api.w.org\/{rel}","templated":true}]}}