{"id":385,"date":"2024-12-08T15:06:42","date_gmt":"2024-12-08T15:06:42","guid":{"rendered":"https:\/\/mc.korty.org\/?page_id=385"},"modified":"2024-12-08T15:06:42","modified_gmt":"2024-12-08T15:06:42","slug":"mazowsze-cup-u14-10","status":"publish","type":"page","link":"https:\/\/mc.korty.org\/?page_id=385","title":{"rendered":"Mazowsze Cup U14"},"content":{"rendered":"<p><strong><span class=\"fw-bold\">Termin:<\/span><\/strong>\u00a030-11-2024<br \/>\n<strong><span class=\"fw-bold\">Klub:<\/span><\/strong>\u00a0Fundacja ECT<\/p>\n<h2>&#8226; Dziewcz\u0119ta U14<\/h2>\n<h3>Grupa A<\/h3>\n<table border=\"1\">\n<tr>\n<th>LP<\/th>\n<th>Nazwisko Imi\u0119<\/th>\n<th>Zwyc<\/th>\n<\/tr>\n<tr>\n<td>1<\/td>\n<td>Helena Korkozowicz<\/td>\n<td>2<\/td>\n<\/tr>\n<tr>\n<td>2<\/td>\n<td>Aleksandra Kubi\u0144ska-Zachwieja<\/td>\n<td>1<\/td>\n<\/tr>\n<tr>\n<td>3<\/td>\n<td>Alicja Wicherska<\/td>\n<td>0<\/td>\n<\/tr>\n<\/table>\n<table border=\"1\">\n<tr>\n<th>Mecze<\/th>\n<th>Wyniki<\/th>\n<\/tr>\n<tr>\n<td>Alicja Wicherska &#8211; Helena Korkozowicz<\/td>\n<td>2:4, 1:4<\/td>\n<\/tr>\n<tr>\n<td>Alicja Wicherska &#8211; Aleksandra Kubi\u0144ska-Zachwieja<\/td>\n<td>3:4(5), 1:4<\/td>\n<\/tr>\n<tr>\n<td>Helena Korkozowicz &#8211; Aleksandra Kubi\u0144ska-Zachwieja<\/td>\n<td>4:0, 4:0<\/td>\n<\/tr>\n<\/table>\n<h3>Grupa B<\/h3>\n<table>\n<tr>\n<th>LP<\/th>\n<th>Nazwisko Imi\u0119<\/th>\n<th>Zwyc<\/th>\n<\/tr>\n<tr>\n<td>1<\/td>\n<td>Dominika Cibor<\/td>\n<td>3<\/td>\n<\/tr>\n<tr>\n<td>2<\/td>\n<td>Nina Staszewska<\/td>\n<td>2<\/td>\n<\/tr>\n<tr>\n<td>3<\/td>\n<td>Aleksandra Wr\u00f3bel<\/td>\n<td>1<\/td>\n<\/tr>\n<tr>\n<td>4<\/td>\n<td>Zuzanna Durka<\/td>\n<td>0<\/td>\n<\/tr>\n<\/table>\n<table>\n<tr>\n<th>Mecze<\/th>\n<th>Wyniki<\/th>\n<\/tr>\n<tr>\n<td>Aleksandra Wr\u00f3bel &#8211; Nina Staszewska<\/td>\n<td>2\/4, 4\/1 4-10 <\/td>\n<\/tr>\n<tr>\n<td>Aleksandra Wr\u00f3bel &#8211; Zuzanna Durka<\/td>\n<td>4\/0, 4\/0<\/td>\n<\/tr>\n<tr>\n<td>Aleksandra Wr\u00f3bel &#8211; Dominika Cibor<\/td>\n<td>2\/4, 0\/4<\/td>\n<\/tr>\n<tr>\n<td>Nina Staszewska &#8211; Zuzanna Durka<\/td>\n<td>4\/0 4\/3<\/td>\n<\/tr>\n<tr>\n<td>Nina Staszewska &#8211; Dominika Cibor<\/td>\n<td>2\/4, 2\/4<\/td>\n<\/tr>\n<tr>\n<td>Zuzanna Durka &#8211; Dominika Cibor<\/td>\n<td>0\/4, 3\/4(4)<\/td>\n<\/tr>\n<\/table>\n<h3>P\u00f3\u0142fina\u0142y<\/h3>\n<table>\n<tr>\n<th>Mecz<\/th>\n<th>Wynik<\/th>\n<\/tr>\n<tr>\n<td>Dominika Cibor &#8211; Aleksandra Kubi\u0144ska-Zachwieja<\/td>\n<td>4\/1 4\/2<\/td>\n<\/tr>\n<tr>\n<td>Helena Korkozowicz &#8211; Nina Staszewska<\/td>\n<td>4\/2 4\/2<\/td>\n<\/tr>\n<\/table>\n<h3>Fina\u0142<\/h3>\n<table>\n<tr>\n<th>Mecz<\/th>\n<th>Wynik<\/th>\n<\/tr>\n<tr>\n<td>Dominika Cibor &#8211; Helena Korkozowicz<\/td>\n<td>4\/1 4\/2<\/td>\n<\/tr>\n<\/table>\n<h2>&#8226; Ch\u0142opcy U14<\/h2>\n<h3>Grupa A <\/h3>\n<table>\n<tr>\n<th>lp<\/th>\n<th>Nazwisko Imi\u0119<\/th>\n<th>Zwyc<\/th>\n<\/tr>\n<tr>\n<td>1<\/td>\n<td>Franciszek Bodasi\u0144ski<\/td>\n<td>3<\/td>\n<\/tr>\n<tr>\n<td>2<\/td>\n<td>W\u0142adys\u0142aw Bara\u0144czyk<\/td>\n<td>2<\/td>\n<\/tr>\n<tr>\n<td>3<\/td>\n<td>Antoni Czajkowski<\/td>\n<td>1<\/td>\n<\/tr>\n<tr>\n<td>4<\/td>\n<td>Antoni Mo\u015bcicki<\/td>\n<td>0<\/td>\n<\/tr>\n<\/table>\n<table>\n<tr>\n<th>Mecz<\/th>\n<th>Wynik<\/th>\n<\/tr>\n<tr>\n<td>W\u0142adys\u0142aw Bara\u0144czyk \u2013 Antoni Mo\u015bcicki<\/td>\n<td>4\/0 4\/0<\/td>\n<\/tr>\n<tr>\n<td>W\u0142adys\u0142aw Bara\u0144czyk \u2013 Franciszek Bodasi\u0144ski<\/td>\n<td>0\/4 0\/4<\/td>\n<\/tr>\n<tr>\n<td>W\u0142adys\u0142aw Bara\u0144czyk \u2013 Antoni Czajkowski<\/td>\n<td>4\/0 4\/1<\/td>\n<\/tr>\n<tr>\n<td>Antoni Mo\u015bcicki \u2013 Franciszek Bodasi\u0144ski<\/td>\n<td>0\/4 0\/4<\/td>\n<\/tr>\n<tr>\n<td>Antoni Mo\u015bcicki \u2013 Antoni Czajkowski<\/td>\n<td>0\/4 0\/4<\/td>\n<\/tr>\n<tr>\n<td>Franciszek Bodasi\u0144ski \u2013 Antoni Czajkowski<\/td>\n<td>4\/0 4\/2<\/td>\n<\/tr>\n<\/table>\n<h3>Grupa B<\/h3>\n<table>\n<tr>\n<th>lp<\/th>\n<th>Nazwisko Imi\u0119<\/th>\n<th>Zwyc<\/th>\n<\/tr>\n<tr>\n<td>1<\/td>\n<td>Antoni S\u0142omski<\/td>\n<td>3<\/td>\n<\/tr>\n<tr>\n<td>2<\/td>\n<td>Norbert Leoniuk<\/td>\n<td>2<\/td>\n<\/tr>\n<tr>\n<td>3<\/td>\n<td>Ignacy Gozdyrda<\/td>\n<td>1<\/td>\n<\/tr>\n<tr>\n<td>4<\/td>\n<td>Wiktor Wicherski<\/td>\n<td>0<\/td>\n<\/tr>\n<\/table>\n<table>\n<tr>\n<th>Mecz<\/th>\n<th>Wynik<\/th>\n<\/tr>\n<tr>\n<td>Wiktor Wicherski \u2013 Antoni S\u0142omski<\/td>\n<td>1\/4 0\/4<\/td>\n<\/tr>\n<tr>\n<td>Wiktor Wicherski \u2013 Norbert Leoniuk<\/td>\n<td>1\/4 3\/4<\/td>\n<\/tr>\n<tr>\n<td>Wiktor Wicherski \u2013 Ignacy Gozdyrda<\/td>\n<td>2\/4 3\/4<\/td>\n<\/tr>\n<tr>\n<td>Antoni S\u0142omski \u2013 Norbert Leoniuk<\/td>\n<td>4\/1 4\/3<\/td>\n<\/tr>\n<tr>\n<td>Antoni S\u0142omski \u2013 Ignacy Gozdyrda<\/td>\n<td>4\/1 4\/0<\/td>\n<\/tr>\n<tr>\n<td>Norbert Leoniuk \u2013 Ignacy Gozdyrda<\/td>\n<td>4\/1 4\/1<\/td>\n<\/tr>\n<\/table>\n<h3>Grupa C<\/h3>\n<table>\n<tr>\n<th>lp<\/th>\n<th>Nazwisko Imi\u0119<\/th>\n<th>Zwyc<\/th>\n<th>Gemy<\/th>\n<\/tr>\n<tr>\n<td>1<\/td>\n<td>Antoni Kwiatkowski<\/td>\n<td>4<\/td>\n<td>8-0<\/td>\n<\/tr>\n<tr>\n<td>2<\/td>\n<td>Kamil Grodzki<\/td>\n<td>2<\/td>\n<td>5-4<\/td>\n<\/tr>\n<tr>\n<td>3<\/td>\n<td>Jan Ho\u0142odniak<\/td>\n<td>2<\/td>\n<td>4-4<\/td>\n<\/tr>\n<tr>\n<td>4<\/td>\n<td>Filip Rzepecki<\/td>\n<td>2<\/td>\n<td>4-5<\/td>\n<\/tr>\n<tr>\n<td>5<\/td>\n<td>Aleksander Chodzy\u0144ski<\/td>\n<td>0<\/td>\n<td>0-8<\/td>\n<\/tr>\n<\/table>\n<table>\n<tr>\n<th>Mecz<\/th>\n<th>Wynik<\/th>\n<\/tr>\n<tr>\n<td>Jan Ho\u0142odniak \u2013 Aleksander Chodzy\u0144ski<\/td>\n<td>4\/2 4\/1<\/td>\n<\/tr>\n<tr>\n<td>Jan Ho\u0142odniak \u2013 Filip Rzepecki<\/td>\n<td>4\/3 4\/3<\/td>\n<\/tr>\n<tr>\n<td>Jan Ho\u0142odniak \u2013 Kamil Grodzki<\/td>\n<td>1\/4 3\/4<\/td>\n<\/tr>\n<tr>\n<td>Jan Ho\u0142odniak \u2013 Antoni Kwiatkowski<\/td>\n<td>0\/4 1\/4<\/td>\n<\/tr>\n<tr>\n<td>Aleksander Chodzy\u0144ski \u2013 Filip Rzepecki<\/td>\n<td>2\/4 2\/4<\/td>\n<\/tr>\n<tr>\n<td>Aleksander Chodzy\u0144ski \u2013 Kamil Grodzki<\/td>\n<td>0\/4 0\/4<\/td>\n<\/tr>\n<tr>\n<td>Aleksander Chodzy\u0144ski \u2013 Antoni Kwiatkowski<\/td>\n<td>0\/4 0\/4<\/td>\n<\/tr>\n<tr>\n<td>Filip Rzepecki \u2013 Kamil Grodzki<\/td>\n<td>3\/4 4\/2 10-3<\/td>\n<\/tr>\n<tr>\n<td>Filip Rzepecki \u2013 Antoni Kwiatkowski<\/td>\n<td>0\/4 0\/4<\/td>\n<\/tr>\n<tr>\n<td>Kamil Grodzki \u2013 Antoni Kwiatkowski<\/td>\n<td>1\/4 0\/4<\/td>\n<\/tr>\n<\/table>\n<h3>\u0106wier\u0107fina\u0142y<\/h3>\n<table>\n<tr>\n<th>Mecz<\/th>\n<th>Wynik<\/th>\n<\/tr>\n<tr>\n<td>Franciszek Bodasi\u0144ski \u2013 Ignacy Gozdyrda<\/td>\n<td>4\/0 4\/0<\/td>\n<\/tr>\n<tr>\n<td>Norbert Leoniuk \u2013 Antoni Czajkowski<\/td>\n<td>4\/2 4\/1<\/td>\n<\/tr>\n<tr>\n<td>Antoni S\u0142omski \u2013 Kamil Grodzki<\/td>\n<td>4\/0 4\/0<\/td>\n<\/tr>\n<tr>\n<td>Antoni Kwiatkowski \u2013 Jan Ho\u0142odniak<\/td>\n<td>4\/0 4\/0<\/td>\n<\/tr>\n<\/table>\n<h3>P\u00f3\u0142fina\u0142y<\/h3>\n<table>\n<tr>\n<th>Mecz<\/th>\n<th>Wynik<\/th>\n<\/tr>\n<tr>\n<td>Franciszek Bodasi\u0144ski \u2013 Norbert Leoniuk<\/td>\n<td>4\/1 4\/2<\/td>\n<\/tr>\n<tr>\n<td>Antoni Kwiatkowski \u2013 Antoni S\u0142omski<\/td>\n<td>4\/2 4\/2<\/td>\n<\/tr>\n<\/table>\n<h3>Fina\u0142<\/h3>\n<table>\n<tr>\n<th>Mecz<\/th>\n<th>Wynik<\/th>\n<\/tr>\n<tr>\n<td>Antoni Kwiatkowski \u2013 Franciszek Bodasi\u0144ski<\/td>\n<td>4\/1 4\/3<\/td>\n<\/tr>\n<\/table>\n","protected":false},"excerpt":{"rendered":"<p>Termin:\u00a030-11-2024 Klub:\u00a0Fundacja ECT &#8226; Dziewcz\u0119ta U14 Grupa A LP Nazwisko Imi\u0119 Zwyc 1 Helena Korkozowicz 2 2 Aleksandra Kubi\u0144ska-Zachwieja 1 3 Alicja Wicherska 0 Mecze Wyniki Alicja Wicherska &#8211; Helena Korkozowicz 2:4, 1:4 Alicja Wicherska &#8211; Aleksandra Kubi\u0144ska-Zachwieja 3:4(5), 1:4 Helena Korkozowicz &#8211; Aleksandra Kubi\u0144ska-Zachwieja 4:0, 4:0 Grupa B LP Nazwisko Imi\u0119 Zwyc 1 Dominika &#8230; <a title=\"Mazowsze Cup U14\" class=\"read-more\" href=\"https:\/\/mc.korty.org\/?page_id=385\" aria-label=\"Read more about Mazowsze Cup U14\">Dowiedz si\u0119 wi\u0119cej<\/a><\/p>\n","protected":false},"author":1,"featured_media":0,"parent":0,"menu_order":0,"comment_status":"closed","ping_status":"closed","template":"","meta":{"footnotes":""},"class_list":["post-385","page","type-page","status-publish"],"yoast_head":"<!-- This site is optimized with the Yoast SEO plugin v23.5 - https:\/\/yoast.com\/wordpress\/plugins\/seo\/ -->\n<title>Mazowsze Cup U14 -<\/title>\n<meta name=\"robots\" content=\"index, follow, max-snippet:-1, max-image-preview:large, max-video-preview:-1\" \/>\n<link rel=\"canonical\" href=\"https:\/\/mc.korty.org\/?page_id=385\" \/>\n<meta property=\"og:locale\" content=\"pl_PL\" \/>\n<meta property=\"og:type\" content=\"article\" \/>\n<meta property=\"og:title\" content=\"Mazowsze Cup U14 -\" \/>\n<meta property=\"og:description\" content=\"Termin:\u00a030-11-2024 Klub:\u00a0Fundacja ECT &#8226; Dziewcz\u0119ta U14 Grupa A LP Nazwisko Imi\u0119 Zwyc 1 Helena Korkozowicz 2 2 Aleksandra Kubi\u0144ska-Zachwieja 1 3 Alicja Wicherska 0 Mecze Wyniki Alicja Wicherska &#8211; Helena Korkozowicz 2:4, 1:4 Alicja Wicherska &#8211; Aleksandra Kubi\u0144ska-Zachwieja 3:4(5), 1:4 Helena Korkozowicz &#8211; Aleksandra Kubi\u0144ska-Zachwieja 4:0, 4:0 Grupa B LP Nazwisko Imi\u0119 Zwyc 1 Dominika ... Dowiedz si\u0119 wi\u0119cej\" \/>\n<meta property=\"og:url\" content=\"https:\/\/mc.korty.org\/?page_id=385\" \/>\n<meta name=\"twitter:card\" content=\"summary_large_image\" \/>\n<script type=\"application\/ld+json\" class=\"yoast-schema-graph\">{\"@context\":\"https:\/\/schema.org\",\"@graph\":[{\"@type\":\"WebPage\",\"@id\":\"https:\/\/mc.korty.org\/?page_id=385\",\"url\":\"https:\/\/mc.korty.org\/?page_id=385\",\"name\":\"Mazowsze Cup U14 -\",\"isPartOf\":{\"@id\":\"https:\/\/mc.korty.org\/#website\"},\"datePublished\":\"2024-12-08T15:06:42+00:00\",\"dateModified\":\"2024-12-08T15:06:42+00:00\",\"breadcrumb\":{\"@id\":\"https:\/\/mc.korty.org\/?page_id=385#breadcrumb\"},\"inLanguage\":\"pl-PL\",\"potentialAction\":[{\"@type\":\"ReadAction\",\"target\":[\"https:\/\/mc.korty.org\/?page_id=385\"]}]},{\"@type\":\"BreadcrumbList\",\"@id\":\"https:\/\/mc.korty.org\/?page_id=385#breadcrumb\",\"itemListElement\":[{\"@type\":\"ListItem\",\"position\":1,\"name\":\"Strona g\u0142\u00f3wna\",\"item\":\"https:\/\/mc.korty.org\/\"},{\"@type\":\"ListItem\",\"position\":2,\"name\":\"Mazowsze Cup U14\"}]},{\"@type\":\"WebSite\",\"@id\":\"https:\/\/mc.korty.org\/#website\",\"url\":\"https:\/\/mc.korty.org\/\",\"name\":\"\",\"description\":\"\",\"potentialAction\":[{\"@type\":\"SearchAction\",\"target\":{\"@type\":\"EntryPoint\",\"urlTemplate\":\"https:\/\/mc.korty.org\/?s={search_term_string}\"},\"query-input\":{\"@type\":\"PropertyValueSpecification\",\"valueRequired\":true,\"valueName\":\"search_term_string\"}}],\"inLanguage\":\"pl-PL\"}]}<\/script>\n<!-- \/ Yoast SEO plugin. -->","yoast_head_json":{"title":"Mazowsze Cup U14 -","robots":{"index":"index","follow":"follow","max-snippet":"max-snippet:-1","max-image-preview":"max-image-preview:large","max-video-preview":"max-video-preview:-1"},"canonical":"https:\/\/mc.korty.org\/?page_id=385","og_locale":"pl_PL","og_type":"article","og_title":"Mazowsze Cup U14 -","og_description":"Termin:\u00a030-11-2024 Klub:\u00a0Fundacja ECT &#8226; Dziewcz\u0119ta U14 Grupa A LP Nazwisko Imi\u0119 Zwyc 1 Helena Korkozowicz 2 2 Aleksandra Kubi\u0144ska-Zachwieja 1 3 Alicja Wicherska 0 Mecze Wyniki Alicja Wicherska &#8211; Helena Korkozowicz 2:4, 1:4 Alicja Wicherska &#8211; Aleksandra Kubi\u0144ska-Zachwieja 3:4(5), 1:4 Helena Korkozowicz &#8211; Aleksandra Kubi\u0144ska-Zachwieja 4:0, 4:0 Grupa B LP Nazwisko Imi\u0119 Zwyc 1 Dominika ... Dowiedz si\u0119 wi\u0119cej","og_url":"https:\/\/mc.korty.org\/?page_id=385","twitter_card":"summary_large_image","schema":{"@context":"https:\/\/schema.org","@graph":[{"@type":"WebPage","@id":"https:\/\/mc.korty.org\/?page_id=385","url":"https:\/\/mc.korty.org\/?page_id=385","name":"Mazowsze Cup U14 -","isPartOf":{"@id":"https:\/\/mc.korty.org\/#website"},"datePublished":"2024-12-08T15:06:42+00:00","dateModified":"2024-12-08T15:06:42+00:00","breadcrumb":{"@id":"https:\/\/mc.korty.org\/?page_id=385#breadcrumb"},"inLanguage":"pl-PL","potentialAction":[{"@type":"ReadAction","target":["https:\/\/mc.korty.org\/?page_id=385"]}]},{"@type":"BreadcrumbList","@id":"https:\/\/mc.korty.org\/?page_id=385#breadcrumb","itemListElement":[{"@type":"ListItem","position":1,"name":"Strona g\u0142\u00f3wna","item":"https:\/\/mc.korty.org\/"},{"@type":"ListItem","position":2,"name":"Mazowsze Cup U14"}]},{"@type":"WebSite","@id":"https:\/\/mc.korty.org\/#website","url":"https:\/\/mc.korty.org\/","name":"","description":"","potentialAction":[{"@type":"SearchAction","target":{"@type":"EntryPoint","urlTemplate":"https:\/\/mc.korty.org\/?s={search_term_string}"},"query-input":{"@type":"PropertyValueSpecification","valueRequired":true,"valueName":"search_term_string"}}],"inLanguage":"pl-PL"}]}},"_links":{"self":[{"href":"https:\/\/mc.korty.org\/index.php?rest_route=\/wp\/v2\/pages\/385","targetHints":{"allow":["GET"]}}],"collection":[{"href":"https:\/\/mc.korty.org\/index.php?rest_route=\/wp\/v2\/pages"}],"about":[{"href":"https:\/\/mc.korty.org\/index.php?rest_route=\/wp\/v2\/types\/page"}],"author":[{"embeddable":true,"href":"https:\/\/mc.korty.org\/index.php?rest_route=\/wp\/v2\/users\/1"}],"replies":[{"embeddable":true,"href":"https:\/\/mc.korty.org\/index.php?rest_route=%2Fwp%2Fv2%2Fcomments&post=385"}],"version-history":[{"count":1,"href":"https:\/\/mc.korty.org\/index.php?rest_route=\/wp\/v2\/pages\/385\/revisions"}],"predecessor-version":[{"id":386,"href":"https:\/\/mc.korty.org\/index.php?rest_route=\/wp\/v2\/pages\/385\/revisions\/386"}],"wp:attachment":[{"href":"https:\/\/mc.korty.org\/index.php?rest_route=%2Fwp%2Fv2%2Fmedia&parent=385"}],"curies":[{"name":"wp","href":"https:\/\/api.w.org\/{rel}","templated":true}]}}