{"id":440,"date":"2024-12-17T17:00:39","date_gmt":"2024-12-17T17:00:39","guid":{"rendered":"https:\/\/mc.korty.org\/?page_id=440"},"modified":"2024-12-17T17:00:39","modified_gmt":"2024-12-17T17:00:39","slug":"mazowsze-cup-u14-13","status":"publish","type":"page","link":"https:\/\/mc.korty.org\/?page_id=440","title":{"rendered":"Mazowsze Cup U14"},"content":{"rendered":"<p><strong><span class=\"fw-bold\">Termin:<\/span><\/strong>\u00a015-12-2024<br \/>\n<strong><span class=\"fw-bold\">Klub:<\/span><\/strong>\u00a0Legia Tenis<\/p>\n<h2>&#8226; Dziewcz\u0119ta U14<\/h2>\n<h3>Grupa A<\/h3>\n<table>\n<tr>\n<th>lp<\/th>\n<th>nazwisko imi\u0119<\/th>\n<th>zwyc<\/th>\n<th>gemy<\/th>\n<\/tr>\n<tr>\n<td>1.<\/td>\n<td>CIBOR Dominika<\/td>\n<td>3<\/td>\n<td>18:3<\/td>\n<\/tr>\n<tr>\n<td>2.<\/td>\n<td>KUBI\u0143SKA-ZACHWIEJ Aleksandra<\/td>\n<td>2<\/td>\n<td>15:6<\/td>\n<\/tr>\n<tr>\n<td>3.<\/td>\n<td>PRUSIK Barbara<\/td>\n<td>1<\/td>\n<td>6:12<\/td>\n<\/tr>\n<tr>\n<td>4.<\/td>\n<td>G\u0141A\u017bEWSKA Julia<\/td>\n<td>0<\/td>\n<td>0:18<\/td>\n<\/tr>\n<\/table>\n<table>\n<tr>\n<th>mecz<\/th>\n<th>wynik<\/th>\n<\/tr>\n<tr>\n<td>Cibor Dominika &#8211; Prusik Barbara<\/td>\n<td>6\/0<\/td>\n<\/tr>\n<tr>\n<td>Kubi\u0144ska-Zachwiej Aleksandra &#8211; G\u0142a\u017cewska Julia<\/td>\n<td>6\/0 w\/o<\/td>\n<\/tr>\n<tr>\n<td>Cibor Dominika &#8211; G\u0142a\u017cewska Julia<\/td>\n<td>6\/0 w\/o<\/td>\n<\/tr>\n<tr>\n<td>Kubi\u0144ska-Zachwiej Aleksandra &#8211; Prusik Barbara<\/td>\n<td>6\/0<\/td>\n<\/tr>\n<tr>\n<td>Cibor Dominika &#8211; Kubi\u0144ska-Zachwiej Aleksandra<\/td>\n<td>6\/3<\/td>\n<\/tr>\n<tr>\n<td>G\u0142a\u017cewska Julia &#8211; Prusik Barbara<\/td>\n<td>0\/6 w\/o<\/td>\n<\/tr>\n<\/table>\n<h3>Grupa B<\/h3>\n<table>\n<tr>\n<th>lp<\/th>\n<th>nazwisko imi\u0119<\/th>\n<th>zwyc<\/th>\n<th>gemy<\/th>\n<\/tr>\n<tr>\n<td>1.<\/td>\n<td>KORKOZOWICZ Helena<\/td>\n<td>3<\/td>\n<td>18:5<\/td>\n<\/tr>\n<tr>\n<td>2.<\/td>\n<td>WR\u00d3BEL Aleksandra<\/td>\n<td>2<\/td>\n<td>14:6<\/td>\n<\/tr>\n<tr>\n<td>3.<\/td>\n<td>WOJTULEWICZ Antonina<\/td>\n<td>1<\/td>\n<td>9:12<\/td>\n<\/tr>\n<tr>\n<td>4.<\/td>\n<td>STASZEWSKA Nina<\/td>\n<td>0<\/td>\n<td>0:18<\/td>\n<\/tr>\n<\/table>\n<table>\n<tr>\n<th>mecz<\/th>\n<th>wynik<\/th>\n<\/tr>\n<tr>\n<td>Korkozowicz Helena &#8211; Wojtulewicz Antonina<\/td>\n<td>6\/3<\/td>\n<\/tr>\n<tr>\n<td>Wr\u00f3bel Aleksandra &#8211; Staszewska Nina<\/td>\n<td>6\/0 w\/o<\/td>\n<\/tr>\n<tr>\n<td>Korkozowicz Helena &#8211; Staszewska Nina<\/td>\n<td>6\/0 w\/o<\/td>\n<\/tr>\n<tr>\n<td>Wr\u00f3bel Aleksandra &#8211; Wojtulewicz Antonina<\/td>\n<td>6\/0<\/td>\n<\/tr>\n<tr>\n<td>Korkozowicz Helena &#8211; Wr\u00f3bel Aleksandra<\/td>\n<td>6\/2<\/td>\n<\/tr>\n<tr>\n<td>Staszewska Nina &#8211; Wojtulewicz Antonina<\/td>\n<td>0\/6 w\/o<\/td>\n<\/tr>\n<\/table>\n<h3>p\u00f3\u0142fina\u0142y<\/h3>\n<table>\n<tr>\n<th>mecz<\/th>\n<th>wynik<\/th>\n<\/tr>\n<tr>\n<td>Cibor Dominika &#8211; Wr\u00f3bel Aleksandra<\/td>\n<td>4\/3 4\/0<\/td>\n<\/tr>\n<tr>\n<td>Kubi\u0144ska-Zachwiej Aleksandra &#8211; Korkozowicz Helena<\/td>\n<td>0\/4 1\/4<\/td>\n<\/tr>\n<\/table>\n<h3>fina\u0142<\/h3>\n<table>\n<tr>\n<th>mecz<\/th>\n<th>wynik<\/th>\n<\/tr>\n<tr>\n<td>Cibor Dominika &#8211; Korkozowicz Helena<\/td>\n<td>4\/3 3\/4 10-6<\/td>\n<\/tr>\n<\/table>\n<h2>&#8226; Ch\u0142opcy U14<\/h2>\n<h3>Grupa A &#8211; kolejno\u015b\u0107<\/h3>\n<table>\n<tr>\n<th>lp<\/th>\n<th>nazwisko imi\u0119<\/th>\n<th>zwyc<\/th>\n<th>gemy<\/th>\n<\/tr>\n<tr>\n<td>1<\/td>\n<td>Kwiatkowski Antek<\/td>\n<td>2<\/td>\n<td>12:0<\/td>\n<\/tr>\n<tr>\n<td>2<\/td>\n<td>Dworzy\u0144ski Feliks<\/td>\n<td>1<\/td>\n<td>6:9<\/td>\n<\/tr>\n<tr>\n<td>3<\/td>\n<td>Witkowski Mateusz<\/td>\n<td>0<\/td>\n<td>3:12<\/td>\n<\/tr>\n<\/table>\n<table>\n<tr>\n<th>mecz<\/th>\n<th>wynik<\/th>\n<\/tr>\n<tr>\n<td>Kwiatkowski Antek &#8211; Witkowski Mateusz<\/td>\n<td>6\/0<\/td>\n<\/tr>\n<tr>\n<td>Dworzy\u0144ski Feliks &#8211; Witkowski Mateusz<\/td>\n<td>6\/3<\/td>\n<\/tr>\n<tr>\n<td>Kwiatkowski Antek &#8211; Dworzy\u0144ski Feliks<\/td>\n<td>6\/0<\/td>\n<\/tr>\n<\/table>\n<h3>Grupa B &#8211; kolejno\u015b\u0107<\/h3>\n<table>\n<tr>\n<th>lp<\/th>\n<th>nazwisko imi\u0119<\/th>\n<th>zwyc<\/th>\n<th>gemy<\/th>\n<\/tr>\n<tr>\n<td>1<\/td>\n<td>Oleksyn Tadeusz<\/td>\n<td>2<\/td>\n<td>12:0<\/td>\n<\/tr>\n<tr>\n<td>2<\/td>\n<td>Bodziak Antoni<\/td>\n<td>1<\/td>\n<td>6:6<\/td>\n<\/tr>\n<tr>\n<td>3<\/td>\n<td>Chukhlamtsev Ignat<\/td>\n<td>0<\/td>\n<td>0:12<\/td>\n<\/tr>\n<\/table>\n<table>\n<tr>\n<th>mecz<\/th>\n<th>wynik<\/th>\n<\/tr>\n<tr>\n<td>Oleksyn Tadeusz &#8211; Chukhlamtsev Ignat<\/td>\n<td>6\/0 w\/o<\/td>\n<\/tr>\n<tr>\n<td>Bodziak Antoni &#8211; Chukhlamtsev Ignat<\/td>\n<td>6\/0 w\/o<\/td>\n<\/tr>\n<tr>\n<td>Oleksyn Tadeusz &#8211; Bodziak Antoni<\/td>\n<td>6\/0<\/td>\n<\/tr>\n<\/table>\n<h3>Grupa C &#8211; kolejno\u015b\u0107<\/h3>\n<table>\n<tr>\n<th>lp<\/th>\n<th>nazwisko imi\u0119<\/th>\n<th>zwyc<\/th>\n<th>gemy<\/th>\n<\/tr>\n<tr>\n<td>1<\/td>\n<td>Bodasi\u0144ski Franciszek<\/td>\n<td>2<\/td>\n<td>12:4<\/td>\n<\/tr>\n<tr>\n<td>2<\/td>\n<td>Zugaj-Gaspar Xavier<\/td>\n<td>1<\/td>\n<td>8:9<\/td>\n<\/tr>\n<tr>\n<td>3<\/td>\n<td>Walawko Maciej<\/td>\n<td>0<\/td>\n<td>5:12<\/td>\n<\/tr>\n<\/table>\n<table>\n<tr>\n<th>mecz<\/th>\n<th>wynik<\/th>\n<\/tr>\n<tr>\n<td>Bodasi\u0144ski Franciszek &#8211; Zugaj-Gaspar Xavier<\/td>\n<td>6\/2<\/td>\n<\/tr>\n<tr>\n<td>Walawko Maciej &#8211; Zugaj-Gaspar Xavier<\/td>\n<td>3\/6<\/td>\n<\/tr>\n<tr>\n<td>Bodasi\u0144ski Franciszek &#8211; Walawko Maciej<\/td>\n<td>6\/2<\/td>\n<\/tr>\n<\/table>\n<h3>Grupa D &#8211; kolejno\u015b\u0107<\/h3>\n<table>\n<tr>\n<th>lp<\/th>\n<th>nazwisko imi\u0119<\/th>\n<th>zwyc<\/th>\n<th>gemy<\/th>\n<\/tr>\n<tr>\n<td>1<\/td>\n<td>Gwia\u017adzi\u0144ski Ignacy<\/td>\n<td>2<\/td>\n<td>12:4<\/td>\n<\/tr>\n<tr>\n<td>2<\/td>\n<td>Rzepecki Filip<\/td>\n<td>1<\/td>\n<td>8:10<\/td>\n<\/tr>\n<tr>\n<td>3<\/td>\n<td>Markowski Ignacy<\/td>\n<td>0<\/td>\n<td>6:12<\/td>\n<\/tr>\n<\/table>\n<table>\n<tr>\n<th>mecz<\/th>\n<th>wynik<\/th>\n<\/tr>\n<tr>\n<td>Rzepecki Filip &#8211; Gwia\u017adzi\u0144ski Ignacy<\/td>\n<td>2\/6<\/td>\n<\/tr>\n<tr>\n<td>Markowski Ignacy &#8211; Gwia\u017adzi\u0144ski Ignacy<\/td>\n<td>2\/6<\/td>\n<\/tr>\n<tr>\n<td>Rzepecki Filip &#8211; Markowski Ignacy<\/td>\n<td>6\/4<\/td>\n<\/tr>\n<\/table>\n<h3>Grupa E &#8211; kolejno\u015b\u0107<\/h3>\n<table>\n<tr>\n<th>lp<\/th>\n<th>nazwisko imi\u0119<\/th>\n<th>zwyc<\/th>\n<th>gemy<\/th>\n<\/tr>\n<tr>\n<td>1<\/td>\n<td>Bondyra Mateusz<\/td>\n<td>2<\/td>\n<td>12:4<\/td>\n<\/tr>\n<tr>\n<td>2<\/td>\n<td>Grodzki Kamil<\/td>\n<td>1<\/td>\n<td>10:8<\/td>\n<\/tr>\n<tr>\n<td>3<\/td>\n<td>Eichelberger-Jankowski Ari<\/td>\n<td>0<\/td>\n<td>2:12<\/td>\n<\/tr>\n<\/table>\n<table>\n<tr>\n<th>mecz<\/th>\n<th>wynik<\/th>\n<\/tr>\n<tr>\n<td>Bondyra Mateusz &#8211; Eichelberger-Jankowski Ari<\/td>\n<td>6\/0<\/td>\n<\/tr>\n<tr>\n<td>Grodzki Kamil &#8211; Eichelberger-Jankowski Ari<\/td>\n<td>6\/2<\/td>\n<\/tr>\n<tr>\n<td>Bondyra Mateusz &#8211; Grodzki Kamil<\/td>\n<td>6\/4<\/td>\n<\/tr>\n<\/table>\n<h3>Grupa F &#8211; kolejno\u015b\u0107<\/h3>\n<table>\n<tr>\n<th>lp<\/th>\n<th>nazwisko imi\u0119<\/th>\n<th>zwyc<\/th>\n<th>gemy<\/th>\n<\/tr>\n<tr>\n<td>1<\/td>\n<td>Mo\u015bcicki Antoni<\/td>\n<td>3<\/td>\n<td>19:9<\/td>\n<\/tr>\n<tr>\n<td>2<\/td>\n<td>Bacha\u0144ski Mateusz<\/td>\n<td>2<\/td>\n<td>17:9<\/td>\n<\/tr>\n<tr>\n<td>3<\/td>\n<td>Jobda Adam<\/td>\n<td>1<\/td>\n<td>12:12<\/td>\n<\/tr>\n<tr>\n<td>4<\/td>\n<td>Sadowski Jakub<\/td>\n<td>0<\/td>\n<td>0:18<\/td>\n<\/tr>\n<\/table>\n<table>\n<tr>\n<th>mecz<\/th>\n<th>wynik<\/th>\n<\/tr>\n<tr>\n<td>Mo\u015bcicki Antoni &#8211; Jobda Adam<\/td>\n<td>6\/4<\/td>\n<\/tr>\n<tr>\n<td>Bacha\u0144ski Mateusz &#8211; Sadowski Jakub<\/td>\n<td>6\/0 w\/o<\/td>\n<\/tr>\n<tr>\n<td>Mo\u015bcicki Antoni &#8211; Sadowski Jakub<\/td>\n<td>6\/0 w\/o<\/td>\n<\/tr>\n<tr>\n<td>Bacha\u0144ski Mateusz &#8211; Jobda Adam<\/td>\n<td>6\/2<\/td>\n<\/tr>\n<tr>\n<td>Mo\u015bcicki Antoni &#8211; Bacha\u0144ski Mateusz<\/td>\n<td>7\/5<\/td>\n<\/tr>\n<tr>\n<td>Sadowski Jakub &#8211; Jobda Adam<\/td>\n<td>0\/6 w\/o<\/td>\n<\/tr>\n<\/table>\n<h3>1\/4 fina\u0142u<\/h3>\n<table>\n<tr>\n<th>mecz<\/th>\n<th>wynik<\/th>\n<\/tr>\n<tr>\n<td>Kwiatkowski Antek &#8211; Bacha\u0144ski Mateusz<\/td>\n<td>6\/0<\/td>\n<\/tr>\n<tr>\n<td>Bondyra Mateusz &#8211; Gwia\u017adzi\u0144ski Ignacy<\/td>\n<td>1\/6<\/td>\n<\/tr>\n<tr>\n<td>Bodasi\u0144ski Franciszek &#8211; Mo\u015bcicki Antoni<\/td>\n<td>6\/4<\/td>\n<\/tr>\n<tr>\n<td>Grodzki Kamil &#8211; Oleksyn Tadeusz<\/td>\n<td>2\/6<\/td>\n<\/tr>\n<\/table>\n<h3>1\/2 fina\u0142u<\/h3>\n<table>\n<tr>\n<th>mecz<\/th>\n<th>wynik<\/th>\n<\/tr>\n<tr>\n<td>Kwiatkowski Antek &#8211; Gwia\u017adzi\u0144ski Ignacy<\/td>\n<td>7\/6<\/td>\n<\/tr>\n<tr>\n<td>Bodasi\u0144ski Franciszek &#8211; Oleksyn Tadeusz<\/td>\n<td>6\/2<\/td>\n<\/tr>\n<\/table>\n<h3>Fina\u0142<\/h3>\n<table>\n<tr>\n<th>mecz<\/th>\n<th>wynik<\/th>\n<\/tr>\n<tr>\n<td>Kwiatkowski Antek &#8211; Bodasi\u0144ski Franciszek<\/td>\n<td>7\/5<\/td>\n<\/tr>\n<\/table>\n","protected":false},"excerpt":{"rendered":"<p>Termin:\u00a015-12-2024 Klub:\u00a0Legia Tenis &#8226; Dziewcz\u0119ta U14 Grupa A lp nazwisko imi\u0119 zwyc gemy 1. CIBOR Dominika 3 18:3 2. KUBI\u0143SKA-ZACHWIEJ Aleksandra 2 15:6 3. PRUSIK Barbara 1 6:12 4. G\u0141A\u017bEWSKA Julia 0 0:18 mecz wynik Cibor Dominika &#8211; Prusik Barbara 6\/0 Kubi\u0144ska-Zachwiej Aleksandra &#8211; G\u0142a\u017cewska Julia 6\/0 w\/o Cibor Dominika &#8211; G\u0142a\u017cewska Julia 6\/0 w\/o &#8230; <a title=\"Mazowsze Cup U14\" class=\"read-more\" href=\"https:\/\/mc.korty.org\/?page_id=440\" aria-label=\"Read more about Mazowsze Cup U14\">Dowiedz si\u0119 wi\u0119cej<\/a><\/p>\n","protected":false},"author":1,"featured_media":0,"parent":0,"menu_order":0,"comment_status":"closed","ping_status":"closed","template":"","meta":{"footnotes":""},"class_list":["post-440","page","type-page","status-publish"],"yoast_head":"<!-- This site is optimized with the Yoast SEO plugin v23.5 - https:\/\/yoast.com\/wordpress\/plugins\/seo\/ -->\n<title>Mazowsze Cup U14 -<\/title>\n<meta name=\"robots\" content=\"index, follow, max-snippet:-1, max-image-preview:large, max-video-preview:-1\" \/>\n<link rel=\"canonical\" href=\"https:\/\/mc.korty.org\/?page_id=440\" \/>\n<meta property=\"og:locale\" content=\"pl_PL\" \/>\n<meta property=\"og:type\" content=\"article\" \/>\n<meta property=\"og:title\" content=\"Mazowsze Cup U14 -\" \/>\n<meta property=\"og:description\" content=\"Termin:\u00a015-12-2024 Klub:\u00a0Legia Tenis &#8226; Dziewcz\u0119ta U14 Grupa A lp nazwisko imi\u0119 zwyc gemy 1. CIBOR Dominika 3 18:3 2. KUBI\u0143SKA-ZACHWIEJ Aleksandra 2 15:6 3. PRUSIK Barbara 1 6:12 4. G\u0141A\u017bEWSKA Julia 0 0:18 mecz wynik Cibor Dominika &#8211; Prusik Barbara 6\/0 Kubi\u0144ska-Zachwiej Aleksandra &#8211; G\u0142a\u017cewska Julia 6\/0 w\/o Cibor Dominika &#8211; G\u0142a\u017cewska Julia 6\/0 w\/o ... Dowiedz si\u0119 wi\u0119cej\" \/>\n<meta property=\"og:url\" content=\"https:\/\/mc.korty.org\/?page_id=440\" \/>\n<meta name=\"twitter:card\" content=\"summary_large_image\" \/>\n<script type=\"application\/ld+json\" class=\"yoast-schema-graph\">{\"@context\":\"https:\/\/schema.org\",\"@graph\":[{\"@type\":\"WebPage\",\"@id\":\"https:\/\/mc.korty.org\/?page_id=440\",\"url\":\"https:\/\/mc.korty.org\/?page_id=440\",\"name\":\"Mazowsze Cup U14 -\",\"isPartOf\":{\"@id\":\"https:\/\/mc.korty.org\/#website\"},\"datePublished\":\"2024-12-17T17:00:39+00:00\",\"dateModified\":\"2024-12-17T17:00:39+00:00\",\"breadcrumb\":{\"@id\":\"https:\/\/mc.korty.org\/?page_id=440#breadcrumb\"},\"inLanguage\":\"pl-PL\",\"potentialAction\":[{\"@type\":\"ReadAction\",\"target\":[\"https:\/\/mc.korty.org\/?page_id=440\"]}]},{\"@type\":\"BreadcrumbList\",\"@id\":\"https:\/\/mc.korty.org\/?page_id=440#breadcrumb\",\"itemListElement\":[{\"@type\":\"ListItem\",\"position\":1,\"name\":\"Strona g\u0142\u00f3wna\",\"item\":\"https:\/\/mc.korty.org\/\"},{\"@type\":\"ListItem\",\"position\":2,\"name\":\"Mazowsze Cup U14\"}]},{\"@type\":\"WebSite\",\"@id\":\"https:\/\/mc.korty.org\/#website\",\"url\":\"https:\/\/mc.korty.org\/\",\"name\":\"\",\"description\":\"\",\"potentialAction\":[{\"@type\":\"SearchAction\",\"target\":{\"@type\":\"EntryPoint\",\"urlTemplate\":\"https:\/\/mc.korty.org\/?s={search_term_string}\"},\"query-input\":{\"@type\":\"PropertyValueSpecification\",\"valueRequired\":true,\"valueName\":\"search_term_string\"}}],\"inLanguage\":\"pl-PL\"}]}<\/script>\n<!-- \/ Yoast SEO plugin. -->","yoast_head_json":{"title":"Mazowsze Cup U14 -","robots":{"index":"index","follow":"follow","max-snippet":"max-snippet:-1","max-image-preview":"max-image-preview:large","max-video-preview":"max-video-preview:-1"},"canonical":"https:\/\/mc.korty.org\/?page_id=440","og_locale":"pl_PL","og_type":"article","og_title":"Mazowsze Cup U14 -","og_description":"Termin:\u00a015-12-2024 Klub:\u00a0Legia Tenis &#8226; Dziewcz\u0119ta U14 Grupa A lp nazwisko imi\u0119 zwyc gemy 1. CIBOR Dominika 3 18:3 2. KUBI\u0143SKA-ZACHWIEJ Aleksandra 2 15:6 3. PRUSIK Barbara 1 6:12 4. G\u0141A\u017bEWSKA Julia 0 0:18 mecz wynik Cibor Dominika &#8211; Prusik Barbara 6\/0 Kubi\u0144ska-Zachwiej Aleksandra &#8211; G\u0142a\u017cewska Julia 6\/0 w\/o Cibor Dominika &#8211; G\u0142a\u017cewska Julia 6\/0 w\/o ... Dowiedz si\u0119 wi\u0119cej","og_url":"https:\/\/mc.korty.org\/?page_id=440","twitter_card":"summary_large_image","schema":{"@context":"https:\/\/schema.org","@graph":[{"@type":"WebPage","@id":"https:\/\/mc.korty.org\/?page_id=440","url":"https:\/\/mc.korty.org\/?page_id=440","name":"Mazowsze Cup U14 -","isPartOf":{"@id":"https:\/\/mc.korty.org\/#website"},"datePublished":"2024-12-17T17:00:39+00:00","dateModified":"2024-12-17T17:00:39+00:00","breadcrumb":{"@id":"https:\/\/mc.korty.org\/?page_id=440#breadcrumb"},"inLanguage":"pl-PL","potentialAction":[{"@type":"ReadAction","target":["https:\/\/mc.korty.org\/?page_id=440"]}]},{"@type":"BreadcrumbList","@id":"https:\/\/mc.korty.org\/?page_id=440#breadcrumb","itemListElement":[{"@type":"ListItem","position":1,"name":"Strona g\u0142\u00f3wna","item":"https:\/\/mc.korty.org\/"},{"@type":"ListItem","position":2,"name":"Mazowsze Cup U14"}]},{"@type":"WebSite","@id":"https:\/\/mc.korty.org\/#website","url":"https:\/\/mc.korty.org\/","name":"","description":"","potentialAction":[{"@type":"SearchAction","target":{"@type":"EntryPoint","urlTemplate":"https:\/\/mc.korty.org\/?s={search_term_string}"},"query-input":{"@type":"PropertyValueSpecification","valueRequired":true,"valueName":"search_term_string"}}],"inLanguage":"pl-PL"}]}},"_links":{"self":[{"href":"https:\/\/mc.korty.org\/index.php?rest_route=\/wp\/v2\/pages\/440","targetHints":{"allow":["GET"]}}],"collection":[{"href":"https:\/\/mc.korty.org\/index.php?rest_route=\/wp\/v2\/pages"}],"about":[{"href":"https:\/\/mc.korty.org\/index.php?rest_route=\/wp\/v2\/types\/page"}],"author":[{"embeddable":true,"href":"https:\/\/mc.korty.org\/index.php?rest_route=\/wp\/v2\/users\/1"}],"replies":[{"embeddable":true,"href":"https:\/\/mc.korty.org\/index.php?rest_route=%2Fwp%2Fv2%2Fcomments&post=440"}],"version-history":[{"count":1,"href":"https:\/\/mc.korty.org\/index.php?rest_route=\/wp\/v2\/pages\/440\/revisions"}],"predecessor-version":[{"id":441,"href":"https:\/\/mc.korty.org\/index.php?rest_route=\/wp\/v2\/pages\/440\/revisions\/441"}],"wp:attachment":[{"href":"https:\/\/mc.korty.org\/index.php?rest_route=%2Fwp%2Fv2%2Fmedia&parent=440"}],"curies":[{"name":"wp","href":"https:\/\/api.w.org\/{rel}","templated":true}]}}