{"id":442,"date":"2024-12-17T17:01:56","date_gmt":"2024-12-17T17:01:56","guid":{"rendered":"https:\/\/mc.korty.org\/?page_id=442"},"modified":"2024-12-17T17:01:56","modified_gmt":"2024-12-17T17:01:56","slug":"mazowsze-cup-u16-4","status":"publish","type":"page","link":"https:\/\/mc.korty.org\/?page_id=442","title":{"rendered":"Mazowsze Cup U16"},"content":{"rendered":"<p><strong><span class=\"fw-bold\">Termin:<\/span><\/strong>\u00a015-12-2024<br \/>\n<strong><span class=\"fw-bold\">Klub:<\/span><\/strong>\u00a0WKT Mera<\/p>\n<h2>&#8226; Dziewcz\u0119ta U16<\/h2>\n<h3>Grupa A<\/h3>\n<table>\n<tr>\n<th>lp<\/th>\n<th>nazwisko imi\u0119<\/th>\n<th>zwyc<\/th>\n<th>gemy<\/th>\n<\/tr>\n<tr>\n<td>1<\/td>\n<td>CEGLARZ Lena<\/td>\n<td>2<\/td>\n<td>4:0 16:6<\/td>\n<\/tr>\n<tr>\n<td>2<\/td>\n<td>\u017bELAZKO Aleksandra<\/td>\n<td>2<\/td>\n<td>2:2 11:12<\/td>\n<\/tr>\n<tr>\n<td>3<\/td>\n<td>SOBONIAK Matylda<\/td>\n<td>2<\/td>\n<td>0:4 7:16<\/td>\n<\/tr>\n<\/table>\n<table>\n<tr>\n<th>mecz<\/th>\n<th>wynik<\/th>\n<\/tr>\n<tr>\n<td>\u017belazko Aleksandra &#8211; Soboniak Matylda<\/td>\n<td>4\/3 4\/1<\/td>\n<\/tr>\n<tr>\n<td>Ceglarz Lena &#8211; Soboniak Matylda<\/td>\n<td>4\/0 4\/3<\/td>\n<\/tr>\n<tr>\n<td>\u017belazko Aleksandra &#8211; Ceglarz Lena<\/td>\n<td>2\/4 1\/4<\/td>\n<\/tr>\n<\/table>\n<h3>Grupa B<\/h3>\n<table>\n<tr>\n<th>lp<\/th>\n<th>nazwisko imi\u0119<\/th>\n<th>zwyc<\/th>\n<th>gemy<\/th>\n<\/tr>\n<tr>\n<td>1<\/td>\n<td>TABOR Amelia<\/td>\n<td>3<\/td>\n<td>6:1 30:21<\/td>\n<\/tr>\n<tr>\n<td>2<\/td>\n<td>SIEK Katarzyna<\/td>\n<td>3<\/td>\n<td>5:3 35:22<\/td>\n<\/tr>\n<tr>\n<td>3<\/td>\n<td>GIELNIOWSKA Nikola<\/td>\n<td>3<\/td>\n<td>3:4 20:27<\/td>\n<\/tr>\n<tr>\n<td>4<\/td>\n<td>PTASZEK Antonina<\/td>\n<td>3<\/td>\n<td>0:6 9:24<\/td>\n<\/tr>\n<\/table>\n<table>\n<tr>\n<th>mecz<\/th>\n<th>wynik<\/th>\n<\/tr>\n<tr>\n<td>Siek Katarzyna &#8211; Ptaszek Antonina<\/td>\n<td>4\/0 4\/0<\/td>\n<\/tr>\n<tr>\n<td>Gielniowska Nikola &#8211; Tabor Amelia<\/td>\n<td>1\/4 3\/4<\/td>\n<\/tr>\n<tr>\n<td>Siek Katarzyna &#8211; Tabor Amelia<\/td>\n<td>1\/4 4\/0 6\/10<\/td>\n<\/tr>\n<tr>\n<td>Gielniowska Nikola &#8211; Ptaszek Antonina<\/td>\n<td>4\/1 4\/2<\/td>\n<\/tr>\n<tr>\n<td>Siek Katarzyna &#8211; Gielniowska Nikola<\/td>\n<td>4\/1 2\/4 10\/3<\/td>\n<\/tr>\n<tr>\n<td>Tabor Amelia &#8211; Ptaszek Antonina<\/td>\n<td>4\/3 4\/3<\/td>\n<\/tr>\n<\/table>\n<h3>1\/2 fina\u0142u<\/h3>\n<table>\n<tr>\n<th>mecz<\/th>\n<th>wynik<\/th>\n<\/tr>\n<tr>\n<td>Ceglarz Lena &#8211; Siek Katarzyna<\/td>\n<td>4\/3 4\/3<\/td>\n<\/tr>\n<tr>\n<td>\u017belazko Aleksandra &#8211; Tabor Amelia<\/td>\n<td>0\/4 4\/3 7\/10<\/td>\n<\/tr>\n<\/table>\n<h3>fina\u0142<\/h3>\n<table>\n<tr>\n<th>mecz<\/th>\n<th>wynik<\/th>\n<\/tr>\n<tr>\n<td>Ceglarz Lena &#8211; Tabor Amelia<\/td>\n<td>3\/4 4\/2 4\/2<\/td>\n<\/tr>\n<\/table>\n<h2>&#8226; Ch\u0142opcy U16<\/h2>\n<h3>Grupa A<\/h3>\n<table>\n<tr>\n<th>lp<\/th>\n<th>nazwisko imi\u0119<\/th>\n<th>zwyc<\/th>\n<th>gemy<\/th>\n<\/tr>\n<tr>\n<td>1<\/td>\n<td>PRYZMONT Mateusz<\/td>\n<td>3<\/td>\n<td>33:9<\/td>\n<\/tr>\n<tr>\n<td>2<\/td>\n<td>OR\u0141OWSKI Mateusz<\/td>\n<td>2<\/td>\n<td>32:29<\/td>\n<\/tr>\n<tr>\n<td>3<\/td>\n<td>KOZ\u0141OW Pawe\u0142<\/td>\n<td>1<\/td>\n<td>27:36<\/td>\n<\/tr>\n<tr>\n<td>4<\/td>\n<td>KWIATKOWSKI Szymon<\/td>\n<td>0<\/td>\n<td>15:33<\/td>\n<\/tr>\n<\/table>\n<table>\n<tr>\n<th>mecz<\/th>\n<th>wynik<\/th>\n<\/tr>\n<tr>\n<td>Pryzmont Mateusz &#8211; Koz\u0142ow Pawe\u0142<\/td>\n<td>4\/2 3\/4 10\/2<\/td>\n<\/tr>\n<tr>\n<td>Kwiatkowski Szymon &#8211; Or\u0142owski Mateusz<\/td>\n<td>4\/3 2\/4 4-10<\/td>\n<\/tr>\n<tr>\n<td>Pryzmont Mateusz &#8211; Or\u0142owski Mateusz<\/td>\n<td>4\/0 4\/0<\/td>\n<\/tr>\n<tr>\n<td>Kwiatkowski Szymon &#8211; Koz\u0142ow Pawe\u0142<\/td>\n<td>2\/4 2\/4<\/td>\n<\/tr>\n<tr>\n<td>Pryzmont Mateusz &#8211; Kwiatkowski Szymon<\/td>\n<td>4\/0 4\/1<\/td>\n<\/tr>\n<tr>\n<td>Or\u0142owski Mateusz &#8211; Koz\u0142ow Pawe\u0142<\/td>\n<td>4\/0 1\/4 10\/7<\/td>\n<\/tr>\n<\/table>\n<h3>Grupa B<\/h3>\n<table>\n<tr>\n<th>lp<\/th>\n<th>nazwisko imi\u0119<\/th>\n<th>zwyc<\/th>\n<th>gemy<\/th>\n<\/tr>\n<tr>\n<td>1<\/td>\n<td>ORACZ Krzysztof<\/td>\n<td>3<\/td>\n<td>36:2<\/td>\n<\/tr>\n<tr>\n<td>2<\/td>\n<td>R\u00d3\u017bANOWSKI Miko\u0142aj<\/td>\n<td>2<\/td>\n<td>26:12<\/td>\n<\/tr>\n<tr>\n<td>3<\/td>\n<td>KRUGLI\u0143SKI Jakub<\/td>\n<td>1<\/td>\n<td>12:24<\/td>\n<\/tr>\n<tr>\n<td>4<\/td>\n<td>SKULIMOWSKI Micha\u0142<\/td>\n<td>0<\/td>\n<td>0:36<\/td>\n<\/tr>\n<\/table>\n<table>\n<tr>\n<th>mecz<\/th>\n<th>wynik<\/th>\n<\/tr>\n<tr>\n<td>Oracz Krzysztof &#8211; R\u00f3\u017canowski Miko\u0142aj<\/td>\n<td>6\/1 6\/1<\/td>\n<\/tr>\n<tr>\n<td>Skulimowski Micha\u0142 &#8211; Krugli\u0144ski Jakub<\/td>\n<td>0\/6 0\/6<\/td>\n<\/tr>\n<tr>\n<td>Oracz Krzysztof &#8211; Krugli\u0144ski Jakub<\/td>\n<td>6\/0 6\/0<\/td>\n<\/tr>\n<tr>\n<td>Skulimowski Micha\u0142 &#8211; R\u00f3\u017canowski Miko\u0142aj<\/td>\n<td>0\/6 0\/6<\/td>\n<\/tr>\n<tr>\n<td>Oracz Krzysztof &#8211; Skulimowski Micha\u0142<\/td>\n<td>6\/0 6\/0<\/td>\n<\/tr>\n<tr>\n<td>Krugli\u0144ski Jakub &#8211; R\u00f3\u017canowski Miko\u0142aj<\/td>\n<td>0\/6 0\/6<\/td>\n<\/tr>\n<\/table>\n<h3>Grupa C<\/h3>\n<table>\n<tr>\n<th>lp<\/th>\n<th>nazwisko imi\u0119<\/th>\n<th>zwyc<\/th>\n<th>gemy<\/th>\n<\/tr>\n<tr>\n<td>1<\/td>\n<td>MATELSKI Konrad<\/td>\n<td>3<\/td>\n<td>36:30<\/td>\n<\/tr>\n<tr>\n<td>2<\/td>\n<td>KIELAK Maksym<\/td>\n<td>1<\/td>\n<td>4:4<\/td>\n<\/tr>\n<tr>\n<td>3<\/td>\n<td>TRATKIEWICZ Aleksander<\/td>\n<td>1<\/td>\n<td>3:4<\/td>\n<\/tr>\n<tr>\n<td>4<\/td>\n<td>DERLATKA Maksymilian<\/td>\n<td>1<\/td>\n<td>2:5<\/td>\n<\/tr>\n<\/table>\n<table>\n<tr>\n<th>mecz<\/th>\n<th>wynik<\/th>\n<\/tr>\n<tr>\n<td>Kielak Maksym &#8211; Matelski Konrad<\/td>\n<td>3\/4 4\/0 8-10<\/td>\n<\/tr>\n<tr>\n<td>Tratkiewicz Aleksander &#8211; Derlatka Maksymilian<\/td>\n<td>4\/0 4\/1<\/td>\n<\/tr>\n<tr>\n<td>Kielak Maksym &#8211; Derlatka Maksymilian<\/td>\n<td>4\/2 1\/4 8\/10<\/td>\n<\/tr>\n<tr>\n<td>Tratkiewicz Aleksander &#8211; Matelski Konrad<\/td>\n<td>4\/0 3\/4 7\/10<\/td>\n<\/tr>\n<tr>\n<td>Kielak Maksym &#8211; Tratkiewicz Aleksander<\/td>\n<td>4\/0 4\/0 walkower<\/td>\n<\/tr>\n<tr>\n<td>Derlatka Maksymilian &#8211; Matelski Konrad<\/td>\n<td>0\/4 1\/4<\/td>\n<\/tr>\n<\/table>\n<h3>1\/4 fina\u0142u<\/h3>\n<table>\n<tr>\n<th>mecz<\/th>\n<th>wynik<\/th>\n<\/tr>\n<tr>\n<td>R\u00f3\u017canowski Miko\u0142aj &#8211; Kielak Maksym<\/td>\n<td>0\/4 2\/4<\/td>\n<\/tr>\n<tr>\n<td>Or\u0142owski Mateusz &#8211; Matelski Konrad<\/td>\n<td>0\/4 3\/4<\/td>\n<\/tr>\n<\/table>\n<h3>1\/2 fina\u0142u<\/h3>\n<table>\n<tr>\n<th>mecz<\/th>\n<th>wynik<\/th>\n<\/tr>\n<tr>\n<td>Pryzmont Mateusz &#8211; Kielak Maksym<\/td>\n<td>6\/4 6\/1<\/td>\n<\/tr>\n<tr>\n<td>Matelski Konrad &#8211; Oracz Krzysztof<\/td>\n<td>0\/6 3\/6<\/td>\n<\/tr>\n<\/table>\n<h3>fina\u0142<\/h3>\n<table>\n<tr>\n<th>mecz<\/th>\n<th>wynik<\/th>\n<\/tr>\n<tr>\n<td>Pryzmont Mateusz &#8211; Oracz Krzysztof<\/td>\n<td>6\/3 6\/1<\/td>\n<\/tr>\n<\/table>\n","protected":false},"excerpt":{"rendered":"<p>Termin:\u00a015-12-2024 Klub:\u00a0WKT Mera &#8226; Dziewcz\u0119ta U16 Grupa A lp nazwisko imi\u0119 zwyc gemy 1 CEGLARZ Lena 2 4:0 16:6 2 \u017bELAZKO Aleksandra 2 2:2 11:12 3 SOBONIAK Matylda 2 0:4 7:16 mecz wynik \u017belazko Aleksandra &#8211; Soboniak Matylda 4\/3 4\/1 Ceglarz Lena &#8211; Soboniak Matylda 4\/0 4\/3 \u017belazko Aleksandra &#8211; Ceglarz Lena 2\/4 1\/4 Grupa &#8230; <a title=\"Mazowsze Cup U16\" class=\"read-more\" href=\"https:\/\/mc.korty.org\/?page_id=442\" aria-label=\"Read more about Mazowsze Cup U16\">Dowiedz si\u0119 wi\u0119cej<\/a><\/p>\n","protected":false},"author":1,"featured_media":0,"parent":0,"menu_order":0,"comment_status":"closed","ping_status":"closed","template":"","meta":{"footnotes":""},"class_list":["post-442","page","type-page","status-publish"],"yoast_head":"<!-- This site is optimized with the Yoast SEO plugin v23.5 - https:\/\/yoast.com\/wordpress\/plugins\/seo\/ -->\n<title>Mazowsze Cup U16 -<\/title>\n<meta name=\"robots\" content=\"index, follow, max-snippet:-1, max-image-preview:large, max-video-preview:-1\" \/>\n<link rel=\"canonical\" href=\"https:\/\/mc.korty.org\/?page_id=442\" \/>\n<meta property=\"og:locale\" content=\"pl_PL\" \/>\n<meta property=\"og:type\" content=\"article\" \/>\n<meta property=\"og:title\" content=\"Mazowsze Cup U16 -\" \/>\n<meta property=\"og:description\" content=\"Termin:\u00a015-12-2024 Klub:\u00a0WKT Mera &#8226; Dziewcz\u0119ta U16 Grupa A lp nazwisko imi\u0119 zwyc gemy 1 CEGLARZ Lena 2 4:0 16:6 2 \u017bELAZKO Aleksandra 2 2:2 11:12 3 SOBONIAK Matylda 2 0:4 7:16 mecz wynik \u017belazko Aleksandra &#8211; Soboniak Matylda 4\/3 4\/1 Ceglarz Lena &#8211; Soboniak Matylda 4\/0 4\/3 \u017belazko Aleksandra &#8211; Ceglarz Lena 2\/4 1\/4 Grupa ... Dowiedz si\u0119 wi\u0119cej\" \/>\n<meta property=\"og:url\" content=\"https:\/\/mc.korty.org\/?page_id=442\" \/>\n<meta name=\"twitter:card\" content=\"summary_large_image\" \/>\n<script type=\"application\/ld+json\" class=\"yoast-schema-graph\">{\"@context\":\"https:\/\/schema.org\",\"@graph\":[{\"@type\":\"WebPage\",\"@id\":\"https:\/\/mc.korty.org\/?page_id=442\",\"url\":\"https:\/\/mc.korty.org\/?page_id=442\",\"name\":\"Mazowsze Cup U16 -\",\"isPartOf\":{\"@id\":\"https:\/\/mc.korty.org\/#website\"},\"datePublished\":\"2024-12-17T17:01:56+00:00\",\"dateModified\":\"2024-12-17T17:01:56+00:00\",\"breadcrumb\":{\"@id\":\"https:\/\/mc.korty.org\/?page_id=442#breadcrumb\"},\"inLanguage\":\"pl-PL\",\"potentialAction\":[{\"@type\":\"ReadAction\",\"target\":[\"https:\/\/mc.korty.org\/?page_id=442\"]}]},{\"@type\":\"BreadcrumbList\",\"@id\":\"https:\/\/mc.korty.org\/?page_id=442#breadcrumb\",\"itemListElement\":[{\"@type\":\"ListItem\",\"position\":1,\"name\":\"Strona g\u0142\u00f3wna\",\"item\":\"https:\/\/mc.korty.org\/\"},{\"@type\":\"ListItem\",\"position\":2,\"name\":\"Mazowsze Cup U16\"}]},{\"@type\":\"WebSite\",\"@id\":\"https:\/\/mc.korty.org\/#website\",\"url\":\"https:\/\/mc.korty.org\/\",\"name\":\"\",\"description\":\"\",\"potentialAction\":[{\"@type\":\"SearchAction\",\"target\":{\"@type\":\"EntryPoint\",\"urlTemplate\":\"https:\/\/mc.korty.org\/?s={search_term_string}\"},\"query-input\":{\"@type\":\"PropertyValueSpecification\",\"valueRequired\":true,\"valueName\":\"search_term_string\"}}],\"inLanguage\":\"pl-PL\"}]}<\/script>\n<!-- \/ Yoast SEO plugin. -->","yoast_head_json":{"title":"Mazowsze Cup U16 -","robots":{"index":"index","follow":"follow","max-snippet":"max-snippet:-1","max-image-preview":"max-image-preview:large","max-video-preview":"max-video-preview:-1"},"canonical":"https:\/\/mc.korty.org\/?page_id=442","og_locale":"pl_PL","og_type":"article","og_title":"Mazowsze Cup U16 -","og_description":"Termin:\u00a015-12-2024 Klub:\u00a0WKT Mera &#8226; Dziewcz\u0119ta U16 Grupa A lp nazwisko imi\u0119 zwyc gemy 1 CEGLARZ Lena 2 4:0 16:6 2 \u017bELAZKO Aleksandra 2 2:2 11:12 3 SOBONIAK Matylda 2 0:4 7:16 mecz wynik \u017belazko Aleksandra &#8211; Soboniak Matylda 4\/3 4\/1 Ceglarz Lena &#8211; Soboniak Matylda 4\/0 4\/3 \u017belazko Aleksandra &#8211; Ceglarz Lena 2\/4 1\/4 Grupa ... Dowiedz si\u0119 wi\u0119cej","og_url":"https:\/\/mc.korty.org\/?page_id=442","twitter_card":"summary_large_image","schema":{"@context":"https:\/\/schema.org","@graph":[{"@type":"WebPage","@id":"https:\/\/mc.korty.org\/?page_id=442","url":"https:\/\/mc.korty.org\/?page_id=442","name":"Mazowsze Cup U16 -","isPartOf":{"@id":"https:\/\/mc.korty.org\/#website"},"datePublished":"2024-12-17T17:01:56+00:00","dateModified":"2024-12-17T17:01:56+00:00","breadcrumb":{"@id":"https:\/\/mc.korty.org\/?page_id=442#breadcrumb"},"inLanguage":"pl-PL","potentialAction":[{"@type":"ReadAction","target":["https:\/\/mc.korty.org\/?page_id=442"]}]},{"@type":"BreadcrumbList","@id":"https:\/\/mc.korty.org\/?page_id=442#breadcrumb","itemListElement":[{"@type":"ListItem","position":1,"name":"Strona g\u0142\u00f3wna","item":"https:\/\/mc.korty.org\/"},{"@type":"ListItem","position":2,"name":"Mazowsze Cup U16"}]},{"@type":"WebSite","@id":"https:\/\/mc.korty.org\/#website","url":"https:\/\/mc.korty.org\/","name":"","description":"","potentialAction":[{"@type":"SearchAction","target":{"@type":"EntryPoint","urlTemplate":"https:\/\/mc.korty.org\/?s={search_term_string}"},"query-input":{"@type":"PropertyValueSpecification","valueRequired":true,"valueName":"search_term_string"}}],"inLanguage":"pl-PL"}]}},"_links":{"self":[{"href":"https:\/\/mc.korty.org\/index.php?rest_route=\/wp\/v2\/pages\/442","targetHints":{"allow":["GET"]}}],"collection":[{"href":"https:\/\/mc.korty.org\/index.php?rest_route=\/wp\/v2\/pages"}],"about":[{"href":"https:\/\/mc.korty.org\/index.php?rest_route=\/wp\/v2\/types\/page"}],"author":[{"embeddable":true,"href":"https:\/\/mc.korty.org\/index.php?rest_route=\/wp\/v2\/users\/1"}],"replies":[{"embeddable":true,"href":"https:\/\/mc.korty.org\/index.php?rest_route=%2Fwp%2Fv2%2Fcomments&post=442"}],"version-history":[{"count":1,"href":"https:\/\/mc.korty.org\/index.php?rest_route=\/wp\/v2\/pages\/442\/revisions"}],"predecessor-version":[{"id":443,"href":"https:\/\/mc.korty.org\/index.php?rest_route=\/wp\/v2\/pages\/442\/revisions\/443"}],"wp:attachment":[{"href":"https:\/\/mc.korty.org\/index.php?rest_route=%2Fwp%2Fv2%2Fmedia&parent=442"}],"curies":[{"name":"wp","href":"https:\/\/api.w.org\/{rel}","templated":true}]}}