{"id":686,"date":"2025-11-11T19:15:19","date_gmt":"2025-11-11T19:15:19","guid":{"rendered":"https:\/\/mc.korty.org\/?page_id=686"},"modified":"2025-12-17T08:26:51","modified_gmt":"2025-12-17T08:26:51","slug":"ranking-2025","status":"publish","type":"page","link":"https:\/\/mc.korty.org\/?page_id=686","title":{"rendered":"Ranking 2025"},"content":{"rendered":"<style>\n  .entry-content button,\n  .entry-content .wp-block-button__link {\n    margin-bottom: 2px;\n    display: inline-block;\n  }\n<\/style>\n<p><button style=\"background: #aaa;\">DZ12<\/button> <a href=\"https:\/\/mc.korty.org\/?page_id=688\"><button>CH12<\/button><\/a> <a href=\"https:\/\/mc.korty.org\/?page_id=690\"><button>DZ14<\/button><\/a> <a href=\"https:\/\/mc.korty.org\/?page_id=692\"><button>CH14<\/button><\/a> <a href=\"https:\/\/mc.korty.org\/?page_id=694\"><button>DZ16<\/button><\/a> <a href=\"https:\/\/mc.korty.org\/?page_id=696\"><button>CH16<\/button><\/a><\/p>\n<h3>DZIEWCZ\u0118TA U12<\/h3>\n<table border=\"1\">\n<thead>\n<tr>\n<th>lp<\/th>\n<th>imi\u0119 nazwisko<\/th>\n<th>punkty<\/th>\n<\/tr>\n<\/thead>\n<tbody>\n<tr>\n<td>1<\/td>\n<td>Lilia Aleksander<\/td>\n<td>1610<\/td>\n<\/tr>\n<tr>\n<td>2<\/td>\n<td>Amelia Bluhm<\/td>\n<td>831<\/td>\n<\/tr>\n<tr>\n<td>3<\/td>\n<td>Natalia Nowicka<\/td>\n<td>700<\/td>\n<\/tr>\n<tr>\n<td>4<\/td>\n<td>Zofia Dutkiewicz<\/td>\n<td>500<\/td>\n<\/tr>\n<tr>\n<td>5<\/td>\n<td>Joanna Ga\u0142usza<\/td>\n<td>500<\/td>\n<\/tr>\n<tr>\n<td>6<\/td>\n<td>Mira Khludova<\/td>\n<td>330<\/td>\n<\/tr>\n<tr>\n<td>7<\/td>\n<td>Lena Mik\u0142aszewicz<\/td>\n<td>331<\/td>\n<\/tr>\n<tr>\n<td>8<\/td>\n<td>Lidia Wicik<\/td>\n<td>210<\/td>\n<\/tr>\n<tr>\n<td>9<\/td>\n<td>Maria St\u0119pie\u0144<\/td>\n<td>210<\/td>\n<\/tr>\n<tr>\n<td>10<\/td>\n<td>Karolina Buzor<\/td>\n<td>140<\/td>\n<\/tr>\n<tr>\n<td>11<\/td>\n<td>Pola Mazurkiewicz<\/td>\n<td>140<\/td>\n<\/tr>\n<tr>\n<td>12<\/td>\n<td>Wiktoria Jaro\u0144<\/td>\n<td>140<\/td>\n<\/tr>\n<tr>\n<td>13<\/td>\n<td>Klara Gnicha<\/td>\n<td>1<\/td>\n<\/tr>\n<tr>\n<td>14<\/td>\n<td>Helena Sztyk<\/td>\n<td>1<\/td>\n<\/tr>\n<tr>\n<td>15<\/td>\n<td>Mia Minich<\/td>\n<td>1<\/td>\n<\/tr>\n<tr>\n<td>16<\/td>\n<td>Sofia Sinkovska<\/td>\n<td>1<\/td>\n<\/tr>\n<\/tbody>\n<\/table>\n","protected":false},"excerpt":{"rendered":"<p>DZ12 CH12 DZ14 CH14 DZ16 CH16 DZIEWCZ\u0118TA U12 lp imi\u0119 nazwisko punkty 1 Lilia Aleksander 1610 2 Amelia Bluhm 831 3 Natalia Nowicka 700 4 Zofia Dutkiewicz 500 5 Joanna Ga\u0142usza 500 6 Mira Khludova 330 7 Lena Mik\u0142aszewicz 331 8 Lidia Wicik 210 9 Maria St\u0119pie\u0144 210 10 Karolina Buzor 140 11 Pola Mazurkiewicz &#8230; <a title=\"Ranking 2025\" class=\"read-more\" href=\"https:\/\/mc.korty.org\/?page_id=686\" aria-label=\"Read more about Ranking 2025\">Dowiedz si\u0119 wi\u0119cej<\/a><\/p>\n","protected":false},"author":1,"featured_media":0,"parent":0,"menu_order":0,"comment_status":"closed","ping_status":"closed","template":"","meta":{"footnotes":""},"class_list":["post-686","page","type-page","status-publish"],"yoast_head":"<!-- This site is optimized with the Yoast SEO plugin v23.5 - https:\/\/yoast.com\/wordpress\/plugins\/seo\/ -->\n<title>Ranking 2025 -<\/title>\n<meta name=\"robots\" content=\"index, follow, max-snippet:-1, max-image-preview:large, max-video-preview:-1\" \/>\n<link rel=\"canonical\" href=\"https:\/\/mc.korty.org\/?page_id=686\" \/>\n<meta property=\"og:locale\" content=\"pl_PL\" \/>\n<meta property=\"og:type\" content=\"article\" \/>\n<meta property=\"og:title\" content=\"Ranking 2025 -\" \/>\n<meta property=\"og:description\" content=\"DZ12 CH12 DZ14 CH14 DZ16 CH16 DZIEWCZ\u0118TA U12 lp imi\u0119 nazwisko punkty 1 Lilia Aleksander 1610 2 Amelia Bluhm 831 3 Natalia Nowicka 700 4 Zofia Dutkiewicz 500 5 Joanna Ga\u0142usza 500 6 Mira Khludova 330 7 Lena Mik\u0142aszewicz 331 8 Lidia Wicik 210 9 Maria St\u0119pie\u0144 210 10 Karolina Buzor 140 11 Pola Mazurkiewicz ... Dowiedz si\u0119 wi\u0119cej\" \/>\n<meta property=\"og:url\" content=\"https:\/\/mc.korty.org\/?page_id=686\" \/>\n<meta property=\"article:modified_time\" content=\"2025-12-17T08:26:51+00:00\" \/>\n<meta name=\"twitter:card\" content=\"summary_large_image\" \/>\n<meta name=\"twitter:label1\" content=\"Szacowany czas czytania\" \/>\n\t<meta name=\"twitter:data1\" content=\"1 minuta\" \/>\n<script type=\"application\/ld+json\" class=\"yoast-schema-graph\">{\"@context\":\"https:\/\/schema.org\",\"@graph\":[{\"@type\":\"WebPage\",\"@id\":\"https:\/\/mc.korty.org\/?page_id=686\",\"url\":\"https:\/\/mc.korty.org\/?page_id=686\",\"name\":\"Ranking 2025 -\",\"isPartOf\":{\"@id\":\"https:\/\/mc.korty.org\/#website\"},\"datePublished\":\"2025-11-11T19:15:19+00:00\",\"dateModified\":\"2025-12-17T08:26:51+00:00\",\"breadcrumb\":{\"@id\":\"https:\/\/mc.korty.org\/?page_id=686#breadcrumb\"},\"inLanguage\":\"pl-PL\",\"potentialAction\":[{\"@type\":\"ReadAction\",\"target\":[\"https:\/\/mc.korty.org\/?page_id=686\"]}]},{\"@type\":\"BreadcrumbList\",\"@id\":\"https:\/\/mc.korty.org\/?page_id=686#breadcrumb\",\"itemListElement\":[{\"@type\":\"ListItem\",\"position\":1,\"name\":\"Strona g\u0142\u00f3wna\",\"item\":\"https:\/\/mc.korty.org\/\"},{\"@type\":\"ListItem\",\"position\":2,\"name\":\"Ranking 2025\"}]},{\"@type\":\"WebSite\",\"@id\":\"https:\/\/mc.korty.org\/#website\",\"url\":\"https:\/\/mc.korty.org\/\",\"name\":\"\",\"description\":\"\",\"potentialAction\":[{\"@type\":\"SearchAction\",\"target\":{\"@type\":\"EntryPoint\",\"urlTemplate\":\"https:\/\/mc.korty.org\/?s={search_term_string}\"},\"query-input\":{\"@type\":\"PropertyValueSpecification\",\"valueRequired\":true,\"valueName\":\"search_term_string\"}}],\"inLanguage\":\"pl-PL\"}]}<\/script>\n<!-- \/ Yoast SEO plugin. -->","yoast_head_json":{"title":"Ranking 2025 -","robots":{"index":"index","follow":"follow","max-snippet":"max-snippet:-1","max-image-preview":"max-image-preview:large","max-video-preview":"max-video-preview:-1"},"canonical":"https:\/\/mc.korty.org\/?page_id=686","og_locale":"pl_PL","og_type":"article","og_title":"Ranking 2025 -","og_description":"DZ12 CH12 DZ14 CH14 DZ16 CH16 DZIEWCZ\u0118TA U12 lp imi\u0119 nazwisko punkty 1 Lilia Aleksander 1610 2 Amelia Bluhm 831 3 Natalia Nowicka 700 4 Zofia Dutkiewicz 500 5 Joanna Ga\u0142usza 500 6 Mira Khludova 330 7 Lena Mik\u0142aszewicz 331 8 Lidia Wicik 210 9 Maria St\u0119pie\u0144 210 10 Karolina Buzor 140 11 Pola Mazurkiewicz ... Dowiedz si\u0119 wi\u0119cej","og_url":"https:\/\/mc.korty.org\/?page_id=686","article_modified_time":"2025-12-17T08:26:51+00:00","twitter_card":"summary_large_image","twitter_misc":{"Szacowany czas czytania":"1 minuta"},"schema":{"@context":"https:\/\/schema.org","@graph":[{"@type":"WebPage","@id":"https:\/\/mc.korty.org\/?page_id=686","url":"https:\/\/mc.korty.org\/?page_id=686","name":"Ranking 2025 -","isPartOf":{"@id":"https:\/\/mc.korty.org\/#website"},"datePublished":"2025-11-11T19:15:19+00:00","dateModified":"2025-12-17T08:26:51+00:00","breadcrumb":{"@id":"https:\/\/mc.korty.org\/?page_id=686#breadcrumb"},"inLanguage":"pl-PL","potentialAction":[{"@type":"ReadAction","target":["https:\/\/mc.korty.org\/?page_id=686"]}]},{"@type":"BreadcrumbList","@id":"https:\/\/mc.korty.org\/?page_id=686#breadcrumb","itemListElement":[{"@type":"ListItem","position":1,"name":"Strona g\u0142\u00f3wna","item":"https:\/\/mc.korty.org\/"},{"@type":"ListItem","position":2,"name":"Ranking 2025"}]},{"@type":"WebSite","@id":"https:\/\/mc.korty.org\/#website","url":"https:\/\/mc.korty.org\/","name":"","description":"","potentialAction":[{"@type":"SearchAction","target":{"@type":"EntryPoint","urlTemplate":"https:\/\/mc.korty.org\/?s={search_term_string}"},"query-input":{"@type":"PropertyValueSpecification","valueRequired":true,"valueName":"search_term_string"}}],"inLanguage":"pl-PL"}]}},"_links":{"self":[{"href":"https:\/\/mc.korty.org\/index.php?rest_route=\/wp\/v2\/pages\/686","targetHints":{"allow":["GET"]}}],"collection":[{"href":"https:\/\/mc.korty.org\/index.php?rest_route=\/wp\/v2\/pages"}],"about":[{"href":"https:\/\/mc.korty.org\/index.php?rest_route=\/wp\/v2\/types\/page"}],"author":[{"embeddable":true,"href":"https:\/\/mc.korty.org\/index.php?rest_route=\/wp\/v2\/users\/1"}],"replies":[{"embeddable":true,"href":"https:\/\/mc.korty.org\/index.php?rest_route=%2Fwp%2Fv2%2Fcomments&post=686"}],"version-history":[{"count":6,"href":"https:\/\/mc.korty.org\/index.php?rest_route=\/wp\/v2\/pages\/686\/revisions"}],"predecessor-version":[{"id":806,"href":"https:\/\/mc.korty.org\/index.php?rest_route=\/wp\/v2\/pages\/686\/revisions\/806"}],"wp:attachment":[{"href":"https:\/\/mc.korty.org\/index.php?rest_route=%2Fwp%2Fv2%2Fmedia&parent=686"}],"curies":[{"name":"wp","href":"https:\/\/api.w.org\/{rel}","templated":true}]}}