{"id":690,"date":"2025-11-11T19:24:08","date_gmt":"2025-11-11T19:24:08","guid":{"rendered":"https:\/\/mc.korty.org\/?page_id=690"},"modified":"2025-12-17T08:27:35","modified_gmt":"2025-12-17T08:27:35","slug":"ranking-2025-3","status":"publish","type":"page","link":"https:\/\/mc.korty.org\/?page_id=690","title":{"rendered":"Ranking 2025"},"content":{"rendered":"<style>\n  .entry-content button,\n  .entry-content .wp-block-button__link {\n    margin-bottom: 2px;\n    display: inline-block;\n  }\n<\/style>\n<p><a href=\"https:\/\/mc.korty.org\/?page_id=686\"><button>DZ12<\/button><\/a> <a href=\"https:\/\/mc.korty.org\/?page_id=688\"><button>CH12<\/button><\/a> <button style=\"background: #aaa;\">DZ14<\/button> <a href=\"https:\/\/mc.korty.org\/?page_id=692\"><button>CH14<\/button><\/a> <a href=\"https:\/\/mc.korty.org\/?page_id=694\"><button>DZ16<\/button><\/a> <a href=\"https:\/\/mc.korty.org\/?page_id=696\"><button>CH16<\/button><\/a><\/p>\n<h3>DZIEWCZ\u0118TA U14<\/h3>\n<table>\n<thead>\n<tr>\n<th>Poz.<\/th>\n<th>Zawodniczka<\/th>\n<th>Punkty<\/th>\n<\/tr>\n<\/thead>\n<tbody>\n<tr>\n<td>1<\/td>\n<td>Dominika Cibor<\/td>\n<td>2230<\/td>\n<\/tr>\n<tr>\n<td>2<\/td>\n<td>Alicja Wicherska<\/td>\n<td>830<\/td>\n<\/tr>\n<tr>\n<td>3-4<\/td>\n<td>Nadia K\u0119dracka<\/td>\n<td>700<\/td>\n<\/tr>\n<tr>\n<td>3-4<\/td>\n<td>Lilia Aleksander<\/td>\n<td>700<\/td>\n<\/tr>\n<tr>\n<td>5-6<\/td>\n<td>Nina Mazur<\/td>\n<td>500<\/td>\n<\/tr>\n<tr>\n<td>5-6<\/td>\n<td>Rita Ptasi\u0144ska<\/td>\n<td>500<\/td>\n<\/tr>\n<tr>\n<td>7<\/td>\n<td>Zofia Woszczyk-Rozwadowska<\/td>\n<td>471<\/td>\n<\/tr>\n<tr>\n<td>8-9<\/td>\n<td>Zofia Gajewska<\/td>\n<td>470<\/td>\n<\/tr>\n<tr>\n<td>8-9<\/td>\n<td>Lena Miklaszewicz<\/td>\n<td>470<\/td>\n<\/tr>\n<tr>\n<td>10-14<\/td>\n<td>Kasia Bakalarz<\/td>\n<td>140<\/td>\n<\/tr>\n<tr>\n<td>10-14<\/td>\n<td>Daryna Golubenko<\/td>\n<td>140<\/td>\n<\/tr>\n<tr>\n<td>10-14<\/td>\n<td>Nela Arant<\/td>\n<td>140<\/td>\n<\/tr>\n<tr>\n<td>10-14<\/td>\n<td>Zosia O\u0142dak<\/td>\n<td>140<\/td>\n<\/tr>\n<tr>\n<td>10-14<\/td>\n<td>Magda Ch\u0142opik<\/td>\n<td>140<\/td>\n<\/tr>\n<tr>\n<td>15<\/td>\n<td>Amelia Bluhm<\/td>\n<td>2<\/td>\n<\/tr>\n<tr>\n<td>16-22<\/td>\n<td>Konstancja Cybulska<\/td>\n<td>1<\/td>\n<\/tr>\n<tr>\n<td>16-22<\/td>\n<td>Marika \u0141omi\u0144ska<\/td>\n<td>1<\/td>\n<\/tr>\n<tr>\n<td>16-22<\/td>\n<td>Nadia Szadkowska<\/td>\n<td>1<\/td>\n<\/tr>\n<tr>\n<td>16-22<\/td>\n<td>Ivanyk Sofija<\/td>\n<td>1<\/td>\n<\/tr>\n<tr>\n<td>16-22<\/td>\n<td>Leslie Daniella<\/td>\n<td>1<\/td>\n<\/tr>\n<tr>\n<td>16-22<\/td>\n<td>Wiktoria Baron Mierzwa<\/td>\n<td>1<\/td>\n<\/tr>\n<tr>\n<td>16-22<\/td>\n<td>Michalina Chojnacka<\/td>\n<td>1<\/td>\n<\/tr>\n<\/tbody>\n<\/table>\n","protected":false},"excerpt":{"rendered":"<p>DZ12 CH12 DZ14 CH14 DZ16 CH16 DZIEWCZ\u0118TA U14 Poz. Zawodniczka Punkty 1 Dominika Cibor 2230 2 Alicja Wicherska 830 3-4 Nadia K\u0119dracka 700 3-4 Lilia Aleksander 700 5-6 Nina Mazur 500 5-6 Rita Ptasi\u0144ska 500 7 Zofia Woszczyk-Rozwadowska 471 8-9 Zofia Gajewska 470 8-9 Lena Miklaszewicz 470 10-14 Kasia Bakalarz 140 10-14 Daryna Golubenko 140 &#8230; <a title=\"Ranking 2025\" class=\"read-more\" href=\"https:\/\/mc.korty.org\/?page_id=690\" aria-label=\"Read more about Ranking 2025\">Dowiedz si\u0119 wi\u0119cej<\/a><\/p>\n","protected":false},"author":1,"featured_media":0,"parent":0,"menu_order":0,"comment_status":"closed","ping_status":"closed","template":"","meta":{"footnotes":""},"class_list":["post-690","page","type-page","status-publish"],"yoast_head":"<!-- This site is optimized with the Yoast SEO plugin v23.5 - https:\/\/yoast.com\/wordpress\/plugins\/seo\/ -->\n<title>Ranking 2025 -<\/title>\n<meta name=\"robots\" content=\"index, follow, max-snippet:-1, max-image-preview:large, max-video-preview:-1\" \/>\n<link rel=\"canonical\" href=\"https:\/\/mc.korty.org\/?page_id=690\" \/>\n<meta property=\"og:locale\" content=\"pl_PL\" \/>\n<meta property=\"og:type\" content=\"article\" \/>\n<meta property=\"og:title\" content=\"Ranking 2025 -\" \/>\n<meta property=\"og:description\" content=\"DZ12 CH12 DZ14 CH14 DZ16 CH16 DZIEWCZ\u0118TA U14 Poz. Zawodniczka Punkty 1 Dominika Cibor 2230 2 Alicja Wicherska 830 3-4 Nadia K\u0119dracka 700 3-4 Lilia Aleksander 700 5-6 Nina Mazur 500 5-6 Rita Ptasi\u0144ska 500 7 Zofia Woszczyk-Rozwadowska 471 8-9 Zofia Gajewska 470 8-9 Lena Miklaszewicz 470 10-14 Kasia Bakalarz 140 10-14 Daryna Golubenko 140 ... Dowiedz si\u0119 wi\u0119cej\" \/>\n<meta property=\"og:url\" content=\"https:\/\/mc.korty.org\/?page_id=690\" \/>\n<meta property=\"article:modified_time\" content=\"2025-12-17T08:27:35+00:00\" \/>\n<meta name=\"twitter:card\" content=\"summary_large_image\" \/>\n<meta name=\"twitter:label1\" content=\"Szacowany czas czytania\" \/>\n\t<meta name=\"twitter:data1\" content=\"1 minuta\" \/>\n<script type=\"application\/ld+json\" class=\"yoast-schema-graph\">{\"@context\":\"https:\/\/schema.org\",\"@graph\":[{\"@type\":\"WebPage\",\"@id\":\"https:\/\/mc.korty.org\/?page_id=690\",\"url\":\"https:\/\/mc.korty.org\/?page_id=690\",\"name\":\"Ranking 2025 -\",\"isPartOf\":{\"@id\":\"https:\/\/mc.korty.org\/#website\"},\"datePublished\":\"2025-11-11T19:24:08+00:00\",\"dateModified\":\"2025-12-17T08:27:35+00:00\",\"breadcrumb\":{\"@id\":\"https:\/\/mc.korty.org\/?page_id=690#breadcrumb\"},\"inLanguage\":\"pl-PL\",\"potentialAction\":[{\"@type\":\"ReadAction\",\"target\":[\"https:\/\/mc.korty.org\/?page_id=690\"]}]},{\"@type\":\"BreadcrumbList\",\"@id\":\"https:\/\/mc.korty.org\/?page_id=690#breadcrumb\",\"itemListElement\":[{\"@type\":\"ListItem\",\"position\":1,\"name\":\"Strona g\u0142\u00f3wna\",\"item\":\"https:\/\/mc.korty.org\/\"},{\"@type\":\"ListItem\",\"position\":2,\"name\":\"Ranking 2025\"}]},{\"@type\":\"WebSite\",\"@id\":\"https:\/\/mc.korty.org\/#website\",\"url\":\"https:\/\/mc.korty.org\/\",\"name\":\"\",\"description\":\"\",\"potentialAction\":[{\"@type\":\"SearchAction\",\"target\":{\"@type\":\"EntryPoint\",\"urlTemplate\":\"https:\/\/mc.korty.org\/?s={search_term_string}\"},\"query-input\":{\"@type\":\"PropertyValueSpecification\",\"valueRequired\":true,\"valueName\":\"search_term_string\"}}],\"inLanguage\":\"pl-PL\"}]}<\/script>\n<!-- \/ Yoast SEO plugin. -->","yoast_head_json":{"title":"Ranking 2025 -","robots":{"index":"index","follow":"follow","max-snippet":"max-snippet:-1","max-image-preview":"max-image-preview:large","max-video-preview":"max-video-preview:-1"},"canonical":"https:\/\/mc.korty.org\/?page_id=690","og_locale":"pl_PL","og_type":"article","og_title":"Ranking 2025 -","og_description":"DZ12 CH12 DZ14 CH14 DZ16 CH16 DZIEWCZ\u0118TA U14 Poz. Zawodniczka Punkty 1 Dominika Cibor 2230 2 Alicja Wicherska 830 3-4 Nadia K\u0119dracka 700 3-4 Lilia Aleksander 700 5-6 Nina Mazur 500 5-6 Rita Ptasi\u0144ska 500 7 Zofia Woszczyk-Rozwadowska 471 8-9 Zofia Gajewska 470 8-9 Lena Miklaszewicz 470 10-14 Kasia Bakalarz 140 10-14 Daryna Golubenko 140 ... Dowiedz si\u0119 wi\u0119cej","og_url":"https:\/\/mc.korty.org\/?page_id=690","article_modified_time":"2025-12-17T08:27:35+00:00","twitter_card":"summary_large_image","twitter_misc":{"Szacowany czas czytania":"1 minuta"},"schema":{"@context":"https:\/\/schema.org","@graph":[{"@type":"WebPage","@id":"https:\/\/mc.korty.org\/?page_id=690","url":"https:\/\/mc.korty.org\/?page_id=690","name":"Ranking 2025 -","isPartOf":{"@id":"https:\/\/mc.korty.org\/#website"},"datePublished":"2025-11-11T19:24:08+00:00","dateModified":"2025-12-17T08:27:35+00:00","breadcrumb":{"@id":"https:\/\/mc.korty.org\/?page_id=690#breadcrumb"},"inLanguage":"pl-PL","potentialAction":[{"@type":"ReadAction","target":["https:\/\/mc.korty.org\/?page_id=690"]}]},{"@type":"BreadcrumbList","@id":"https:\/\/mc.korty.org\/?page_id=690#breadcrumb","itemListElement":[{"@type":"ListItem","position":1,"name":"Strona g\u0142\u00f3wna","item":"https:\/\/mc.korty.org\/"},{"@type":"ListItem","position":2,"name":"Ranking 2025"}]},{"@type":"WebSite","@id":"https:\/\/mc.korty.org\/#website","url":"https:\/\/mc.korty.org\/","name":"","description":"","potentialAction":[{"@type":"SearchAction","target":{"@type":"EntryPoint","urlTemplate":"https:\/\/mc.korty.org\/?s={search_term_string}"},"query-input":{"@type":"PropertyValueSpecification","valueRequired":true,"valueName":"search_term_string"}}],"inLanguage":"pl-PL"}]}},"_links":{"self":[{"href":"https:\/\/mc.korty.org\/index.php?rest_route=\/wp\/v2\/pages\/690","targetHints":{"allow":["GET"]}}],"collection":[{"href":"https:\/\/mc.korty.org\/index.php?rest_route=\/wp\/v2\/pages"}],"about":[{"href":"https:\/\/mc.korty.org\/index.php?rest_route=\/wp\/v2\/types\/page"}],"author":[{"embeddable":true,"href":"https:\/\/mc.korty.org\/index.php?rest_route=\/wp\/v2\/users\/1"}],"replies":[{"embeddable":true,"href":"https:\/\/mc.korty.org\/index.php?rest_route=%2Fwp%2Fv2%2Fcomments&post=690"}],"version-history":[{"count":12,"href":"https:\/\/mc.korty.org\/index.php?rest_route=\/wp\/v2\/pages\/690\/revisions"}],"predecessor-version":[{"id":808,"href":"https:\/\/mc.korty.org\/index.php?rest_route=\/wp\/v2\/pages\/690\/revisions\/808"}],"wp:attachment":[{"href":"https:\/\/mc.korty.org\/index.php?rest_route=%2Fwp%2Fv2%2Fmedia&parent=690"}],"curies":[{"name":"wp","href":"https:\/\/api.w.org\/{rel}","templated":true}]}}