{"id":692,"date":"2025-11-11T19:27:35","date_gmt":"2025-11-11T19:27:35","guid":{"rendered":"https:\/\/mc.korty.org\/?page_id=692"},"modified":"2025-12-02T09:51:06","modified_gmt":"2025-12-02T09:51:06","slug":"ranking-2025-4","status":"publish","type":"page","link":"https:\/\/mc.korty.org\/?page_id=692","title":{"rendered":"Ranking 2025"},"content":{"rendered":"<style>\n  .entry-content button,\n  .entry-content .wp-block-button__link {\n    margin-bottom: 2px;\n    display: inline-block; \n  }\n<\/style>\n<p><a href=\"https:\/\/mc.korty.org\/?page_id=686\"><button>DZ12<\/button><\/a> <a href=\"https:\/\/mc.korty.org\/?page_id=688\"><button>CH12<\/button><\/a> <a href=\"https:\/\/mc.korty.org\/?page_id=690\"><button>DZ14<\/button><\/a> <button style=\"background:#aaa\">CH14<\/button> <a href=\"https:\/\/mc.korty.org\/?page_id=694\"><button>DZ16<\/button><\/a> <a href=\"https:\/\/mc.korty.org\/?page_id=696\"><button>CH16<\/button><\/a><br \/>\n<H3>CH\u0141OPCY U14<\/H3><\/p>\n<table>\n<thead>\n<tr>\n<th>Poz.<\/th>\n<th>Zawodnik<\/th>\n<th>Punkty<\/th>\n<\/tr>\n<\/thead>\n<tbody>\n<tr>\n<td>1<\/td>\n<td>Ignacy Gwia\u017adzi\u0144ski<\/td>\n<td>1940<\/td>\n<\/tr>\n<tr>\n<td>2<\/td>\n<td>Oskar Kr\u00f3lak<\/td>\n<td>1500<\/td>\n<\/tr>\n<tr>\n<td>3<\/td>\n<td>Borys Siwecki<\/td>\n<td>1400<\/td>\n<\/tr>\n<tr>\n<td>4<\/td>\n<td>Ignacy Markowski<\/td>\n<td>990<\/td>\n<\/tr>\n<tr>\n<td>5<\/td>\n<td>Kamil Grodzki<\/td>\n<td>820<\/td>\n<\/tr>\n<tr>\n<td>6<\/td>\n<td>Jan Sulima<\/td>\n<td>750<\/td>\n<\/tr>\n<tr>\n<td>7<\/td>\n<td>Franek O\u0142dak<\/td>\n<td>470<\/td>\n<\/tr>\n<tr>\n<td>8<\/td>\n<td>Bruno Borkowski<\/td>\n<td>351<\/td>\n<\/tr>\n<tr>\n<td>9<\/td>\n<td>Aleksander B\u0105k<\/td>\n<td>540<\/td>\n<\/tr>\n<tr>\n<td>10<\/td>\n<td>Mi\u0142osz Pliszka<\/td>\n<td>470<\/td>\n<\/tr>\n<tr>\n<td>11<\/td>\n<td>Maciej Wo\u0142ek<\/td>\n<td>350<\/td>\n<\/tr>\n<tr>\n<td>12<\/td>\n<td>Marcel Kosiec<\/td>\n<td>350<\/td>\n<\/tr>\n<tr>\n<td>13<\/td>\n<td>Stanis\u0142aw Mr\u00f3wczy\u0144ski<\/td>\n<td>330<\/td>\n<\/tr>\n<tr>\n<td>14<\/td>\n<td>Jakub We\u015bniuk<\/td>\n<td>210<\/td>\n<\/tr>\n<tr>\n<td>15<\/td>\n<td>Mateusz P\u0142ocica<\/td>\n<td>210<\/td>\n<\/tr>\n<tr>\n<td>16<\/td>\n<td>Marcin Szczepa\u0144ski<\/td>\n<td>210<\/td>\n<\/tr>\n<tr>\n<td>17<\/td>\n<td>Olek Dobicki<\/td>\n<td>210<\/td>\n<\/tr>\n<tr>\n<td>18<\/td>\n<td>Stefan Guzi\u0144ski<\/td>\n<td>210<\/td>\n<\/tr>\n<tr>\n<td>19<\/td>\n<td>Mychaj\u0142o Deka\u0142o<\/td>\n<td>280<\/td>\n<\/tr>\n<tr>\n<td>20<\/td>\n<td>Alek Sadowski<\/td>\n<td>140<\/td>\n<\/tr>\n<tr>\n<td>21<\/td>\n<td>Antoni Mo\u015bcicki<\/td>\n<td>140<\/td>\n<\/tr>\n<tr>\n<td>22<\/td>\n<td>Antoni S\u0142omski<\/td>\n<td>140<\/td>\n<\/tr>\n<tr>\n<td>23<\/td>\n<td>Fabian Szczepkowski<\/td>\n<td>140<\/td>\n<\/tr>\n<tr>\n<td>24<\/td>\n<td>Franciszek Dominik<\/td>\n<td>140<\/td>\n<\/tr>\n<tr>\n<td>25<\/td>\n<td>Ignacy Stobiecki<\/td>\n<td>140<\/td>\n<\/tr>\n<tr>\n<td>26<\/td>\n<td>Julek \u0141agowski<\/td>\n<td>140<\/td>\n<\/tr>\n<tr>\n<td>27<\/td>\n<td>Julian Stefaniuk<\/td>\n<td>140<\/td>\n<\/tr>\n<tr>\n<td>28<\/td>\n<td>Krzysztof Kucharski<\/td>\n<td>140<\/td>\n<\/tr>\n<tr>\n<td>29<\/td>\n<td>Szymon Budzik<\/td>\n<td>140<\/td>\n<\/tr>\n<tr>\n<td>30<\/td>\n<td>Piotr Piskorski<\/td>\n<td>210<\/td>\n<\/tr>\n<tr>\n<td>31<\/td>\n<td>Wiktor Wicherski<\/td>\n<td>140<\/td>\n<\/tr>\n<tr>\n<td>32<\/td>\n<td>Marceli Gnich<\/td>\n<td>140<\/td>\n<\/tr>\n<tr>\n<td>33<\/td>\n<td>Jan Oleksiak<\/td>\n<td>3<\/td>\n<\/tr>\n<tr>\n<td>34<\/td>\n<td>Mychaj\u0142o Draliuk<\/td>\n<td>1<\/td>\n<\/tr>\n<tr>\n<td>35<\/td>\n<td>Alek Wincenciuk<\/td>\n<td>1<\/td>\n<\/tr>\n<tr>\n<td>36<\/td>\n<td>Antek Rak<\/td>\n<td>1<\/td>\n<\/tr>\n<tr>\n<td>37<\/td>\n<td>Bartosz Zi\u00f3\u0142kowski<\/td>\n<td>1<\/td>\n<\/tr>\n<tr>\n<td>38<\/td>\n<td>Daniel Dudkowiak<\/td>\n<td>1<\/td>\n<\/tr>\n<tr>\n<td>39<\/td>\n<td>Igor Grzesiak<\/td>\n<td>1<\/td>\n<\/tr>\n<tr>\n<td>40<\/td>\n<td>Izbor Pawluk-Jaszczuk<\/td>\n<td>1<\/td>\n<\/tr>\n<tr>\n<td>41<\/td>\n<td>Jakub Szynkaruk<\/td>\n<td>1<\/td>\n<\/tr>\n<tr>\n<td>42<\/td>\n<td>Kamil Proty\u0144ski<\/td>\n<td>1<\/td>\n<\/tr>\n<tr>\n<td>43<\/td>\n<td>Kornel Wnuk<\/td>\n<td>1<\/td>\n<\/tr>\n<tr>\n<td>44<\/td>\n<td>Sta\u015b Bia\u0142czak<\/td>\n<td>1<\/td>\n<\/tr>\n<tr>\n<td>45<\/td>\n<td>Szymon Adamczyk<\/td>\n<td>1<\/td>\n<\/tr>\n<\/tbody>\n<\/table>\n","protected":false},"excerpt":{"rendered":"<p>DZ12 CH12 DZ14 CH14 DZ16 CH16 CH\u0141OPCY U14 Poz. Zawodnik Punkty 1 Ignacy Gwia\u017adzi\u0144ski 1940 2 Oskar Kr\u00f3lak 1500 3 Borys Siwecki 1400 4 Ignacy Markowski 990 5 Kamil Grodzki 820 6 Jan Sulima 750 7 Franek O\u0142dak 470 8 Bruno Borkowski 351 9 Aleksander B\u0105k 540 10 Mi\u0142osz Pliszka 470 11 Maciej Wo\u0142ek 350 &#8230; <a title=\"Ranking 2025\" class=\"read-more\" href=\"https:\/\/mc.korty.org\/?page_id=692\" aria-label=\"Read more about Ranking 2025\">Dowiedz si\u0119 wi\u0119cej<\/a><\/p>\n","protected":false},"author":1,"featured_media":0,"parent":0,"menu_order":0,"comment_status":"closed","ping_status":"closed","template":"","meta":{"footnotes":""},"class_list":["post-692","page","type-page","status-publish"],"yoast_head":"<!-- This site is optimized with the Yoast SEO plugin v23.5 - https:\/\/yoast.com\/wordpress\/plugins\/seo\/ -->\n<title>Ranking 2025 -<\/title>\n<meta name=\"robots\" content=\"index, follow, max-snippet:-1, max-image-preview:large, max-video-preview:-1\" \/>\n<link rel=\"canonical\" href=\"https:\/\/mc.korty.org\/?page_id=692\" \/>\n<meta property=\"og:locale\" content=\"pl_PL\" \/>\n<meta property=\"og:type\" content=\"article\" \/>\n<meta property=\"og:title\" content=\"Ranking 2025 -\" \/>\n<meta property=\"og:description\" content=\"DZ12 CH12 DZ14 CH14 DZ16 CH16 CH\u0141OPCY U14 Poz. Zawodnik Punkty 1 Ignacy Gwia\u017adzi\u0144ski 1940 2 Oskar Kr\u00f3lak 1500 3 Borys Siwecki 1400 4 Ignacy Markowski 990 5 Kamil Grodzki 820 6 Jan Sulima 750 7 Franek O\u0142dak 470 8 Bruno Borkowski 351 9 Aleksander B\u0105k 540 10 Mi\u0142osz Pliszka 470 11 Maciej Wo\u0142ek 350 ... Dowiedz si\u0119 wi\u0119cej\" \/>\n<meta property=\"og:url\" content=\"https:\/\/mc.korty.org\/?page_id=692\" \/>\n<meta property=\"article:modified_time\" content=\"2025-12-02T09:51:06+00:00\" \/>\n<meta name=\"twitter:card\" content=\"summary_large_image\" \/>\n<meta name=\"twitter:label1\" content=\"Szacowany czas czytania\" \/>\n\t<meta name=\"twitter:data1\" content=\"2 minuty\" \/>\n<script type=\"application\/ld+json\" class=\"yoast-schema-graph\">{\"@context\":\"https:\/\/schema.org\",\"@graph\":[{\"@type\":\"WebPage\",\"@id\":\"https:\/\/mc.korty.org\/?page_id=692\",\"url\":\"https:\/\/mc.korty.org\/?page_id=692\",\"name\":\"Ranking 2025 -\",\"isPartOf\":{\"@id\":\"https:\/\/mc.korty.org\/#website\"},\"datePublished\":\"2025-11-11T19:27:35+00:00\",\"dateModified\":\"2025-12-02T09:51:06+00:00\",\"breadcrumb\":{\"@id\":\"https:\/\/mc.korty.org\/?page_id=692#breadcrumb\"},\"inLanguage\":\"pl-PL\",\"potentialAction\":[{\"@type\":\"ReadAction\",\"target\":[\"https:\/\/mc.korty.org\/?page_id=692\"]}]},{\"@type\":\"BreadcrumbList\",\"@id\":\"https:\/\/mc.korty.org\/?page_id=692#breadcrumb\",\"itemListElement\":[{\"@type\":\"ListItem\",\"position\":1,\"name\":\"Strona g\u0142\u00f3wna\",\"item\":\"https:\/\/mc.korty.org\/\"},{\"@type\":\"ListItem\",\"position\":2,\"name\":\"Ranking 2025\"}]},{\"@type\":\"WebSite\",\"@id\":\"https:\/\/mc.korty.org\/#website\",\"url\":\"https:\/\/mc.korty.org\/\",\"name\":\"\",\"description\":\"\",\"potentialAction\":[{\"@type\":\"SearchAction\",\"target\":{\"@type\":\"EntryPoint\",\"urlTemplate\":\"https:\/\/mc.korty.org\/?s={search_term_string}\"},\"query-input\":{\"@type\":\"PropertyValueSpecification\",\"valueRequired\":true,\"valueName\":\"search_term_string\"}}],\"inLanguage\":\"pl-PL\"}]}<\/script>\n<!-- \/ Yoast SEO plugin. -->","yoast_head_json":{"title":"Ranking 2025 -","robots":{"index":"index","follow":"follow","max-snippet":"max-snippet:-1","max-image-preview":"max-image-preview:large","max-video-preview":"max-video-preview:-1"},"canonical":"https:\/\/mc.korty.org\/?page_id=692","og_locale":"pl_PL","og_type":"article","og_title":"Ranking 2025 -","og_description":"DZ12 CH12 DZ14 CH14 DZ16 CH16 CH\u0141OPCY U14 Poz. Zawodnik Punkty 1 Ignacy Gwia\u017adzi\u0144ski 1940 2 Oskar Kr\u00f3lak 1500 3 Borys Siwecki 1400 4 Ignacy Markowski 990 5 Kamil Grodzki 820 6 Jan Sulima 750 7 Franek O\u0142dak 470 8 Bruno Borkowski 351 9 Aleksander B\u0105k 540 10 Mi\u0142osz Pliszka 470 11 Maciej Wo\u0142ek 350 ... Dowiedz si\u0119 wi\u0119cej","og_url":"https:\/\/mc.korty.org\/?page_id=692","article_modified_time":"2025-12-02T09:51:06+00:00","twitter_card":"summary_large_image","twitter_misc":{"Szacowany czas czytania":"2 minuty"},"schema":{"@context":"https:\/\/schema.org","@graph":[{"@type":"WebPage","@id":"https:\/\/mc.korty.org\/?page_id=692","url":"https:\/\/mc.korty.org\/?page_id=692","name":"Ranking 2025 -","isPartOf":{"@id":"https:\/\/mc.korty.org\/#website"},"datePublished":"2025-11-11T19:27:35+00:00","dateModified":"2025-12-02T09:51:06+00:00","breadcrumb":{"@id":"https:\/\/mc.korty.org\/?page_id=692#breadcrumb"},"inLanguage":"pl-PL","potentialAction":[{"@type":"ReadAction","target":["https:\/\/mc.korty.org\/?page_id=692"]}]},{"@type":"BreadcrumbList","@id":"https:\/\/mc.korty.org\/?page_id=692#breadcrumb","itemListElement":[{"@type":"ListItem","position":1,"name":"Strona g\u0142\u00f3wna","item":"https:\/\/mc.korty.org\/"},{"@type":"ListItem","position":2,"name":"Ranking 2025"}]},{"@type":"WebSite","@id":"https:\/\/mc.korty.org\/#website","url":"https:\/\/mc.korty.org\/","name":"","description":"","potentialAction":[{"@type":"SearchAction","target":{"@type":"EntryPoint","urlTemplate":"https:\/\/mc.korty.org\/?s={search_term_string}"},"query-input":{"@type":"PropertyValueSpecification","valueRequired":true,"valueName":"search_term_string"}}],"inLanguage":"pl-PL"}]}},"_links":{"self":[{"href":"https:\/\/mc.korty.org\/index.php?rest_route=\/wp\/v2\/pages\/692","targetHints":{"allow":["GET"]}}],"collection":[{"href":"https:\/\/mc.korty.org\/index.php?rest_route=\/wp\/v2\/pages"}],"about":[{"href":"https:\/\/mc.korty.org\/index.php?rest_route=\/wp\/v2\/types\/page"}],"author":[{"embeddable":true,"href":"https:\/\/mc.korty.org\/index.php?rest_route=\/wp\/v2\/users\/1"}],"replies":[{"embeddable":true,"href":"https:\/\/mc.korty.org\/index.php?rest_route=%2Fwp%2Fv2%2Fcomments&post=692"}],"version-history":[{"count":6,"href":"https:\/\/mc.korty.org\/index.php?rest_route=\/wp\/v2\/pages\/692\/revisions"}],"predecessor-version":[{"id":756,"href":"https:\/\/mc.korty.org\/index.php?rest_route=\/wp\/v2\/pages\/692\/revisions\/756"}],"wp:attachment":[{"href":"https:\/\/mc.korty.org\/index.php?rest_route=%2Fwp%2Fv2%2Fmedia&parent=692"}],"curies":[{"name":"wp","href":"https:\/\/api.w.org\/{rel}","templated":true}]}}