{"id":696,"date":"2025-11-11T19:35:36","date_gmt":"2025-11-11T19:35:36","guid":{"rendered":"https:\/\/mc.korty.org\/?page_id=696"},"modified":"2025-12-08T21:54:38","modified_gmt":"2025-12-08T21:54:38","slug":"ranking-2025-6","status":"publish","type":"page","link":"https:\/\/mc.korty.org\/?page_id=696","title":{"rendered":"Ranking 2025"},"content":{"rendered":"<style>\n  .entry-content button,\n  .entry-content .wp-block-button__link {\n    margin-bottom: 2px;\n    display: inline-block; \n  }\n<\/style>\n<p><a href=\"https:\/\/mc.korty.org\/?page_id=686\"><button>DZ12<\/button><\/a> <a href=\"https:\/\/mc.korty.org\/?page_id=688\"><button>CH12<\/button><\/a> <a href=\"https:\/\/mc.korty.org\/?page_id=690\"><button>DZ14<\/button><\/a> <a href=\"https:\/\/mc.korty.org\/?page_id=692\"><button>CH14<\/button><\/a> <a href=\"https:\/\/mc.korty.org\/?page_id=694\"><button>DZ16<\/button><\/a> <button style=\"background:#aaa\">CH16<\/button><br \/>\n<H3>CH\u0141OPCY U16<\/H3><\/p>\n<table>\n<thead>\n<tr>\n<th>Poz.<\/th>\n<th>Zawodnik<\/th>\n<th>Punkty<\/th>\n<\/tr>\n<\/thead>\n<tbody>\n<tr>\n<td>1<\/td>\n<td>Kwiatkowski Antek<\/td>\n<td>2100<\/td>\n<\/tr>\n<tr>\n<td>2<\/td>\n<td>Gwia\u017adzi\u0144ski Ignacy<\/td>\n<td>1710<\/td>\n<\/tr>\n<tr>\n<td>3<\/td>\n<td>Siwecki Borys<\/td>\n<td>1040<\/td>\n<\/tr>\n<tr>\n<td>4<\/td>\n<td>Malec Ignacy<\/td>\n<td>945<\/td>\n<\/tr>\n<tr>\n<td>5<\/td>\n<td>Kr\u00f3lak Oskar<\/td>\n<td>910<\/td>\n<\/tr>\n<tr>\n<td>6<\/td>\n<td>Kielak Maksym<\/td>\n<td>870<\/td>\n<\/tr>\n<tr>\n<td>7<\/td>\n<td>Szyma\u0144ski Kuba<\/td>\n<td>560<\/td>\n<\/tr>\n<tr>\n<td>8<\/td>\n<td>Bacha\u0144ski Mateusz<\/td>\n<td>495<\/td>\n<\/tr>\n<tr>\n<td>9<\/td>\n<td>Skorupka Tymon<\/td>\n<td>405<\/td>\n<\/tr>\n<tr>\n<td>10<\/td>\n<td>Pryzmont Mateusz<\/td>\n<td>330<\/td>\n<\/tr>\n<tr>\n<td>11<\/td>\n<td>Sulima Jan<\/td>\n<td>330<\/td>\n<\/tr>\n<tr>\n<td>12<\/td>\n<td>Czufarow Aleks<\/td>\n<td>211<\/td>\n<\/tr>\n<tr>\n<td>13<\/td>\n<td>Kosiec Marcel<\/td>\n<td>211<\/td>\n<\/tr>\n<tr>\n<td>14<\/td>\n<td>O\u0142dak Franek<\/td>\n<td>210<\/td>\n<\/tr>\n<tr>\n<td>15<\/td>\n<td>Solecki Aleksander<\/td>\n<td>210<\/td>\n<\/tr>\n<tr>\n<td>16<\/td>\n<td>Sulima Franek<\/td>\n<td>210<\/td>\n<\/tr>\n<tr>\n<td>17<\/td>\n<td>Chomiakov Oleksandr<\/td>\n<td>140<\/td>\n<\/tr>\n<tr>\n<td>18<\/td>\n<td>Deka\u0142o Mychaj\u0142o<\/td>\n<td>140<\/td>\n<\/tr>\n<tr>\n<td>19<\/td>\n<td>Ho\u0142odniak Jan<\/td>\n<td>140<\/td>\n<\/tr>\n<tr>\n<td>20<\/td>\n<td>Januszkiewicz Filip<\/td>\n<td>75<\/td>\n<\/tr>\n<tr>\n<td>21<\/td>\n<td>Kubacki Tymon<\/td>\n<td>75<\/td>\n<\/tr>\n<tr>\n<td>22<\/td>\n<td>Kurpisz Tomasz<\/td>\n<td>75<\/td>\n<\/tr>\n<tr>\n<td>23<\/td>\n<td>Szostak Szymon<\/td>\n<td>75<\/td>\n<\/tr>\n<tr>\n<td>24<\/td>\n<td>Uss Franek<\/td>\n<td>75<\/td>\n<\/tr>\n<tr>\n<td>25<\/td>\n<td>Vogtt Krystian<\/td>\n<td>75<\/td>\n<\/tr>\n<tr>\n<td>26<\/td>\n<td>Arciszewski Tomek<\/td>\n<td>1<\/td>\n<\/tr>\n<tr>\n<td>27<\/td>\n<td>Bis Aleksander<\/td>\n<td>1<\/td>\n<\/tr>\n<tr>\n<td>28<\/td>\n<td>Dutkowiak Daniel<\/td>\n<td>1<\/td>\n<\/tr>\n<tr>\n<td>29<\/td>\n<td>Gawro\u0144ski \u0141ukasz<\/td>\n<td>1<\/td>\n<\/tr>\n<tr>\n<td>30<\/td>\n<td>Gnich Marceli<\/td>\n<td>1<\/td>\n<\/tr>\n<tr>\n<td>31<\/td>\n<td>Jakubowski Hugo<\/td>\n<td>1<\/td>\n<\/tr>\n<tr>\n<td>32<\/td>\n<td>Kowalski Grzegorz<\/td>\n<td>1<\/td>\n<\/tr>\n<tr>\n<td>33<\/td>\n<td>Krawczyk Franek<\/td>\n<td>1<\/td>\n<\/tr>\n<tr>\n<td>34<\/td>\n<td>Markowski Ignacy<\/td>\n<td>1<\/td>\n<\/tr>\n<tr>\n<td>35<\/td>\n<td>Miklewski Maks<\/td>\n<td>1<\/td>\n<\/tr>\n<tr>\n<td>36<\/td>\n<td>Mistewicz Szymon<\/td>\n<td>1<\/td>\n<\/tr>\n<tr>\n<td>37<\/td>\n<td>Sar Szymon<\/td>\n<td>1<\/td>\n<\/tr>\n<tr>\n<td>38<\/td>\n<td>Sok\u00f3\u0142 Bartek<\/td>\n<td>1<\/td>\n<\/tr>\n<tr>\n<td>39<\/td>\n<td>Stobiecki Ignacy<\/td>\n<td>1<\/td>\n<\/tr>\n<tr>\n<td>40<\/td>\n<td>Varlakou Ivan<\/td>\n<td>1<\/td>\n<\/tr>\n<tr>\n<td>41<\/td>\n<td>W\u00f3jcik Kuba<\/td>\n<td>1<\/td>\n<\/tr>\n<tr>\n<td>42<\/td>\n<td>W\u00f3jtowicz Antoni<\/td>\n<td>1<\/td>\n<\/tr>\n<tr>\n<td>43<\/td>\n<td>W\u0142odarczyk Damian<\/td>\n<td>1<\/td>\n<\/tr>\n<\/tbody>\n<\/table>\n","protected":false},"excerpt":{"rendered":"<p>DZ12 CH12 DZ14 CH14 DZ16 CH16 CH\u0141OPCY U16 Poz. Zawodnik Punkty 1 Kwiatkowski Antek 2100 2 Gwia\u017adzi\u0144ski Ignacy 1710 3 Siwecki Borys 1040 4 Malec Ignacy 945 5 Kr\u00f3lak Oskar 910 6 Kielak Maksym 870 7 Szyma\u0144ski Kuba 560 8 Bacha\u0144ski Mateusz 495 9 Skorupka Tymon 405 10 Pryzmont Mateusz 330 11 Sulima Jan 330 &#8230; <a title=\"Ranking 2025\" class=\"read-more\" href=\"https:\/\/mc.korty.org\/?page_id=696\" aria-label=\"Read more about Ranking 2025\">Dowiedz si\u0119 wi\u0119cej<\/a><\/p>\n","protected":false},"author":1,"featured_media":0,"parent":0,"menu_order":0,"comment_status":"closed","ping_status":"closed","template":"","meta":{"footnotes":""},"class_list":["post-696","page","type-page","status-publish"],"yoast_head":"<!-- This site is optimized with the Yoast SEO plugin v23.5 - https:\/\/yoast.com\/wordpress\/plugins\/seo\/ -->\n<title>Ranking 2025 -<\/title>\n<meta name=\"robots\" content=\"index, follow, max-snippet:-1, max-image-preview:large, max-video-preview:-1\" \/>\n<link rel=\"canonical\" href=\"https:\/\/mc.korty.org\/?page_id=696\" \/>\n<meta property=\"og:locale\" content=\"pl_PL\" \/>\n<meta property=\"og:type\" content=\"article\" \/>\n<meta property=\"og:title\" content=\"Ranking 2025 -\" \/>\n<meta property=\"og:description\" content=\"DZ12 CH12 DZ14 CH14 DZ16 CH16 CH\u0141OPCY U16 Poz. Zawodnik Punkty 1 Kwiatkowski Antek 2100 2 Gwia\u017adzi\u0144ski Ignacy 1710 3 Siwecki Borys 1040 4 Malec Ignacy 945 5 Kr\u00f3lak Oskar 910 6 Kielak Maksym 870 7 Szyma\u0144ski Kuba 560 8 Bacha\u0144ski Mateusz 495 9 Skorupka Tymon 405 10 Pryzmont Mateusz 330 11 Sulima Jan 330 ... Dowiedz si\u0119 wi\u0119cej\" \/>\n<meta property=\"og:url\" content=\"https:\/\/mc.korty.org\/?page_id=696\" \/>\n<meta property=\"article:modified_time\" content=\"2025-12-08T21:54:38+00:00\" \/>\n<meta name=\"twitter:card\" content=\"summary_large_image\" \/>\n<meta name=\"twitter:label1\" content=\"Szacowany czas czytania\" \/>\n\t<meta name=\"twitter:data1\" content=\"1 minuta\" \/>\n<script type=\"application\/ld+json\" class=\"yoast-schema-graph\">{\"@context\":\"https:\/\/schema.org\",\"@graph\":[{\"@type\":\"WebPage\",\"@id\":\"https:\/\/mc.korty.org\/?page_id=696\",\"url\":\"https:\/\/mc.korty.org\/?page_id=696\",\"name\":\"Ranking 2025 -\",\"isPartOf\":{\"@id\":\"https:\/\/mc.korty.org\/#website\"},\"datePublished\":\"2025-11-11T19:35:36+00:00\",\"dateModified\":\"2025-12-08T21:54:38+00:00\",\"breadcrumb\":{\"@id\":\"https:\/\/mc.korty.org\/?page_id=696#breadcrumb\"},\"inLanguage\":\"pl-PL\",\"potentialAction\":[{\"@type\":\"ReadAction\",\"target\":[\"https:\/\/mc.korty.org\/?page_id=696\"]}]},{\"@type\":\"BreadcrumbList\",\"@id\":\"https:\/\/mc.korty.org\/?page_id=696#breadcrumb\",\"itemListElement\":[{\"@type\":\"ListItem\",\"position\":1,\"name\":\"Strona g\u0142\u00f3wna\",\"item\":\"https:\/\/mc.korty.org\/\"},{\"@type\":\"ListItem\",\"position\":2,\"name\":\"Ranking 2025\"}]},{\"@type\":\"WebSite\",\"@id\":\"https:\/\/mc.korty.org\/#website\",\"url\":\"https:\/\/mc.korty.org\/\",\"name\":\"\",\"description\":\"\",\"potentialAction\":[{\"@type\":\"SearchAction\",\"target\":{\"@type\":\"EntryPoint\",\"urlTemplate\":\"https:\/\/mc.korty.org\/?s={search_term_string}\"},\"query-input\":{\"@type\":\"PropertyValueSpecification\",\"valueRequired\":true,\"valueName\":\"search_term_string\"}}],\"inLanguage\":\"pl-PL\"}]}<\/script>\n<!-- \/ Yoast SEO plugin. -->","yoast_head_json":{"title":"Ranking 2025 -","robots":{"index":"index","follow":"follow","max-snippet":"max-snippet:-1","max-image-preview":"max-image-preview:large","max-video-preview":"max-video-preview:-1"},"canonical":"https:\/\/mc.korty.org\/?page_id=696","og_locale":"pl_PL","og_type":"article","og_title":"Ranking 2025 -","og_description":"DZ12 CH12 DZ14 CH14 DZ16 CH16 CH\u0141OPCY U16 Poz. Zawodnik Punkty 1 Kwiatkowski Antek 2100 2 Gwia\u017adzi\u0144ski Ignacy 1710 3 Siwecki Borys 1040 4 Malec Ignacy 945 5 Kr\u00f3lak Oskar 910 6 Kielak Maksym 870 7 Szyma\u0144ski Kuba 560 8 Bacha\u0144ski Mateusz 495 9 Skorupka Tymon 405 10 Pryzmont Mateusz 330 11 Sulima Jan 330 ... Dowiedz si\u0119 wi\u0119cej","og_url":"https:\/\/mc.korty.org\/?page_id=696","article_modified_time":"2025-12-08T21:54:38+00:00","twitter_card":"summary_large_image","twitter_misc":{"Szacowany czas czytania":"1 minuta"},"schema":{"@context":"https:\/\/schema.org","@graph":[{"@type":"WebPage","@id":"https:\/\/mc.korty.org\/?page_id=696","url":"https:\/\/mc.korty.org\/?page_id=696","name":"Ranking 2025 -","isPartOf":{"@id":"https:\/\/mc.korty.org\/#website"},"datePublished":"2025-11-11T19:35:36+00:00","dateModified":"2025-12-08T21:54:38+00:00","breadcrumb":{"@id":"https:\/\/mc.korty.org\/?page_id=696#breadcrumb"},"inLanguage":"pl-PL","potentialAction":[{"@type":"ReadAction","target":["https:\/\/mc.korty.org\/?page_id=696"]}]},{"@type":"BreadcrumbList","@id":"https:\/\/mc.korty.org\/?page_id=696#breadcrumb","itemListElement":[{"@type":"ListItem","position":1,"name":"Strona g\u0142\u00f3wna","item":"https:\/\/mc.korty.org\/"},{"@type":"ListItem","position":2,"name":"Ranking 2025"}]},{"@type":"WebSite","@id":"https:\/\/mc.korty.org\/#website","url":"https:\/\/mc.korty.org\/","name":"","description":"","potentialAction":[{"@type":"SearchAction","target":{"@type":"EntryPoint","urlTemplate":"https:\/\/mc.korty.org\/?s={search_term_string}"},"query-input":{"@type":"PropertyValueSpecification","valueRequired":true,"valueName":"search_term_string"}}],"inLanguage":"pl-PL"}]}},"_links":{"self":[{"href":"https:\/\/mc.korty.org\/index.php?rest_route=\/wp\/v2\/pages\/696","targetHints":{"allow":["GET"]}}],"collection":[{"href":"https:\/\/mc.korty.org\/index.php?rest_route=\/wp\/v2\/pages"}],"about":[{"href":"https:\/\/mc.korty.org\/index.php?rest_route=\/wp\/v2\/types\/page"}],"author":[{"embeddable":true,"href":"https:\/\/mc.korty.org\/index.php?rest_route=\/wp\/v2\/users\/1"}],"replies":[{"embeddable":true,"href":"https:\/\/mc.korty.org\/index.php?rest_route=%2Fwp%2Fv2%2Fcomments&post=696"}],"version-history":[{"count":5,"href":"https:\/\/mc.korty.org\/index.php?rest_route=\/wp\/v2\/pages\/696\/revisions"}],"predecessor-version":[{"id":776,"href":"https:\/\/mc.korty.org\/index.php?rest_route=\/wp\/v2\/pages\/696\/revisions\/776"}],"wp:attachment":[{"href":"https:\/\/mc.korty.org\/index.php?rest_route=%2Fwp%2Fv2%2Fmedia&parent=696"}],"curies":[{"name":"wp","href":"https:\/\/api.w.org\/{rel}","templated":true}]}}