{"id":731,"date":"2025-11-26T22:44:43","date_gmt":"2025-11-26T22:44:43","guid":{"rendered":"https:\/\/mc.korty.org\/?page_id=731"},"modified":"2025-11-26T22:47:28","modified_gmt":"2025-11-26T22:47:28","slug":"mazowsze-cup-u14-16","status":"publish","type":"page","link":"https:\/\/mc.korty.org\/?page_id=731","title":{"rendered":"Mazowsze Cup U14"},"content":{"rendered":"<style>\n  .entry-content button,\n  .entry-content .wp-block-button__link {\n    margin-bottom: 2px;\n    display: inline-block; \n  }\n  .h4 { color: brown; }\n<\/style>\n<p><a href=\"#wyniki-chlopcy\"><button>CH14<\/button><\/a> <a href=\"#wyniki-dziewczeta\"><button>DZ14<\/button><\/a><\/p>\n<p><strong>Termin<\/strong>: 22.11.2025<br \/>\n<strong>Korty:<\/strong> ST Tie Break<\/p>\n<p><!-- START: Ch\u0142opcy --><\/p>\n<h3 id=\"wyniki-chlopcy\">\ud83d\udc66 Ch\u0142opcy U14<\/h3>\n<h4>Faza grupowa<\/h4>\n<h5>Grupa A<\/h5>\n<table aria-label=\"Grupa A ch\u0142opcy U14\">\n<tbody>\n<tr>\n<td>Gwia\u017adzi\u0144ski Ignacy<\/td>\n<td>Pawluk-Jaszczuk Izbor<\/td>\n<td>6\/2<\/td>\n<\/tr>\n<tr>\n<td>Mo\u015bcicki Antoni<\/td>\n<td>Pawluk-Jaszczuk Izbor<\/td>\n<td>6\/0<\/td>\n<\/tr>\n<tr>\n<td>Gwia\u017adzi\u0144ski Ignacy<\/td>\n<td>Mo\u015bcicki Antoni<\/td>\n<td>6\/0<\/td>\n<\/tr>\n<\/tbody>\n<\/table>\n<h5>Grupa B<\/h5>\n<table aria-label=\"Grupa B ch\u0142opcy U14\">\n<tbody>\n<tr>\n<td>Kr\u00f3lak Oskar<\/td>\n<td>Dominik Franciszek<\/td>\n<td>6\/7<\/td>\n<\/tr>\n<tr>\n<td>S\u0142omski Antoni<\/td>\n<td>Dominik Franciszek<\/td>\n<td>6\/4<\/td>\n<\/tr>\n<tr>\n<td>Kr\u00f3lak Oskar<\/td>\n<td>S\u0142omski Antoni<\/td>\n<td>6\/1<\/td>\n<\/tr>\n<\/tbody>\n<\/table>\n<h5>Grupa C<\/h5>\n<table aria-label=\"Grupa C ch\u0142opcy U14\">\n<tbody>\n<tr>\n<td>Markowski Ignacy<\/td>\n<td>Szynkaruk Jakub<\/td>\n<td>6\/0<\/td>\n<\/tr>\n<tr>\n<td>P\u0142ocica Mateusz<\/td>\n<td>Szynkaruk Jakub<\/td>\n<td>6\/0<\/td>\n<\/tr>\n<tr>\n<td>Markowski Ignacy<\/td>\n<td>P\u0142ocica Mateusz<\/td>\n<td>6\/2 2\/6 8\/10<\/td>\n<\/tr>\n<\/tbody>\n<\/table>\n<h5>Grupa D<\/h5>\n<table aria-label=\"Grupa D ch\u0142opcy U14\">\n<tbody>\n<tr>\n<td>Sulima Jan<\/td>\n<td>Wo\u0142ek Maciej<\/td>\n<td>6\/1<\/td>\n<\/tr>\n<tr>\n<td>Borkowski Bruno<\/td>\n<td>Wo\u0142ek Maciej<\/td>\n<td>4\/6<\/td>\n<\/tr>\n<tr>\n<td>Sulima Jan<\/td>\n<td>Borkowski Bruno<\/td>\n<td>6\/0<\/td>\n<\/tr>\n<\/tbody>\n<\/table>\n<h5>Grupa E<\/h5>\n<table aria-label=\"Grupa E ch\u0142opcy U14\">\n<tbody>\n<tr>\n<td>Mr\u00f3wczy\u0144ski Stanis\u0142aw<\/td>\n<td>Dudkowiak Daniel<\/td>\n<td>6\/0<\/td>\n<\/tr>\n<tr>\n<td>Stobiecki Ignacy<\/td>\n<td>Dudkowiak Daniel<\/td>\n<td>6\/3<\/td>\n<\/tr>\n<tr>\n<td>Mr\u00f3wczy\u0144ski Stanis\u0142aw<\/td>\n<td>Stobiecki Ignacy<\/td>\n<td>6\/0<\/td>\n<\/tr>\n<\/tbody>\n<\/table>\n<h5>Grupa F<\/h5>\n<table aria-label=\"Grupa F ch\u0142opcy U14\">\n<tbody>\n<tr>\n<td>Grodzki Kamil<\/td>\n<td>Pliszka Mi\u0142osz<\/td>\n<td>5\/7<\/td>\n<\/tr>\n<tr>\n<td>Proty\u0144ski Kamil<\/td>\n<td>Pliszka Mi\u0142osz<\/td>\n<td>1\/6<\/td>\n<\/tr>\n<tr>\n<td>Grodzki Kamil<\/td>\n<td>Proty\u0144ski Kamil<\/td>\n<td>6\/4<\/td>\n<\/tr>\n<\/tbody>\n<\/table>\n<h5>Grupa G<\/h5>\n<table aria-label=\"Grupa G ch\u0142opcy U14\">\n<tbody>\n<tr>\n<td>Siwecki Borys<\/td>\n<td>O\u0142dak Franek<\/td>\n<td>6\/1<\/td>\n<\/tr>\n<tr>\n<td>We\u015bniuk Jakub<\/td>\n<td>Zi\u00f3\u0142kowski Bartosz<\/td>\n<td>6\/0<\/td>\n<\/tr>\n<tr>\n<td>Siwecki Borys<\/td>\n<td>Zi\u00f3\u0142kowski Bartosz<\/td>\n<td>6\/0<\/td>\n<\/tr>\n<tr>\n<td>We\u015bniuk Jakub<\/td>\n<td>O\u0142dak Franek<\/td>\n<td>6\/4<\/td>\n<\/tr>\n<tr>\n<td>Siwecki Borys<\/td>\n<td>We\u015bniuk Jakub<\/td>\n<td>0\/6<\/td>\n<\/tr>\n<tr>\n<td>Zi\u00f3\u0142kowski Bartosz<\/td>\n<td>O\u0142dak Franek<\/td>\n<td>0\/6<\/td>\n<\/tr>\n<\/tbody>\n<\/table>\n<h4>Faza pucharowa<\/h4>\n<h5>\u0106wier\u0107fina\u0142y<\/h5>\n<table aria-label=\"\u0106wier\u0107fina\u0142y ch\u0142opcy U14\">\n<tbody>\n<tr>\n<td>Siwecki Borys<\/td>\n<td>Gwia\u017adzi\u0144ski Ignacy<\/td>\n<td>6\/3<\/td>\n<\/tr>\n<tr>\n<td>Mr\u00f3wczy\u0144ski Stanis\u0142aw<\/td>\n<td>Sulima Jan<\/td>\n<td>6\/4<\/td>\n<\/tr>\n<tr>\n<td>P\u0142ocica Mateusz<\/td>\n<td>Pliszka Mi\u0142osz<\/td>\n<td>1\/6<\/td>\n<\/tr>\n<tr>\n<td>We\u015bniuk Jakub<\/td>\n<td>Kr\u00f3lak Oskar<\/td>\n<td>1\/6<\/td>\n<\/tr>\n<\/tbody>\n<\/table>\n<h5>P\u00f3\u0142fina\u0142y<\/h5>\n<table aria-label=\"P\u00f3\u0142fina\u0142y ch\u0142opcy U14\">\n<tbody>\n<tr>\n<td>Siwecki Borys<\/td>\n<td>Mr\u00f3wczy\u0144ski Stanis\u0142aw<\/td>\n<td>6\/2<\/td>\n<\/tr>\n<tr>\n<td>Pliszka Mi\u0142osz<\/td>\n<td>Kr\u00f3lak Oskar<\/td>\n<td>0\/6<\/td>\n<\/tr>\n<\/tbody>\n<\/table>\n<h5>Fina\u0142<\/h5>\n<table aria-label=\"Fina\u0142 ch\u0142opcy U14\">\n<tbody>\n<tr>\n<td><strong>Siwecki Borys<\/strong><\/td>\n<td>Kr\u00f3lak Oskar<\/td>\n<td>6\/1<\/td>\n<\/tr>\n<\/tbody>\n<\/table>\n<p><!-- START: Dziewcz\u0119ta --><\/p>\n<h3 id=\"wyniki-dziewczeta\">\ud83d\udc67 Dziewcz\u0119ta U14<\/h3>\n<h4>Rozgrywki grupowe<\/h4>\n<h5>Grupa A<\/h5>\n<table aria-label=\"Grupa A dziewcz\u0119ta U14\">\n<tbody>\n<tr>\n<td>Ivanyk Sofija<\/td>\n<td>Wicherska Alicja<\/td>\n<td><\/td>\n<\/tr>\n<tr>\n<td>Bakalarz Kasia<\/td>\n<td>Wicherska Alicja<\/td>\n<td>2\/6 0\/6<\/td>\n<\/tr>\n<tr>\n<td>Ivanyk Sofija<\/td>\n<td>Bakalarz Kasia<\/td>\n<td><\/td>\n<\/tr>\n<\/tbody>\n<\/table>\n<h5>Grupa B<\/h5>\n<table aria-label=\"Grupa B dziewcz\u0119ta U14\">\n<tbody>\n<tr>\n<td>Bluhm Amelia<\/td>\n<td>Szarszaniewicz Anna<\/td>\n<td>3\/6<\/td>\n<\/tr>\n<tr>\n<td>Woszczyk-Rozwadowska Zosia<\/td>\n<td>Szarszaniewicz Anna<\/td>\n<td>0\/6<\/td>\n<\/tr>\n<tr>\n<td>Bluhm Amelia<\/td>\n<td>Woszczyk-Rozwadowska Zosia<\/td>\n<td>3\/6<\/td>\n<\/tr>\n<\/tbody>\n<\/table>\n<h5>Grupa C<\/h5>\n<table aria-label=\"Grupa C dziewcz\u0119ta U14\">\n<tbody>\n<tr>\n<td>Aleksander Lilia<\/td>\n<td>Szadkowska Nadia<\/td>\n<td>6\/0<\/td>\n<\/tr>\n<tr>\n<td>Cibor Dominika<\/td>\n<td>Gajewska Zofia<\/td>\n<td>6\/3<\/td>\n<\/tr>\n<tr>\n<td>Aleksander Lilia<\/td>\n<td>Gajewska Zofia<\/td>\n<td>6\/3<\/td>\n<\/tr>\n<tr>\n<td>Cibor Dominika<\/td>\n<td>Szadkowska Nadia<\/td>\n<td>6\/0<\/td>\n<\/tr>\n<tr>\n<td>Aleksander Lilia<\/td>\n<td>Cibor Dominika<\/td>\n<td>7\/6<\/td>\n<\/tr>\n<tr>\n<td>Gajewska Zofia<\/td>\n<td>Szadkowska Nadia<\/td>\n<td>6\/1<\/td>\n<\/tr>\n<\/tbody>\n<\/table>\n<h4>Faza pucharowa<\/h4>\n<h5>P\u00f3\u0142fina\u0142y<\/h5>\n<table aria-label=\"P\u00f3\u0142fina\u0142y dziewcz\u0119ta U14\">\n<tbody>\n<tr>\n<td>Wicherska Alicja<\/td>\n<td>Cibor Dominika<\/td>\n<td>3\/6<\/td>\n<\/tr>\n<tr>\n<td>Aleksander Lilia<\/td>\n<td>Szarszaniewicz Anna<\/td>\n<td>7\/5<\/td>\n<\/tr>\n<\/tbody>\n<\/table>\n<h5>Fina\u0142<\/h5>\n<table aria-label=\"Fina\u0142 dziewcz\u0119ta U14\">\n<tbody>\n<tr>\n<td>Cibor Dominika<\/td>\n<td><strong>Aleksander Lilia<\/strong><\/td>\n<td>4\/6<\/td>\n<\/tr>\n<\/tbody>\n<\/table>\n","protected":false},"excerpt":{"rendered":"<p>CH14 DZ14 Termin: 22.11.2025 Korty: ST Tie Break \ud83d\udc66 Ch\u0142opcy U14 Faza grupowa Grupa A Gwia\u017adzi\u0144ski Ignacy Pawluk-Jaszczuk Izbor 6\/2 Mo\u015bcicki Antoni Pawluk-Jaszczuk Izbor 6\/0 Gwia\u017adzi\u0144ski Ignacy Mo\u015bcicki Antoni 6\/0 Grupa B Kr\u00f3lak Oskar Dominik Franciszek 6\/7 S\u0142omski Antoni Dominik Franciszek 6\/4 Kr\u00f3lak Oskar S\u0142omski Antoni 6\/1 Grupa C Markowski Ignacy Szynkaruk Jakub 6\/0 P\u0142ocica &#8230; <a title=\"Mazowsze Cup U14\" class=\"read-more\" href=\"https:\/\/mc.korty.org\/?page_id=731\" aria-label=\"Read more about Mazowsze Cup U14\">Dowiedz si\u0119 wi\u0119cej<\/a><\/p>\n","protected":false},"author":1,"featured_media":0,"parent":0,"menu_order":0,"comment_status":"closed","ping_status":"closed","template":"","meta":{"footnotes":""},"class_list":["post-731","page","type-page","status-publish"],"yoast_head":"<!-- This site is optimized with the Yoast SEO plugin v23.5 - https:\/\/yoast.com\/wordpress\/plugins\/seo\/ -->\n<title>Mazowsze Cup U14 -<\/title>\n<meta name=\"robots\" content=\"index, follow, max-snippet:-1, max-image-preview:large, max-video-preview:-1\" \/>\n<link rel=\"canonical\" href=\"https:\/\/mc.korty.org\/?page_id=731\" \/>\n<meta property=\"og:locale\" content=\"pl_PL\" \/>\n<meta property=\"og:type\" content=\"article\" \/>\n<meta property=\"og:title\" content=\"Mazowsze Cup U14 -\" \/>\n<meta property=\"og:description\" content=\"CH14 DZ14 Termin: 22.11.2025 Korty: ST Tie Break \ud83d\udc66 Ch\u0142opcy U14 Faza grupowa Grupa A Gwia\u017adzi\u0144ski Ignacy Pawluk-Jaszczuk Izbor 6\/2 Mo\u015bcicki Antoni Pawluk-Jaszczuk Izbor 6\/0 Gwia\u017adzi\u0144ski Ignacy Mo\u015bcicki Antoni 6\/0 Grupa B Kr\u00f3lak Oskar Dominik Franciszek 6\/7 S\u0142omski Antoni Dominik Franciszek 6\/4 Kr\u00f3lak Oskar S\u0142omski Antoni 6\/1 Grupa C Markowski Ignacy Szynkaruk Jakub 6\/0 P\u0142ocica ... Dowiedz si\u0119 wi\u0119cej\" \/>\n<meta property=\"og:url\" content=\"https:\/\/mc.korty.org\/?page_id=731\" \/>\n<meta property=\"article:modified_time\" content=\"2025-11-26T22:47:28+00:00\" \/>\n<meta name=\"twitter:card\" content=\"summary_large_image\" \/>\n<meta name=\"twitter:label1\" content=\"Szacowany czas czytania\" \/>\n\t<meta name=\"twitter:data1\" content=\"2 minuty\" \/>\n<script type=\"application\/ld+json\" class=\"yoast-schema-graph\">{\"@context\":\"https:\/\/schema.org\",\"@graph\":[{\"@type\":\"WebPage\",\"@id\":\"https:\/\/mc.korty.org\/?page_id=731\",\"url\":\"https:\/\/mc.korty.org\/?page_id=731\",\"name\":\"Mazowsze Cup U14 -\",\"isPartOf\":{\"@id\":\"https:\/\/mc.korty.org\/#website\"},\"datePublished\":\"2025-11-26T22:44:43+00:00\",\"dateModified\":\"2025-11-26T22:47:28+00:00\",\"breadcrumb\":{\"@id\":\"https:\/\/mc.korty.org\/?page_id=731#breadcrumb\"},\"inLanguage\":\"pl-PL\",\"potentialAction\":[{\"@type\":\"ReadAction\",\"target\":[\"https:\/\/mc.korty.org\/?page_id=731\"]}]},{\"@type\":\"BreadcrumbList\",\"@id\":\"https:\/\/mc.korty.org\/?page_id=731#breadcrumb\",\"itemListElement\":[{\"@type\":\"ListItem\",\"position\":1,\"name\":\"Strona g\u0142\u00f3wna\",\"item\":\"https:\/\/mc.korty.org\/\"},{\"@type\":\"ListItem\",\"position\":2,\"name\":\"Mazowsze Cup U14\"}]},{\"@type\":\"WebSite\",\"@id\":\"https:\/\/mc.korty.org\/#website\",\"url\":\"https:\/\/mc.korty.org\/\",\"name\":\"\",\"description\":\"\",\"potentialAction\":[{\"@type\":\"SearchAction\",\"target\":{\"@type\":\"EntryPoint\",\"urlTemplate\":\"https:\/\/mc.korty.org\/?s={search_term_string}\"},\"query-input\":{\"@type\":\"PropertyValueSpecification\",\"valueRequired\":true,\"valueName\":\"search_term_string\"}}],\"inLanguage\":\"pl-PL\"}]}<\/script>\n<!-- \/ Yoast SEO plugin. -->","yoast_head_json":{"title":"Mazowsze Cup U14 -","robots":{"index":"index","follow":"follow","max-snippet":"max-snippet:-1","max-image-preview":"max-image-preview:large","max-video-preview":"max-video-preview:-1"},"canonical":"https:\/\/mc.korty.org\/?page_id=731","og_locale":"pl_PL","og_type":"article","og_title":"Mazowsze Cup U14 -","og_description":"CH14 DZ14 Termin: 22.11.2025 Korty: ST Tie Break \ud83d\udc66 Ch\u0142opcy U14 Faza grupowa Grupa A Gwia\u017adzi\u0144ski Ignacy Pawluk-Jaszczuk Izbor 6\/2 Mo\u015bcicki Antoni Pawluk-Jaszczuk Izbor 6\/0 Gwia\u017adzi\u0144ski Ignacy Mo\u015bcicki Antoni 6\/0 Grupa B Kr\u00f3lak Oskar Dominik Franciszek 6\/7 S\u0142omski Antoni Dominik Franciszek 6\/4 Kr\u00f3lak Oskar S\u0142omski Antoni 6\/1 Grupa C Markowski Ignacy Szynkaruk Jakub 6\/0 P\u0142ocica ... Dowiedz si\u0119 wi\u0119cej","og_url":"https:\/\/mc.korty.org\/?page_id=731","article_modified_time":"2025-11-26T22:47:28+00:00","twitter_card":"summary_large_image","twitter_misc":{"Szacowany czas czytania":"2 minuty"},"schema":{"@context":"https:\/\/schema.org","@graph":[{"@type":"WebPage","@id":"https:\/\/mc.korty.org\/?page_id=731","url":"https:\/\/mc.korty.org\/?page_id=731","name":"Mazowsze Cup U14 -","isPartOf":{"@id":"https:\/\/mc.korty.org\/#website"},"datePublished":"2025-11-26T22:44:43+00:00","dateModified":"2025-11-26T22:47:28+00:00","breadcrumb":{"@id":"https:\/\/mc.korty.org\/?page_id=731#breadcrumb"},"inLanguage":"pl-PL","potentialAction":[{"@type":"ReadAction","target":["https:\/\/mc.korty.org\/?page_id=731"]}]},{"@type":"BreadcrumbList","@id":"https:\/\/mc.korty.org\/?page_id=731#breadcrumb","itemListElement":[{"@type":"ListItem","position":1,"name":"Strona g\u0142\u00f3wna","item":"https:\/\/mc.korty.org\/"},{"@type":"ListItem","position":2,"name":"Mazowsze Cup U14"}]},{"@type":"WebSite","@id":"https:\/\/mc.korty.org\/#website","url":"https:\/\/mc.korty.org\/","name":"","description":"","potentialAction":[{"@type":"SearchAction","target":{"@type":"EntryPoint","urlTemplate":"https:\/\/mc.korty.org\/?s={search_term_string}"},"query-input":{"@type":"PropertyValueSpecification","valueRequired":true,"valueName":"search_term_string"}}],"inLanguage":"pl-PL"}]}},"_links":{"self":[{"href":"https:\/\/mc.korty.org\/index.php?rest_route=\/wp\/v2\/pages\/731","targetHints":{"allow":["GET"]}}],"collection":[{"href":"https:\/\/mc.korty.org\/index.php?rest_route=\/wp\/v2\/pages"}],"about":[{"href":"https:\/\/mc.korty.org\/index.php?rest_route=\/wp\/v2\/types\/page"}],"author":[{"embeddable":true,"href":"https:\/\/mc.korty.org\/index.php?rest_route=\/wp\/v2\/users\/1"}],"replies":[{"embeddable":true,"href":"https:\/\/mc.korty.org\/index.php?rest_route=%2Fwp%2Fv2%2Fcomments&post=731"}],"version-history":[{"count":2,"href":"https:\/\/mc.korty.org\/index.php?rest_route=\/wp\/v2\/pages\/731\/revisions"}],"predecessor-version":[{"id":736,"href":"https:\/\/mc.korty.org\/index.php?rest_route=\/wp\/v2\/pages\/731\/revisions\/736"}],"wp:attachment":[{"href":"https:\/\/mc.korty.org\/index.php?rest_route=%2Fwp%2Fv2%2Fmedia&parent=731"}],"curies":[{"name":"wp","href":"https:\/\/api.w.org\/{rel}","templated":true}]}}