{"id":770,"date":"2025-12-08T20:22:01","date_gmt":"2025-12-08T20:22:01","guid":{"rendered":"https:\/\/mc.korty.org\/?page_id=770"},"modified":"2025-12-08T21:28:04","modified_gmt":"2025-12-08T21:28:04","slug":"mazowsze-cup-u16-7","status":"publish","type":"page","link":"https:\/\/mc.korty.org\/?page_id=770","title":{"rendered":"Mazowsze Cup U16"},"content":{"rendered":"<style>\n  .entry-content button,\n  .entry-content .wp-block-button__link {\n    margin-bottom: 2px;\n    display: inline-block; \n  }\n  .h4 { color: brown; }\n<\/style>\n<p><a href=\"#wyniki-chlopcy\"><button>CH14<\/button><\/a> <a href=\"#wyniki-dziewczeta\"><button>DZ14<\/button><\/a><\/p>\n<p><strong>Termin<\/strong>: 06.12.2025<br \/>\n<strong>Korty:<\/strong> Klub Tenisowy Warszawianka<\/p>\n<p><!-- START: Ch\u0142opcy --><\/p>\n<h3 id=\"wyniki-chlopcy\">\ud83d\udc66 Ch\u0142opcy U16<\/h3>\n<h4>Faza grupowa<\/h4>\n<h5>Grupa A<\/h5>\n<table aria-label=\"Grupa A ch\u0142opcy U16\">\n<tbody>\n<tr>\n<td>Kwiatkowski Antek<\/td>\n<td>Arciszewski Tomek<\/td>\n<td>6\/0<\/td>\n<\/tr>\n<tr>\n<td>Uss Franek<\/td>\n<td>Arciszewski Tomek<\/td>\n<td>6\/4<\/td>\n<\/tr>\n<tr>\n<td>Kwiatkowski Antek<\/td>\n<td>Uss Franek<\/td>\n<td>6\/0<\/td>\n<\/tr>\n<\/tbody>\n<\/table>\n<h5>Grupa B<\/h5>\n<table aria-label=\"Grupa B ch\u0142opcy U16\">\n<tbody>\n<tr>\n<td>Gwia\u017adzi\u0144ski Ignacy<\/td>\n<td>Sok\u00f3\u0142 Bartek<\/td>\n<td>6\/0<\/td>\n<\/tr>\n<tr>\n<td>Szostak Szymon<\/td>\n<td>Sok\u00f3\u0142 Bartek<\/td>\n<td>6\/1<\/td>\n<\/tr>\n<tr>\n<td>Gwia\u017adzi\u0144ski Ignacy<\/td>\n<td>Szostak Szymon<\/td>\n<td>6\/1<\/td>\n<\/tr>\n<\/tbody>\n<\/table>\n<h5>Grupa C<\/h5>\n<table aria-label=\"Grupa C ch\u0142opcy U16\">\n<tbody>\n<tr>\n<td>Malec Ignacy<\/td>\n<td>O\u0142dak Franek<\/td>\n<td>3\/6<\/td>\n<\/tr>\n<tr>\n<td>Markowski Ignacy<\/td>\n<td>O\u0142dak Franek<\/td>\n<td>3\/6<\/td>\n<\/tr>\n<tr>\n<td>Malec Ignacy<\/td>\n<td>Markowski Ignacy<\/td>\n<td>6\/0<\/td>\n<\/tr>\n<\/tbody>\n<\/table>\n<h5>Grupa D<\/h5>\n<table aria-label=\"Grupa D ch\u0142opcy U16\">\n<tbody>\n<tr>\n<td>Siwecki Borys<\/td>\n<td>Kubacki Tymon<\/td>\n<td>6\/4<\/td>\n<\/tr>\n<tr>\n<td>Jakubowski Hugo<\/td>\n<td>Kubacki Tymon<\/td>\n<td>6\/7<\/td>\n<\/tr>\n<tr>\n<td>Siwecki Borys<\/td>\n<td>Jakubowski Hugo<\/td>\n<td>6\/1<\/td>\n<\/tr>\n<\/tbody>\n<\/table>\n<h5>Grupa E<\/h5>\n<table aria-label=\"Grupa E ch\u0142opcy U16\">\n<tbody>\n<tr>\n<td>Kr\u00f3lak Oskar<\/td>\n<td>Januszkiewicz Filip<\/td>\n<td>6\/0<\/td>\n<\/tr>\n<tr>\n<td>Gawro\u0144ski \u0141ukasz<\/td>\n<td>Januszkiewicz Filip<\/td>\n<td>2\/6<\/td>\n<\/tr>\n<tr>\n<td>Kr\u00f3lak Oskar<\/td>\n<td>Gawro\u0144ski \u0141ukasz<\/td>\n<td>6\/0<\/td>\n<\/tr>\n<\/tbody>\n<\/table>\n<h5>Grupa F<\/h5>\n<table aria-label=\"Grupa F ch\u0142opcy U16\">\n<tbody>\n<tr>\n<td>Kielak Maksym<\/td>\n<td>Bis Aleksander<\/td>\n<td>6\/0 walkower<\/td>\n<\/tr>\n<tr>\n<td>Vogtt Krystian<\/td>\n<td>Bis Aleksander<\/td>\n<td>6\/0 walkower<\/td>\n<\/tr>\n<tr>\n<td>Kielak Maksym<\/td>\n<td>Vogtt Krystian<\/td>\n<td>6\/0 6\/0<\/td>\n<\/tr>\n<\/tbody>\n<\/table>\n<h5>Grupa G<\/h5>\n<table aria-label=\"Grupa G ch\u0142opcy U16\">\n<tbody>\n<tr>\n<td>Bacha\u0144ski Mateusz<\/td>\n<td>Gnich Marceli<\/td>\n<td>6\/3<\/td>\n<\/tr>\n<tr>\n<td>Czufarow Aleks<\/td>\n<td>Gnich Marceli<\/td>\n<td>6\/0<\/td>\n<\/tr>\n<tr>\n<td>Bacha\u0144ski Mateusz<\/td>\n<td>Czufarow Aleks<\/td>\n<td>1\/6<\/td>\n<\/tr>\n<\/tbody>\n<\/table>\n<h5>Grupa H<\/h5>\n<table aria-label=\"Grupa H ch\u0142opcy U16\">\n<tbody>\n<tr>\n<td>Szyma\u0144ski Kuba<\/td>\n<td>Mistewicz Szymon<\/td>\n<td>6\/0<\/td>\n<\/tr>\n<tr>\n<td>Skorupka Tymon<\/td>\n<td>Kurpisz Tomasz<\/td>\n<td>7\/6<\/td>\n<\/tr>\n<tr>\n<td>Szyma\u0144ski Kuba<\/td>\n<td>Kurpisz Tomasz<\/td>\n<td>6\/4<\/td>\n<\/tr>\n<tr>\n<td>Skorupka Tymon<\/td>\n<td>Mistewicz Szymon<\/td>\n<td>6\/0<\/td>\n<\/tr>\n<tr>\n<td>Szyma\u0144ski Kuba<\/td>\n<td>Skorupka Tymon<\/td>\n<td>7\/6<\/td>\n<\/tr>\n<tr>\n<td>Kurpisz #1 Tomasz<\/td>\n<td>Mistewicz Szymon<\/td>\n<td>6\/0<\/td>\n<\/tr>\n<\/tbody>\n<\/table>\n<h4>Faza pucharowa<\/h4>\n<h5>\u0106wier\u0107fina\u0142y<\/h5>\n<table aria-label=\"\u0106wier\u0107fina\u0142y ch\u0142opcy U16\">\n<tbody>\n<tr>\n<td>Kwiatkowski Antek<\/td>\n<td>Szyma\u0144ski Kuba<\/td>\n<td>6\/0<\/td>\n<\/tr>\n<tr>\n<td>Kr\u00f3lak Oskar<\/td>\n<td>Siwecki Borys<\/td>\n<td>2\/6<\/td>\n<\/tr>\n<tr>\n<td>O\u0142dak Franek<\/td>\n<td>Kielak Maksym<\/td>\n<td>2\/6<\/td>\n<\/tr>\n<tr>\n<td>Czufarow Aleks<\/td>\n<td>Gwia\u017adzi\u0144ski Ignacy<\/td>\n<td>5\/7<\/td>\n<\/tr>\n<\/tbody>\n<\/table>\n<h5>P\u00f3\u0142fina\u0142y<\/h5>\n<table aria-label=\"P\u00f3\u0142fina\u0142y ch\u0142opcy U16\">\n<tbody>\n<tr>\n<td>Kwiatkowski Antek<\/td>\n<td>Siwecki Borys<\/td>\n<td>4\/0 4\/1<\/td>\n<\/tr>\n<tr>\n<td>Kielak Maksym<\/td>\n<td>Gwia\u017adzi\u0144ski Ignacy<\/td>\n<td>1\/4 1\/4<\/td>\n<\/tr>\n<\/tbody>\n<\/table>\n<h5>Fina\u0142<\/h5>\n<table aria-label=\"Fina\u0142 ch\u0142opcy U16\">\n<tbody>\n<tr>\n<td><strong>Kwiatkowski Antek<\/strong><\/td>\n<td>Gwia\u017adzi\u0144ski Ignacy<\/td>\n<td>4\/1 4\/1<\/td>\n<\/tr>\n<\/tbody>\n<\/table>\n<p><!-- START: Dziewcz\u0119ta --><\/p>\n<h3 id=\"wyniki-dziewczeta\">\ud83d\udc67 Dziewcz\u0119ta U16<\/h3>\n<h4>Rozgrywki grupowe<\/h4>\n<h5>Grupa A<\/h5>\n<table aria-label=\"Grupa A dziewcz\u0119ta U16\">\n<tbody>\n<tr>\n<td>Gorzelak Zosia<\/td>\n<td>Vaitkute Veja<\/td>\n<td>6\/3<\/td>\n<\/tr>\n<tr>\n<td>Meszkowa Waleria<\/td>\n<td>Vaitkute Veja<\/td>\n<td>0\/6<\/td>\n<\/tr>\n<tr>\n<td>Gorzelak Zosia<\/td>\n<td>Meszkowa Waleria<\/td>\n<td>6\/0<\/td>\n<\/tr>\n<\/tbody>\n<\/table>\n<h5>Grupa B<\/h5>\n<table aria-label=\"Grupa B dziewcz\u0119ta U16\">\n<tbody>\n<tr>\n<td>Korkozowicz Helena<\/td>\n<td>Sitarska Pola<\/td>\n<td>6\/0<\/td>\n<\/tr>\n<tr>\n<td>Meszkowa Aleksandra<\/td>\n<td>Sitarska Pola<\/td>\n<td>0\/6<\/td>\n<\/tr>\n<tr>\n<td>Korkozowicz Helena<\/td>\n<td>Meszkowa Aleksandra<\/td>\n<td>6\/0<\/td>\n<\/tr>\n<\/tbody>\n<\/table>\n<h5>Grupa C<\/h5>\n<table aria-label=\"Grupa C dziewcz\u0119ta U16\">\n<tbody>\n<tr>\n<td>Wr\u00f3bel Aleksandra<\/td>\n<td>Awramienko Jelizawieta<\/td>\n<td>3\/6<\/td>\n<\/tr>\n<tr>\n<td>Golubenko Daryna<\/td>\n<td>Awramienko Jelizawieta<\/td>\n<td>6\/3<\/td>\n<\/tr>\n<tr>\n<td>Wr\u00f3bel Aleksandra<\/td>\n<td>Golubenko Daryna<\/td>\n<td>2\/6<\/td>\n<\/tr>\n<\/tbody>\n<\/table>\n<h5>Grupa D<\/h5>\n<table aria-label=\"Grupa D dziewcz\u0119ta U16\">\n<tbody>\n<tr>\n<td>Tabor Amelia<\/td>\n<td>O\u0142dak Zosia<\/td>\n<td>6\/2<\/td>\n<\/tr>\n<tr>\n<td>Zarkhina Marta<\/td>\n<td>O\u0142dak Zosia<\/td>\n<td>6\/3<\/td>\n<\/tr>\n<tr>\n<td>Tabor Amelia<\/td>\n<td>Zarkhina Marta<\/td>\n<td>7\/5<\/td>\n<\/tr>\n<\/tbody>\n<\/table>\n<h5>Grupa E<\/h5>\n<table aria-label=\"Grupa E dziewcz\u0119ta U16\">\n<tbody>\n<tr>\n<td>Woszczyk-Rozwadowska Zosia<\/td>\n<td>Gajewska Zofia<\/td>\n<td>7\/5<\/td>\n<\/tr>\n<tr>\n<td>Bytof Alicja<\/td>\n<td>Gajewska Zofia<\/td>\n<td>6\/1<\/td>\n<\/tr>\n<tr>\n<td>Woszczyk-Rozwadowska Zosia<\/td>\n<td>Bytof Alicja<\/td>\n<td>0\/6<\/td>\n<\/tr>\n<\/tbody>\n<\/table>\n<h5>Grupa F<\/h5>\n<table aria-label=\"Grupa F dziewcz\u0119ta U16\">\n<tbody>\n<tr>\n<td>Broda Gabriela<\/td>\n<td>Gnich Klara<\/td>\n<td>6\/1<\/td>\n<\/tr>\n<tr>\n<td>Chomiuk \u0141ucja<\/td>\n<td>Gnich Klara<\/td>\n<td>6\/0<\/td>\n<\/tr>\n<tr>\n<td>Broda Gabriela<\/td>\n<td>Chomiuk \u0141ucja<\/td>\n<td>6\/3<\/td>\n<\/tr>\n<\/tbody>\n<\/table>\n<h4>Faza pucharowa<\/h4>\n<h5>\u0106wier\u0107fina\u0142y<\/h5>\n<table aria-label=\"\u0106wier\u0107fina\u0142y dziewcz\u0119ta U16\">\n<tbody>\n<tr>\n<td>Gorzelak Zosia<\/td>\n<td>Chomiuk \u0141ucja<\/td>\n<td>7\/5<\/td>\n<\/tr>\n<tr>\n<td>Bytof Alicja<\/td>\n<td>Tabor Amelia<\/td>\n<td>6\/2<\/td>\n<\/tr>\n<tr>\n<td>Golubenko Daryna<\/td>\n<td>Broda Gabriela<\/td>\n<td>6\/1<\/td>\n<\/tr>\n<tr>\n<td>Vaitkute Veja<\/td>\n<td>Korkozowicz Helena<\/td>\n<td>2\/6<\/td>\n<\/tr>\n<\/tbody>\n<\/table>\n<h5>P\u00f3\u0142fina\u0142y<\/h5>\n<table aria-label=\"P\u00f3\u0142fina\u0142y dziewcz\u0119ta U16\">\n<tbody>\n<tr>\n<td>Gorzelak Zosia<\/td>\n<td>Bytof Alicja<\/td>\n<td>4\/3 4\/2<\/td>\n<\/tr>\n<tr>\n<td>Golubenko Daryna<\/td>\n<td>Korkozowicz Helena<\/td>\n<td>4\/1 4\/1<\/td>\n<\/tr>\n<\/tbody>\n<\/table>\n<h5>Fina\u0142<\/h5>\n<table aria-label=\"Fina\u0142 dziewcz\u0119ta U16\">\n<tbody>\n<tr>\n<td><strong>Gorzelak Zosia<\/strong><\/td>\n<td>Golubenko Daryna<\/td>\n<td>1\/4 4\/1 10\/6<\/td>\n<\/tr>\n<\/tbody>\n<\/table>\n","protected":false},"excerpt":{"rendered":"<p>CH14 DZ14 Termin: 06.12.2025 Korty: Klub Tenisowy Warszawianka \ud83d\udc66 Ch\u0142opcy U16 Faza grupowa Grupa A Kwiatkowski Antek Arciszewski Tomek 6\/0 Uss Franek Arciszewski Tomek 6\/4 Kwiatkowski Antek Uss Franek 6\/0 Grupa B Gwia\u017adzi\u0144ski Ignacy Sok\u00f3\u0142 Bartek 6\/0 Szostak Szymon Sok\u00f3\u0142 Bartek 6\/1 Gwia\u017adzi\u0144ski Ignacy Szostak Szymon 6\/1 Grupa C Malec Ignacy O\u0142dak Franek 3\/6 Markowski &#8230; <a title=\"Mazowsze Cup U16\" class=\"read-more\" href=\"https:\/\/mc.korty.org\/?page_id=770\" aria-label=\"Read more about Mazowsze Cup U16\">Dowiedz si\u0119 wi\u0119cej<\/a><\/p>\n","protected":false},"author":1,"featured_media":0,"parent":0,"menu_order":0,"comment_status":"closed","ping_status":"closed","template":"","meta":{"footnotes":""},"class_list":["post-770","page","type-page","status-publish"],"yoast_head":"<!-- This site is optimized with the Yoast SEO plugin v23.5 - https:\/\/yoast.com\/wordpress\/plugins\/seo\/ -->\n<title>Mazowsze Cup U16 -<\/title>\n<meta name=\"robots\" content=\"index, follow, max-snippet:-1, max-image-preview:large, max-video-preview:-1\" \/>\n<link rel=\"canonical\" href=\"https:\/\/mc.korty.org\/?page_id=770\" \/>\n<meta property=\"og:locale\" content=\"pl_PL\" \/>\n<meta property=\"og:type\" content=\"article\" \/>\n<meta property=\"og:title\" content=\"Mazowsze Cup U16 -\" \/>\n<meta property=\"og:description\" content=\"CH14 DZ14 Termin: 06.12.2025 Korty: Klub Tenisowy Warszawianka \ud83d\udc66 Ch\u0142opcy U16 Faza grupowa Grupa A Kwiatkowski Antek Arciszewski Tomek 6\/0 Uss Franek Arciszewski Tomek 6\/4 Kwiatkowski Antek Uss Franek 6\/0 Grupa B Gwia\u017adzi\u0144ski Ignacy Sok\u00f3\u0142 Bartek 6\/0 Szostak Szymon Sok\u00f3\u0142 Bartek 6\/1 Gwia\u017adzi\u0144ski Ignacy Szostak Szymon 6\/1 Grupa C Malec Ignacy O\u0142dak Franek 3\/6 Markowski ... Dowiedz si\u0119 wi\u0119cej\" \/>\n<meta property=\"og:url\" content=\"https:\/\/mc.korty.org\/?page_id=770\" \/>\n<meta property=\"article:modified_time\" content=\"2025-12-08T21:28:04+00:00\" \/>\n<meta name=\"twitter:card\" content=\"summary_large_image\" \/>\n<meta name=\"twitter:label1\" content=\"Szacowany czas czytania\" \/>\n\t<meta name=\"twitter:data1\" content=\"3 minuty\" \/>\n<script type=\"application\/ld+json\" class=\"yoast-schema-graph\">{\"@context\":\"https:\/\/schema.org\",\"@graph\":[{\"@type\":\"WebPage\",\"@id\":\"https:\/\/mc.korty.org\/?page_id=770\",\"url\":\"https:\/\/mc.korty.org\/?page_id=770\",\"name\":\"Mazowsze Cup U16 -\",\"isPartOf\":{\"@id\":\"https:\/\/mc.korty.org\/#website\"},\"datePublished\":\"2025-12-08T20:22:01+00:00\",\"dateModified\":\"2025-12-08T21:28:04+00:00\",\"breadcrumb\":{\"@id\":\"https:\/\/mc.korty.org\/?page_id=770#breadcrumb\"},\"inLanguage\":\"pl-PL\",\"potentialAction\":[{\"@type\":\"ReadAction\",\"target\":[\"https:\/\/mc.korty.org\/?page_id=770\"]}]},{\"@type\":\"BreadcrumbList\",\"@id\":\"https:\/\/mc.korty.org\/?page_id=770#breadcrumb\",\"itemListElement\":[{\"@type\":\"ListItem\",\"position\":1,\"name\":\"Strona g\u0142\u00f3wna\",\"item\":\"https:\/\/mc.korty.org\/\"},{\"@type\":\"ListItem\",\"position\":2,\"name\":\"Mazowsze Cup U16\"}]},{\"@type\":\"WebSite\",\"@id\":\"https:\/\/mc.korty.org\/#website\",\"url\":\"https:\/\/mc.korty.org\/\",\"name\":\"\",\"description\":\"\",\"potentialAction\":[{\"@type\":\"SearchAction\",\"target\":{\"@type\":\"EntryPoint\",\"urlTemplate\":\"https:\/\/mc.korty.org\/?s={search_term_string}\"},\"query-input\":{\"@type\":\"PropertyValueSpecification\",\"valueRequired\":true,\"valueName\":\"search_term_string\"}}],\"inLanguage\":\"pl-PL\"}]}<\/script>\n<!-- \/ Yoast SEO plugin. -->","yoast_head_json":{"title":"Mazowsze Cup U16 -","robots":{"index":"index","follow":"follow","max-snippet":"max-snippet:-1","max-image-preview":"max-image-preview:large","max-video-preview":"max-video-preview:-1"},"canonical":"https:\/\/mc.korty.org\/?page_id=770","og_locale":"pl_PL","og_type":"article","og_title":"Mazowsze Cup U16 -","og_description":"CH14 DZ14 Termin: 06.12.2025 Korty: Klub Tenisowy Warszawianka \ud83d\udc66 Ch\u0142opcy U16 Faza grupowa Grupa A Kwiatkowski Antek Arciszewski Tomek 6\/0 Uss Franek Arciszewski Tomek 6\/4 Kwiatkowski Antek Uss Franek 6\/0 Grupa B Gwia\u017adzi\u0144ski Ignacy Sok\u00f3\u0142 Bartek 6\/0 Szostak Szymon Sok\u00f3\u0142 Bartek 6\/1 Gwia\u017adzi\u0144ski Ignacy Szostak Szymon 6\/1 Grupa C Malec Ignacy O\u0142dak Franek 3\/6 Markowski ... Dowiedz si\u0119 wi\u0119cej","og_url":"https:\/\/mc.korty.org\/?page_id=770","article_modified_time":"2025-12-08T21:28:04+00:00","twitter_card":"summary_large_image","twitter_misc":{"Szacowany czas czytania":"3 minuty"},"schema":{"@context":"https:\/\/schema.org","@graph":[{"@type":"WebPage","@id":"https:\/\/mc.korty.org\/?page_id=770","url":"https:\/\/mc.korty.org\/?page_id=770","name":"Mazowsze Cup U16 -","isPartOf":{"@id":"https:\/\/mc.korty.org\/#website"},"datePublished":"2025-12-08T20:22:01+00:00","dateModified":"2025-12-08T21:28:04+00:00","breadcrumb":{"@id":"https:\/\/mc.korty.org\/?page_id=770#breadcrumb"},"inLanguage":"pl-PL","potentialAction":[{"@type":"ReadAction","target":["https:\/\/mc.korty.org\/?page_id=770"]}]},{"@type":"BreadcrumbList","@id":"https:\/\/mc.korty.org\/?page_id=770#breadcrumb","itemListElement":[{"@type":"ListItem","position":1,"name":"Strona g\u0142\u00f3wna","item":"https:\/\/mc.korty.org\/"},{"@type":"ListItem","position":2,"name":"Mazowsze Cup U16"}]},{"@type":"WebSite","@id":"https:\/\/mc.korty.org\/#website","url":"https:\/\/mc.korty.org\/","name":"","description":"","potentialAction":[{"@type":"SearchAction","target":{"@type":"EntryPoint","urlTemplate":"https:\/\/mc.korty.org\/?s={search_term_string}"},"query-input":{"@type":"PropertyValueSpecification","valueRequired":true,"valueName":"search_term_string"}}],"inLanguage":"pl-PL"}]}},"_links":{"self":[{"href":"https:\/\/mc.korty.org\/index.php?rest_route=\/wp\/v2\/pages\/770","targetHints":{"allow":["GET"]}}],"collection":[{"href":"https:\/\/mc.korty.org\/index.php?rest_route=\/wp\/v2\/pages"}],"about":[{"href":"https:\/\/mc.korty.org\/index.php?rest_route=\/wp\/v2\/types\/page"}],"author":[{"embeddable":true,"href":"https:\/\/mc.korty.org\/index.php?rest_route=\/wp\/v2\/users\/1"}],"replies":[{"embeddable":true,"href":"https:\/\/mc.korty.org\/index.php?rest_route=%2Fwp%2Fv2%2Fcomments&post=770"}],"version-history":[{"count":3,"href":"https:\/\/mc.korty.org\/index.php?rest_route=\/wp\/v2\/pages\/770\/revisions"}],"predecessor-version":[{"id":775,"href":"https:\/\/mc.korty.org\/index.php?rest_route=\/wp\/v2\/pages\/770\/revisions\/775"}],"wp:attachment":[{"href":"https:\/\/mc.korty.org\/index.php?rest_route=%2Fwp%2Fv2%2Fmedia&parent=770"}],"curies":[{"name":"wp","href":"https:\/\/api.w.org\/{rel}","templated":true}]}}